{"id":2655,"date":"2024-07-09T09:08:55","date_gmt":"2024-07-09T13:08:55","guid":{"rendered":"https:\/\/www.soulledlighting.com\/?post_type=product&#038;p=2655"},"modified":"2024-07-09T14:36:36","modified_gmt":"2024-07-09T18:36:36","slug":"soul-luster","status":"publish","type":"product","link":"https:\/\/www.soulledlighting.com\/fr\/produit\/soul-luster\/","title":{"rendered":"SOUL-LUSTER"},"content":{"rendered":"<p><span class=\"OYPEnA text-decoration-none text-strikethrough-none\">Illuminate your spaces with unparalleled elegance and versatility using <\/span><span class=\"OYPEnA text-decoration-none text-strikethrough-none\">SOUL-LUSTER<\/span><span class=\"OYPEnA text-decoration-none text-strikethrough-none\"> Up and Down Linear Fixture. Designed to transform any environment into a symphony of light and shadow, this fixture is a fusion of modern aesthetics and cutting-edge technology.<\/span><\/p>\n<p><strong><div class=\"gca-column one-half first\">1: <\/strong><strong>Fixture Dimensions<\/strong><\/p>\n<p><strong>2: Fixture Dimensions\u00a0\u00a0<\/strong><\/p>\n<p><strong>Light Source\u00a0<\/strong><\/p>\n<p><strong>Wattage\u00a0<\/strong><\/p>\n<p><strong>Lumens<\/strong><\/p>\n<p><strong>Voltage\u00a0<\/strong><\/p>\n<p><strong>Color Temperature<\/strong><\/p>\n<p><strong>CRI (Ra)<\/strong><\/p>\n<p><strong>Optional Color Temps<\/strong><\/p>\n<p><strong>Dimming<\/strong><\/p>\n<p><strong>Diffuser Details<\/strong><\/p>\n<p><strong>Location<\/strong><\/p>\n<p><strong>Mounting Style<\/strong><\/p>\n<p><strong>Canopy Dimensions<\/strong><\/p>\n<p><strong>Minimum Hanging Height <\/strong><\/p>\n<p><strong>Maximum Hanging Height<\/strong><\/p>\n<p><strong>Wire Length<\/strong><\/p>\n<p><strong>Sloped Ceiling Adaptable<\/strong><\/p>\n<p><strong>Wire Feed (location)<\/strong><\/p>\n<p><strong>Finition<\/strong><\/p>\n<p><strong><\/div>\n<div class=\"gca-column one-half\"><\/strong>W78.75&#8221; x H1.75&#8221; x 1.38E&#8221;<\/p>\n<p>W118&#8221; x H1.38&#8221; x E1.38&#8221;<\/p>\n<p>Integrated LED<\/p>\n<p><em>1:<\/em> 72W | <em>2:<\/em> 92W<\/p>\n<p><em>1: <\/em>3500LM | <em>2: <\/em>4500LM<\/p>\n<p>120V<\/p>\n<p>3000K<\/p>\n<p><strong>\u00a0<\/strong>90CRI<\/p>\n<p>2700K &#8211; 4000K Available upon request<\/p>\n<p>100% &#8211; 10%, TRIAC or ELV Dimmer<\/p>\n<p>White Acrylic Diffuser<\/p>\n<p>Dry<\/p>\n<p>All Orientation; Ceiling;<\/p>\n<p>W5.5&#8243; x H1.5&#8243; x E4.75&#8243;<\/p>\n<p>6&#8243;<\/p>\n<p>162&#8243;<\/p>\n<p>168&#8243; Max<\/p>\n<p>Yes<\/p>\n<p>Center feed (CF) or End feed (EF)<\/p>\n<p>White &#8211; Black &#8211; Gold<\/p>\n<p><strong><\/div><\/strong><\/p>\n<h2><a href=\"https:\/\/drive.google.com\/file\/d\/1ubRjKqqkn35yt61wtEuJGdeUbraO1c5-\/view?usp=sharing\"><strong><em>SOUL-LUSTER-2<\/em><\/strong><\/a><\/h2>\n<h2><a href=\"https:\/\/drive.google.com\/file\/d\/1rnaF7MKYeW2AS0o0ZWsDxuz_FvvO5l5x\/view?usp=sharing\"><strong><em>SOUL-LUSTER-3<\/em><\/strong><\/a><\/h2>","protected":false},"excerpt":{"rendered":"<p>&nbsp;<\/p>\n<p>&nbsp;<\/p>","protected":false},"author":2,"featured_media":2668,"template":"","meta":{"_coblocks_attr":"","_coblocks_dimensions":"","_coblocks_responsive_height":"","_coblocks_accordion_ie_support":"","advgb_blocks_editor_width":"","advgb_blocks_columns_visual_guide":""},"product_brand":[],"product_cat":[161],"product_tag":[],"class_list":{"0":"post-2655","1":"product","2":"type-product","3":"status-publish","4":"has-post-thumbnail","6":"product_cat-suspensions","8":"first","9":"instock","10":"taxable","11":"shipping-taxable","12":"purchasable","13":"product-type-variable"},"yoast_head":"<!-- This site is optimized with the Yoast SEO plugin v27.4 - https:\/\/yoast.com\/product\/yoast-seo-wordpress\/ -->\n<title>SOUL-LUSTER - Soul LED Tech + Design<\/title>\n<meta name=\"description\" content=\"Illuminate your space with our sleek linear suspension lighting, designed to cast light both upwards and downwards. Perfect for contemporary settings, this versatile fixture enhances ambiance and functionality in any room, providing balanced and efficient lighting.\" \/>\n<meta name=\"robots\" content=\"index, follow, max-snippet:-1, max-image-preview:large, max-video-preview:-1\" \/>\n<link rel=\"canonical\" href=\"https:\/\/www.soulledlighting.com\/fr\/produit\/soul-luster\/\" \/>\n<meta property=\"og:locale\" content=\"fr_FR\" \/>\n<meta property=\"og:type\" content=\"article\" \/>\n<meta property=\"og:title\" content=\"SOUL-LUSTER - Soul LED Tech + Design\" \/>\n<meta property=\"og:description\" content=\"Illuminate your space with our sleek linear suspension lighting, designed to cast light both upwards and downwards. Perfect for contemporary settings, this versatile fixture enhances ambiance and functionality in any room, providing balanced and efficient lighting.\" \/>\n<meta property=\"og:url\" content=\"https:\/\/www.soulledlighting.com\/fr\/produit\/soul-luster\/\" \/>\n<meta property=\"og:site_name\" content=\"Soul LED Tech + Design\" \/>\n<meta property=\"article:modified_time\" content=\"2024-07-09T18:36:36+00:00\" \/>\n<meta property=\"og:image\" content=\"https:\/\/www.soulledlighting.com\/wp-content\/uploads\/2024\/07\/SOUL-LUSTER.png\" \/>\n\t<meta property=\"og:image:width\" content=\"1080\" \/>\n\t<meta property=\"og:image:height\" content=\"1080\" \/>\n\t<meta property=\"og:image:type\" content=\"image\/png\" \/>\n<meta name=\"twitter:card\" content=\"summary_large_image\" \/>\n<meta name=\"twitter:label1\" content=\"Dur\u00e9e de lecture estim\u00e9e\" \/>\n\t<meta name=\"twitter:data1\" content=\"1 minute\" \/>\n<script type=\"application\/ld+json\" class=\"yoast-schema-graph\">{\"@context\":\"https:\\\/\\\/schema.org\",\"@graph\":[{\"@type\":\"WebPage\",\"@id\":\"https:\\\/\\\/www.soulledlighting.com\\\/produit\\\/soul-luster\\\/\",\"url\":\"https:\\\/\\\/www.soulledlighting.com\\\/produit\\\/soul-luster\\\/\",\"name\":\"SOUL-LUSTER - Soul LED Tech + Design\",\"isPartOf\":{\"@id\":\"https:\\\/\\\/www.soulledlighting.com\\\/#website\"},\"primaryImageOfPage\":{\"@id\":\"https:\\\/\\\/www.soulledlighting.com\\\/produit\\\/soul-luster\\\/#primaryimage\"},\"image\":{\"@id\":\"https:\\\/\\\/www.soulledlighting.com\\\/produit\\\/soul-luster\\\/#primaryimage\"},\"thumbnailUrl\":\"https:\\\/\\\/www.soulledlighting.com\\\/wp-content\\\/uploads\\\/2024\\\/07\\\/SOUL-LUSTER.png\",\"datePublished\":\"2024-07-09T13:08:55+00:00\",\"dateModified\":\"2024-07-09T18:36:36+00:00\",\"description\":\"Illuminate your space with our sleek linear suspension lighting, designed to cast light both upwards and downwards. Perfect for contemporary settings, this versatile fixture enhances ambiance and functionality in any room, providing balanced and efficient lighting.\",\"breadcrumb\":{\"@id\":\"https:\\\/\\\/www.soulledlighting.com\\\/produit\\\/soul-luster\\\/#breadcrumb\"},\"inLanguage\":\"fr-FR\",\"potentialAction\":[{\"@type\":\"ReadAction\",\"target\":[\"https:\\\/\\\/www.soulledlighting.com\\\/produit\\\/soul-luster\\\/\"]}]},{\"@type\":\"ImageObject\",\"inLanguage\":\"fr-FR\",\"@id\":\"https:\\\/\\\/www.soulledlighting.com\\\/produit\\\/soul-luster\\\/#primaryimage\",\"url\":\"https:\\\/\\\/www.soulledlighting.com\\\/wp-content\\\/uploads\\\/2024\\\/07\\\/SOUL-LUSTER.png\",\"contentUrl\":\"https:\\\/\\\/www.soulledlighting.com\\\/wp-content\\\/uploads\\\/2024\\\/07\\\/SOUL-LUSTER.png\",\"width\":1080,\"height\":1080},{\"@type\":\"BreadcrumbList\",\"@id\":\"https:\\\/\\\/www.soulledlighting.com\\\/produit\\\/soul-luster\\\/#breadcrumb\",\"itemListElement\":[{\"@type\":\"ListItem\",\"position\":1,\"name\":\"Accueil\",\"item\":\"https:\\\/\\\/www.soulledlighting.com\\\/\"},{\"@type\":\"ListItem\",\"position\":2,\"name\":\"Shop\",\"item\":\"https:\\\/\\\/www.soulledlighting.com\\\/fr\\\/shop\\\/\"},{\"@type\":\"ListItem\",\"position\":3,\"name\":\"SOUL-LUSTER\"}]},{\"@type\":\"WebSite\",\"@id\":\"https:\\\/\\\/www.soulledlighting.com\\\/#website\",\"url\":\"https:\\\/\\\/www.soulledlighting.com\\\/\",\"name\":\"Soul LED Tech + Design\",\"description\":\"\",\"publisher\":{\"@id\":\"https:\\\/\\\/www.soulledlighting.com\\\/#organization\"},\"potentialAction\":[{\"@type\":\"SearchAction\",\"target\":{\"@type\":\"EntryPoint\",\"urlTemplate\":\"https:\\\/\\\/www.soulledlighting.com\\\/?s={search_term_string}\"},\"query-input\":{\"@type\":\"PropertyValueSpecification\",\"valueRequired\":true,\"valueName\":\"search_term_string\"}}],\"inLanguage\":\"fr-FR\"},{\"@type\":\"Organization\",\"@id\":\"https:\\\/\\\/www.soulledlighting.com\\\/#organization\",\"name\":\"Soul LED Tech + Design\",\"url\":\"https:\\\/\\\/www.soulledlighting.com\\\/\",\"logo\":{\"@type\":\"ImageObject\",\"inLanguage\":\"fr-FR\",\"@id\":\"https:\\\/\\\/www.soulledlighting.com\\\/#\\\/schema\\\/logo\\\/image\\\/\",\"url\":\"https:\\\/\\\/www.soulledlighting.com\\\/wp-content\\\/uploads\\\/2022\\\/03\\\/cropped-cropped-cropped-cropped-logo.png\",\"contentUrl\":\"https:\\\/\\\/www.soulledlighting.com\\\/wp-content\\\/uploads\\\/2022\\\/03\\\/cropped-cropped-cropped-cropped-logo.png\",\"width\":3837,\"height\":1208,\"caption\":\"Soul LED Tech + Design\"},\"image\":{\"@id\":\"https:\\\/\\\/www.soulledlighting.com\\\/#\\\/schema\\\/logo\\\/image\\\/\"}}]}<\/script>\n<!-- \/ Yoast SEO plugin. -->","yoast_head_json":{"title":"SOUL-LUSTER - Soul LED Tech + Design","description":"Illuminate your space with our sleek linear suspension lighting, designed to cast light both upwards and downwards. Perfect for contemporary settings, this versatile fixture enhances ambiance and functionality in any room, providing balanced and efficient lighting.","robots":{"index":"index","follow":"follow","max-snippet":"max-snippet:-1","max-image-preview":"max-image-preview:large","max-video-preview":"max-video-preview:-1"},"canonical":"https:\/\/www.soulledlighting.com\/fr\/produit\/soul-luster\/","og_locale":"fr_FR","og_type":"article","og_title":"SOUL-LUSTER - Soul LED Tech + Design","og_description":"Illuminate your space with our sleek linear suspension lighting, designed to cast light both upwards and downwards. Perfect for contemporary settings, this versatile fixture enhances ambiance and functionality in any room, providing balanced and efficient lighting.","og_url":"https:\/\/www.soulledlighting.com\/fr\/produit\/soul-luster\/","og_site_name":"Soul LED Tech + Design","article_modified_time":"2024-07-09T18:36:36+00:00","og_image":[{"width":1080,"height":1080,"url":"https:\/\/www.soulledlighting.com\/wp-content\/uploads\/2024\/07\/SOUL-LUSTER.png","type":"image\/png"}],"twitter_card":"summary_large_image","twitter_misc":{"Dur\u00e9e de lecture estim\u00e9e":"1 minute"},"schema":{"@context":"https:\/\/schema.org","@graph":[{"@type":"WebPage","@id":"https:\/\/www.soulledlighting.com\/produit\/soul-luster\/","url":"https:\/\/www.soulledlighting.com\/produit\/soul-luster\/","name":"SOUL-LUSTER - Soul LED Tech + Design","isPartOf":{"@id":"https:\/\/www.soulledlighting.com\/#website"},"primaryImageOfPage":{"@id":"https:\/\/www.soulledlighting.com\/produit\/soul-luster\/#primaryimage"},"image":{"@id":"https:\/\/www.soulledlighting.com\/produit\/soul-luster\/#primaryimage"},"thumbnailUrl":"https:\/\/www.soulledlighting.com\/wp-content\/uploads\/2024\/07\/SOUL-LUSTER.png","datePublished":"2024-07-09T13:08:55+00:00","dateModified":"2024-07-09T18:36:36+00:00","description":"Illuminate your space with our sleek linear suspension lighting, designed to cast light both upwards and downwards. Perfect for contemporary settings, this versatile fixture enhances ambiance and functionality in any room, providing balanced and efficient lighting.","breadcrumb":{"@id":"https:\/\/www.soulledlighting.com\/produit\/soul-luster\/#breadcrumb"},"inLanguage":"fr-FR","potentialAction":[{"@type":"ReadAction","target":["https:\/\/www.soulledlighting.com\/produit\/soul-luster\/"]}]},{"@type":"ImageObject","inLanguage":"fr-FR","@id":"https:\/\/www.soulledlighting.com\/produit\/soul-luster\/#primaryimage","url":"https:\/\/www.soulledlighting.com\/wp-content\/uploads\/2024\/07\/SOUL-LUSTER.png","contentUrl":"https:\/\/www.soulledlighting.com\/wp-content\/uploads\/2024\/07\/SOUL-LUSTER.png","width":1080,"height":1080},{"@type":"BreadcrumbList","@id":"https:\/\/www.soulledlighting.com\/produit\/soul-luster\/#breadcrumb","itemListElement":[{"@type":"ListItem","position":1,"name":"Accueil","item":"https:\/\/www.soulledlighting.com\/"},{"@type":"ListItem","position":2,"name":"Shop","item":"https:\/\/www.soulledlighting.com\/fr\/shop\/"},{"@type":"ListItem","position":3,"name":"SOUL-LUSTER"}]},{"@type":"WebSite","@id":"https:\/\/www.soulledlighting.com\/#website","url":"https:\/\/www.soulledlighting.com\/","name":"Soul LED Tech + Design","description":"","publisher":{"@id":"https:\/\/www.soulledlighting.com\/#organization"},"potentialAction":[{"@type":"SearchAction","target":{"@type":"EntryPoint","urlTemplate":"https:\/\/www.soulledlighting.com\/?s={search_term_string}"},"query-input":{"@type":"PropertyValueSpecification","valueRequired":true,"valueName":"search_term_string"}}],"inLanguage":"fr-FR"},{"@type":"Organization","@id":"https:\/\/www.soulledlighting.com\/#organization","name":"Soul LED Tech + Design","url":"https:\/\/www.soulledlighting.com\/","logo":{"@type":"ImageObject","inLanguage":"fr-FR","@id":"https:\/\/www.soulledlighting.com\/#\/schema\/logo\/image\/","url":"https:\/\/www.soulledlighting.com\/wp-content\/uploads\/2022\/03\/cropped-cropped-cropped-cropped-logo.png","contentUrl":"https:\/\/www.soulledlighting.com\/wp-content\/uploads\/2022\/03\/cropped-cropped-cropped-cropped-logo.png","width":3837,"height":1208,"caption":"Soul LED Tech + Design"},"image":{"@id":"https:\/\/www.soulledlighting.com\/#\/schema\/logo\/image\/"}}]}},"featured_img":"https:\/\/www.soulledlighting.com\/wp-content\/uploads\/2024\/07\/SOUL-LUSTER-855x855.png","coauthors":[],"author_meta":{"author_link":false,"display_name":"Jean-Michel Fiorito"},"relative_dates":{"created":"Publi\u00e9 56 ans il y a","modified":"Mis \u00e0 jour 56 ans il y a"},"absolute_dates":{"created":"Publi\u00e9 le ","modified":"Mise \u00e0 jour le "},"absolute_dates_time":{"created":"Publi\u00e9 le ","modified":"Mise \u00e0 jour le "},"featured_img_caption":"","tax_additional":{"product_brand":{"linked":[],"unlinked":[],"slug":"product_brand","name":"Marques"},"product_type":{"linked":["<a href=\"https:\/\/www.soulledlighting.com\/fr\/?taxonomy=product_type&#038;term=variable\" class=\"advgb-post-tax-term\">variable<\/a>"],"unlinked":["<span class=\"advgb-post-tax-term\">variable<\/span>"],"slug":"product_type","name":"Type de produit"},"product_visibility":{"linked":[],"unlinked":[],"slug":"product_visibility","name":"Visibilit\u00e9 du produit"},"product_cat":{"linked":["<a href=\"https:\/\/www.soulledlighting.com\/fr\/categorie-produit\/deco-collection\/suspensions\/\" class=\"advgb-post-tax-term\">Suspensions<\/a>"],"unlinked":["<span class=\"advgb-post-tax-term\">Suspensions<\/span>"],"slug":"product_cat","name":"Cat\u00e9gories de produits"},"product_tag":{"linked":[],"unlinked":[],"slug":"product_tag","name":"\u00c9tiquettes produit"},"product_shipping_class":{"linked":[],"unlinked":[],"slug":"product_shipping_class","name":"Classe d\u2019exp\u00e9dition du produit"},"pos_product_visibility":{"linked":[],"unlinked":[],"slug":"pos_product_visibility","name":"Visibilit\u00e9 du produit sur le point de vente"},"pa_boitier-dalimentation":{"linked":[],"unlinked":[],"slug":"pa_boitier-dalimentation","name":"Produit Bo\u00eetier d&#039;alimentation \\ Power adapter"},"pa_couleur":{"linked":[],"unlinked":[],"slug":"pa_couleur","name":"Produit Couleur"},"pa_intensite":{"linked":[],"unlinked":[],"slug":"pa_intensite","name":"Produit Intensit\u00e9"},"pa_longueur":{"linked":[],"unlinked":[],"slug":"pa_longueur","name":"Produit Longueur"},"pa_puissance":{"linked":[],"unlinked":[],"slug":"pa_puissance","name":"Produit Puissance"}},"series_order":"","featured_media_urls":{"thumbnail":["https:\/\/www.soulledlighting.com\/wp-content\/uploads\/2024\/07\/SOUL-LUSTER-150x150.png",150,150,true],"medium":["https:\/\/www.soulledlighting.com\/wp-content\/uploads\/2024\/07\/SOUL-LUSTER-300x300.png",300,300,true],"medium_large":["https:\/\/www.soulledlighting.com\/wp-content\/uploads\/2024\/07\/SOUL-LUSTER-768x768.png",768,768,true],"large":["https:\/\/www.soulledlighting.com\/wp-content\/uploads\/2024\/07\/SOUL-LUSTER-1024x1024.png",1024,1024,true],"1536x1536":["https:\/\/www.soulledlighting.com\/wp-content\/uploads\/2024\/07\/SOUL-LUSTER.png",1080,1080,false],"2048x2048":["https:\/\/www.soulledlighting.com\/wp-content\/uploads\/2024\/07\/SOUL-LUSTER.png",1080,1080,false],"trp-custom-language-flag":["https:\/\/www.soulledlighting.com\/wp-content\/uploads\/2024\/07\/SOUL-LUSTER-12x12.png",12,12,true],"post-thumbnail":["https:\/\/www.soulledlighting.com\/wp-content\/uploads\/2024\/07\/SOUL-LUSTER-855x855.png",855,855,true],"exs-square":["https:\/\/www.soulledlighting.com\/wp-content\/uploads\/2024\/07\/SOUL-LUSTER-800x800.png",800,800,true],"exs-square-half":["https:\/\/www.soulledlighting.com\/wp-content\/uploads\/2024\/07\/SOUL-LUSTER-800x400.png",800,400,true],"menu-24x24":["https:\/\/www.soulledlighting.com\/wp-content\/uploads\/2024\/07\/SOUL-LUSTER-24x24.png",24,24,true],"menu-36x36":["https:\/\/www.soulledlighting.com\/wp-content\/uploads\/2024\/07\/SOUL-LUSTER-36x36.png",36,36,true],"menu-48x48":["https:\/\/www.soulledlighting.com\/wp-content\/uploads\/2024\/07\/SOUL-LUSTER-48x48.png",48,48,true],"mailpoet_newsletter_max":["https:\/\/www.soulledlighting.com\/wp-content\/uploads\/2024\/07\/SOUL-LUSTER.png",1080,1080,false],"woocommerce_thumbnail":["https:\/\/www.soulledlighting.com\/wp-content\/uploads\/2024\/07\/SOUL-LUSTER-300x300.png",300,300,true],"woocommerce_single":["https:\/\/www.soulledlighting.com\/wp-content\/uploads\/2024\/07\/SOUL-LUSTER-600x600.png",600,600,true],"woocommerce_gallery_thumbnail":["https:\/\/www.soulledlighting.com\/wp-content\/uploads\/2024\/07\/SOUL-LUSTER-100x100.png",100,100,true],"portfolio_item-thumbnail":["https:\/\/www.soulledlighting.com\/wp-content\/uploads\/2024\/07\/SOUL-LUSTER.png",400,400,false],"portfolio_item-thumbnail@2x":["https:\/\/www.soulledlighting.com\/wp-content\/uploads\/2024\/07\/SOUL-LUSTER.png",800,800,false],"portfolio_item-masonry":["https:\/\/www.soulledlighting.com\/wp-content\/uploads\/2024\/07\/SOUL-LUSTER.png",600,600,false],"portfolio_item-masonry@2x":["https:\/\/www.soulledlighting.com\/wp-content\/uploads\/2024\/07\/SOUL-LUSTER.png",1080,1080,false],"portfolio_item-thumbnail_cinema":["https:\/\/www.soulledlighting.com\/wp-content\/uploads\/2024\/07\/SOUL-LUSTER.png",335,335,false],"portfolio_item-thumbnail_portrait":["https:\/\/www.soulledlighting.com\/wp-content\/uploads\/2024\/07\/SOUL-LUSTER.png",600,600,false],"portfolio_item-thumbnail_portrait@2x":["https:\/\/www.soulledlighting.com\/wp-content\/uploads\/2024\/07\/SOUL-LUSTER.png",1080,1080,false],"portfolio_item-thumbnail_square":["https:\/\/www.soulledlighting.com\/wp-content\/uploads\/2024\/07\/SOUL-LUSTER.png",800,800,false]},"_links":{"self":[{"href":"https:\/\/www.soulledlighting.com\/fr\/wp-json\/wp\/v2\/product\/2655","targetHints":{"allow":["GET"]}}],"collection":[{"href":"https:\/\/www.soulledlighting.com\/fr\/wp-json\/wp\/v2\/product"}],"about":[{"href":"https:\/\/www.soulledlighting.com\/fr\/wp-json\/wp\/v2\/types\/product"}],"wp:featuredmedia":[{"embeddable":true,"href":"https:\/\/www.soulledlighting.com\/fr\/wp-json\/wp\/v2\/media\/2668"}],"wp:attachment":[{"href":"https:\/\/www.soulledlighting.com\/fr\/wp-json\/wp\/v2\/media?parent=2655"}],"wp:term":[{"taxonomy":"product_brand","embeddable":true,"href":"https:\/\/www.soulledlighting.com\/fr\/wp-json\/wp\/v2\/product_brand?post=2655"},{"taxonomy":"product_cat","embeddable":true,"href":"https:\/\/www.soulledlighting.com\/fr\/wp-json\/wp\/v2\/product_cat?post=2655"},{"taxonomy":"product_tag","embeddable":true,"href":"https:\/\/www.soulledlighting.com\/fr\/wp-json\/wp\/v2\/product_tag?post=2655"}],"curies":[{"name":"wp","href":"https:\/\/api.w.org\/{rel}","templated":true}]}}