{"id":2628,"date":"2024-07-08T15:59:09","date_gmt":"2024-07-08T19:59:09","guid":{"rendered":"https:\/\/www.soulledlighting.com\/?post_type=product&#038;p=2628"},"modified":"2024-07-09T16:42:51","modified_gmt":"2024-07-09T20:42:51","slug":"soul-edge","status":"publish","type":"product","link":"https:\/\/www.soulledlighting.com\/fr\/produit\/soul-edge\/","title":{"rendered":"SOUL-EDGE"},"content":{"rendered":"<p><strong><span class=\"OYPEnA text-decoration-none text-strikethrough-none\">SOUL-EGDE<\/span><\/strong><span class=\"OYPEnA text-decoration-none text-strikethrough-none\"> where innovation meets aesthetics in perfect harmony. Crafted with precision from high-quality aluminum, this cutting-edge lighting fixture is a beacon of modern sophistication. Its sleek linear design exudes contemporary elegance, making it an ideal addition to any space seeking a touch of refined illumination.<\/span><\/p>\n<p><strong>1: <\/strong><strong>Fixture Dimensions: <\/strong>W78.75\u201d x H1.38\u201d x E1.38\u201d<strong><br \/>\n<\/strong><\/p>\n<p><strong>2: Fixture Dimensions: <\/strong>W118\u201d x H1.38\u201d x E1.38\u201d<\/p>\n<p><strong>Light Source: <\/strong>Integrated LED<\/p>\n<p><strong>Wattage : <\/strong>1: 48W | 2: 72W<\/p>\n<p><strong>Lumens: <\/strong><em>1:\u00a0<\/em>2840LM |\u00a0<em>2:\u00a0<\/em>4500LM<\/p>\n<p><strong>Voltage : <\/strong>120V<\/p>\n<p><strong>Color Temperature:<\/strong>3000K<\/p>\n<p><strong>CRI (Ra): <\/strong>90CRI<\/p>\n<p><strong>Optional Color Temps: <\/strong>2700K \u2013 4000K Available upon request<\/p>\n<p><strong>Dimming: <\/strong>100% \u2013 10%, TRIAC or ELV Dimmer<\/p>\n<p><strong>Diffuser Details: <\/strong>White Acrylic Diffuser<\/p>\n<p><strong>Location: <\/strong>Dry<\/p>\n<p><strong>Mounting Style: <\/strong>All Orientation; Ceiling;<\/p>\n<p><strong>Canopy Dimensions: <\/strong>W5.5\u2033 x H1.5\u2033 x E4.75\u2033<\/p>\n<p><strong>Minimum Hanging Height: <\/strong>6&#8243;<\/p>\n<p><strong>Maximum Hanging Height:\u00a0<\/strong>162&#8243;<\/p>\n<p><strong>Wire Length:\u00a0<\/strong>168&#8243; MAX<\/p>\n<p><strong>Sloped Ceiling Adaptable:\u00a0<\/strong>Yes<\/p>\n<p><strong>Wire Feed (location): <\/strong>Center feed (CF) or End feed (EF)<\/p>\n<p><strong>Finish: <\/strong>White \u2013 Black \u2013 Gold<\/p>\n<h2><a href=\"https:\/\/drive.google.com\/file\/d\/1-aUOJSnw51arS2UkWPi-nr_oMYhwjkMi\/view?usp=sharing\"><strong><em>Specification: SOUL-EDGE-2<\/em><\/strong><\/a><\/h2>\n<h2><a href=\"https:\/\/drive.google.com\/file\/d\/1lZx5-KwnoBl0pE3kylfD-qoVpPXVazPj\/view?usp=sharing\"><strong><em>Specification: SOUL-EDGE-3<\/em><\/strong><\/a><\/h2>","protected":false},"excerpt":{"rendered":"<p>&nbsp;<\/p>\n<p>&nbsp;<\/p>","protected":false},"author":2,"featured_media":2637,"template":"","meta":{"_coblocks_attr":"","_coblocks_dimensions":"","_coblocks_responsive_height":"","_coblocks_accordion_ie_support":"","advgb_blocks_editor_width":"","advgb_blocks_columns_visual_guide":""},"product_brand":[],"product_cat":[161],"product_tag":[],"class_list":{"0":"post-2628","1":"product","2":"type-product","3":"status-publish","4":"has-post-thumbnail","6":"product_cat-suspensions","8":"first","9":"instock","10":"taxable","11":"shipping-taxable","12":"purchasable","13":"product-type-variable"},"yoast_head":"<!-- This site is optimized with the Yoast SEO plugin v27.4 - https:\/\/yoast.com\/product\/yoast-seo-wordpress\/ -->\n<title>SOUL-EDGE - Soul LED Tech + Design<\/title>\n<meta name=\"description\" content=\"Elevate your space with sleek linear suspension lighting. Perfect for kitchens, dining areas, and offices, our modern designs provide both style and functionality. Discover energy-efficient, minimalist solutions that enhance any interior with clean lines and exceptional illumination.\" \/>\n<meta name=\"robots\" content=\"index, follow, max-snippet:-1, max-image-preview:large, max-video-preview:-1\" \/>\n<link rel=\"canonical\" href=\"https:\/\/www.soulledlighting.com\/fr\/produit\/soul-edge\/\" \/>\n<meta property=\"og:locale\" content=\"fr_FR\" \/>\n<meta property=\"og:type\" content=\"article\" \/>\n<meta property=\"og:title\" content=\"SOUL-EDGE - Soul LED Tech + Design\" \/>\n<meta property=\"og:description\" content=\"Elevate your space with sleek linear suspension lighting. Perfect for kitchens, dining areas, and offices, our modern designs provide both style and functionality. Discover energy-efficient, minimalist solutions that enhance any interior with clean lines and exceptional illumination.\" \/>\n<meta property=\"og:url\" content=\"https:\/\/www.soulledlighting.com\/fr\/produit\/soul-edge\/\" \/>\n<meta property=\"og:site_name\" content=\"Soul LED Tech + Design\" \/>\n<meta property=\"article:modified_time\" content=\"2024-07-09T20:42:51+00:00\" \/>\n<meta property=\"og:image\" content=\"https:\/\/www.soulledlighting.com\/wp-content\/uploads\/2024\/07\/36.png\" \/>\n\t<meta property=\"og:image:width\" content=\"1080\" \/>\n\t<meta property=\"og:image:height\" content=\"1080\" \/>\n\t<meta property=\"og:image:type\" content=\"image\/png\" \/>\n<meta name=\"twitter:card\" content=\"summary_large_image\" \/>\n<meta name=\"twitter:label1\" content=\"Dur\u00e9e de lecture estim\u00e9e\" \/>\n\t<meta name=\"twitter:data1\" content=\"1 minute\" \/>\n<script type=\"application\/ld+json\" class=\"yoast-schema-graph\">{\"@context\":\"https:\\\/\\\/schema.org\",\"@graph\":[{\"@type\":\"WebPage\",\"@id\":\"https:\\\/\\\/www.soulledlighting.com\\\/produit\\\/soul-edge\\\/\",\"url\":\"https:\\\/\\\/www.soulledlighting.com\\\/produit\\\/soul-edge\\\/\",\"name\":\"SOUL-EDGE - Soul LED Tech + Design\",\"isPartOf\":{\"@id\":\"https:\\\/\\\/www.soulledlighting.com\\\/#website\"},\"primaryImageOfPage\":{\"@id\":\"https:\\\/\\\/www.soulledlighting.com\\\/produit\\\/soul-edge\\\/#primaryimage\"},\"image\":{\"@id\":\"https:\\\/\\\/www.soulledlighting.com\\\/produit\\\/soul-edge\\\/#primaryimage\"},\"thumbnailUrl\":\"https:\\\/\\\/www.soulledlighting.com\\\/wp-content\\\/uploads\\\/2024\\\/07\\\/36.png\",\"datePublished\":\"2024-07-08T19:59:09+00:00\",\"dateModified\":\"2024-07-09T20:42:51+00:00\",\"description\":\"Elevate your space with sleek linear suspension lighting. Perfect for kitchens, dining areas, and offices, our modern designs provide both style and functionality. Discover energy-efficient, minimalist solutions that enhance any interior with clean lines and exceptional illumination.\",\"breadcrumb\":{\"@id\":\"https:\\\/\\\/www.soulledlighting.com\\\/produit\\\/soul-edge\\\/#breadcrumb\"},\"inLanguage\":\"fr-FR\",\"potentialAction\":[{\"@type\":\"ReadAction\",\"target\":[\"https:\\\/\\\/www.soulledlighting.com\\\/produit\\\/soul-edge\\\/\"]}]},{\"@type\":\"ImageObject\",\"inLanguage\":\"fr-FR\",\"@id\":\"https:\\\/\\\/www.soulledlighting.com\\\/produit\\\/soul-edge\\\/#primaryimage\",\"url\":\"https:\\\/\\\/www.soulledlighting.com\\\/wp-content\\\/uploads\\\/2024\\\/07\\\/36.png\",\"contentUrl\":\"https:\\\/\\\/www.soulledlighting.com\\\/wp-content\\\/uploads\\\/2024\\\/07\\\/36.png\",\"width\":1080,\"height\":1080},{\"@type\":\"BreadcrumbList\",\"@id\":\"https:\\\/\\\/www.soulledlighting.com\\\/produit\\\/soul-edge\\\/#breadcrumb\",\"itemListElement\":[{\"@type\":\"ListItem\",\"position\":1,\"name\":\"Accueil\",\"item\":\"https:\\\/\\\/www.soulledlighting.com\\\/\"},{\"@type\":\"ListItem\",\"position\":2,\"name\":\"Shop\",\"item\":\"https:\\\/\\\/www.soulledlighting.com\\\/fr\\\/shop\\\/\"},{\"@type\":\"ListItem\",\"position\":3,\"name\":\"SOUL-EDGE\"}]},{\"@type\":\"WebSite\",\"@id\":\"https:\\\/\\\/www.soulledlighting.com\\\/#website\",\"url\":\"https:\\\/\\\/www.soulledlighting.com\\\/\",\"name\":\"Soul LED Tech + Design\",\"description\":\"\",\"publisher\":{\"@id\":\"https:\\\/\\\/www.soulledlighting.com\\\/#organization\"},\"potentialAction\":[{\"@type\":\"SearchAction\",\"target\":{\"@type\":\"EntryPoint\",\"urlTemplate\":\"https:\\\/\\\/www.soulledlighting.com\\\/?s={search_term_string}\"},\"query-input\":{\"@type\":\"PropertyValueSpecification\",\"valueRequired\":true,\"valueName\":\"search_term_string\"}}],\"inLanguage\":\"fr-FR\"},{\"@type\":\"Organization\",\"@id\":\"https:\\\/\\\/www.soulledlighting.com\\\/#organization\",\"name\":\"Soul LED Tech + Design\",\"url\":\"https:\\\/\\\/www.soulledlighting.com\\\/\",\"logo\":{\"@type\":\"ImageObject\",\"inLanguage\":\"fr-FR\",\"@id\":\"https:\\\/\\\/www.soulledlighting.com\\\/#\\\/schema\\\/logo\\\/image\\\/\",\"url\":\"https:\\\/\\\/www.soulledlighting.com\\\/wp-content\\\/uploads\\\/2022\\\/03\\\/cropped-cropped-cropped-cropped-logo.png\",\"contentUrl\":\"https:\\\/\\\/www.soulledlighting.com\\\/wp-content\\\/uploads\\\/2022\\\/03\\\/cropped-cropped-cropped-cropped-logo.png\",\"width\":3837,\"height\":1208,\"caption\":\"Soul LED Tech + Design\"},\"image\":{\"@id\":\"https:\\\/\\\/www.soulledlighting.com\\\/#\\\/schema\\\/logo\\\/image\\\/\"}}]}<\/script>\n<!-- \/ Yoast SEO plugin. -->","yoast_head_json":{"title":"SOUL-EDGE - Soul LED Tech + Design","description":"Elevate your space with sleek linear suspension lighting. Perfect for kitchens, dining areas, and offices, our modern designs provide both style and functionality. Discover energy-efficient, minimalist solutions that enhance any interior with clean lines and exceptional illumination.","robots":{"index":"index","follow":"follow","max-snippet":"max-snippet:-1","max-image-preview":"max-image-preview:large","max-video-preview":"max-video-preview:-1"},"canonical":"https:\/\/www.soulledlighting.com\/fr\/produit\/soul-edge\/","og_locale":"fr_FR","og_type":"article","og_title":"SOUL-EDGE - Soul LED Tech + Design","og_description":"Elevate your space with sleek linear suspension lighting. Perfect for kitchens, dining areas, and offices, our modern designs provide both style and functionality. Discover energy-efficient, minimalist solutions that enhance any interior with clean lines and exceptional illumination.","og_url":"https:\/\/www.soulledlighting.com\/fr\/produit\/soul-edge\/","og_site_name":"Soul LED Tech + Design","article_modified_time":"2024-07-09T20:42:51+00:00","og_image":[{"width":1080,"height":1080,"url":"https:\/\/www.soulledlighting.com\/wp-content\/uploads\/2024\/07\/36.png","type":"image\/png"}],"twitter_card":"summary_large_image","twitter_misc":{"Dur\u00e9e de lecture estim\u00e9e":"1 minute"},"schema":{"@context":"https:\/\/schema.org","@graph":[{"@type":"WebPage","@id":"https:\/\/www.soulledlighting.com\/produit\/soul-edge\/","url":"https:\/\/www.soulledlighting.com\/produit\/soul-edge\/","name":"SOUL-EDGE - Soul LED Tech + Design","isPartOf":{"@id":"https:\/\/www.soulledlighting.com\/#website"},"primaryImageOfPage":{"@id":"https:\/\/www.soulledlighting.com\/produit\/soul-edge\/#primaryimage"},"image":{"@id":"https:\/\/www.soulledlighting.com\/produit\/soul-edge\/#primaryimage"},"thumbnailUrl":"https:\/\/www.soulledlighting.com\/wp-content\/uploads\/2024\/07\/36.png","datePublished":"2024-07-08T19:59:09+00:00","dateModified":"2024-07-09T20:42:51+00:00","description":"Elevate your space with sleek linear suspension lighting. Perfect for kitchens, dining areas, and offices, our modern designs provide both style and functionality. Discover energy-efficient, minimalist solutions that enhance any interior with clean lines and exceptional illumination.","breadcrumb":{"@id":"https:\/\/www.soulledlighting.com\/produit\/soul-edge\/#breadcrumb"},"inLanguage":"fr-FR","potentialAction":[{"@type":"ReadAction","target":["https:\/\/www.soulledlighting.com\/produit\/soul-edge\/"]}]},{"@type":"ImageObject","inLanguage":"fr-FR","@id":"https:\/\/www.soulledlighting.com\/produit\/soul-edge\/#primaryimage","url":"https:\/\/www.soulledlighting.com\/wp-content\/uploads\/2024\/07\/36.png","contentUrl":"https:\/\/www.soulledlighting.com\/wp-content\/uploads\/2024\/07\/36.png","width":1080,"height":1080},{"@type":"BreadcrumbList","@id":"https:\/\/www.soulledlighting.com\/produit\/soul-edge\/#breadcrumb","itemListElement":[{"@type":"ListItem","position":1,"name":"Accueil","item":"https:\/\/www.soulledlighting.com\/"},{"@type":"ListItem","position":2,"name":"Shop","item":"https:\/\/www.soulledlighting.com\/fr\/shop\/"},{"@type":"ListItem","position":3,"name":"SOUL-EDGE"}]},{"@type":"WebSite","@id":"https:\/\/www.soulledlighting.com\/#website","url":"https:\/\/www.soulledlighting.com\/","name":"Soul LED Tech + Design","description":"","publisher":{"@id":"https:\/\/www.soulledlighting.com\/#organization"},"potentialAction":[{"@type":"SearchAction","target":{"@type":"EntryPoint","urlTemplate":"https:\/\/www.soulledlighting.com\/?s={search_term_string}"},"query-input":{"@type":"PropertyValueSpecification","valueRequired":true,"valueName":"search_term_string"}}],"inLanguage":"fr-FR"},{"@type":"Organization","@id":"https:\/\/www.soulledlighting.com\/#organization","name":"Soul LED Tech + Design","url":"https:\/\/www.soulledlighting.com\/","logo":{"@type":"ImageObject","inLanguage":"fr-FR","@id":"https:\/\/www.soulledlighting.com\/#\/schema\/logo\/image\/","url":"https:\/\/www.soulledlighting.com\/wp-content\/uploads\/2022\/03\/cropped-cropped-cropped-cropped-logo.png","contentUrl":"https:\/\/www.soulledlighting.com\/wp-content\/uploads\/2022\/03\/cropped-cropped-cropped-cropped-logo.png","width":3837,"height":1208,"caption":"Soul LED Tech + Design"},"image":{"@id":"https:\/\/www.soulledlighting.com\/#\/schema\/logo\/image\/"}}]}},"featured_img":"https:\/\/www.soulledlighting.com\/wp-content\/uploads\/2024\/07\/36-855x855.png","coauthors":[],"author_meta":{"author_link":false,"display_name":"Jean-Michel Fiorito"},"relative_dates":{"created":"Publi\u00e9 56 ans il y a","modified":"Mis \u00e0 jour 56 ans il y a"},"absolute_dates":{"created":"Publi\u00e9 le ","modified":"Mise \u00e0 jour le "},"absolute_dates_time":{"created":"Publi\u00e9 le ","modified":"Mise \u00e0 jour le "},"featured_img_caption":"","tax_additional":{"product_brand":{"linked":[],"unlinked":[],"slug":"product_brand","name":"Marques"},"product_type":{"linked":["<a href=\"https:\/\/www.soulledlighting.com\/fr\/?taxonomy=product_type&#038;term=variable\" class=\"advgb-post-tax-term\">variable<\/a>"],"unlinked":["<span class=\"advgb-post-tax-term\">variable<\/span>"],"slug":"product_type","name":"Type de produit"},"product_visibility":{"linked":[],"unlinked":[],"slug":"product_visibility","name":"Visibilit\u00e9 du produit"},"product_cat":{"linked":["<a href=\"https:\/\/www.soulledlighting.com\/fr\/categorie-produit\/deco-collection\/suspensions\/\" class=\"advgb-post-tax-term\">Suspensions<\/a>"],"unlinked":["<span class=\"advgb-post-tax-term\">Suspensions<\/span>"],"slug":"product_cat","name":"Cat\u00e9gories de produits"},"product_tag":{"linked":[],"unlinked":[],"slug":"product_tag","name":"\u00c9tiquettes produit"},"product_shipping_class":{"linked":[],"unlinked":[],"slug":"product_shipping_class","name":"Classe d\u2019exp\u00e9dition du produit"},"pos_product_visibility":{"linked":[],"unlinked":[],"slug":"pos_product_visibility","name":"Visibilit\u00e9 du produit sur le point de vente"},"pa_boitier-dalimentation":{"linked":[],"unlinked":[],"slug":"pa_boitier-dalimentation","name":"Produit Bo\u00eetier d&#039;alimentation \\ Power adapter"},"pa_couleur":{"linked":[],"unlinked":[],"slug":"pa_couleur","name":"Produit Couleur"},"pa_intensite":{"linked":[],"unlinked":[],"slug":"pa_intensite","name":"Produit Intensit\u00e9"},"pa_longueur":{"linked":[],"unlinked":[],"slug":"pa_longueur","name":"Produit Longueur"},"pa_puissance":{"linked":[],"unlinked":[],"slug":"pa_puissance","name":"Produit Puissance"}},"series_order":"","featured_media_urls":{"thumbnail":["https:\/\/www.soulledlighting.com\/wp-content\/uploads\/2024\/07\/36-150x150.png",150,150,true],"medium":["https:\/\/www.soulledlighting.com\/wp-content\/uploads\/2024\/07\/36-300x300.png",300,300,true],"medium_large":["https:\/\/www.soulledlighting.com\/wp-content\/uploads\/2024\/07\/36-768x768.png",768,768,true],"large":["https:\/\/www.soulledlighting.com\/wp-content\/uploads\/2024\/07\/36-1024x1024.png",1024,1024,true],"1536x1536":["https:\/\/www.soulledlighting.com\/wp-content\/uploads\/2024\/07\/36.png",1080,1080,false],"2048x2048":["https:\/\/www.soulledlighting.com\/wp-content\/uploads\/2024\/07\/36.png",1080,1080,false],"trp-custom-language-flag":["https:\/\/www.soulledlighting.com\/wp-content\/uploads\/2024\/07\/36-12x12.png",12,12,true],"post-thumbnail":["https:\/\/www.soulledlighting.com\/wp-content\/uploads\/2024\/07\/36-855x855.png",855,855,true],"exs-square":["https:\/\/www.soulledlighting.com\/wp-content\/uploads\/2024\/07\/36-800x800.png",800,800,true],"exs-square-half":["https:\/\/www.soulledlighting.com\/wp-content\/uploads\/2024\/07\/36-800x400.png",800,400,true],"menu-24x24":["https:\/\/www.soulledlighting.com\/wp-content\/uploads\/2024\/07\/36-24x24.png",24,24,true],"menu-36x36":["https:\/\/www.soulledlighting.com\/wp-content\/uploads\/2024\/07\/36-36x36.png",36,36,true],"menu-48x48":["https:\/\/www.soulledlighting.com\/wp-content\/uploads\/2024\/07\/36-48x48.png",48,48,true],"mailpoet_newsletter_max":["https:\/\/www.soulledlighting.com\/wp-content\/uploads\/2024\/07\/36.png",1080,1080,false],"woocommerce_thumbnail":["https:\/\/www.soulledlighting.com\/wp-content\/uploads\/2024\/07\/36-300x300.png",300,300,true],"woocommerce_single":["https:\/\/www.soulledlighting.com\/wp-content\/uploads\/2024\/07\/36-600x600.png",600,600,true],"woocommerce_gallery_thumbnail":["https:\/\/www.soulledlighting.com\/wp-content\/uploads\/2024\/07\/36-100x100.png",100,100,true],"portfolio_item-thumbnail":["https:\/\/www.soulledlighting.com\/wp-content\/uploads\/2024\/07\/36.png",400,400,false],"portfolio_item-thumbnail@2x":["https:\/\/www.soulledlighting.com\/wp-content\/uploads\/2024\/07\/36.png",800,800,false],"portfolio_item-masonry":["https:\/\/www.soulledlighting.com\/wp-content\/uploads\/2024\/07\/36.png",600,600,false],"portfolio_item-masonry@2x":["https:\/\/www.soulledlighting.com\/wp-content\/uploads\/2024\/07\/36.png",1080,1080,false],"portfolio_item-thumbnail_cinema":["https:\/\/www.soulledlighting.com\/wp-content\/uploads\/2024\/07\/36.png",335,335,false],"portfolio_item-thumbnail_portrait":["https:\/\/www.soulledlighting.com\/wp-content\/uploads\/2024\/07\/36.png",600,600,false],"portfolio_item-thumbnail_portrait@2x":["https:\/\/www.soulledlighting.com\/wp-content\/uploads\/2024\/07\/36.png",1080,1080,false],"portfolio_item-thumbnail_square":["https:\/\/www.soulledlighting.com\/wp-content\/uploads\/2024\/07\/36.png",800,800,false]},"_links":{"self":[{"href":"https:\/\/www.soulledlighting.com\/fr\/wp-json\/wp\/v2\/product\/2628","targetHints":{"allow":["GET"]}}],"collection":[{"href":"https:\/\/www.soulledlighting.com\/fr\/wp-json\/wp\/v2\/product"}],"about":[{"href":"https:\/\/www.soulledlighting.com\/fr\/wp-json\/wp\/v2\/types\/product"}],"wp:featuredmedia":[{"embeddable":true,"href":"https:\/\/www.soulledlighting.com\/fr\/wp-json\/wp\/v2\/media\/2637"}],"wp:attachment":[{"href":"https:\/\/www.soulledlighting.com\/fr\/wp-json\/wp\/v2\/media?parent=2628"}],"wp:term":[{"taxonomy":"product_brand","embeddable":true,"href":"https:\/\/www.soulledlighting.com\/fr\/wp-json\/wp\/v2\/product_brand?post=2628"},{"taxonomy":"product_cat","embeddable":true,"href":"https:\/\/www.soulledlighting.com\/fr\/wp-json\/wp\/v2\/product_cat?post=2628"},{"taxonomy":"product_tag","embeddable":true,"href":"https:\/\/www.soulledlighting.com\/fr\/wp-json\/wp\/v2\/product_tag?post=2628"}],"curies":[{"name":"wp","href":"https:\/\/api.w.org\/{rel}","templated":true}]}}