{"id":2941,"date":"2026-03-11T14:55:26","date_gmt":"2026-03-11T18:55:26","guid":{"rendered":"https:\/\/www.soulledlighting.com\/?page_id=2941"},"modified":"2026-03-17T08:25:28","modified_gmt":"2026-03-17T12:25:28","slug":"resources","status":"publish","type":"page","link":"https:\/\/www.soulledlighting.com\/fr\/resources\/","title":{"rendered":"Resources"},"content":{"rendered":"<div class=\"wp-block-advgb-columns advgb-columns-wrapper\" id=\"advgb-cols-7af12554-1fd7-45ff-9d30-b6c43f611cfe\"><div class=\"advgb-columns-container\"><div class=\"advgb-columns advgb-columns-row advgb-is-mobile advgb-columns-3 layout-13-13-13 mbl-layout-stacked vgutter-10\">\n<div class=\"wp-block-advgb-column advgb-column\" id=\"advgb-col-c85c5c3b-5b84-41bd-91d3-6f1c4d424ef0\"><div class=\"advgb-column-inner\" style=\"border-style:none;border-width:1px\">\n<figure class=\"wp-block-image size-large has-lightbox\"><a href=\"https:\/\/drive.google.com\/file\/d\/1FqmFpMUT5WaWWtBljXB2s0_lpxkbJQKZ\/view?usp=sharing\"><img fetchpriority=\"high\" decoding=\"async\" width=\"1006\" height=\"1024\" src=\"https:\/\/www.soulledlighting.com\/wp-content\/uploads\/2026\/03\/Screenshot-2026-03-11-143543-1006x1024.png\" alt=\"\" class=\"wp-image-2942\" srcset=\"https:\/\/www.soulledlighting.com\/wp-content\/uploads\/2026\/03\/Screenshot-2026-03-11-143543-1006x1024.png 1006w, https:\/\/www.soulledlighting.com\/wp-content\/uploads\/2026\/03\/Screenshot-2026-03-11-143543-295x300.png 295w, https:\/\/www.soulledlighting.com\/wp-content\/uploads\/2026\/03\/Screenshot-2026-03-11-143543-768x782.png 768w, https:\/\/www.soulledlighting.com\/wp-content\/uploads\/2026\/03\/Screenshot-2026-03-11-143543-12x12.png 12w, https:\/\/www.soulledlighting.com\/wp-content\/uploads\/2026\/03\/Screenshot-2026-03-11-143543-840x855.png 840w, https:\/\/www.soulledlighting.com\/wp-content\/uploads\/2026\/03\/Screenshot-2026-03-11-143543-24x24.png 24w, https:\/\/www.soulledlighting.com\/wp-content\/uploads\/2026\/03\/Screenshot-2026-03-11-143543-36x36.png 36w, https:\/\/www.soulledlighting.com\/wp-content\/uploads\/2026\/03\/Screenshot-2026-03-11-143543-48x48.png 48w, https:\/\/www.soulledlighting.com\/wp-content\/uploads\/2026\/03\/Screenshot-2026-03-11-143543-1320x1344.png 1320w, https:\/\/www.soulledlighting.com\/wp-content\/uploads\/2026\/03\/Screenshot-2026-03-11-143543-600x611.png 600w, https:\/\/www.soulledlighting.com\/wp-content\/uploads\/2026\/03\/Screenshot-2026-03-11-143543.png 1328w\" sizes=\"(max-width: 1006px) 100vw, 1006px\" \/><\/a><figcaption class=\"wp-element-caption\"><strong><a href=\"https:\/\/drive.google.com\/file\/d\/1FqmFpMUT5WaWWtBljXB2s0_lpxkbJQKZ\/view?usp=sharing\" type=\"link\" id=\"https:\/\/drive.google.com\/file\/d\/1FqmFpMUT5WaWWtBljXB2s0_lpxkbJQKZ\/view?usp=sharing\">Wholesale catalogue -FR<\/a><\/strong><\/figcaption><\/figure>\n<\/div><\/div>\n\n\n\n<div class=\"wp-block-advgb-column advgb-column\" id=\"advgb-col-1acf900c-35fe-4c6f-a193-98febce046ac\"><div class=\"advgb-column-inner\" style=\"border-style:none;border-width:1px\">\n<figure class=\"wp-block-image size-large has-lightbox\"><a href=\"https:\/\/drive.google.com\/file\/d\/1SK7QVmOFQAZ_tRCczywyilPW6utYxl1L\/view?usp=sharing\"><img decoding=\"async\" width=\"1024\" height=\"1022\" data-src=\"https:\/\/www.soulledlighting.com\/wp-content\/uploads\/2026\/03\/Screenshot-2026-03-11-143520-1024x1022.png\" alt=\"\" class=\"wp-image-2943 lazyload\" data-srcset=\"https:\/\/www.soulledlighting.com\/wp-content\/uploads\/2026\/03\/Screenshot-2026-03-11-143520-1024x1022.png 1024w, https:\/\/www.soulledlighting.com\/wp-content\/uploads\/2026\/03\/Screenshot-2026-03-11-143520-300x300.png 300w, https:\/\/www.soulledlighting.com\/wp-content\/uploads\/2026\/03\/Screenshot-2026-03-11-143520-150x150.png 150w, https:\/\/www.soulledlighting.com\/wp-content\/uploads\/2026\/03\/Screenshot-2026-03-11-143520-768x767.png 768w, https:\/\/www.soulledlighting.com\/wp-content\/uploads\/2026\/03\/Screenshot-2026-03-11-143520-12x12.png 12w, https:\/\/www.soulledlighting.com\/wp-content\/uploads\/2026\/03\/Screenshot-2026-03-11-143520-856x855.png 856w, https:\/\/www.soulledlighting.com\/wp-content\/uploads\/2026\/03\/Screenshot-2026-03-11-143520-24x24.png 24w, https:\/\/www.soulledlighting.com\/wp-content\/uploads\/2026\/03\/Screenshot-2026-03-11-143520-36x36.png 36w, https:\/\/www.soulledlighting.com\/wp-content\/uploads\/2026\/03\/Screenshot-2026-03-11-143520-48x48.png 48w, https:\/\/www.soulledlighting.com\/wp-content\/uploads\/2026\/03\/Screenshot-2026-03-11-143520-1320x1318.png 1320w, https:\/\/www.soulledlighting.com\/wp-content\/uploads\/2026\/03\/Screenshot-2026-03-11-143520-600x599.png 600w, https:\/\/www.soulledlighting.com\/wp-content\/uploads\/2026\/03\/Screenshot-2026-03-11-143520-100x100.png 100w, https:\/\/www.soulledlighting.com\/wp-content\/uploads\/2026\/03\/Screenshot-2026-03-11-143520.png 1351w\" data-sizes=\"(max-width: 1024px) 100vw, 1024px\" src=\"data:image\/svg+xml;base64,PHN2ZyB3aWR0aD0iMSIgaGVpZ2h0PSIxIiB4bWxucz0iaHR0cDovL3d3dy53My5vcmcvMjAwMC9zdmciPjwvc3ZnPg==\" style=\"--smush-placeholder-width: 1024px; --smush-placeholder-aspect-ratio: 1024\/1022;\" \/><\/a><figcaption class=\"wp-element-caption\"><strong><a href=\"https:\/\/drive.google.com\/file\/d\/1SK7QVmOFQAZ_tRCczywyilPW6utYxl1L\/view?usp=sharing\" type=\"link\" id=\"https:\/\/drive.google.com\/file\/d\/1SK7QVmOFQAZ_tRCczywyilPW6utYxl1L\/view?usp=sharing\">Wholesale catalogue -EN<\/a><\/strong><\/figcaption><\/figure>\n<\/div><\/div>\n\n\n\n<div class=\"wp-block-advgb-column advgb-column\" id=\"advgb-col-3f5131cf-accb-49cd-939b-6b2640e703d0\"><div class=\"advgb-column-inner\" style=\"border-style:none;border-width:1px\"><\/div><\/div>\n<\/div><\/div><\/div>\n\n\n\n<p><\/p>\n<style class=\"advgb-styles-renderer\">#advgb-col-c85c5c3b-5b84-41bd-91d3-6f1c4d424ef0>.advgb-column-inner{}@media screen and (max-width: 1023px) {#advgb-col-c85c5c3b-5b84-41bd-91d3-6f1c4d424ef0>.advgb-column-inner{}}@media screen and (max-width: 767px) {#advgb-col-c85c5c3b-5b84-41bd-91d3-6f1c4d424ef0>.advgb-column-inner{}}#advgb-col-1acf900c-35fe-4c6f-a193-98febce046ac>.advgb-column-inner{}@media screen and (max-width: 1023px) {#advgb-col-1acf900c-35fe-4c6f-a193-98febce046ac>.advgb-column-inner{}}@media screen and (max-width: 767px) {#advgb-col-1acf900c-35fe-4c6f-a193-98febce046ac>.advgb-column-inner{}}#advgb-col-3f5131cf-accb-49cd-939b-6b2640e703d0>.advgb-column-inner{}@media screen and (max-width: 1023px) {#advgb-col-3f5131cf-accb-49cd-939b-6b2640e703d0>.advgb-column-inner{}}@media screen and (max-width: 767px) {#advgb-col-3f5131cf-accb-49cd-939b-6b2640e703d0>.advgb-column-inner{}}#advgb-cols-7af12554-1fd7-45ff-9d30-b6c43f611cfe{}@media screen and (max-width: 1023px) {#advgb-cols-7af12554-1fd7-45ff-9d30-b6c43f611cfe{}}@media screen and (max-width: 767px) {#advgb-cols-7af12554-1fd7-45ff-9d30-b6c43f611cfe{}}#advgb-col-c85c5c3b-5b84-41bd-91d3-6f1c4d424ef0>.advgb-column-inner{}@media screen and (max-width: 1023px) {#advgb-col-c85c5c3b-5b84-41bd-91d3-6f1c4d424ef0>.advgb-column-inner{}}@media screen and (max-width: 767px) {#advgb-col-c85c5c3b-5b84-41bd-91d3-6f1c4d424ef0>.advgb-column-inner{}}#advgb-col-1acf900c-35fe-4c6f-a193-98febce046ac>.advgb-column-inner{}@media screen and (max-width: 1023px) {#advgb-col-1acf900c-35fe-4c6f-a193-98febce046ac>.advgb-column-inner{}}@media screen and (max-width: 767px) {#advgb-col-1acf900c-35fe-4c6f-a193-98febce046ac>.advgb-column-inner{}}#advgb-col-3f5131cf-accb-49cd-939b-6b2640e703d0>.advgb-column-inner{}@media screen and (max-width: 1023px) {#advgb-col-3f5131cf-accb-49cd-939b-6b2640e703d0>.advgb-column-inner{}}@media screen and (max-width: 767px) {#advgb-col-3f5131cf-accb-49cd-939b-6b2640e703d0>.advgb-column-inner{}}<\/style>","protected":false},"excerpt":{"rendered":"","protected":false},"author":2,"featured_media":0,"parent":0,"menu_order":0,"comment_status":"closed","ping_status":"closed","template":"","meta":{"_coblocks_attr":"","_coblocks_dimensions":"","_coblocks_responsive_height":"","_coblocks_accordion_ie_support":"","advgb_blocks_editor_width":"","advgb_blocks_columns_visual_guide":"","footnotes":""},"class_list":["post-2941","page","type-page","status-publish","hentry","no-post-thumbnail"],"yoast_head":"<!-- This site is optimized with the Yoast SEO plugin v27.4 - https:\/\/yoast.com\/product\/yoast-seo-wordpress\/ -->\n<title>Resources - Soul LED Tech + Design<\/title>\n<meta name=\"robots\" content=\"index, follow, max-snippet:-1, max-image-preview:large, max-video-preview:-1\" \/>\n<link rel=\"canonical\" href=\"https:\/\/www.soulledlighting.com\/fr\/resources\/\" \/>\n<meta property=\"og:locale\" content=\"fr_FR\" \/>\n<meta property=\"og:type\" content=\"article\" \/>\n<meta property=\"og:title\" content=\"Resources - Soul LED Tech + Design\" \/>\n<meta property=\"og:url\" content=\"https:\/\/www.soulledlighting.com\/fr\/resources\/\" \/>\n<meta property=\"og:site_name\" content=\"Soul LED Tech + Design\" \/>\n<meta property=\"article:modified_time\" content=\"2026-03-17T12:25:28+00:00\" \/>\n<meta property=\"og:image\" content=\"https:\/\/www.soulledlighting.com\/wp-content\/uploads\/2026\/03\/Screenshot-2026-03-11-143543-1006x1024.png\" \/>\n\t<meta property=\"og:image:width\" content=\"1006\" \/>\n\t<meta property=\"og:image:height\" content=\"1024\" \/>\n\t<meta property=\"og:image:type\" content=\"image\/png\" \/>\n<meta name=\"twitter:card\" content=\"summary_large_image\" \/>\n<meta name=\"twitter:label1\" content=\"Dur\u00e9e de lecture estim\u00e9e\" \/>\n\t<meta name=\"twitter:data1\" content=\"1 minute\" \/>\n<script type=\"application\/ld+json\" class=\"yoast-schema-graph\">{\"@context\":\"https:\\\/\\\/schema.org\",\"@graph\":[{\"@type\":\"WebPage\",\"@id\":\"https:\\\/\\\/www.soulledlighting.com\\\/resources\\\/\",\"url\":\"https:\\\/\\\/www.soulledlighting.com\\\/resources\\\/\",\"name\":\"Resources - Soul LED Tech + Design\",\"isPartOf\":{\"@id\":\"https:\\\/\\\/www.soulledlighting.com\\\/#website\"},\"primaryImageOfPage\":{\"@id\":\"https:\\\/\\\/www.soulledlighting.com\\\/resources\\\/#primaryimage\"},\"image\":{\"@id\":\"https:\\\/\\\/www.soulledlighting.com\\\/resources\\\/#primaryimage\"},\"thumbnailUrl\":\"https:\\\/\\\/www.soulledlighting.com\\\/wp-content\\\/uploads\\\/2026\\\/03\\\/Screenshot-2026-03-11-143543-1006x1024.png\",\"datePublished\":\"2026-03-11T18:55:26+00:00\",\"dateModified\":\"2026-03-17T12:25:28+00:00\",\"breadcrumb\":{\"@id\":\"https:\\\/\\\/www.soulledlighting.com\\\/resources\\\/#breadcrumb\"},\"inLanguage\":\"fr-FR\",\"potentialAction\":[{\"@type\":\"ReadAction\",\"target\":[\"https:\\\/\\\/www.soulledlighting.com\\\/resources\\\/\"]}]},{\"@type\":\"ImageObject\",\"inLanguage\":\"fr-FR\",\"@id\":\"https:\\\/\\\/www.soulledlighting.com\\\/resources\\\/#primaryimage\",\"url\":\"https:\\\/\\\/www.soulledlighting.com\\\/wp-content\\\/uploads\\\/2026\\\/03\\\/Screenshot-2026-03-11-143543-1006x1024.png\",\"contentUrl\":\"https:\\\/\\\/www.soulledlighting.com\\\/wp-content\\\/uploads\\\/2026\\\/03\\\/Screenshot-2026-03-11-143543-1006x1024.png\"},{\"@type\":\"BreadcrumbList\",\"@id\":\"https:\\\/\\\/www.soulledlighting.com\\\/resources\\\/#breadcrumb\",\"itemListElement\":[{\"@type\":\"ListItem\",\"position\":1,\"name\":\"Accueil\",\"item\":\"https:\\\/\\\/www.soulledlighting.com\\\/\"},{\"@type\":\"ListItem\",\"position\":2,\"name\":\"Resources\"}]},{\"@type\":\"WebSite\",\"@id\":\"https:\\\/\\\/www.soulledlighting.com\\\/#website\",\"url\":\"https:\\\/\\\/www.soulledlighting.com\\\/\",\"name\":\"Soul LED Tech + Design\",\"description\":\"\",\"publisher\":{\"@id\":\"https:\\\/\\\/www.soulledlighting.com\\\/#organization\"},\"potentialAction\":[{\"@type\":\"SearchAction\",\"target\":{\"@type\":\"EntryPoint\",\"urlTemplate\":\"https:\\\/\\\/www.soulledlighting.com\\\/?s={search_term_string}\"},\"query-input\":{\"@type\":\"PropertyValueSpecification\",\"valueRequired\":true,\"valueName\":\"search_term_string\"}}],\"inLanguage\":\"fr-FR\"},{\"@type\":\"Organization\",\"@id\":\"https:\\\/\\\/www.soulledlighting.com\\\/#organization\",\"name\":\"Soul LED Tech + Design\",\"url\":\"https:\\\/\\\/www.soulledlighting.com\\\/\",\"logo\":{\"@type\":\"ImageObject\",\"inLanguage\":\"fr-FR\",\"@id\":\"https:\\\/\\\/www.soulledlighting.com\\\/#\\\/schema\\\/logo\\\/image\\\/\",\"url\":\"https:\\\/\\\/www.soulledlighting.com\\\/wp-content\\\/uploads\\\/2022\\\/03\\\/cropped-cropped-cropped-cropped-logo.png\",\"contentUrl\":\"https:\\\/\\\/www.soulledlighting.com\\\/wp-content\\\/uploads\\\/2022\\\/03\\\/cropped-cropped-cropped-cropped-logo.png\",\"width\":3837,\"height\":1208,\"caption\":\"Soul LED Tech + Design\"},\"image\":{\"@id\":\"https:\\\/\\\/www.soulledlighting.com\\\/#\\\/schema\\\/logo\\\/image\\\/\"}}]}<\/script>\n<!-- \/ Yoast SEO plugin. -->","yoast_head_json":{"title":"Resources - Soul LED Tech + Design","robots":{"index":"index","follow":"follow","max-snippet":"max-snippet:-1","max-image-preview":"max-image-preview:large","max-video-preview":"max-video-preview:-1"},"canonical":"https:\/\/www.soulledlighting.com\/fr\/resources\/","og_locale":"fr_FR","og_type":"article","og_title":"Resources - Soul LED Tech + Design","og_url":"https:\/\/www.soulledlighting.com\/fr\/resources\/","og_site_name":"Soul LED Tech + Design","article_modified_time":"2026-03-17T12:25:28+00:00","og_image":[{"width":1006,"height":1024,"url":"https:\/\/www.soulledlighting.com\/wp-content\/uploads\/2026\/03\/Screenshot-2026-03-11-143543-1006x1024.png","type":"image\/png"}],"twitter_card":"summary_large_image","twitter_misc":{"Dur\u00e9e de lecture estim\u00e9e":"1 minute"},"schema":{"@context":"https:\/\/schema.org","@graph":[{"@type":"WebPage","@id":"https:\/\/www.soulledlighting.com\/resources\/","url":"https:\/\/www.soulledlighting.com\/resources\/","name":"Resources - Soul LED Tech + Design","isPartOf":{"@id":"https:\/\/www.soulledlighting.com\/#website"},"primaryImageOfPage":{"@id":"https:\/\/www.soulledlighting.com\/resources\/#primaryimage"},"image":{"@id":"https:\/\/www.soulledlighting.com\/resources\/#primaryimage"},"thumbnailUrl":"https:\/\/www.soulledlighting.com\/wp-content\/uploads\/2026\/03\/Screenshot-2026-03-11-143543-1006x1024.png","datePublished":"2026-03-11T18:55:26+00:00","dateModified":"2026-03-17T12:25:28+00:00","breadcrumb":{"@id":"https:\/\/www.soulledlighting.com\/resources\/#breadcrumb"},"inLanguage":"fr-FR","potentialAction":[{"@type":"ReadAction","target":["https:\/\/www.soulledlighting.com\/resources\/"]}]},{"@type":"ImageObject","inLanguage":"fr-FR","@id":"https:\/\/www.soulledlighting.com\/resources\/#primaryimage","url":"https:\/\/www.soulledlighting.com\/wp-content\/uploads\/2026\/03\/Screenshot-2026-03-11-143543-1006x1024.png","contentUrl":"https:\/\/www.soulledlighting.com\/wp-content\/uploads\/2026\/03\/Screenshot-2026-03-11-143543-1006x1024.png"},{"@type":"BreadcrumbList","@id":"https:\/\/www.soulledlighting.com\/resources\/#breadcrumb","itemListElement":[{"@type":"ListItem","position":1,"name":"Accueil","item":"https:\/\/www.soulledlighting.com\/"},{"@type":"ListItem","position":2,"name":"Resources"}]},{"@type":"WebSite","@id":"https:\/\/www.soulledlighting.com\/#website","url":"https:\/\/www.soulledlighting.com\/","name":"Soul LED Tech + Design","description":"","publisher":{"@id":"https:\/\/www.soulledlighting.com\/#organization"},"potentialAction":[{"@type":"SearchAction","target":{"@type":"EntryPoint","urlTemplate":"https:\/\/www.soulledlighting.com\/?s={search_term_string}"},"query-input":{"@type":"PropertyValueSpecification","valueRequired":true,"valueName":"search_term_string"}}],"inLanguage":"fr-FR"},{"@type":"Organization","@id":"https:\/\/www.soulledlighting.com\/#organization","name":"Soul LED Tech + Design","url":"https:\/\/www.soulledlighting.com\/","logo":{"@type":"ImageObject","inLanguage":"fr-FR","@id":"https:\/\/www.soulledlighting.com\/#\/schema\/logo\/image\/","url":"https:\/\/www.soulledlighting.com\/wp-content\/uploads\/2022\/03\/cropped-cropped-cropped-cropped-logo.png","contentUrl":"https:\/\/www.soulledlighting.com\/wp-content\/uploads\/2022\/03\/cropped-cropped-cropped-cropped-logo.png","width":3837,"height":1208,"caption":"Soul LED Tech + Design"},"image":{"@id":"https:\/\/www.soulledlighting.com\/#\/schema\/logo\/image\/"}}]}},"coauthors":[],"author_meta":{"author_link":false,"display_name":"Jean-Michel Fiorito"},"relative_dates":{"created":"Publi\u00e9 56 ans il y a","modified":"Mis \u00e0 jour 56 ans il y a"},"absolute_dates":{"created":"Publi\u00e9 le ","modified":"Mise \u00e0 jour le "},"absolute_dates_time":{"created":"Publi\u00e9 le ","modified":"Mise \u00e0 jour le "},"featured_img_caption":"","featured_img":false,"series_order":"","featured_media_urls":[],"_links":{"self":[{"href":"https:\/\/www.soulledlighting.com\/fr\/wp-json\/wp\/v2\/pages\/2941","targetHints":{"allow":["GET"]}}],"collection":[{"href":"https:\/\/www.soulledlighting.com\/fr\/wp-json\/wp\/v2\/pages"}],"about":[{"href":"https:\/\/www.soulledlighting.com\/fr\/wp-json\/wp\/v2\/types\/page"}],"author":[{"embeddable":true,"href":"https:\/\/www.soulledlighting.com\/fr\/wp-json\/wp\/v2\/users\/2"}],"replies":[{"embeddable":true,"href":"https:\/\/www.soulledlighting.com\/fr\/wp-json\/wp\/v2\/comments?post=2941"}],"version-history":[{"count":1,"href":"https:\/\/www.soulledlighting.com\/fr\/wp-json\/wp\/v2\/pages\/2941\/revisions"}],"predecessor-version":[{"id":2982,"href":"https:\/\/www.soulledlighting.com\/fr\/wp-json\/wp\/v2\/pages\/2941\/revisions\/2982"}],"wp:attachment":[{"href":"https:\/\/www.soulledlighting.com\/fr\/wp-json\/wp\/v2\/media?parent=2941"}],"curies":[{"name":"wp","href":"https:\/\/api.w.org\/{rel}","templated":true}]}}