{"id":2778,"date":"2024-09-05T10:48:56","date_gmt":"2024-09-05T14:48:56","guid":{"rendered":"https:\/\/www.soulledlighting.com\/?page_id=2778"},"modified":"2024-09-17T10:29:09","modified_gmt":"2024-09-17T14:29:09","slug":"sldim-mo","status":"publish","type":"page","link":"https:\/\/www.soulledlighting.com\/fr\/sldim-mo\/","title":{"rendered":"SLDIM-MO"},"content":{"rendered":"<p><strong>Touch Dimmer Sensor Switch:<\/strong><\/p>\n\n\n\n<p>With this inconspicuous touch-activated switch, compatible with any of our <a href=\"https:\/\/www.soulledlighting.com\/fr\/led-ribbons\/\">LEDs<\/a>, just a light touch of your finger is all it takes to control your lighting. A quick tap turns the lights on or off; a longer touch cycles the dimming control up and down. The switch then saves the brightness setting until the next time the lights are turned on.<\/p>\n\n\n\n<p><strong>Recommended Uses:<\/strong><\/p>\n\n\n\n<p>Under Shelf Lighting<br>Discreet Lighting Installations<br>Flexible strip light<br>Aesthetic installations<br>Any LED Strip<\/p>\n\n\n\n<p><strong>Characteristics:<\/strong><\/p>\n\n\n\n<p>Voltage(VDC): DC12V\/24V<br>Power(W): 60W<br>Touch-activated switch<br>Blue LED Ring<br>Dimmable<\/p>\n\n\n\n<div class=\"wp-block-file\"><a id=\"wp-block-file--media-555818a5-ebea-437b-b92b-318cb48634b4\" href=\"https:\/\/www.soulledlighting.com\/wp-content\/uploads\/2024\/09\/SLDIM-MO.pdf\">SLDIM-MO<\/a><a href=\"https:\/\/www.soulledlighting.com\/wp-content\/uploads\/2024\/09\/SLDIM-MO.pdf\" class=\"wp-block-file__button wp-element-button\" download aria-describedby=\"wp-block-file--media-555818a5-ebea-437b-b92b-318cb48634b4\">T\u00e9l\u00e9charger<\/a><\/div>","protected":false},"excerpt":{"rendered":"<p>Touch Dimmer Sensor Switch: With this inconspicuous touch-activated switch, compatible with any of our<span class=\"more-dots\">&#8230;<\/span><\/p>","protected":false},"author":2,"featured_media":0,"parent":0,"menu_order":0,"comment_status":"closed","ping_status":"closed","template":"","meta":{"_coblocks_attr":"","_coblocks_dimensions":"","_coblocks_responsive_height":"","_coblocks_accordion_ie_support":"","advgb_blocks_editor_width":"","advgb_blocks_columns_visual_guide":"","footnotes":""},"class_list":["post-2778","page","type-page","status-publish","hentry","no-post-thumbnail"],"yoast_head":"<!-- This site is optimized with the Yoast SEO plugin v27.4 - https:\/\/yoast.com\/product\/yoast-seo-wordpress\/ -->\n<title>SLDIM-MO - Soul LED Tech + Design<\/title>\n<meta name=\"robots\" content=\"index, follow, max-snippet:-1, max-image-preview:large, max-video-preview:-1\" \/>\n<link rel=\"canonical\" href=\"https:\/\/www.soulledlighting.com\/fr\/sldim-mo\/\" \/>\n<meta property=\"og:locale\" content=\"fr_FR\" \/>\n<meta property=\"og:type\" content=\"article\" \/>\n<meta property=\"og:title\" content=\"SLDIM-MO - Soul LED Tech + Design\" \/>\n<meta property=\"og:description\" content=\"Touch Dimmer Sensor Switch: With this inconspicuous touch-activated switch, compatible with any of our...\" \/>\n<meta property=\"og:url\" content=\"https:\/\/www.soulledlighting.com\/fr\/sldim-mo\/\" \/>\n<meta property=\"og:site_name\" content=\"Soul LED Tech + Design\" \/>\n<meta property=\"article:modified_time\" content=\"2024-09-17T14:29:09+00:00\" \/>\n<meta name=\"twitter:card\" content=\"summary_large_image\" \/>\n<meta name=\"twitter:label1\" content=\"Dur\u00e9e de lecture estim\u00e9e\" \/>\n\t<meta name=\"twitter:data1\" content=\"1 minute\" \/>\n<script type=\"application\/ld+json\" class=\"yoast-schema-graph\">{\"@context\":\"https:\\\/\\\/schema.org\",\"@graph\":[{\"@type\":\"WebPage\",\"@id\":\"https:\\\/\\\/www.soulledlighting.com\\\/sldim-mo\\\/\",\"url\":\"https:\\\/\\\/www.soulledlighting.com\\\/sldim-mo\\\/\",\"name\":\"SLDIM-MO - Soul LED Tech + Design\",\"isPartOf\":{\"@id\":\"https:\\\/\\\/www.soulledlighting.com\\\/#website\"},\"datePublished\":\"2024-09-05T14:48:56+00:00\",\"dateModified\":\"2024-09-17T14:29:09+00:00\",\"breadcrumb\":{\"@id\":\"https:\\\/\\\/www.soulledlighting.com\\\/sldim-mo\\\/#breadcrumb\"},\"inLanguage\":\"fr-FR\",\"potentialAction\":[{\"@type\":\"ReadAction\",\"target\":[\"https:\\\/\\\/www.soulledlighting.com\\\/sldim-mo\\\/\"]}]},{\"@type\":\"BreadcrumbList\",\"@id\":\"https:\\\/\\\/www.soulledlighting.com\\\/sldim-mo\\\/#breadcrumb\",\"itemListElement\":[{\"@type\":\"ListItem\",\"position\":1,\"name\":\"Accueil\",\"item\":\"https:\\\/\\\/www.soulledlighting.com\\\/\"},{\"@type\":\"ListItem\",\"position\":2,\"name\":\"SLDIM-MO\"}]},{\"@type\":\"WebSite\",\"@id\":\"https:\\\/\\\/www.soulledlighting.com\\\/#website\",\"url\":\"https:\\\/\\\/www.soulledlighting.com\\\/\",\"name\":\"Soul LED Tech + Design\",\"description\":\"\",\"publisher\":{\"@id\":\"https:\\\/\\\/www.soulledlighting.com\\\/#organization\"},\"potentialAction\":[{\"@type\":\"SearchAction\",\"target\":{\"@type\":\"EntryPoint\",\"urlTemplate\":\"https:\\\/\\\/www.soulledlighting.com\\\/?s={search_term_string}\"},\"query-input\":{\"@type\":\"PropertyValueSpecification\",\"valueRequired\":true,\"valueName\":\"search_term_string\"}}],\"inLanguage\":\"fr-FR\"},{\"@type\":\"Organization\",\"@id\":\"https:\\\/\\\/www.soulledlighting.com\\\/#organization\",\"name\":\"Soul LED Tech + Design\",\"url\":\"https:\\\/\\\/www.soulledlighting.com\\\/\",\"logo\":{\"@type\":\"ImageObject\",\"inLanguage\":\"fr-FR\",\"@id\":\"https:\\\/\\\/www.soulledlighting.com\\\/#\\\/schema\\\/logo\\\/image\\\/\",\"url\":\"https:\\\/\\\/www.soulledlighting.com\\\/wp-content\\\/uploads\\\/2022\\\/03\\\/cropped-cropped-cropped-cropped-logo.png\",\"contentUrl\":\"https:\\\/\\\/www.soulledlighting.com\\\/wp-content\\\/uploads\\\/2022\\\/03\\\/cropped-cropped-cropped-cropped-logo.png\",\"width\":3837,\"height\":1208,\"caption\":\"Soul LED Tech + Design\"},\"image\":{\"@id\":\"https:\\\/\\\/www.soulledlighting.com\\\/#\\\/schema\\\/logo\\\/image\\\/\"}}]}<\/script>\n<!-- \/ Yoast SEO plugin. -->","yoast_head_json":{"title":"SLDIM-MO - Soul LED Tech + Design","robots":{"index":"index","follow":"follow","max-snippet":"max-snippet:-1","max-image-preview":"max-image-preview:large","max-video-preview":"max-video-preview:-1"},"canonical":"https:\/\/www.soulledlighting.com\/fr\/sldim-mo\/","og_locale":"fr_FR","og_type":"article","og_title":"SLDIM-MO - Soul LED Tech + Design","og_description":"Touch Dimmer Sensor Switch: With this inconspicuous touch-activated switch, compatible with any of our...","og_url":"https:\/\/www.soulledlighting.com\/fr\/sldim-mo\/","og_site_name":"Soul LED Tech + Design","article_modified_time":"2024-09-17T14:29:09+00:00","twitter_card":"summary_large_image","twitter_misc":{"Dur\u00e9e de lecture estim\u00e9e":"1 minute"},"schema":{"@context":"https:\/\/schema.org","@graph":[{"@type":"WebPage","@id":"https:\/\/www.soulledlighting.com\/sldim-mo\/","url":"https:\/\/www.soulledlighting.com\/sldim-mo\/","name":"SLDIM-MO - Soul LED Tech + Design","isPartOf":{"@id":"https:\/\/www.soulledlighting.com\/#website"},"datePublished":"2024-09-05T14:48:56+00:00","dateModified":"2024-09-17T14:29:09+00:00","breadcrumb":{"@id":"https:\/\/www.soulledlighting.com\/sldim-mo\/#breadcrumb"},"inLanguage":"fr-FR","potentialAction":[{"@type":"ReadAction","target":["https:\/\/www.soulledlighting.com\/sldim-mo\/"]}]},{"@type":"BreadcrumbList","@id":"https:\/\/www.soulledlighting.com\/sldim-mo\/#breadcrumb","itemListElement":[{"@type":"ListItem","position":1,"name":"Accueil","item":"https:\/\/www.soulledlighting.com\/"},{"@type":"ListItem","position":2,"name":"SLDIM-MO"}]},{"@type":"WebSite","@id":"https:\/\/www.soulledlighting.com\/#website","url":"https:\/\/www.soulledlighting.com\/","name":"Soul LED Tech + Design","description":"","publisher":{"@id":"https:\/\/www.soulledlighting.com\/#organization"},"potentialAction":[{"@type":"SearchAction","target":{"@type":"EntryPoint","urlTemplate":"https:\/\/www.soulledlighting.com\/?s={search_term_string}"},"query-input":{"@type":"PropertyValueSpecification","valueRequired":true,"valueName":"search_term_string"}}],"inLanguage":"fr-FR"},{"@type":"Organization","@id":"https:\/\/www.soulledlighting.com\/#organization","name":"Soul LED Tech + Design","url":"https:\/\/www.soulledlighting.com\/","logo":{"@type":"ImageObject","inLanguage":"fr-FR","@id":"https:\/\/www.soulledlighting.com\/#\/schema\/logo\/image\/","url":"https:\/\/www.soulledlighting.com\/wp-content\/uploads\/2022\/03\/cropped-cropped-cropped-cropped-logo.png","contentUrl":"https:\/\/www.soulledlighting.com\/wp-content\/uploads\/2022\/03\/cropped-cropped-cropped-cropped-logo.png","width":3837,"height":1208,"caption":"Soul LED Tech + Design"},"image":{"@id":"https:\/\/www.soulledlighting.com\/#\/schema\/logo\/image\/"}}]}},"coauthors":[],"author_meta":{"author_link":false,"display_name":"Jean-Michel Fiorito"},"relative_dates":{"created":"Publi\u00e9 56 ans il y a","modified":"Mis \u00e0 jour 56 ans il y a"},"absolute_dates":{"created":"Publi\u00e9 le ","modified":"Mise \u00e0 jour le "},"absolute_dates_time":{"created":"Publi\u00e9 le ","modified":"Mise \u00e0 jour le "},"featured_img_caption":"","featured_img":false,"series_order":"","featured_media_urls":[],"_links":{"self":[{"href":"https:\/\/www.soulledlighting.com\/fr\/wp-json\/wp\/v2\/pages\/2778","targetHints":{"allow":["GET"]}}],"collection":[{"href":"https:\/\/www.soulledlighting.com\/fr\/wp-json\/wp\/v2\/pages"}],"about":[{"href":"https:\/\/www.soulledlighting.com\/fr\/wp-json\/wp\/v2\/types\/page"}],"author":[{"embeddable":true,"href":"https:\/\/www.soulledlighting.com\/fr\/wp-json\/wp\/v2\/users\/2"}],"replies":[{"embeddable":true,"href":"https:\/\/www.soulledlighting.com\/fr\/wp-json\/wp\/v2\/comments?post=2778"}],"version-history":[{"count":0,"href":"https:\/\/www.soulledlighting.com\/fr\/wp-json\/wp\/v2\/pages\/2778\/revisions"}],"wp:attachment":[{"href":"https:\/\/www.soulledlighting.com\/fr\/wp-json\/wp\/v2\/media?parent=2778"}],"curies":[{"name":"wp","href":"https:\/\/api.w.org\/{rel}","templated":true}]}}