{"id":2528,"date":"2024-07-03T11:05:19","date_gmt":"2024-07-03T15:05:19","guid":{"rendered":"https:\/\/www.soulledlighting.com\/?page_id=2528"},"modified":"2024-07-03T11:05:24","modified_gmt":"2024-07-03T15:05:24","slug":"soul3545s","status":"publish","type":"page","link":"https:\/\/www.soulledlighting.com\/fr\/soul3545s\/","title":{"rendered":"SOUL3545S"},"content":{"rendered":"<p>Am\u00e9liorez votre conception d'\u00e9clairage avec le canal LED SOUL3545S, une solution d'\u00e9clairage \u00e9l\u00e9gante et polyvalente qui apporte \u00e0 la fois forme et fonctionnalit\u00e9 \u00e0 n'importe quel espace. Ce canal innovant est con\u00e7u pour \u00eatre suspendu, lui permettant de projeter la lumi\u00e8re vers le haut et vers le bas, cr\u00e9ant ainsi un effet d'\u00e9clairage \u00e9quilibr\u00e9 et dynamique.<\/p>\n\n\n\n<p><strong>Principales caract\u00e9ristiques:<\/strong><\/p>\n\n\n\n<ul class=\"wp-block-list\">\n<li><strong>Double \u00e9clairage\u00a0:<\/strong> Le canal LED SOUL3545S pr\u00e9sente une conception unique qui \u00e9met de la lumi\u00e8re vers le haut et vers le bas, am\u00e9liorant l'ambiance et offrant une r\u00e9partition uniforme de la lumi\u00e8re.<\/li>\n\n\n\n<li><strong>Mod\u00e8le suspendu\u00a0:<\/strong> Id\u00e9ale pour les int\u00e9rieurs modernes, l'installation suspendue ajoute une touche \u00e9l\u00e9gante et contemporaine \u00e0 n'importe quel environnement, des bureaux aux espaces r\u00e9sidentiels.<\/li>\n\n\n\n<li><strong>Construction de haute qualit\u00e9\u00a0:<\/strong> Construit avec des mat\u00e9riaux durables, le SOUL3545S garantit long\u00e9vit\u00e9 et performances fiables, ce qui en fait un choix fiable pour les besoins d'\u00e9clairage \u00e0 long terme.<\/li>\n\n\n\n<li><strong>Applications polyvalentes\u00a0:<\/strong> Parfait pour une vari\u00e9t\u00e9 d\u2019environnements, notamment les applications commerciales, de vente au d\u00e9tail et domestiques. Utilisez-le pour mettre en valeur des \u00e9l\u00e9ments architecturaux, cr\u00e9er un \u00e9clairage d'ambiance ou fournir un \u00e9clairage fonctionnel.<\/li>\n<\/ul>\n\n\n\n<p>Nous recommandons les rubans LED suivants :<\/p>\n\n\n\n<p>SL2216-300-10*** or SL2835HO-160-15**<\/p>\n\n\n\n<div class=\"wp-block-file\"><a id=\"wp-block-file--media-860682dd-47e5-48d0-8058-84a8e4a54494\" href=\"https:\/\/www.soulledlighting.com\/fr\/soul3545s\/\"><strong>SOUL3545S<\/strong><\/a><a href=\"https:\/\/www.soulledlighting.com\/fr\/soul3545s\/\" class=\"wp-block-file__button wp-element-button\" download aria-describedby=\"wp-block-file--media-860682dd-47e5-48d0-8058-84a8e4a54494\">T\u00e9l\u00e9charger<\/a><\/div>\n\n\n\n<figure class=\"wp-block-gallery has-nested-images columns-default is-cropped wp-block-gallery-1 is-layout-flex wp-block-gallery-is-layout-flex\">\n<figure class=\"wp-block-image size-large\"><a href=\"https:\/\/www.soulledlighting.com\/wp-content\/uploads\/2024\/05\/SOUL-LUSTER.png\"><img fetchpriority=\"high\" decoding=\"async\" width=\"1024\" height=\"1024\" data-id=\"2456\" src=\"https:\/\/www.soulledlighting.com\/wp-content\/uploads\/2024\/05\/SOUL-LUSTER-1024x1024.png\" alt=\"\" class=\"wp-image-2456\" srcset=\"https:\/\/www.soulledlighting.com\/wp-content\/uploads\/2024\/05\/SOUL-LUSTER-1024x1024.png 1024w, https:\/\/www.soulledlighting.com\/wp-content\/uploads\/2024\/05\/SOUL-LUSTER-300x300.png 300w, https:\/\/www.soulledlighting.com\/wp-content\/uploads\/2024\/05\/SOUL-LUSTER-150x150.png 150w, https:\/\/www.soulledlighting.com\/wp-content\/uploads\/2024\/05\/SOUL-LUSTER-768x768.png 768w, https:\/\/www.soulledlighting.com\/wp-content\/uploads\/2024\/05\/SOUL-LUSTER-12x12.png 12w, https:\/\/www.soulledlighting.com\/wp-content\/uploads\/2024\/05\/SOUL-LUSTER-855x855.png 855w, https:\/\/www.soulledlighting.com\/wp-content\/uploads\/2024\/05\/SOUL-LUSTER-800x800.png 800w, https:\/\/www.soulledlighting.com\/wp-content\/uploads\/2024\/05\/SOUL-LUSTER-24x24.png 24w, https:\/\/www.soulledlighting.com\/wp-content\/uploads\/2024\/05\/SOUL-LUSTER-36x36.png 36w, https:\/\/www.soulledlighting.com\/wp-content\/uploads\/2024\/05\/SOUL-LUSTER-48x48.png 48w, https:\/\/www.soulledlighting.com\/wp-content\/uploads\/2024\/05\/SOUL-LUSTER-600x600.png 600w, https:\/\/www.soulledlighting.com\/wp-content\/uploads\/2024\/05\/SOUL-LUSTER-100x100.png 100w, https:\/\/www.soulledlighting.com\/wp-content\/uploads\/2024\/05\/SOUL-LUSTER.png 1080w\" sizes=\"(max-width: 1024px) 100vw, 1024px\" \/><\/a><\/figure>\n\n\n\n<figure class=\"wp-block-image size-large\"><a href=\"https:\/\/www.soulledlighting.com\/wp-content\/uploads\/2024\/07\/IMG_8205.jpg\"><img decoding=\"async\" width=\"800\" height=\"800\" data-id=\"2534\" data-src=\"https:\/\/www.soulledlighting.com\/wp-content\/uploads\/2024\/07\/IMG_8205.jpg\" alt=\"\" class=\"wp-image-2534 lazyload\" data-srcset=\"https:\/\/www.soulledlighting.com\/wp-content\/uploads\/2024\/07\/IMG_8205.jpg 800w, https:\/\/www.soulledlighting.com\/wp-content\/uploads\/2024\/07\/IMG_8205-300x300.jpg 300w, https:\/\/www.soulledlighting.com\/wp-content\/uploads\/2024\/07\/IMG_8205-150x150.jpg 150w, https:\/\/www.soulledlighting.com\/wp-content\/uploads\/2024\/07\/IMG_8205-768x768.jpg 768w, https:\/\/www.soulledlighting.com\/wp-content\/uploads\/2024\/07\/IMG_8205-12x12.jpg 12w, https:\/\/www.soulledlighting.com\/wp-content\/uploads\/2024\/07\/IMG_8205-24x24.jpg 24w, https:\/\/www.soulledlighting.com\/wp-content\/uploads\/2024\/07\/IMG_8205-36x36.jpg 36w, https:\/\/www.soulledlighting.com\/wp-content\/uploads\/2024\/07\/IMG_8205-48x48.jpg 48w, https:\/\/www.soulledlighting.com\/wp-content\/uploads\/2024\/07\/IMG_8205-600x600.jpg 600w, https:\/\/www.soulledlighting.com\/wp-content\/uploads\/2024\/07\/IMG_8205-100x100.jpg 100w\" data-sizes=\"(max-width: 800px) 100vw, 800px\" src=\"data:image\/svg+xml;base64,PHN2ZyB3aWR0aD0iMSIgaGVpZ2h0PSIxIiB4bWxucz0iaHR0cDovL3d3dy53My5vcmcvMjAwMC9zdmciPjwvc3ZnPg==\" style=\"--smush-placeholder-width: 800px; --smush-placeholder-aspect-ratio: 800\/800;\" \/><\/a><\/figure>\n\n\n\n<figure class=\"wp-block-image size-large\"><a href=\"https:\/\/www.soulledlighting.com\/wp-content\/uploads\/2024\/07\/9c81835a-1115-424b-9281-22fc72daf89e.png\"><img decoding=\"async\" width=\"1024\" height=\"769\" data-id=\"2529\" data-src=\"https:\/\/www.soulledlighting.com\/wp-content\/uploads\/2024\/07\/9c81835a-1115-424b-9281-22fc72daf89e-1024x769.png\" alt=\"\" class=\"wp-image-2529 lazyload\" data-srcset=\"https:\/\/www.soulledlighting.com\/wp-content\/uploads\/2024\/07\/9c81835a-1115-424b-9281-22fc72daf89e-1024x769.png 1024w, https:\/\/www.soulledlighting.com\/wp-content\/uploads\/2024\/07\/9c81835a-1115-424b-9281-22fc72daf89e-300x225.png 300w, https:\/\/www.soulledlighting.com\/wp-content\/uploads\/2024\/07\/9c81835a-1115-424b-9281-22fc72daf89e-768x576.png 768w, https:\/\/www.soulledlighting.com\/wp-content\/uploads\/2024\/07\/9c81835a-1115-424b-9281-22fc72daf89e-16x12.png 16w, https:\/\/www.soulledlighting.com\/wp-content\/uploads\/2024\/07\/9c81835a-1115-424b-9281-22fc72daf89e-1140x855.png 1140w, https:\/\/www.soulledlighting.com\/wp-content\/uploads\/2024\/07\/9c81835a-1115-424b-9281-22fc72daf89e-1320x991.png 1320w, https:\/\/www.soulledlighting.com\/wp-content\/uploads\/2024\/07\/9c81835a-1115-424b-9281-22fc72daf89e-24x18.png 24w, https:\/\/www.soulledlighting.com\/wp-content\/uploads\/2024\/07\/9c81835a-1115-424b-9281-22fc72daf89e-36x27.png 36w, https:\/\/www.soulledlighting.com\/wp-content\/uploads\/2024\/07\/9c81835a-1115-424b-9281-22fc72daf89e-48x36.png 48w, https:\/\/www.soulledlighting.com\/wp-content\/uploads\/2024\/07\/9c81835a-1115-424b-9281-22fc72daf89e-600x450.png 600w, https:\/\/www.soulledlighting.com\/wp-content\/uploads\/2024\/07\/9c81835a-1115-424b-9281-22fc72daf89e.png 1439w\" data-sizes=\"(max-width: 1024px) 100vw, 1024px\" src=\"data:image\/svg+xml;base64,PHN2ZyB3aWR0aD0iMSIgaGVpZ2h0PSIxIiB4bWxucz0iaHR0cDovL3d3dy53My5vcmcvMjAwMC9zdmciPjwvc3ZnPg==\" style=\"--smush-placeholder-width: 1024px; --smush-placeholder-aspect-ratio: 1024\/769;\" \/><\/a><\/figure>\n\n\n\n<figure class=\"wp-block-image size-large\"><a href=\"https:\/\/www.soulledlighting.com\/wp-content\/uploads\/2024\/07\/105959.png\"><img decoding=\"async\" width=\"1024\" height=\"1024\" data-id=\"2526\" data-src=\"https:\/\/www.soulledlighting.com\/wp-content\/uploads\/2024\/07\/105959-1024x1024.png\" alt=\"\" class=\"wp-image-2526 lazyload\" data-srcset=\"https:\/\/www.soulledlighting.com\/wp-content\/uploads\/2024\/07\/105959-1024x1024.png 1024w, https:\/\/www.soulledlighting.com\/wp-content\/uploads\/2024\/07\/105959-300x300.png 300w, https:\/\/www.soulledlighting.com\/wp-content\/uploads\/2024\/07\/105959-150x150.png 150w, https:\/\/www.soulledlighting.com\/wp-content\/uploads\/2024\/07\/105959-768x768.png 768w, https:\/\/www.soulledlighting.com\/wp-content\/uploads\/2024\/07\/105959-12x12.png 12w, https:\/\/www.soulledlighting.com\/wp-content\/uploads\/2024\/07\/105959-855x855.png 855w, https:\/\/www.soulledlighting.com\/wp-content\/uploads\/2024\/07\/105959-800x800.png 800w, https:\/\/www.soulledlighting.com\/wp-content\/uploads\/2024\/07\/105959-24x24.png 24w, https:\/\/www.soulledlighting.com\/wp-content\/uploads\/2024\/07\/105959-36x36.png 36w, https:\/\/www.soulledlighting.com\/wp-content\/uploads\/2024\/07\/105959-48x48.png 48w, https:\/\/www.soulledlighting.com\/wp-content\/uploads\/2024\/07\/105959-600x600.png 600w, https:\/\/www.soulledlighting.com\/wp-content\/uploads\/2024\/07\/105959-100x100.png 100w, https:\/\/www.soulledlighting.com\/wp-content\/uploads\/2024\/07\/105959.png 1080w\" data-sizes=\"(max-width: 1024px) 100vw, 1024px\" src=\"data:image\/svg+xml;base64,PHN2ZyB3aWR0aD0iMSIgaGVpZ2h0PSIxIiB4bWxucz0iaHR0cDovL3d3dy53My5vcmcvMjAwMC9zdmciPjwvc3ZnPg==\" style=\"--smush-placeholder-width: 1024px; --smush-placeholder-aspect-ratio: 1024\/1024;\" \/><\/a><\/figure>\n\n\n\n<figure class=\"wp-block-image size-large\"><a href=\"https:\/\/www.soulledlighting.com\/wp-content\/uploads\/2024\/07\/IMG_8201.jpg\"><img decoding=\"async\" width=\"800\" height=\"800\" data-id=\"2533\" data-src=\"https:\/\/www.soulledlighting.com\/wp-content\/uploads\/2024\/07\/IMG_8201.jpg\" alt=\"\" class=\"wp-image-2533 lazyload\" data-srcset=\"https:\/\/www.soulledlighting.com\/wp-content\/uploads\/2024\/07\/IMG_8201.jpg 800w, https:\/\/www.soulledlighting.com\/wp-content\/uploads\/2024\/07\/IMG_8201-300x300.jpg 300w, https:\/\/www.soulledlighting.com\/wp-content\/uploads\/2024\/07\/IMG_8201-150x150.jpg 150w, https:\/\/www.soulledlighting.com\/wp-content\/uploads\/2024\/07\/IMG_8201-768x768.jpg 768w, https:\/\/www.soulledlighting.com\/wp-content\/uploads\/2024\/07\/IMG_8201-12x12.jpg 12w, https:\/\/www.soulledlighting.com\/wp-content\/uploads\/2024\/07\/IMG_8201-24x24.jpg 24w, https:\/\/www.soulledlighting.com\/wp-content\/uploads\/2024\/07\/IMG_8201-36x36.jpg 36w, https:\/\/www.soulledlighting.com\/wp-content\/uploads\/2024\/07\/IMG_8201-48x48.jpg 48w, https:\/\/www.soulledlighting.com\/wp-content\/uploads\/2024\/07\/IMG_8201-600x600.jpg 600w, https:\/\/www.soulledlighting.com\/wp-content\/uploads\/2024\/07\/IMG_8201-100x100.jpg 100w\" data-sizes=\"(max-width: 800px) 100vw, 800px\" src=\"data:image\/svg+xml;base64,PHN2ZyB3aWR0aD0iMSIgaGVpZ2h0PSIxIiB4bWxucz0iaHR0cDovL3d3dy53My5vcmcvMjAwMC9zdmciPjwvc3ZnPg==\" style=\"--smush-placeholder-width: 800px; --smush-placeholder-aspect-ratio: 800\/800;\" \/><\/a><\/figure>\n\n\n\n<figure class=\"wp-block-image size-large\"><a href=\"https:\/\/www.soulledlighting.com\/wp-content\/uploads\/2024\/07\/IMG_8095.jpg\"><img decoding=\"async\" width=\"800\" height=\"800\" data-id=\"2532\" data-src=\"https:\/\/www.soulledlighting.com\/wp-content\/uploads\/2024\/07\/IMG_8095.jpg\" alt=\"\" class=\"wp-image-2532 lazyload\" data-srcset=\"https:\/\/www.soulledlighting.com\/wp-content\/uploads\/2024\/07\/IMG_8095.jpg 800w, https:\/\/www.soulledlighting.com\/wp-content\/uploads\/2024\/07\/IMG_8095-300x300.jpg 300w, https:\/\/www.soulledlighting.com\/wp-content\/uploads\/2024\/07\/IMG_8095-150x150.jpg 150w, https:\/\/www.soulledlighting.com\/wp-content\/uploads\/2024\/07\/IMG_8095-768x768.jpg 768w, https:\/\/www.soulledlighting.com\/wp-content\/uploads\/2024\/07\/IMG_8095-12x12.jpg 12w, https:\/\/www.soulledlighting.com\/wp-content\/uploads\/2024\/07\/IMG_8095-24x24.jpg 24w, https:\/\/www.soulledlighting.com\/wp-content\/uploads\/2024\/07\/IMG_8095-36x36.jpg 36w, https:\/\/www.soulledlighting.com\/wp-content\/uploads\/2024\/07\/IMG_8095-48x48.jpg 48w, https:\/\/www.soulledlighting.com\/wp-content\/uploads\/2024\/07\/IMG_8095-600x600.jpg 600w, https:\/\/www.soulledlighting.com\/wp-content\/uploads\/2024\/07\/IMG_8095-100x100.jpg 100w\" data-sizes=\"(max-width: 800px) 100vw, 800px\" src=\"data:image\/svg+xml;base64,PHN2ZyB3aWR0aD0iMSIgaGVpZ2h0PSIxIiB4bWxucz0iaHR0cDovL3d3dy53My5vcmcvMjAwMC9zdmciPjwvc3ZnPg==\" style=\"--smush-placeholder-width: 800px; --smush-placeholder-aspect-ratio: 800\/800;\" \/><\/a><\/figure>\n\n\n\n<figure class=\"wp-block-image size-large\"><a href=\"https:\/\/www.soulledlighting.com\/wp-content\/uploads\/2024\/07\/IMG_4612.jpg\"><img decoding=\"async\" width=\"800\" height=\"800\" data-id=\"2531\" data-src=\"https:\/\/www.soulledlighting.com\/wp-content\/uploads\/2024\/07\/IMG_4612.jpg\" alt=\"\" class=\"wp-image-2531 lazyload\" data-srcset=\"https:\/\/www.soulledlighting.com\/wp-content\/uploads\/2024\/07\/IMG_4612.jpg 800w, https:\/\/www.soulledlighting.com\/wp-content\/uploads\/2024\/07\/IMG_4612-300x300.jpg 300w, https:\/\/www.soulledlighting.com\/wp-content\/uploads\/2024\/07\/IMG_4612-150x150.jpg 150w, https:\/\/www.soulledlighting.com\/wp-content\/uploads\/2024\/07\/IMG_4612-768x768.jpg 768w, https:\/\/www.soulledlighting.com\/wp-content\/uploads\/2024\/07\/IMG_4612-12x12.jpg 12w, https:\/\/www.soulledlighting.com\/wp-content\/uploads\/2024\/07\/IMG_4612-24x24.jpg 24w, https:\/\/www.soulledlighting.com\/wp-content\/uploads\/2024\/07\/IMG_4612-36x36.jpg 36w, https:\/\/www.soulledlighting.com\/wp-content\/uploads\/2024\/07\/IMG_4612-48x48.jpg 48w, https:\/\/www.soulledlighting.com\/wp-content\/uploads\/2024\/07\/IMG_4612-600x600.jpg 600w, https:\/\/www.soulledlighting.com\/wp-content\/uploads\/2024\/07\/IMG_4612-100x100.jpg 100w\" data-sizes=\"(max-width: 800px) 100vw, 800px\" src=\"data:image\/svg+xml;base64,PHN2ZyB3aWR0aD0iMSIgaGVpZ2h0PSIxIiB4bWxucz0iaHR0cDovL3d3dy53My5vcmcvMjAwMC9zdmciPjwvc3ZnPg==\" style=\"--smush-placeholder-width: 800px; --smush-placeholder-aspect-ratio: 800\/800;\" \/><\/a><\/figure>\n\n\n\n<figure class=\"wp-block-image size-large\"><a href=\"https:\/\/www.soulledlighting.com\/wp-content\/uploads\/2024\/07\/F3545.jpg\"><img decoding=\"async\" width=\"800\" height=\"800\" data-id=\"2530\" data-src=\"https:\/\/www.soulledlighting.com\/wp-content\/uploads\/2024\/07\/F3545.jpg\" alt=\"\" class=\"wp-image-2530 lazyload\" data-srcset=\"https:\/\/www.soulledlighting.com\/wp-content\/uploads\/2024\/07\/F3545.jpg 800w, https:\/\/www.soulledlighting.com\/wp-content\/uploads\/2024\/07\/F3545-300x300.jpg 300w, https:\/\/www.soulledlighting.com\/wp-content\/uploads\/2024\/07\/F3545-150x150.jpg 150w, https:\/\/www.soulledlighting.com\/wp-content\/uploads\/2024\/07\/F3545-768x768.jpg 768w, https:\/\/www.soulledlighting.com\/wp-content\/uploads\/2024\/07\/F3545-12x12.jpg 12w, https:\/\/www.soulledlighting.com\/wp-content\/uploads\/2024\/07\/F3545-24x24.jpg 24w, https:\/\/www.soulledlighting.com\/wp-content\/uploads\/2024\/07\/F3545-36x36.jpg 36w, https:\/\/www.soulledlighting.com\/wp-content\/uploads\/2024\/07\/F3545-48x48.jpg 48w, https:\/\/www.soulledlighting.com\/wp-content\/uploads\/2024\/07\/F3545-600x600.jpg 600w, https:\/\/www.soulledlighting.com\/wp-content\/uploads\/2024\/07\/F3545-100x100.jpg 100w\" data-sizes=\"(max-width: 800px) 100vw, 800px\" src=\"data:image\/svg+xml;base64,PHN2ZyB3aWR0aD0iMSIgaGVpZ2h0PSIxIiB4bWxucz0iaHR0cDovL3d3dy53My5vcmcvMjAwMC9zdmciPjwvc3ZnPg==\" style=\"--smush-placeholder-width: 800px; --smush-placeholder-aspect-ratio: 800\/800;\" \/><\/a><\/figure>\n<\/figure>","protected":false},"excerpt":{"rendered":"<p>Elevate your lighting design with the SOUL3545S LED Channel, a sleek and versatile lighting<span class=\"more-dots\">&#8230;<\/span><\/p>","protected":false},"author":2,"featured_media":0,"parent":0,"menu_order":0,"comment_status":"closed","ping_status":"closed","template":"","meta":{"_coblocks_attr":"","_coblocks_dimensions":"","_coblocks_responsive_height":"","_coblocks_accordion_ie_support":"","advgb_blocks_editor_width":"","advgb_blocks_columns_visual_guide":"","footnotes":""},"class_list":["post-2528","page","type-page","status-publish","hentry","no-post-thumbnail"],"yoast_head":"<!-- This site is optimized with the Yoast SEO plugin v27.4 - https:\/\/yoast.com\/product\/yoast-seo-wordpress\/ -->\n<title>SOUL3545S - Soul LED Tech + Design<\/title>\n<meta name=\"robots\" content=\"index, follow, max-snippet:-1, max-image-preview:large, max-video-preview:-1\" \/>\n<link rel=\"canonical\" href=\"https:\/\/www.soulledlighting.com\/fr\/soul3545s\/\" \/>\n<meta property=\"og:locale\" content=\"fr_FR\" \/>\n<meta property=\"og:type\" content=\"article\" \/>\n<meta property=\"og:title\" content=\"SOUL3545S - Soul LED Tech + Design\" \/>\n<meta property=\"og:description\" content=\"Elevate your lighting design with the SOUL3545S LED Channel, a sleek and versatile lighting...\" \/>\n<meta property=\"og:url\" content=\"https:\/\/www.soulledlighting.com\/fr\/soul3545s\/\" \/>\n<meta property=\"og:site_name\" content=\"Soul LED Tech + Design\" \/>\n<meta property=\"article:modified_time\" content=\"2024-07-03T15:05:24+00:00\" \/>\n<meta property=\"og:image\" content=\"https:\/\/www.soulledlighting.com\/wp-content\/uploads\/2024\/05\/SOUL-LUSTER-1024x1024.png\" \/>\n<meta name=\"twitter:card\" content=\"summary_large_image\" \/>\n<meta name=\"twitter:label1\" content=\"Dur\u00e9e de lecture estim\u00e9e\" \/>\n\t<meta name=\"twitter:data1\" content=\"3 minutes\" \/>\n<script type=\"application\/ld+json\" class=\"yoast-schema-graph\">{\"@context\":\"https:\\\/\\\/schema.org\",\"@graph\":[{\"@type\":\"WebPage\",\"@id\":\"https:\\\/\\\/www.soulledlighting.com\\\/soul3545s\\\/\",\"url\":\"https:\\\/\\\/www.soulledlighting.com\\\/soul3545s\\\/\",\"name\":\"SOUL3545S - Soul LED Tech + Design\",\"isPartOf\":{\"@id\":\"https:\\\/\\\/www.soulledlighting.com\\\/#website\"},\"primaryImageOfPage\":{\"@id\":\"https:\\\/\\\/www.soulledlighting.com\\\/soul3545s\\\/#primaryimage\"},\"image\":{\"@id\":\"https:\\\/\\\/www.soulledlighting.com\\\/soul3545s\\\/#primaryimage\"},\"thumbnailUrl\":\"https:\\\/\\\/www.soulledlighting.com\\\/wp-content\\\/uploads\\\/2024\\\/05\\\/SOUL-LUSTER-1024x1024.png\",\"datePublished\":\"2024-07-03T15:05:19+00:00\",\"dateModified\":\"2024-07-03T15:05:24+00:00\",\"breadcrumb\":{\"@id\":\"https:\\\/\\\/www.soulledlighting.com\\\/soul3545s\\\/#breadcrumb\"},\"inLanguage\":\"fr-FR\",\"potentialAction\":[{\"@type\":\"ReadAction\",\"target\":[\"https:\\\/\\\/www.soulledlighting.com\\\/soul3545s\\\/\"]}]},{\"@type\":\"ImageObject\",\"inLanguage\":\"fr-FR\",\"@id\":\"https:\\\/\\\/www.soulledlighting.com\\\/soul3545s\\\/#primaryimage\",\"url\":\"https:\\\/\\\/www.soulledlighting.com\\\/wp-content\\\/uploads\\\/2024\\\/05\\\/SOUL-LUSTER-1024x1024.png\",\"contentUrl\":\"https:\\\/\\\/www.soulledlighting.com\\\/wp-content\\\/uploads\\\/2024\\\/05\\\/SOUL-LUSTER-1024x1024.png\"},{\"@type\":\"BreadcrumbList\",\"@id\":\"https:\\\/\\\/www.soulledlighting.com\\\/soul3545s\\\/#breadcrumb\",\"itemListElement\":[{\"@type\":\"ListItem\",\"position\":1,\"name\":\"Accueil\",\"item\":\"https:\\\/\\\/www.soulledlighting.com\\\/\"},{\"@type\":\"ListItem\",\"position\":2,\"name\":\"SOUL3545S\"}]},{\"@type\":\"WebSite\",\"@id\":\"https:\\\/\\\/www.soulledlighting.com\\\/#website\",\"url\":\"https:\\\/\\\/www.soulledlighting.com\\\/\",\"name\":\"Soul LED Tech + Design\",\"description\":\"\",\"publisher\":{\"@id\":\"https:\\\/\\\/www.soulledlighting.com\\\/#organization\"},\"potentialAction\":[{\"@type\":\"SearchAction\",\"target\":{\"@type\":\"EntryPoint\",\"urlTemplate\":\"https:\\\/\\\/www.soulledlighting.com\\\/?s={search_term_string}\"},\"query-input\":{\"@type\":\"PropertyValueSpecification\",\"valueRequired\":true,\"valueName\":\"search_term_string\"}}],\"inLanguage\":\"fr-FR\"},{\"@type\":\"Organization\",\"@id\":\"https:\\\/\\\/www.soulledlighting.com\\\/#organization\",\"name\":\"Soul LED Tech + Design\",\"url\":\"https:\\\/\\\/www.soulledlighting.com\\\/\",\"logo\":{\"@type\":\"ImageObject\",\"inLanguage\":\"fr-FR\",\"@id\":\"https:\\\/\\\/www.soulledlighting.com\\\/#\\\/schema\\\/logo\\\/image\\\/\",\"url\":\"https:\\\/\\\/www.soulledlighting.com\\\/wp-content\\\/uploads\\\/2022\\\/03\\\/cropped-cropped-cropped-cropped-logo.png\",\"contentUrl\":\"https:\\\/\\\/www.soulledlighting.com\\\/wp-content\\\/uploads\\\/2022\\\/03\\\/cropped-cropped-cropped-cropped-logo.png\",\"width\":3837,\"height\":1208,\"caption\":\"Soul LED Tech + Design\"},\"image\":{\"@id\":\"https:\\\/\\\/www.soulledlighting.com\\\/#\\\/schema\\\/logo\\\/image\\\/\"}}]}<\/script>\n<!-- \/ Yoast SEO plugin. -->","yoast_head_json":{"title":"SOUL3545S - Soul LED Tech + Design","robots":{"index":"index","follow":"follow","max-snippet":"max-snippet:-1","max-image-preview":"max-image-preview:large","max-video-preview":"max-video-preview:-1"},"canonical":"https:\/\/www.soulledlighting.com\/fr\/soul3545s\/","og_locale":"fr_FR","og_type":"article","og_title":"SOUL3545S - Soul LED Tech + Design","og_description":"Elevate your lighting design with the SOUL3545S LED Channel, a sleek and versatile lighting...","og_url":"https:\/\/www.soulledlighting.com\/fr\/soul3545s\/","og_site_name":"Soul LED Tech + Design","article_modified_time":"2024-07-03T15:05:24+00:00","og_image":[{"url":"https:\/\/www.soulledlighting.com\/wp-content\/uploads\/2024\/05\/SOUL-LUSTER-1024x1024.png","type":"","width":"","height":""}],"twitter_card":"summary_large_image","twitter_misc":{"Dur\u00e9e de lecture estim\u00e9e":"3 minutes"},"schema":{"@context":"https:\/\/schema.org","@graph":[{"@type":"WebPage","@id":"https:\/\/www.soulledlighting.com\/soul3545s\/","url":"https:\/\/www.soulledlighting.com\/soul3545s\/","name":"SOUL3545S - Soul LED Tech + Design","isPartOf":{"@id":"https:\/\/www.soulledlighting.com\/#website"},"primaryImageOfPage":{"@id":"https:\/\/www.soulledlighting.com\/soul3545s\/#primaryimage"},"image":{"@id":"https:\/\/www.soulledlighting.com\/soul3545s\/#primaryimage"},"thumbnailUrl":"https:\/\/www.soulledlighting.com\/wp-content\/uploads\/2024\/05\/SOUL-LUSTER-1024x1024.png","datePublished":"2024-07-03T15:05:19+00:00","dateModified":"2024-07-03T15:05:24+00:00","breadcrumb":{"@id":"https:\/\/www.soulledlighting.com\/soul3545s\/#breadcrumb"},"inLanguage":"fr-FR","potentialAction":[{"@type":"ReadAction","target":["https:\/\/www.soulledlighting.com\/soul3545s\/"]}]},{"@type":"ImageObject","inLanguage":"fr-FR","@id":"https:\/\/www.soulledlighting.com\/soul3545s\/#primaryimage","url":"https:\/\/www.soulledlighting.com\/wp-content\/uploads\/2024\/05\/SOUL-LUSTER-1024x1024.png","contentUrl":"https:\/\/www.soulledlighting.com\/wp-content\/uploads\/2024\/05\/SOUL-LUSTER-1024x1024.png"},{"@type":"BreadcrumbList","@id":"https:\/\/www.soulledlighting.com\/soul3545s\/#breadcrumb","itemListElement":[{"@type":"ListItem","position":1,"name":"Accueil","item":"https:\/\/www.soulledlighting.com\/"},{"@type":"ListItem","position":2,"name":"SOUL3545S"}]},{"@type":"WebSite","@id":"https:\/\/www.soulledlighting.com\/#website","url":"https:\/\/www.soulledlighting.com\/","name":"Soul LED Tech + Design","description":"","publisher":{"@id":"https:\/\/www.soulledlighting.com\/#organization"},"potentialAction":[{"@type":"SearchAction","target":{"@type":"EntryPoint","urlTemplate":"https:\/\/www.soulledlighting.com\/?s={search_term_string}"},"query-input":{"@type":"PropertyValueSpecification","valueRequired":true,"valueName":"search_term_string"}}],"inLanguage":"fr-FR"},{"@type":"Organization","@id":"https:\/\/www.soulledlighting.com\/#organization","name":"Soul LED Tech + Design","url":"https:\/\/www.soulledlighting.com\/","logo":{"@type":"ImageObject","inLanguage":"fr-FR","@id":"https:\/\/www.soulledlighting.com\/#\/schema\/logo\/image\/","url":"https:\/\/www.soulledlighting.com\/wp-content\/uploads\/2022\/03\/cropped-cropped-cropped-cropped-logo.png","contentUrl":"https:\/\/www.soulledlighting.com\/wp-content\/uploads\/2022\/03\/cropped-cropped-cropped-cropped-logo.png","width":3837,"height":1208,"caption":"Soul LED Tech + Design"},"image":{"@id":"https:\/\/www.soulledlighting.com\/#\/schema\/logo\/image\/"}}]}},"coauthors":[],"author_meta":{"author_link":false,"display_name":"Jean-Michel Fiorito"},"relative_dates":{"created":"Publi\u00e9 56 ans il y a","modified":"Mis \u00e0 jour 56 ans il y a"},"absolute_dates":{"created":"Publi\u00e9 le ","modified":"Mise \u00e0 jour le "},"absolute_dates_time":{"created":"Publi\u00e9 le ","modified":"Mise \u00e0 jour le "},"featured_img_caption":"","featured_img":false,"series_order":"","featured_media_urls":[],"_links":{"self":[{"href":"https:\/\/www.soulledlighting.com\/fr\/wp-json\/wp\/v2\/pages\/2528","targetHints":{"allow":["GET"]}}],"collection":[{"href":"https:\/\/www.soulledlighting.com\/fr\/wp-json\/wp\/v2\/pages"}],"about":[{"href":"https:\/\/www.soulledlighting.com\/fr\/wp-json\/wp\/v2\/types\/page"}],"author":[{"embeddable":true,"href":"https:\/\/www.soulledlighting.com\/fr\/wp-json\/wp\/v2\/users\/2"}],"replies":[{"embeddable":true,"href":"https:\/\/www.soulledlighting.com\/fr\/wp-json\/wp\/v2\/comments?post=2528"}],"version-history":[{"count":0,"href":"https:\/\/www.soulledlighting.com\/fr\/wp-json\/wp\/v2\/pages\/2528\/revisions"}],"wp:attachment":[{"href":"https:\/\/www.soulledlighting.com\/fr\/wp-json\/wp\/v2\/media?parent=2528"}],"curies":[{"name":"wp","href":"https:\/\/api.w.org\/{rel}","templated":true}]}}