{"id":2276,"date":"2024-02-13T12:48:13","date_gmt":"2024-02-13T16:48:13","guid":{"rendered":"https:\/\/www.soulledlighting.com\/?page_id=2276"},"modified":"2024-02-13T12:50:49","modified_gmt":"2024-02-13T16:50:49","slug":"sl2216-288-16rgbw30k","status":"publish","type":"page","link":"https:\/\/www.soulledlighting.com\/fr\/sl2216-288-16rgbw30k\/","title":{"rendered":"SL2216-288-16RGBW30K"},"content":{"rendered":"<p>Our RGBW LED tape, the ultimate lighting solution for adding ambiance, color, and functionality to any space. <\/p>\n\n\n\n<p>This flexible and versatile tape allows you to create a wide spectrum of vibrant colors and pure white light with adjustable dimming options. Whether you&#8217;re looking to set the mood for a party, highlight architectural features, or add accent lighting to your home or business, our RGBW LED tape delivers unmatched versatility and performance. With easy-to-use controls and a variety of installation options, including adhesive backing for quick and hassle-free installation, this LED tape is perfect for both DIY enthusiasts and professional installers alike. Plus, with its energy-efficient design and long lifespan, you can enjoy stunning lighting effects for years to come. Elevate your space with our RGBW LED tape and experience the power of customizable lighting at your fingertips.<\/p>\n\n\n\n<p><strong>!This product Requires an RBGW Module to control the light option as well and an LED Driver! <\/strong><\/p>\n\n\n\n<p>Tape Spesification:<\/p>\n\n\n\n<div class=\"wp-block-file\"><a id=\"wp-block-file--media-8bcdafbe-d8b4-4497-9d56-eaf7ef0d0d2c\" href=\"https:\/\/www.soulledlighting.com\/wp-content\/uploads\/2024\/02\/SL2216-288-16RGBW30K.pdf\" target=\"_blank\" rel=\"noreferrer noopener\">SL2216-288-16RGBW30K<\/a><a href=\"https:\/\/www.soulledlighting.com\/wp-content\/uploads\/2024\/02\/SL2216-288-16RGBW30K.pdf\" class=\"wp-block-file__button wp-element-button\" download aria-describedby=\"wp-block-file--media-8bcdafbe-d8b4-4497-9d56-eaf7ef0d0d2c\">T\u00e9l\u00e9charger<\/a><\/div>\n\n\n\n<p>Module Specification: <\/p>\n\n\n\n<div class=\"wp-block-file\"><a id=\"wp-block-file--media-cf43fec3-b946-4ccb-83d9-49bdd364a528\" href=\"https:\/\/www.soulledlighting.com\/wp-content\/uploads\/2024\/02\/SOULWF-RGBW02-FR.pdf\">SOULWF-RGBW02-FR<\/a><a href=\"https:\/\/www.soulledlighting.com\/wp-content\/uploads\/2024\/02\/SOULWF-RGBW02-FR.pdf\" class=\"wp-block-file__button wp-element-button\" download aria-describedby=\"wp-block-file--media-cf43fec3-b946-4ccb-83d9-49bdd364a528\">T\u00e9l\u00e9charger<\/a><\/div>\n\n\n\n<div class=\"wp-block-file\"><a id=\"wp-block-file--media-5c4b34b9-f861-441b-a1b3-9a2fd28a5018\" href=\"https:\/\/www.soulledlighting.com\/wp-content\/uploads\/2024\/02\/SOULWF-RGBW02-EN.pdf\" target=\"_blank\" rel=\"noreferrer noopener\">SOULWF-RGBW02-EN<\/a><a href=\"https:\/\/www.soulledlighting.com\/wp-content\/uploads\/2024\/02\/SOULWF-RGBW02-EN.pdf\" class=\"wp-block-file__button wp-element-button\" download aria-describedby=\"wp-block-file--media-5c4b34b9-f861-441b-a1b3-9a2fd28a5018\">T\u00e9l\u00e9charger<\/a><\/div>","protected":false},"excerpt":{"rendered":"<p>Our RGBW LED tape, the ultimate lighting solution for adding ambiance, color, and functionality<span class=\"more-dots\">&#8230;<\/span><\/p>","protected":false},"author":2,"featured_media":0,"parent":0,"menu_order":0,"comment_status":"closed","ping_status":"closed","template":"","meta":{"_coblocks_attr":"","_coblocks_dimensions":"","_coblocks_responsive_height":"","_coblocks_accordion_ie_support":"","advgb_blocks_editor_width":"","advgb_blocks_columns_visual_guide":"","footnotes":""},"class_list":["post-2276","page","type-page","status-publish","hentry","no-post-thumbnail"],"yoast_head":"<!-- This site is optimized with the Yoast SEO plugin v27.4 - https:\/\/yoast.com\/product\/yoast-seo-wordpress\/ -->\n<title>SL2216-288-16RGBW30K - Soul LED Tech + Design<\/title>\n<meta name=\"robots\" content=\"index, follow, max-snippet:-1, max-image-preview:large, max-video-preview:-1\" \/>\n<link rel=\"canonical\" href=\"https:\/\/www.soulledlighting.com\/fr\/sl2216-288-16rgbw30k\/\" \/>\n<meta property=\"og:locale\" content=\"fr_FR\" \/>\n<meta property=\"og:type\" content=\"article\" \/>\n<meta property=\"og:title\" content=\"SL2216-288-16RGBW30K - Soul LED Tech + Design\" \/>\n<meta property=\"og:description\" content=\"Our RGBW LED tape, the ultimate lighting solution for adding ambiance, color, and functionality...\" \/>\n<meta property=\"og:url\" content=\"https:\/\/www.soulledlighting.com\/fr\/sl2216-288-16rgbw30k\/\" \/>\n<meta property=\"og:site_name\" content=\"Soul LED Tech + Design\" \/>\n<meta property=\"article:modified_time\" content=\"2024-02-13T16:50:49+00:00\" \/>\n<meta name=\"twitter:card\" content=\"summary_large_image\" \/>\n<meta name=\"twitter:label1\" content=\"Dur\u00e9e de lecture estim\u00e9e\" \/>\n\t<meta name=\"twitter:data1\" content=\"1 minute\" \/>\n<script type=\"application\/ld+json\" class=\"yoast-schema-graph\">{\"@context\":\"https:\\\/\\\/schema.org\",\"@graph\":[{\"@type\":\"WebPage\",\"@id\":\"https:\\\/\\\/www.soulledlighting.com\\\/sl2216-288-16rgbw30k\\\/\",\"url\":\"https:\\\/\\\/www.soulledlighting.com\\\/sl2216-288-16rgbw30k\\\/\",\"name\":\"SL2216-288-16RGBW30K - Soul LED Tech + Design\",\"isPartOf\":{\"@id\":\"https:\\\/\\\/www.soulledlighting.com\\\/#website\"},\"datePublished\":\"2024-02-13T16:48:13+00:00\",\"dateModified\":\"2024-02-13T16:50:49+00:00\",\"breadcrumb\":{\"@id\":\"https:\\\/\\\/www.soulledlighting.com\\\/sl2216-288-16rgbw30k\\\/#breadcrumb\"},\"inLanguage\":\"fr-FR\",\"potentialAction\":[{\"@type\":\"ReadAction\",\"target\":[\"https:\\\/\\\/www.soulledlighting.com\\\/sl2216-288-16rgbw30k\\\/\"]}]},{\"@type\":\"BreadcrumbList\",\"@id\":\"https:\\\/\\\/www.soulledlighting.com\\\/sl2216-288-16rgbw30k\\\/#breadcrumb\",\"itemListElement\":[{\"@type\":\"ListItem\",\"position\":1,\"name\":\"Accueil\",\"item\":\"https:\\\/\\\/www.soulledlighting.com\\\/\"},{\"@type\":\"ListItem\",\"position\":2,\"name\":\"SL2216-288-16RGBW30K\"}]},{\"@type\":\"WebSite\",\"@id\":\"https:\\\/\\\/www.soulledlighting.com\\\/#website\",\"url\":\"https:\\\/\\\/www.soulledlighting.com\\\/\",\"name\":\"Soul LED Tech + Design\",\"description\":\"\",\"publisher\":{\"@id\":\"https:\\\/\\\/www.soulledlighting.com\\\/#organization\"},\"potentialAction\":[{\"@type\":\"SearchAction\",\"target\":{\"@type\":\"EntryPoint\",\"urlTemplate\":\"https:\\\/\\\/www.soulledlighting.com\\\/?s={search_term_string}\"},\"query-input\":{\"@type\":\"PropertyValueSpecification\",\"valueRequired\":true,\"valueName\":\"search_term_string\"}}],\"inLanguage\":\"fr-FR\"},{\"@type\":\"Organization\",\"@id\":\"https:\\\/\\\/www.soulledlighting.com\\\/#organization\",\"name\":\"Soul LED Tech + Design\",\"url\":\"https:\\\/\\\/www.soulledlighting.com\\\/\",\"logo\":{\"@type\":\"ImageObject\",\"inLanguage\":\"fr-FR\",\"@id\":\"https:\\\/\\\/www.soulledlighting.com\\\/#\\\/schema\\\/logo\\\/image\\\/\",\"url\":\"https:\\\/\\\/www.soulledlighting.com\\\/wp-content\\\/uploads\\\/2022\\\/03\\\/cropped-cropped-cropped-cropped-logo.png\",\"contentUrl\":\"https:\\\/\\\/www.soulledlighting.com\\\/wp-content\\\/uploads\\\/2022\\\/03\\\/cropped-cropped-cropped-cropped-logo.png\",\"width\":3837,\"height\":1208,\"caption\":\"Soul LED Tech + Design\"},\"image\":{\"@id\":\"https:\\\/\\\/www.soulledlighting.com\\\/#\\\/schema\\\/logo\\\/image\\\/\"}}]}<\/script>\n<!-- \/ Yoast SEO plugin. -->","yoast_head_json":{"title":"SL2216-288-16RGBW30K - Soul LED Tech + Design","robots":{"index":"index","follow":"follow","max-snippet":"max-snippet:-1","max-image-preview":"max-image-preview:large","max-video-preview":"max-video-preview:-1"},"canonical":"https:\/\/www.soulledlighting.com\/fr\/sl2216-288-16rgbw30k\/","og_locale":"fr_FR","og_type":"article","og_title":"SL2216-288-16RGBW30K - Soul LED Tech + Design","og_description":"Our RGBW LED tape, the ultimate lighting solution for adding ambiance, color, and functionality...","og_url":"https:\/\/www.soulledlighting.com\/fr\/sl2216-288-16rgbw30k\/","og_site_name":"Soul LED Tech + Design","article_modified_time":"2024-02-13T16:50:49+00:00","twitter_card":"summary_large_image","twitter_misc":{"Dur\u00e9e de lecture estim\u00e9e":"1 minute"},"schema":{"@context":"https:\/\/schema.org","@graph":[{"@type":"WebPage","@id":"https:\/\/www.soulledlighting.com\/sl2216-288-16rgbw30k\/","url":"https:\/\/www.soulledlighting.com\/sl2216-288-16rgbw30k\/","name":"SL2216-288-16RGBW30K - Soul LED Tech + Design","isPartOf":{"@id":"https:\/\/www.soulledlighting.com\/#website"},"datePublished":"2024-02-13T16:48:13+00:00","dateModified":"2024-02-13T16:50:49+00:00","breadcrumb":{"@id":"https:\/\/www.soulledlighting.com\/sl2216-288-16rgbw30k\/#breadcrumb"},"inLanguage":"fr-FR","potentialAction":[{"@type":"ReadAction","target":["https:\/\/www.soulledlighting.com\/sl2216-288-16rgbw30k\/"]}]},{"@type":"BreadcrumbList","@id":"https:\/\/www.soulledlighting.com\/sl2216-288-16rgbw30k\/#breadcrumb","itemListElement":[{"@type":"ListItem","position":1,"name":"Accueil","item":"https:\/\/www.soulledlighting.com\/"},{"@type":"ListItem","position":2,"name":"SL2216-288-16RGBW30K"}]},{"@type":"WebSite","@id":"https:\/\/www.soulledlighting.com\/#website","url":"https:\/\/www.soulledlighting.com\/","name":"Soul LED Tech + Design","description":"","publisher":{"@id":"https:\/\/www.soulledlighting.com\/#organization"},"potentialAction":[{"@type":"SearchAction","target":{"@type":"EntryPoint","urlTemplate":"https:\/\/www.soulledlighting.com\/?s={search_term_string}"},"query-input":{"@type":"PropertyValueSpecification","valueRequired":true,"valueName":"search_term_string"}}],"inLanguage":"fr-FR"},{"@type":"Organization","@id":"https:\/\/www.soulledlighting.com\/#organization","name":"Soul LED Tech + Design","url":"https:\/\/www.soulledlighting.com\/","logo":{"@type":"ImageObject","inLanguage":"fr-FR","@id":"https:\/\/www.soulledlighting.com\/#\/schema\/logo\/image\/","url":"https:\/\/www.soulledlighting.com\/wp-content\/uploads\/2022\/03\/cropped-cropped-cropped-cropped-logo.png","contentUrl":"https:\/\/www.soulledlighting.com\/wp-content\/uploads\/2022\/03\/cropped-cropped-cropped-cropped-logo.png","width":3837,"height":1208,"caption":"Soul LED Tech + Design"},"image":{"@id":"https:\/\/www.soulledlighting.com\/#\/schema\/logo\/image\/"}}]}},"coauthors":[],"author_meta":{"author_link":false,"display_name":"Jean-Michel Fiorito"},"relative_dates":{"created":"Publi\u00e9 56 ans il y a","modified":"Mis \u00e0 jour 56 ans il y a"},"absolute_dates":{"created":"Publi\u00e9 le ","modified":"Mise \u00e0 jour le "},"absolute_dates_time":{"created":"Publi\u00e9 le ","modified":"Mise \u00e0 jour le "},"featured_img_caption":"","featured_img":false,"series_order":"","featured_media_urls":[],"_links":{"self":[{"href":"https:\/\/www.soulledlighting.com\/fr\/wp-json\/wp\/v2\/pages\/2276","targetHints":{"allow":["GET"]}}],"collection":[{"href":"https:\/\/www.soulledlighting.com\/fr\/wp-json\/wp\/v2\/pages"}],"about":[{"href":"https:\/\/www.soulledlighting.com\/fr\/wp-json\/wp\/v2\/types\/page"}],"author":[{"embeddable":true,"href":"https:\/\/www.soulledlighting.com\/fr\/wp-json\/wp\/v2\/users\/2"}],"replies":[{"embeddable":true,"href":"https:\/\/www.soulledlighting.com\/fr\/wp-json\/wp\/v2\/comments?post=2276"}],"version-history":[{"count":0,"href":"https:\/\/www.soulledlighting.com\/fr\/wp-json\/wp\/v2\/pages\/2276\/revisions"}],"wp:attachment":[{"href":"https:\/\/www.soulledlighting.com\/fr\/wp-json\/wp\/v2\/media?parent=2276"}],"curies":[{"name":"wp","href":"https:\/\/api.w.org\/{rel}","templated":true}]}}