{"id":2155,"date":"2023-09-26T11:15:56","date_gmt":"2023-09-26T15:15:56","guid":{"rendered":"https:\/\/www.soulledlighting.com\/?page_id=2155"},"modified":"2023-09-26T11:15:58","modified_gmt":"2023-09-26T15:15:58","slug":"soulflat","status":"publish","type":"page","link":"https:\/\/www.soulledlighting.com\/fr\/soulflat\/","title":{"rendered":"SOULFLAT"},"content":{"rendered":"<p>Our SOULFLAT &#8211; LED Strip Mounting Band is meticulously crafted from high-quality aluminum, ensuring durability, stability, and resistance to corrosion. Whether you want to illuminate your kitchen, living room, bedroom, or office, SOULFLAT opens up a world of creative possibilities. Create captivating lighting displays, accentuate architectural features, or add ambiance to any space. <\/p>\n\n\n\n<div class=\"wp-block-file\"><a id=\"wp-block-file--media-8a1cbbc5-e0d0-46cc-bee7-472caf359695\" href=\"https:\/\/www.soulledlighting.com\/wp-content\/uploads\/2023\/09\/SOULFLAT.pdf\" target=\"_blank\" rel=\"noreferrer noopener\">SOULFLAT<\/a><a href=\"https:\/\/www.soulledlighting.com\/wp-content\/uploads\/2023\/09\/SOULFLAT.pdf\" class=\"wp-block-file__button wp-element-button\" download aria-describedby=\"wp-block-file--media-8a1cbbc5-e0d0-46cc-bee7-472caf359695\">T\u00e9l\u00e9charger<\/a><\/div>\n\n\n\n<div class=\"wp-block-jetpack-slideshow aligncenter\" data-effect=\"slide\"><div class=\"wp-block-jetpack-slideshow_container swiper-container\"><ul class=\"wp-block-jetpack-slideshow_swiper-wrapper swiper-wrapper\"><li class=\"wp-block-jetpack-slideshow_slide swiper-slide\"><figure><img fetchpriority=\"high\" decoding=\"async\" width=\"1000\" height=\"1000\" alt=\"\" class=\"wp-block-jetpack-slideshow_image wp-image-2151\" data-id=\"2151\" src=\"https:\/\/www.soulledlighting.com\/wp-content\/uploads\/2023\/09\/everbilt-flat-bars-801917-64_1000-1.webp\"\/><\/figure><\/li><li class=\"wp-block-jetpack-slideshow_slide swiper-slide\"><figure><img decoding=\"async\" width=\"800\" height=\"800\" alt=\"\" class=\"wp-block-jetpack-slideshow_image wp-image-2157 lazyload\" data-id=\"2157\" data-src=\"https:\/\/www.soulledlighting.com\/wp-content\/uploads\/2023\/09\/SOULFLAT-4.jpg\" data-srcset=\"https:\/\/www.soulledlighting.com\/wp-content\/uploads\/2023\/09\/SOULFLAT-4.jpg 800w, https:\/\/www.soulledlighting.com\/wp-content\/uploads\/2023\/09\/SOULFLAT-4-300x300.jpg 300w, https:\/\/www.soulledlighting.com\/wp-content\/uploads\/2023\/09\/SOULFLAT-4-150x150.jpg 150w, https:\/\/www.soulledlighting.com\/wp-content\/uploads\/2023\/09\/SOULFLAT-4-768x768.jpg 768w, https:\/\/www.soulledlighting.com\/wp-content\/uploads\/2023\/09\/SOULFLAT-4-12x12.jpg 12w, https:\/\/www.soulledlighting.com\/wp-content\/uploads\/2023\/09\/SOULFLAT-4-24x24.jpg 24w, https:\/\/www.soulledlighting.com\/wp-content\/uploads\/2023\/09\/SOULFLAT-4-36x36.jpg 36w, https:\/\/www.soulledlighting.com\/wp-content\/uploads\/2023\/09\/SOULFLAT-4-48x48.jpg 48w, https:\/\/www.soulledlighting.com\/wp-content\/uploads\/2023\/09\/SOULFLAT-4-600x600.jpg 600w\" data-sizes=\"(max-width: 800px) 100vw, 800px\" src=\"data:image\/svg+xml;base64,PHN2ZyB3aWR0aD0iMSIgaGVpZ2h0PSIxIiB4bWxucz0iaHR0cDovL3d3dy53My5vcmcvMjAwMC9zdmciPjwvc3ZnPg==\" style=\"--smush-placeholder-width: 800px; --smush-placeholder-aspect-ratio: 800\/800;\" \/><\/figure><\/li><li class=\"wp-block-jetpack-slideshow_slide swiper-slide\"><figure><img decoding=\"async\" width=\"740\" height=\"414\" alt=\"\" class=\"wp-block-jetpack-slideshow_image wp-image-2158 lazyload\" data-id=\"2158\" data-src=\"https:\/\/www.soulledlighting.com\/wp-content\/uploads\/2023\/09\/soulflat.jpg\" data-srcset=\"https:\/\/www.soulledlighting.com\/wp-content\/uploads\/2023\/09\/soulflat.jpg 740w, https:\/\/www.soulledlighting.com\/wp-content\/uploads\/2023\/09\/soulflat-300x168.jpg 300w, https:\/\/www.soulledlighting.com\/wp-content\/uploads\/2023\/09\/soulflat-18x10.jpg 18w, https:\/\/www.soulledlighting.com\/wp-content\/uploads\/2023\/09\/soulflat-24x13.jpg 24w, https:\/\/www.soulledlighting.com\/wp-content\/uploads\/2023\/09\/soulflat-36x20.jpg 36w, https:\/\/www.soulledlighting.com\/wp-content\/uploads\/2023\/09\/soulflat-48x27.jpg 48w, https:\/\/www.soulledlighting.com\/wp-content\/uploads\/2023\/09\/soulflat-600x336.jpg 600w\" data-sizes=\"(max-width: 740px) 100vw, 740px\" src=\"data:image\/svg+xml;base64,PHN2ZyB3aWR0aD0iMSIgaGVpZ2h0PSIxIiB4bWxucz0iaHR0cDovL3d3dy53My5vcmcvMjAwMC9zdmciPjwvc3ZnPg==\" style=\"--smush-placeholder-width: 740px; --smush-placeholder-aspect-ratio: 740\/414;\" \/><\/figure><\/li><li class=\"wp-block-jetpack-slideshow_slide swiper-slide\"><figure><img decoding=\"async\" width=\"764\" height=\"1024\" alt=\"\" class=\"wp-block-jetpack-slideshow_image wp-image-2159 lazyload\" data-id=\"2159\" data-src=\"https:\/\/www.soulledlighting.com\/wp-content\/uploads\/2023\/09\/soulflat-example-764x1024.jpeg\" data-srcset=\"https:\/\/www.soulledlighting.com\/wp-content\/uploads\/2023\/09\/soulflat-example-764x1024.jpeg 764w, https:\/\/www.soulledlighting.com\/wp-content\/uploads\/2023\/09\/soulflat-example-224x300.jpeg 224w, https:\/\/www.soulledlighting.com\/wp-content\/uploads\/2023\/09\/soulflat-example-768x1029.jpeg 768w, https:\/\/www.soulledlighting.com\/wp-content\/uploads\/2023\/09\/soulflat-example-1146x1536.jpeg 1146w, https:\/\/www.soulledlighting.com\/wp-content\/uploads\/2023\/09\/soulflat-example-9x12.jpeg 9w, https:\/\/www.soulledlighting.com\/wp-content\/uploads\/2023\/09\/soulflat-example-18x24.jpeg 18w, https:\/\/www.soulledlighting.com\/wp-content\/uploads\/2023\/09\/soulflat-example-27x36.jpeg 27w, https:\/\/www.soulledlighting.com\/wp-content\/uploads\/2023\/09\/soulflat-example-36x48.jpeg 36w, https:\/\/www.soulledlighting.com\/wp-content\/uploads\/2023\/09\/soulflat-example-600x804.jpeg 600w, https:\/\/www.soulledlighting.com\/wp-content\/uploads\/2023\/09\/soulflat-example-1200x1609.jpeg 1200w, https:\/\/www.soulledlighting.com\/wp-content\/uploads\/2023\/09\/soulflat-example.jpeg 1504w\" data-sizes=\"(max-width: 764px) 100vw, 764px\" src=\"data:image\/svg+xml;base64,PHN2ZyB3aWR0aD0iMSIgaGVpZ2h0PSIxIiB4bWxucz0iaHR0cDovL3d3dy53My5vcmcvMjAwMC9zdmciPjwvc3ZnPg==\" style=\"--smush-placeholder-width: 764px; --smush-placeholder-aspect-ratio: 764\/1024;\" \/><figcaption class=\"wp-block-jetpack-slideshow_caption gallery-caption\">cove LED installation <\/figcaption><\/figure><\/li><\/ul><a class=\"wp-block-jetpack-slideshow_button-prev swiper-button-prev swiper-button-white\" role=\"button\"><\/a><a class=\"wp-block-jetpack-slideshow_button-next swiper-button-next swiper-button-white\" role=\"button\"><\/a><a aria-label=\"Pause Slideshow\" class=\"wp-block-jetpack-slideshow_button-pause\" role=\"button\"><\/a><div class=\"wp-block-jetpack-slideshow_pagination swiper-pagination swiper-pagination-white\"><\/div><\/div><\/div>","protected":false},"excerpt":{"rendered":"<p>Our SOULFLAT &#8211; LED Strip Mounting Band is meticulously crafted from high-quality aluminum, ensuring<span class=\"more-dots\">&#8230;<\/span><\/p>","protected":false},"author":2,"featured_media":0,"parent":0,"menu_order":0,"comment_status":"closed","ping_status":"closed","template":"","meta":{"_coblocks_attr":"","_coblocks_dimensions":"","_coblocks_responsive_height":"","_coblocks_accordion_ie_support":"","advgb_blocks_editor_width":"","advgb_blocks_columns_visual_guide":"","footnotes":""},"class_list":["post-2155","page","type-page","status-publish","hentry","no-post-thumbnail"],"yoast_head":"<!-- This site is optimized with the Yoast SEO plugin v27.4 - https:\/\/yoast.com\/product\/yoast-seo-wordpress\/ -->\n<title>SOULFLAT - Soul LED Tech + Design<\/title>\n<meta name=\"robots\" content=\"index, follow, max-snippet:-1, max-image-preview:large, max-video-preview:-1\" \/>\n<link rel=\"canonical\" href=\"https:\/\/www.soulledlighting.com\/fr\/soulflat\/\" \/>\n<meta property=\"og:locale\" content=\"fr_FR\" \/>\n<meta property=\"og:type\" content=\"article\" \/>\n<meta property=\"og:title\" content=\"SOULFLAT - Soul LED Tech + Design\" \/>\n<meta property=\"og:description\" content=\"Our SOULFLAT &#8211; LED Strip Mounting Band is meticulously crafted from high-quality aluminum, ensuring...\" \/>\n<meta property=\"og:url\" content=\"https:\/\/www.soulledlighting.com\/fr\/soulflat\/\" \/>\n<meta property=\"og:site_name\" content=\"Soul LED Tech + Design\" \/>\n<meta property=\"article:modified_time\" content=\"2023-09-26T15:15:58+00:00\" \/>\n<meta property=\"og:image\" content=\"https:\/\/www.soulledlighting.com\/wp-content\/uploads\/2023\/09\/everbilt-flat-bars-801917-64_1000-1.webp\" \/>\n<meta name=\"twitter:card\" content=\"summary_large_image\" \/>\n<meta name=\"twitter:label1\" content=\"Dur\u00e9e de lecture estim\u00e9e\" \/>\n\t<meta name=\"twitter:data1\" content=\"2 minutes\" \/>\n<script type=\"application\/ld+json\" class=\"yoast-schema-graph\">{\"@context\":\"https:\\\/\\\/schema.org\",\"@graph\":[{\"@type\":\"WebPage\",\"@id\":\"https:\\\/\\\/www.soulledlighting.com\\\/soulflat\\\/\",\"url\":\"https:\\\/\\\/www.soulledlighting.com\\\/soulflat\\\/\",\"name\":\"SOULFLAT - Soul LED Tech + Design\",\"isPartOf\":{\"@id\":\"https:\\\/\\\/www.soulledlighting.com\\\/#website\"},\"primaryImageOfPage\":{\"@id\":\"https:\\\/\\\/www.soulledlighting.com\\\/soulflat\\\/#primaryimage\"},\"image\":{\"@id\":\"https:\\\/\\\/www.soulledlighting.com\\\/soulflat\\\/#primaryimage\"},\"thumbnailUrl\":\"https:\\\/\\\/www.soulledlighting.com\\\/wp-content\\\/uploads\\\/2023\\\/09\\\/everbilt-flat-bars-801917-64_1000-1.webp\",\"datePublished\":\"2023-09-26T15:15:56+00:00\",\"dateModified\":\"2023-09-26T15:15:58+00:00\",\"breadcrumb\":{\"@id\":\"https:\\\/\\\/www.soulledlighting.com\\\/soulflat\\\/#breadcrumb\"},\"inLanguage\":\"fr-FR\",\"potentialAction\":[{\"@type\":\"ReadAction\",\"target\":[\"https:\\\/\\\/www.soulledlighting.com\\\/soulflat\\\/\"]}]},{\"@type\":\"ImageObject\",\"inLanguage\":\"fr-FR\",\"@id\":\"https:\\\/\\\/www.soulledlighting.com\\\/soulflat\\\/#primaryimage\",\"url\":\"https:\\\/\\\/www.soulledlighting.com\\\/wp-content\\\/uploads\\\/2023\\\/09\\\/everbilt-flat-bars-801917-64_1000-1.webp\",\"contentUrl\":\"https:\\\/\\\/www.soulledlighting.com\\\/wp-content\\\/uploads\\\/2023\\\/09\\\/everbilt-flat-bars-801917-64_1000-1.webp\"},{\"@type\":\"BreadcrumbList\",\"@id\":\"https:\\\/\\\/www.soulledlighting.com\\\/soulflat\\\/#breadcrumb\",\"itemListElement\":[{\"@type\":\"ListItem\",\"position\":1,\"name\":\"Accueil\",\"item\":\"https:\\\/\\\/www.soulledlighting.com\\\/\"},{\"@type\":\"ListItem\",\"position\":2,\"name\":\"SOULFLAT\"}]},{\"@type\":\"WebSite\",\"@id\":\"https:\\\/\\\/www.soulledlighting.com\\\/#website\",\"url\":\"https:\\\/\\\/www.soulledlighting.com\\\/\",\"name\":\"Soul LED Tech + Design\",\"description\":\"\",\"publisher\":{\"@id\":\"https:\\\/\\\/www.soulledlighting.com\\\/#organization\"},\"potentialAction\":[{\"@type\":\"SearchAction\",\"target\":{\"@type\":\"EntryPoint\",\"urlTemplate\":\"https:\\\/\\\/www.soulledlighting.com\\\/?s={search_term_string}\"},\"query-input\":{\"@type\":\"PropertyValueSpecification\",\"valueRequired\":true,\"valueName\":\"search_term_string\"}}],\"inLanguage\":\"fr-FR\"},{\"@type\":\"Organization\",\"@id\":\"https:\\\/\\\/www.soulledlighting.com\\\/#organization\",\"name\":\"Soul LED Tech + Design\",\"url\":\"https:\\\/\\\/www.soulledlighting.com\\\/\",\"logo\":{\"@type\":\"ImageObject\",\"inLanguage\":\"fr-FR\",\"@id\":\"https:\\\/\\\/www.soulledlighting.com\\\/#\\\/schema\\\/logo\\\/image\\\/\",\"url\":\"https:\\\/\\\/www.soulledlighting.com\\\/wp-content\\\/uploads\\\/2022\\\/03\\\/cropped-cropped-cropped-cropped-logo.png\",\"contentUrl\":\"https:\\\/\\\/www.soulledlighting.com\\\/wp-content\\\/uploads\\\/2022\\\/03\\\/cropped-cropped-cropped-cropped-logo.png\",\"width\":3837,\"height\":1208,\"caption\":\"Soul LED Tech + Design\"},\"image\":{\"@id\":\"https:\\\/\\\/www.soulledlighting.com\\\/#\\\/schema\\\/logo\\\/image\\\/\"}}]}<\/script>\n<!-- \/ Yoast SEO plugin. -->","yoast_head_json":{"title":"SOULFLAT - Soul LED Tech + Design","robots":{"index":"index","follow":"follow","max-snippet":"max-snippet:-1","max-image-preview":"max-image-preview:large","max-video-preview":"max-video-preview:-1"},"canonical":"https:\/\/www.soulledlighting.com\/fr\/soulflat\/","og_locale":"fr_FR","og_type":"article","og_title":"SOULFLAT - Soul LED Tech + Design","og_description":"Our SOULFLAT &#8211; LED Strip Mounting Band is meticulously crafted from high-quality aluminum, ensuring...","og_url":"https:\/\/www.soulledlighting.com\/fr\/soulflat\/","og_site_name":"Soul LED Tech + Design","article_modified_time":"2023-09-26T15:15:58+00:00","og_image":[{"url":"https:\/\/www.soulledlighting.com\/wp-content\/uploads\/2023\/09\/everbilt-flat-bars-801917-64_1000-1.webp","type":"","width":"","height":""}],"twitter_card":"summary_large_image","twitter_misc":{"Dur\u00e9e de lecture estim\u00e9e":"2 minutes"},"schema":{"@context":"https:\/\/schema.org","@graph":[{"@type":"WebPage","@id":"https:\/\/www.soulledlighting.com\/soulflat\/","url":"https:\/\/www.soulledlighting.com\/soulflat\/","name":"SOULFLAT - Soul LED Tech + Design","isPartOf":{"@id":"https:\/\/www.soulledlighting.com\/#website"},"primaryImageOfPage":{"@id":"https:\/\/www.soulledlighting.com\/soulflat\/#primaryimage"},"image":{"@id":"https:\/\/www.soulledlighting.com\/soulflat\/#primaryimage"},"thumbnailUrl":"https:\/\/www.soulledlighting.com\/wp-content\/uploads\/2023\/09\/everbilt-flat-bars-801917-64_1000-1.webp","datePublished":"2023-09-26T15:15:56+00:00","dateModified":"2023-09-26T15:15:58+00:00","breadcrumb":{"@id":"https:\/\/www.soulledlighting.com\/soulflat\/#breadcrumb"},"inLanguage":"fr-FR","potentialAction":[{"@type":"ReadAction","target":["https:\/\/www.soulledlighting.com\/soulflat\/"]}]},{"@type":"ImageObject","inLanguage":"fr-FR","@id":"https:\/\/www.soulledlighting.com\/soulflat\/#primaryimage","url":"https:\/\/www.soulledlighting.com\/wp-content\/uploads\/2023\/09\/everbilt-flat-bars-801917-64_1000-1.webp","contentUrl":"https:\/\/www.soulledlighting.com\/wp-content\/uploads\/2023\/09\/everbilt-flat-bars-801917-64_1000-1.webp"},{"@type":"BreadcrumbList","@id":"https:\/\/www.soulledlighting.com\/soulflat\/#breadcrumb","itemListElement":[{"@type":"ListItem","position":1,"name":"Accueil","item":"https:\/\/www.soulledlighting.com\/"},{"@type":"ListItem","position":2,"name":"SOULFLAT"}]},{"@type":"WebSite","@id":"https:\/\/www.soulledlighting.com\/#website","url":"https:\/\/www.soulledlighting.com\/","name":"Soul LED Tech + Design","description":"","publisher":{"@id":"https:\/\/www.soulledlighting.com\/#organization"},"potentialAction":[{"@type":"SearchAction","target":{"@type":"EntryPoint","urlTemplate":"https:\/\/www.soulledlighting.com\/?s={search_term_string}"},"query-input":{"@type":"PropertyValueSpecification","valueRequired":true,"valueName":"search_term_string"}}],"inLanguage":"fr-FR"},{"@type":"Organization","@id":"https:\/\/www.soulledlighting.com\/#organization","name":"Soul LED Tech + Design","url":"https:\/\/www.soulledlighting.com\/","logo":{"@type":"ImageObject","inLanguage":"fr-FR","@id":"https:\/\/www.soulledlighting.com\/#\/schema\/logo\/image\/","url":"https:\/\/www.soulledlighting.com\/wp-content\/uploads\/2022\/03\/cropped-cropped-cropped-cropped-logo.png","contentUrl":"https:\/\/www.soulledlighting.com\/wp-content\/uploads\/2022\/03\/cropped-cropped-cropped-cropped-logo.png","width":3837,"height":1208,"caption":"Soul LED Tech + Design"},"image":{"@id":"https:\/\/www.soulledlighting.com\/#\/schema\/logo\/image\/"}}]}},"coauthors":[],"author_meta":{"author_link":false,"display_name":"Jean-Michel Fiorito"},"relative_dates":{"created":"Publi\u00e9 56 ans il y a","modified":"Mis \u00e0 jour 56 ans il y a"},"absolute_dates":{"created":"Publi\u00e9 le ","modified":"Mise \u00e0 jour le "},"absolute_dates_time":{"created":"Publi\u00e9 le ","modified":"Mise \u00e0 jour le "},"featured_img_caption":"","featured_img":false,"series_order":"","featured_media_urls":[],"_links":{"self":[{"href":"https:\/\/www.soulledlighting.com\/fr\/wp-json\/wp\/v2\/pages\/2155","targetHints":{"allow":["GET"]}}],"collection":[{"href":"https:\/\/www.soulledlighting.com\/fr\/wp-json\/wp\/v2\/pages"}],"about":[{"href":"https:\/\/www.soulledlighting.com\/fr\/wp-json\/wp\/v2\/types\/page"}],"author":[{"embeddable":true,"href":"https:\/\/www.soulledlighting.com\/fr\/wp-json\/wp\/v2\/users\/2"}],"replies":[{"embeddable":true,"href":"https:\/\/www.soulledlighting.com\/fr\/wp-json\/wp\/v2\/comments?post=2155"}],"version-history":[{"count":0,"href":"https:\/\/www.soulledlighting.com\/fr\/wp-json\/wp\/v2\/pages\/2155\/revisions"}],"wp:attachment":[{"href":"https:\/\/www.soulledlighting.com\/fr\/wp-json\/wp\/v2\/media?parent=2155"}],"curies":[{"name":"wp","href":"https:\/\/api.w.org\/{rel}","templated":true}]}}