{"id":2089,"date":"2023-06-10T12:03:11","date_gmt":"2023-06-10T16:03:11","guid":{"rendered":"https:\/\/www.soulledlighting.com\/?page_id=2089"},"modified":"2023-06-16T10:13:37","modified_gmt":"2023-06-16T14:13:37","slug":"led-on-site-consultation-tailored-lighting-solutions-for-your-space","status":"publish","type":"page","link":"https:\/\/www.soulledlighting.com\/fr\/led-on-site-consultation-tailored-lighting-solutions-for-your-space\/","title":{"rendered":"Consultation au chantier pour les LED : Des solutions d'\u00e9clairage sur mesure pour votre espace."},"content":{"rendered":"<p>Notre service de consultationau chantier pour les LED est con\u00e7u pour vous offrir des conseils personnalis\u00e9s et des recommandations d'experts pour r\u00e9pondre \u00e0 vos besoins sp\u00e9cifiques en mati\u00e8re de LED lin\u00e9aires. Nous comprenons que chaque espace est unique et que le bon \u00e9clairage peut consid\u00e9rablement am\u00e9liorer sa fonctionnalit\u00e9, son esth\u00e9tique et <a href=\"https:\/\/www.soulledlighting.com\/fr\/non-classe-en\/sustainable-life-led-lighting\/\">efficacit\u00e9 \u00e9nerg\u00e9tique.<\/a>. Nos consultants comp\u00e9tents se rendront sur votre site, \u00e9valueront vos besoins et vous fourniront des solutions personnalis\u00e9es pour vous aider \u00e0 prendre des d\u00e9cisions \u00e9clair\u00e9es concernant votre installation d'\u00e9clairage LED.<\/p>\n\n\n\n<div style=\"height:59px\" aria-hidden=\"true\" class=\"wp-block-spacer\"><\/div>\n\n\n\n<ol class=\"wp-block-list\">\n<li><strong>\u00c9valuation compl\u00e8te du site<\/strong>: Nos consultants exp\u00e9riment\u00e9s en \u00e9clairage effectueront une \u00e9valuation approfondie de votre espace. Nous prendrons en compte des facteurs tels que la taille, la configuration et la fonctionnalit\u00e9 de chaque zone. Nous examinerons \u00e9galement l'infrastructure d'\u00e9clairage existante, les sources de lumi\u00e8re naturelle et vos exigences ou pr\u00e9f\u00e9rences sp\u00e9cifiques. Cette \u00e9valuation compl\u00e8te nous permet de comprendre vos besoins d'\u00e9clairage uniques et de cr\u00e9er une solution sur mesure pour votre espace.<\/li>\n\n\n\n<li><strong>Recommandations de conception LED<\/strong>: En se basant sur l'\u00e9valuation du site, nos experts en \u00e9clairage recommanderont les options d'\u00e9clairage LED les plus adapt\u00e9es pour chaque zone de votre espace. Nous prenons en compte des facteurs tels que les niveaux de luminosit\u00e9, les temp\u00e9ratures de couleur et les types de luminaires pour cr\u00e9er une conception d'\u00e9clairage qui correspond \u00e0 vos objectifs. Que vous ayez besoin d'un \u00e9clairage ambiant, d'un \u00e9clairage de travail, d'un \u00e9clairage d'accentuation ou d'une combinaison de ceux-ci, nous vous fournirons des informations d\u00e9taill\u00e9es pour atteindre l'effet d'\u00e9clairage souhait\u00e9.<\/li>\n\n\n\n<li><strong>Efficacit\u00e9 \u00e9nerg\u00e9tique et \u00e9conomies de co\u00fbts :<\/strong> L'\u00e9clairage LED est reconnu pour sa <a href=\"https:\/\/www.soulledlighting.com\/fr\/non-classe-en\/sustainable-life-led-lighting\/\">efficacit\u00e9 \u00e9nerg\u00e9tique.<\/a> et les avantages en termes d'\u00e9conomies de co\u00fbts. Nos consultants exploreront les opportunit\u00e9s pour maximiser l'efficacit\u00e9 \u00e9nerg\u00e9tique et r\u00e9duire vos d\u00e9penses li\u00e9es \u00e0 l'\u00e9clairage. Nous recommanderons des luminaires LED lin\u00e9aires et des syst\u00e8mes de contr\u00f4le qui optimisent la consommation d'\u00e9nergie sans compromettre la qualit\u00e9 de l'\u00e9clairage. En passant \u00e0 l'\u00e9clairage LED lin\u00e9aire, vous pouvez vous attendre \u00e0 des \u00e9conomies significatives \u00e0 long terme sur vos factures d'\u00e9nergie et les co\u00fbts de maintenance.<\/li>\n\n\n\n<li><strong>Solutions personnalis\u00e9es<\/strong>: Nous comprenons que chaque client a des exigences uniques. Nos consultants travailleront en \u00e9troite collaboration avec vous pour comprendre votre vision, vos pr\u00e9f\u00e9rences et les d\u00e9fis ou contraintes sp\u00e9cifiques auxquels vous pourriez \u00eatre confront\u00e9. Nous vous proposerons des solutions personnalis\u00e9es qui r\u00e9pondent \u00e0 vos besoins d'\u00e9clairage tout en tenant compte de facteurs tels que l'esth\u00e9tique, la durabilit\u00e9 et la facilit\u00e9 d'entretien. Notre objectif est de vous fournir une solution d'\u00e9clairage qui correspond parfaitement \u00e0 vos attentes.<\/li>\n\n\n\n<li><strong>S\u00e9lection de produits et d\u00e9monstration:<\/strong>Lors de la consultation sur site, nous pouvons pr\u00e9senter une vari\u00e9t\u00e9 de produits et de luminaires LED adapt\u00e9s \u00e0 votre espace. Nos consultants vous fourniront des d\u00e9monstrations et des images, vous permettant de visualiser l'effet d'\u00e9clairage et de prendre des d\u00e9cisions \u00e9clair\u00e9es. <\/li>\n\n\n\n<li><strong>Proposition de projet:<\/strong> Si vous d\u00e9cidez de poursuivre avec SOUL LED Tech + Design, nous vous fournirons une proposition qui d\u00e9taille les solutions d'\u00e9clairage LED recommand\u00e9es, ainsi que les co\u00fbts associ\u00e9s. <\/li>\n<\/ol>\n\n\n\n<div style=\"height:70px\" aria-hidden=\"true\" class=\"wp-block-spacer\"><\/div>\n\n\n\n<p>D\u00e9couvrez le pouvoir transformateur de l'\u00e9clairage LED gr\u00e2ce \u00e0 notre service de consultation sur site.<a href=\"https:\/\/www.soulledlighting.com\/fr\/#contact\"> Contactez-nous<\/a> aujourd'hui pour planifier une consultation et laissez nos experts vous guider dans la cr\u00e9ation d'une solution d'\u00e9clairage sur mesure qui am\u00e9liore la fonctionnalit\u00e9, l'esth\u00e9tique et l'efficacit\u00e9 \u00e9nerg\u00e9tique de votre espace.<\/p>","protected":false},"excerpt":{"rendered":"<p>Our LED On-Site Consultation service is designed to provide you with personalized guidance and<span class=\"more-dots\">&#8230;<\/span><\/p>","protected":false},"author":2,"featured_media":0,"parent":0,"menu_order":0,"comment_status":"closed","ping_status":"closed","template":"","meta":{"_coblocks_attr":"","_coblocks_dimensions":"","_coblocks_responsive_height":"","_coblocks_accordion_ie_support":"","advgb_blocks_editor_width":"","advgb_blocks_columns_visual_guide":"","footnotes":""},"class_list":["post-2089","page","type-page","status-publish","hentry","no-post-thumbnail"],"yoast_head":"<!-- This site is optimized with the Yoast SEO plugin v27.4 - https:\/\/yoast.com\/product\/yoast-seo-wordpress\/ -->\n<title>LED On-Site Consultation: Tailored Lighting Solutions for Your Space - Soul LED Tech + Design<\/title>\n<meta name=\"robots\" content=\"index, follow, max-snippet:-1, max-image-preview:large, max-video-preview:-1\" \/>\n<link rel=\"canonical\" href=\"https:\/\/www.soulledlighting.com\/fr\/led-on-site-consultation-tailored-lighting-solutions-for-your-space\/\" \/>\n<meta property=\"og:locale\" content=\"fr_FR\" \/>\n<meta property=\"og:type\" content=\"article\" \/>\n<meta property=\"og:title\" content=\"LED On-Site Consultation: Tailored Lighting Solutions for Your Space - Soul LED Tech + Design\" \/>\n<meta property=\"og:description\" content=\"Our LED On-Site Consultation service is designed to provide you with personalized guidance and...\" \/>\n<meta property=\"og:url\" content=\"https:\/\/www.soulledlighting.com\/fr\/led-on-site-consultation-tailored-lighting-solutions-for-your-space\/\" \/>\n<meta property=\"og:site_name\" content=\"Soul LED Tech + Design\" \/>\n<meta property=\"article:modified_time\" content=\"2023-06-16T14:13:37+00:00\" \/>\n<meta name=\"twitter:card\" content=\"summary_large_image\" \/>\n<meta name=\"twitter:label1\" content=\"Dur\u00e9e de lecture estim\u00e9e\" \/>\n\t<meta name=\"twitter:data1\" content=\"3 minutes\" \/>\n<script type=\"application\/ld+json\" class=\"yoast-schema-graph\">{\"@context\":\"https:\\\/\\\/schema.org\",\"@graph\":[{\"@type\":\"WebPage\",\"@id\":\"https:\\\/\\\/www.soulledlighting.com\\\/led-on-site-consultation-tailored-lighting-solutions-for-your-space\\\/\",\"url\":\"https:\\\/\\\/www.soulledlighting.com\\\/led-on-site-consultation-tailored-lighting-solutions-for-your-space\\\/\",\"name\":\"LED On-Site Consultation: Tailored Lighting Solutions for Your Space - Soul LED Tech + Design\",\"isPartOf\":{\"@id\":\"https:\\\/\\\/www.soulledlighting.com\\\/#website\"},\"datePublished\":\"2023-06-10T16:03:11+00:00\",\"dateModified\":\"2023-06-16T14:13:37+00:00\",\"breadcrumb\":{\"@id\":\"https:\\\/\\\/www.soulledlighting.com\\\/led-on-site-consultation-tailored-lighting-solutions-for-your-space\\\/#breadcrumb\"},\"inLanguage\":\"fr-FR\",\"potentialAction\":[{\"@type\":\"ReadAction\",\"target\":[\"https:\\\/\\\/www.soulledlighting.com\\\/led-on-site-consultation-tailored-lighting-solutions-for-your-space\\\/\"]}]},{\"@type\":\"BreadcrumbList\",\"@id\":\"https:\\\/\\\/www.soulledlighting.com\\\/led-on-site-consultation-tailored-lighting-solutions-for-your-space\\\/#breadcrumb\",\"itemListElement\":[{\"@type\":\"ListItem\",\"position\":1,\"name\":\"Accueil\",\"item\":\"https:\\\/\\\/www.soulledlighting.com\\\/\"},{\"@type\":\"ListItem\",\"position\":2,\"name\":\"LED On-Site Consultation: Tailored Lighting Solutions for Your Space\"}]},{\"@type\":\"WebSite\",\"@id\":\"https:\\\/\\\/www.soulledlighting.com\\\/#website\",\"url\":\"https:\\\/\\\/www.soulledlighting.com\\\/\",\"name\":\"Soul LED Tech + Design\",\"description\":\"\",\"publisher\":{\"@id\":\"https:\\\/\\\/www.soulledlighting.com\\\/#organization\"},\"potentialAction\":[{\"@type\":\"SearchAction\",\"target\":{\"@type\":\"EntryPoint\",\"urlTemplate\":\"https:\\\/\\\/www.soulledlighting.com\\\/?s={search_term_string}\"},\"query-input\":{\"@type\":\"PropertyValueSpecification\",\"valueRequired\":true,\"valueName\":\"search_term_string\"}}],\"inLanguage\":\"fr-FR\"},{\"@type\":\"Organization\",\"@id\":\"https:\\\/\\\/www.soulledlighting.com\\\/#organization\",\"name\":\"Soul LED Tech + Design\",\"url\":\"https:\\\/\\\/www.soulledlighting.com\\\/\",\"logo\":{\"@type\":\"ImageObject\",\"inLanguage\":\"fr-FR\",\"@id\":\"https:\\\/\\\/www.soulledlighting.com\\\/#\\\/schema\\\/logo\\\/image\\\/\",\"url\":\"https:\\\/\\\/www.soulledlighting.com\\\/wp-content\\\/uploads\\\/2022\\\/03\\\/cropped-cropped-cropped-cropped-logo.png\",\"contentUrl\":\"https:\\\/\\\/www.soulledlighting.com\\\/wp-content\\\/uploads\\\/2022\\\/03\\\/cropped-cropped-cropped-cropped-logo.png\",\"width\":3837,\"height\":1208,\"caption\":\"Soul LED Tech + Design\"},\"image\":{\"@id\":\"https:\\\/\\\/www.soulledlighting.com\\\/#\\\/schema\\\/logo\\\/image\\\/\"}}]}<\/script>\n<!-- \/ Yoast SEO plugin. -->","yoast_head_json":{"title":"LED On-Site Consultation: Tailored Lighting Solutions for Your Space - Soul LED Tech + Design","robots":{"index":"index","follow":"follow","max-snippet":"max-snippet:-1","max-image-preview":"max-image-preview:large","max-video-preview":"max-video-preview:-1"},"canonical":"https:\/\/www.soulledlighting.com\/fr\/led-on-site-consultation-tailored-lighting-solutions-for-your-space\/","og_locale":"fr_FR","og_type":"article","og_title":"LED On-Site Consultation: Tailored Lighting Solutions for Your Space - Soul LED Tech + Design","og_description":"Our LED On-Site Consultation service is designed to provide you with personalized guidance and...","og_url":"https:\/\/www.soulledlighting.com\/fr\/led-on-site-consultation-tailored-lighting-solutions-for-your-space\/","og_site_name":"Soul LED Tech + Design","article_modified_time":"2023-06-16T14:13:37+00:00","twitter_card":"summary_large_image","twitter_misc":{"Dur\u00e9e de lecture estim\u00e9e":"3 minutes"},"schema":{"@context":"https:\/\/schema.org","@graph":[{"@type":"WebPage","@id":"https:\/\/www.soulledlighting.com\/led-on-site-consultation-tailored-lighting-solutions-for-your-space\/","url":"https:\/\/www.soulledlighting.com\/led-on-site-consultation-tailored-lighting-solutions-for-your-space\/","name":"LED On-Site Consultation: Tailored Lighting Solutions for Your Space - Soul LED Tech + Design","isPartOf":{"@id":"https:\/\/www.soulledlighting.com\/#website"},"datePublished":"2023-06-10T16:03:11+00:00","dateModified":"2023-06-16T14:13:37+00:00","breadcrumb":{"@id":"https:\/\/www.soulledlighting.com\/led-on-site-consultation-tailored-lighting-solutions-for-your-space\/#breadcrumb"},"inLanguage":"fr-FR","potentialAction":[{"@type":"ReadAction","target":["https:\/\/www.soulledlighting.com\/led-on-site-consultation-tailored-lighting-solutions-for-your-space\/"]}]},{"@type":"BreadcrumbList","@id":"https:\/\/www.soulledlighting.com\/led-on-site-consultation-tailored-lighting-solutions-for-your-space\/#breadcrumb","itemListElement":[{"@type":"ListItem","position":1,"name":"Accueil","item":"https:\/\/www.soulledlighting.com\/"},{"@type":"ListItem","position":2,"name":"LED On-Site Consultation: Tailored Lighting Solutions for Your Space"}]},{"@type":"WebSite","@id":"https:\/\/www.soulledlighting.com\/#website","url":"https:\/\/www.soulledlighting.com\/","name":"Soul LED Tech + Design","description":"","publisher":{"@id":"https:\/\/www.soulledlighting.com\/#organization"},"potentialAction":[{"@type":"SearchAction","target":{"@type":"EntryPoint","urlTemplate":"https:\/\/www.soulledlighting.com\/?s={search_term_string}"},"query-input":{"@type":"PropertyValueSpecification","valueRequired":true,"valueName":"search_term_string"}}],"inLanguage":"fr-FR"},{"@type":"Organization","@id":"https:\/\/www.soulledlighting.com\/#organization","name":"Soul LED Tech + Design","url":"https:\/\/www.soulledlighting.com\/","logo":{"@type":"ImageObject","inLanguage":"fr-FR","@id":"https:\/\/www.soulledlighting.com\/#\/schema\/logo\/image\/","url":"https:\/\/www.soulledlighting.com\/wp-content\/uploads\/2022\/03\/cropped-cropped-cropped-cropped-logo.png","contentUrl":"https:\/\/www.soulledlighting.com\/wp-content\/uploads\/2022\/03\/cropped-cropped-cropped-cropped-logo.png","width":3837,"height":1208,"caption":"Soul LED Tech + Design"},"image":{"@id":"https:\/\/www.soulledlighting.com\/#\/schema\/logo\/image\/"}}]}},"coauthors":[],"author_meta":{"author_link":false,"display_name":"Jean-Michel Fiorito"},"relative_dates":{"created":"Publi\u00e9 56 ans il y a","modified":"Mis \u00e0 jour 56 ans il y a"},"absolute_dates":{"created":"Publi\u00e9 le ","modified":"Mise \u00e0 jour le "},"absolute_dates_time":{"created":"Publi\u00e9 le ","modified":"Mise \u00e0 jour le "},"featured_img_caption":"","featured_img":false,"series_order":"","featured_media_urls":[],"_links":{"self":[{"href":"https:\/\/www.soulledlighting.com\/fr\/wp-json\/wp\/v2\/pages\/2089","targetHints":{"allow":["GET"]}}],"collection":[{"href":"https:\/\/www.soulledlighting.com\/fr\/wp-json\/wp\/v2\/pages"}],"about":[{"href":"https:\/\/www.soulledlighting.com\/fr\/wp-json\/wp\/v2\/types\/page"}],"author":[{"embeddable":true,"href":"https:\/\/www.soulledlighting.com\/fr\/wp-json\/wp\/v2\/users\/2"}],"replies":[{"embeddable":true,"href":"https:\/\/www.soulledlighting.com\/fr\/wp-json\/wp\/v2\/comments?post=2089"}],"version-history":[{"count":0,"href":"https:\/\/www.soulledlighting.com\/fr\/wp-json\/wp\/v2\/pages\/2089\/revisions"}],"wp:attachment":[{"href":"https:\/\/www.soulledlighting.com\/fr\/wp-json\/wp\/v2\/media?parent=2089"}],"curies":[{"name":"wp","href":"https:\/\/api.w.org\/{rel}","templated":true}]}}