{"id":2076,"date":"2023-06-10T11:17:51","date_gmt":"2023-06-10T15:17:51","guid":{"rendered":"https:\/\/www.soulledlighting.com\/?page_id=2076"},"modified":"2023-06-16T12:06:26","modified_gmt":"2023-06-16T16:06:26","slug":"led-linear-installation-illuminating-spaces-with-sleek-efficiency","status":"publish","type":"page","link":"https:\/\/www.soulledlighting.com\/fr\/led-linear-installation-illuminating-spaces-with-sleek-efficiency\/","title":{"rendered":"Installation lin\u00e9aire LED : Illuminez vos espaces avec une efficacit\u00e9 \u00e9l\u00e9gante"},"content":{"rendered":"<p>Avec le service d'installation LED de SOUL LED Tech + Design, nous nous engageons \u00e0 vous offrir une exp\u00e9rience sans tracas lors de la mise \u00e0 niveau de votre \u00e9clairage. Notre \u00e9quipe de professionnels qualifi\u00e9s est d\u00e9vou\u00e9e \u00e0 transformer votre espace avec <a href=\"https:\/\/www.soulledlighting.com\/fr\/non-classe-en\/sustainable-life-led-lighting\/\">des LED \u00e9conomes en \u00e9nergie.<\/a> Avec notre service d'installation et de prise de mesures le jour m\u00eame, vous pouvez profiter des avantages d'un \u00e9clairage am\u00e9lior\u00e9 sans aucun retard. Nous nous assurons d'obtenir une illumination optimale et des \u00e9conomies de co\u00fbts avec nos lumi\u00e8res, install\u00e9es par notre \u00e9quipe de professionnels qualifi\u00e9s.<\/p>\n\n\n\n<ol class=\"wp-block-list\">\n<li><strong>Consultation<\/strong>: Nos professionnels exp\u00e9riment\u00e9s commenceront par comprendre vos besoins en \u00e9clairage et votre vision pour l'espace. Qu'il s'agisse d'un bureau, d'un magasin de d\u00e9tail, d'un \u00e9tablissement d'h\u00e9bergement ou d'un environnement r\u00e9sidentiel, nous adaptons nos recommandations pour r\u00e9pondre \u00e0 vos besoins sp\u00e9cifiques. Nous prenons en compte des facteurs tels que les dimensions de la zone, les niveaux d'\u00e9clairage souhait\u00e9s et les pr\u00e9f\u00e9rences esth\u00e9tiques.<\/li>\n\n\n\n<li><strong>Solutions LED lin\u00e9aires sur-mesur<\/strong>: Sur la base de notre consultation, nous vous guiderons dans le choix des luminaires LED lin\u00e9aires id\u00e9aux pour votre espace. Notre vaste gamme comprend diff\u00e9rentes longueurs, temp\u00e9ratures de couleur et intensit\u00e9s lumineuses pour correspondre \u00e0 l'effet d'\u00e9clairage souhait\u00e9. Nous privil\u00e9gions des produits LED de haute qualit\u00e9 et \u00e9conomes en \u00e9nergie pour garantir des performances durables et des \u00e9conomies de co\u00fbts.<\/li>\n\n\n\n<li><strong>Assemblage rapide<\/strong>: Une fois que vous avez s\u00e9lectionn\u00e9 les luminaires LED, notre \u00e9quipe assemblera efficacement tous les composants n\u00e9cessaires \u00e0 l'installation. Nous sommes \u00e9quip\u00e9s des outils et de l'expertise n\u00e9cessaires pour g\u00e9rer le processus d'assemblage complexe, garantissant que les luminaires sont pr\u00eats \u00e0 \u00eatre install\u00e9s en un rien de temps. Nous portons une attention particuli\u00e8re aux d\u00e9tails pour obtenir un r\u00e9sultat esth\u00e9tiquement plaisant, avec des lignes \u00e9pur\u00e9es.<\/li>\n\n\n\n<li><strong>Installation le jour m\u00eame :<\/strong> Chez SOUL LED Tech + Design, nous comprenons l'importance de votre temps. C'est pourquoi nous proposons une installation le jour m\u00eame pour minimiser les perturbations dans votre routine quotidienne. Nos professionnels qualifi\u00e9s travailleront avec diligence pour prendre les mesures de votre espace et installer les luminaires LED de mani\u00e8re s\u00fbre et pr\u00e9cise, en respectant les normes de l'industrie et les protocoles de s\u00e9curit\u00e9. Nous accordons une attention particuli\u00e8re \u00e0 chaque d\u00e9tail, en veillant \u00e0 ce que les luminaires soient correctement align\u00e9s et que l'\u00e9clairage soit optimis\u00e9 pour votre espace.<\/li>\n\n\n\n<li><strong>Exp\u00e9rience d'\u00e9clairage am\u00e9lior\u00e9e:<\/strong>: Les luminaires LED lin\u00e9aires offrent des options d'\u00e9clairage polyvalentes, fournissant une illumination uniforme et la possibilit\u00e9 de personnaliser les niveaux d'\u00e9clairage. Gr\u00e2ce \u00e0 leurs capacit\u00e9s de gradation, vous pouvez cr\u00e9er l'ambiance parfaite pour chaque occasion ou t\u00e2che. Profitez des avantages d'une consommation d'\u00e9nergie r\u00e9duite, d'une dur\u00e9e de vie prolong\u00e9e et de faibles besoins d'entretien par rapport aux options d'\u00e9clairage traditionnelles.<\/li>\n\n\n\n<li><strong>Assurance qualit\u00e9 et support client :<\/strong>  Votre satisfaction et votre tranquillit\u00e9 d'esprit \u00e0 long terme sont notre priorit\u00e9. Notre \u00e9quipe effectue des contr\u00f4les de qualit\u00e9 rigoureux pour s'assurer que chaque luminaire fonctionne de mani\u00e8re optimale. Nous sommes fiers de notre savoir-faire et nous offrons un soutien continu pour r\u00e9pondre \u00e0 toutes vos pr\u00e9occupations ou questions apr\u00e8s l'installation.<\/li>\n<\/ol>\n\n\n\n<p>Illuminez votre espace avec l'efficacit\u00e9 \u00e9l\u00e9gante de l'\u00e9clairage lin\u00e9aire LED. <a href=\"https:\/\/www.soulledlighting.com\/fr\/#contact\">Contactez-nous<\/a> aujourd'hui pour planifier une consultation et laissez nos experts vous guider dans la transformation de votre environnement avec la solution d'\u00e9clairage \u00e9l\u00e9gante et \u00e9conome en \u00e9nergie des luminaires lin\u00e9aires LED.<\/p>","protected":false},"excerpt":{"rendered":"<p>With SOUL LED Tech + Design LED Installation Service, we are committed to providing<span class=\"more-dots\">&#8230;<\/span><\/p>","protected":false},"author":2,"featured_media":0,"parent":0,"menu_order":0,"comment_status":"closed","ping_status":"closed","template":"","meta":{"_coblocks_attr":"","_coblocks_dimensions":"","_coblocks_responsive_height":"","_coblocks_accordion_ie_support":"","advgb_blocks_editor_width":"","advgb_blocks_columns_visual_guide":"","footnotes":""},"class_list":["post-2076","page","type-page","status-publish","hentry","no-post-thumbnail"],"yoast_head":"<!-- This site is optimized with the Yoast SEO plugin v27.4 - https:\/\/yoast.com\/product\/yoast-seo-wordpress\/ -->\n<title>LED Linear Installation: Illuminating Spaces with Sleek Efficiency - Soul LED Tech + Design<\/title>\n<meta name=\"robots\" content=\"index, follow, max-snippet:-1, max-image-preview:large, max-video-preview:-1\" \/>\n<link rel=\"canonical\" href=\"https:\/\/www.soulledlighting.com\/fr\/led-linear-installation-illuminating-spaces-with-sleek-efficiency\/\" \/>\n<meta property=\"og:locale\" content=\"fr_FR\" \/>\n<meta property=\"og:type\" content=\"article\" \/>\n<meta property=\"og:title\" content=\"LED Linear Installation: Illuminating Spaces with Sleek Efficiency - Soul LED Tech + Design\" \/>\n<meta property=\"og:description\" content=\"With SOUL LED Tech + Design LED Installation Service, we are committed to providing...\" \/>\n<meta property=\"og:url\" content=\"https:\/\/www.soulledlighting.com\/fr\/led-linear-installation-illuminating-spaces-with-sleek-efficiency\/\" \/>\n<meta property=\"og:site_name\" content=\"Soul LED Tech + Design\" \/>\n<meta property=\"article:modified_time\" content=\"2023-06-16T16:06:26+00:00\" \/>\n<meta name=\"twitter:card\" content=\"summary_large_image\" \/>\n<meta name=\"twitter:label1\" content=\"Dur\u00e9e de lecture estim\u00e9e\" \/>\n\t<meta name=\"twitter:data1\" content=\"2 minutes\" \/>\n<script type=\"application\/ld+json\" class=\"yoast-schema-graph\">{\"@context\":\"https:\\\/\\\/schema.org\",\"@graph\":[{\"@type\":\"WebPage\",\"@id\":\"https:\\\/\\\/www.soulledlighting.com\\\/led-linear-installation-illuminating-spaces-with-sleek-efficiency\\\/\",\"url\":\"https:\\\/\\\/www.soulledlighting.com\\\/led-linear-installation-illuminating-spaces-with-sleek-efficiency\\\/\",\"name\":\"LED Linear Installation: Illuminating Spaces with Sleek Efficiency - Soul LED Tech + Design\",\"isPartOf\":{\"@id\":\"https:\\\/\\\/www.soulledlighting.com\\\/#website\"},\"datePublished\":\"2023-06-10T15:17:51+00:00\",\"dateModified\":\"2023-06-16T16:06:26+00:00\",\"breadcrumb\":{\"@id\":\"https:\\\/\\\/www.soulledlighting.com\\\/led-linear-installation-illuminating-spaces-with-sleek-efficiency\\\/#breadcrumb\"},\"inLanguage\":\"fr-FR\",\"potentialAction\":[{\"@type\":\"ReadAction\",\"target\":[\"https:\\\/\\\/www.soulledlighting.com\\\/led-linear-installation-illuminating-spaces-with-sleek-efficiency\\\/\"]}]},{\"@type\":\"BreadcrumbList\",\"@id\":\"https:\\\/\\\/www.soulledlighting.com\\\/led-linear-installation-illuminating-spaces-with-sleek-efficiency\\\/#breadcrumb\",\"itemListElement\":[{\"@type\":\"ListItem\",\"position\":1,\"name\":\"Accueil\",\"item\":\"https:\\\/\\\/www.soulledlighting.com\\\/\"},{\"@type\":\"ListItem\",\"position\":2,\"name\":\"LED Linear Installation: Illuminating Spaces with Sleek Efficiency\"}]},{\"@type\":\"WebSite\",\"@id\":\"https:\\\/\\\/www.soulledlighting.com\\\/#website\",\"url\":\"https:\\\/\\\/www.soulledlighting.com\\\/\",\"name\":\"Soul LED Tech + Design\",\"description\":\"\",\"publisher\":{\"@id\":\"https:\\\/\\\/www.soulledlighting.com\\\/#organization\"},\"potentialAction\":[{\"@type\":\"SearchAction\",\"target\":{\"@type\":\"EntryPoint\",\"urlTemplate\":\"https:\\\/\\\/www.soulledlighting.com\\\/?s={search_term_string}\"},\"query-input\":{\"@type\":\"PropertyValueSpecification\",\"valueRequired\":true,\"valueName\":\"search_term_string\"}}],\"inLanguage\":\"fr-FR\"},{\"@type\":\"Organization\",\"@id\":\"https:\\\/\\\/www.soulledlighting.com\\\/#organization\",\"name\":\"Soul LED Tech + Design\",\"url\":\"https:\\\/\\\/www.soulledlighting.com\\\/\",\"logo\":{\"@type\":\"ImageObject\",\"inLanguage\":\"fr-FR\",\"@id\":\"https:\\\/\\\/www.soulledlighting.com\\\/#\\\/schema\\\/logo\\\/image\\\/\",\"url\":\"https:\\\/\\\/www.soulledlighting.com\\\/wp-content\\\/uploads\\\/2022\\\/03\\\/cropped-cropped-cropped-cropped-logo.png\",\"contentUrl\":\"https:\\\/\\\/www.soulledlighting.com\\\/wp-content\\\/uploads\\\/2022\\\/03\\\/cropped-cropped-cropped-cropped-logo.png\",\"width\":3837,\"height\":1208,\"caption\":\"Soul LED Tech + Design\"},\"image\":{\"@id\":\"https:\\\/\\\/www.soulledlighting.com\\\/#\\\/schema\\\/logo\\\/image\\\/\"}}]}<\/script>\n<!-- \/ Yoast SEO plugin. -->","yoast_head_json":{"title":"LED Linear Installation: Illuminating Spaces with Sleek Efficiency - Soul LED Tech + Design","robots":{"index":"index","follow":"follow","max-snippet":"max-snippet:-1","max-image-preview":"max-image-preview:large","max-video-preview":"max-video-preview:-1"},"canonical":"https:\/\/www.soulledlighting.com\/fr\/led-linear-installation-illuminating-spaces-with-sleek-efficiency\/","og_locale":"fr_FR","og_type":"article","og_title":"LED Linear Installation: Illuminating Spaces with Sleek Efficiency - Soul LED Tech + Design","og_description":"With SOUL LED Tech + Design LED Installation Service, we are committed to providing...","og_url":"https:\/\/www.soulledlighting.com\/fr\/led-linear-installation-illuminating-spaces-with-sleek-efficiency\/","og_site_name":"Soul LED Tech + Design","article_modified_time":"2023-06-16T16:06:26+00:00","twitter_card":"summary_large_image","twitter_misc":{"Dur\u00e9e de lecture estim\u00e9e":"2 minutes"},"schema":{"@context":"https:\/\/schema.org","@graph":[{"@type":"WebPage","@id":"https:\/\/www.soulledlighting.com\/led-linear-installation-illuminating-spaces-with-sleek-efficiency\/","url":"https:\/\/www.soulledlighting.com\/led-linear-installation-illuminating-spaces-with-sleek-efficiency\/","name":"LED Linear Installation: Illuminating Spaces with Sleek Efficiency - Soul LED Tech + Design","isPartOf":{"@id":"https:\/\/www.soulledlighting.com\/#website"},"datePublished":"2023-06-10T15:17:51+00:00","dateModified":"2023-06-16T16:06:26+00:00","breadcrumb":{"@id":"https:\/\/www.soulledlighting.com\/led-linear-installation-illuminating-spaces-with-sleek-efficiency\/#breadcrumb"},"inLanguage":"fr-FR","potentialAction":[{"@type":"ReadAction","target":["https:\/\/www.soulledlighting.com\/led-linear-installation-illuminating-spaces-with-sleek-efficiency\/"]}]},{"@type":"BreadcrumbList","@id":"https:\/\/www.soulledlighting.com\/led-linear-installation-illuminating-spaces-with-sleek-efficiency\/#breadcrumb","itemListElement":[{"@type":"ListItem","position":1,"name":"Accueil","item":"https:\/\/www.soulledlighting.com\/"},{"@type":"ListItem","position":2,"name":"LED Linear Installation: Illuminating Spaces with Sleek Efficiency"}]},{"@type":"WebSite","@id":"https:\/\/www.soulledlighting.com\/#website","url":"https:\/\/www.soulledlighting.com\/","name":"Soul LED Tech + Design","description":"","publisher":{"@id":"https:\/\/www.soulledlighting.com\/#organization"},"potentialAction":[{"@type":"SearchAction","target":{"@type":"EntryPoint","urlTemplate":"https:\/\/www.soulledlighting.com\/?s={search_term_string}"},"query-input":{"@type":"PropertyValueSpecification","valueRequired":true,"valueName":"search_term_string"}}],"inLanguage":"fr-FR"},{"@type":"Organization","@id":"https:\/\/www.soulledlighting.com\/#organization","name":"Soul LED Tech + Design","url":"https:\/\/www.soulledlighting.com\/","logo":{"@type":"ImageObject","inLanguage":"fr-FR","@id":"https:\/\/www.soulledlighting.com\/#\/schema\/logo\/image\/","url":"https:\/\/www.soulledlighting.com\/wp-content\/uploads\/2022\/03\/cropped-cropped-cropped-cropped-logo.png","contentUrl":"https:\/\/www.soulledlighting.com\/wp-content\/uploads\/2022\/03\/cropped-cropped-cropped-cropped-logo.png","width":3837,"height":1208,"caption":"Soul LED Tech + Design"},"image":{"@id":"https:\/\/www.soulledlighting.com\/#\/schema\/logo\/image\/"}}]}},"coauthors":[],"author_meta":{"author_link":false,"display_name":"Jean-Michel Fiorito"},"relative_dates":{"created":"Publi\u00e9 56 ans il y a","modified":"Mis \u00e0 jour 56 ans il y a"},"absolute_dates":{"created":"Publi\u00e9 le ","modified":"Mise \u00e0 jour le "},"absolute_dates_time":{"created":"Publi\u00e9 le ","modified":"Mise \u00e0 jour le "},"featured_img_caption":"","featured_img":false,"series_order":"","featured_media_urls":[],"_links":{"self":[{"href":"https:\/\/www.soulledlighting.com\/fr\/wp-json\/wp\/v2\/pages\/2076","targetHints":{"allow":["GET"]}}],"collection":[{"href":"https:\/\/www.soulledlighting.com\/fr\/wp-json\/wp\/v2\/pages"}],"about":[{"href":"https:\/\/www.soulledlighting.com\/fr\/wp-json\/wp\/v2\/types\/page"}],"author":[{"embeddable":true,"href":"https:\/\/www.soulledlighting.com\/fr\/wp-json\/wp\/v2\/users\/2"}],"replies":[{"embeddable":true,"href":"https:\/\/www.soulledlighting.com\/fr\/wp-json\/wp\/v2\/comments?post=2076"}],"version-history":[{"count":0,"href":"https:\/\/www.soulledlighting.com\/fr\/wp-json\/wp\/v2\/pages\/2076\/revisions"}],"wp:attachment":[{"href":"https:\/\/www.soulledlighting.com\/fr\/wp-json\/wp\/v2\/media?parent=2076"}],"curies":[{"name":"wp","href":"https:\/\/api.w.org\/{rel}","templated":true}]}}