{"id":2073,"date":"2023-06-10T11:04:05","date_gmt":"2023-06-10T15:04:05","guid":{"rendered":"https:\/\/www.soulledlighting.com\/?page_id=2073"},"modified":"2024-02-12T16:03:16","modified_gmt":"2024-02-12T20:03:16","slug":"our-services","status":"publish","type":"page","link":"https:\/\/www.soulledlighting.com\/fr\/our-services\/","title":{"rendered":"Nos services"},"content":{"rendered":"<div class=\"wp-block-media-text alignwide has-media-on-the-right is-stacked-on-mobile\" style=\"grid-template-columns:auto 48%\"><div class=\"wp-block-media-text__content\">\n<h2 class=\"wp-block-heading has-text-align-center\">Consultation<\/h2>\n\n\n\n<p>Notre service de consultation sur place pour les LED est con\u00e7u pour vous fournir des conseils personnalis\u00e9s et des recommandations d'experts adapt\u00e9s \u00e0 vos besoins en mati\u00e8re d'\u00e9clairage. Nous comprenons que chaque espace est unique et que le bon \u00e9clairage peut grandement am\u00e9liorer sa fonctionnalit\u00e9, son esth\u00e9tique et son efficacit\u00e9 \u00e9nerg\u00e9tique. Nos consultants comp\u00e9tents se rendront sur votre site, \u00e9valueront vos besoins et vous proposeront des solutions sur mesure pour vous aider \u00e0 prendre des d\u00e9cisions \u00e9clair\u00e9es concernant l'installation de votre \u00e9clairage LED.<\/p>\n\n\n\n<div class=\"wp-block-buttons is-layout-flex wp-block-buttons-is-layout-flex\">\n<div class=\"wp-block-button has-custom-width wp-block-button__width-100 has-custom-font-size is-style-circular has-small-font-size\"><a class=\"wp-block-button__link wp-element-button\" href=\"https:\/\/www.soulledlighting.com\/fr\/led-on-site-consultation-tailored-lighting-solutions-for-your-space\/\">D\u00e9couvrez-en davantage sur nos consultations.<\/a><\/div>\n<\/div>\n<\/div><figure class=\"wp-block-media-text__media\"><img fetchpriority=\"high\" decoding=\"async\" width=\"635\" height=\"977\" src=\"https:\/\/www.soulledlighting.com\/wp-content\/uploads\/2023\/06\/LED-Onsite-consultation-.png\" alt=\"\" class=\"wp-image-2087 size-full\" srcset=\"https:\/\/www.soulledlighting.com\/wp-content\/uploads\/2023\/06\/LED-Onsite-consultation-.png 635w, https:\/\/www.soulledlighting.com\/wp-content\/uploads\/2023\/06\/LED-Onsite-consultation--195x300.png 195w, https:\/\/www.soulledlighting.com\/wp-content\/uploads\/2023\/06\/LED-Onsite-consultation--8x12.png 8w, https:\/\/www.soulledlighting.com\/wp-content\/uploads\/2023\/06\/LED-Onsite-consultation--16x24.png 16w, https:\/\/www.soulledlighting.com\/wp-content\/uploads\/2023\/06\/LED-Onsite-consultation--23x36.png 23w, https:\/\/www.soulledlighting.com\/wp-content\/uploads\/2023\/06\/LED-Onsite-consultation--31x48.png 31w, https:\/\/www.soulledlighting.com\/wp-content\/uploads\/2023\/06\/LED-Onsite-consultation--600x923.png 600w\" sizes=\"(max-width: 635px) 100vw, 635px\" \/><\/figure><\/div>\n\n\n\n<div class=\"wp-block-media-text alignwide is-stacked-on-mobile\"><figure class=\"wp-block-media-text__media\"><img decoding=\"async\" width=\"497\" height=\"894\" data-src=\"https:\/\/www.soulledlighting.com\/wp-content\/uploads\/2023\/06\/LED-Installation-Service.png\" alt=\"\" class=\"wp-image-2074 size-full lazyload\" data-srcset=\"https:\/\/www.soulledlighting.com\/wp-content\/uploads\/2023\/06\/LED-Installation-Service.png 497w, https:\/\/www.soulledlighting.com\/wp-content\/uploads\/2023\/06\/LED-Installation-Service-167x300.png 167w, https:\/\/www.soulledlighting.com\/wp-content\/uploads\/2023\/06\/LED-Installation-Service-7x12.png 7w, https:\/\/www.soulledlighting.com\/wp-content\/uploads\/2023\/06\/LED-Installation-Service-13x24.png 13w, https:\/\/www.soulledlighting.com\/wp-content\/uploads\/2023\/06\/LED-Installation-Service-20x36.png 20w, https:\/\/www.soulledlighting.com\/wp-content\/uploads\/2023\/06\/LED-Installation-Service-27x48.png 27w\" data-sizes=\"(max-width: 497px) 100vw, 497px\" src=\"data:image\/svg+xml;base64,PHN2ZyB3aWR0aD0iMSIgaGVpZ2h0PSIxIiB4bWxucz0iaHR0cDovL3d3dy53My5vcmcvMjAwMC9zdmciPjwvc3ZnPg==\" style=\"--smush-placeholder-width: 497px; --smush-placeholder-aspect-ratio: 497\/894;\" \/><\/figure><div class=\"wp-block-media-text__content\">\n<h2 class=\"wp-block-heading has-text-align-center\">Installation de LED <\/h2>\n\n\n\n<p>Notre service d'installation de LED lin\u00e9aires est con\u00e7u pour vous offrir une solution d'\u00e9clairage moderne et \u00e9pur\u00e9e pour votre espace. Les luminaires lin\u00e9aires LED offrent un design \u00e9l\u00e9gant et sophistiqu\u00e9 tout en fournissant un \u00e9clairage exceptionnel et une efficacit\u00e9 \u00e9nerg\u00e9tique optimale.<\/p>\n\n\n\n<div class=\"wp-block-buttons is-layout-flex wp-block-buttons-is-layout-flex\">\n<div class=\"wp-block-button has-custom-font-size is-style-circular has-small-font-size\"><a class=\"wp-block-button__link wp-element-button\" href=\"https:\/\/www.soulledlighting.com\/fr\/led-linear-installation-illuminating-spaces-with-sleek-efficiency\/\">Lisez en d\u00e9tail \u00e0 propos de nos installations<\/a><\/div>\n<\/div>\n<\/div><\/div>\n\n\n\n<div class=\"wp-block-media-text alignwide has-media-on-the-right is-stacked-on-mobile\"><div class=\"wp-block-media-text__content\">\n<h2 class=\"wp-block-heading has-text-align-center\">D\u00e9pannage<\/h2>\n\n\n\n<p>Notre service de d\u00e9pannage des LED est l\u00e0 pour vous fournir des solutions fiables et efficaces lorsque vous rencontrez des probl\u00e8mes avec votre syst\u00e8me d'\u00e9clairage lin\u00e9aire LED. Nous comprenons que des probl\u00e8mes d'\u00e9clairage d\u00e9fectueux peuvent perturber votre environnement et affecter la productivit\u00e9, la s\u00e9curit\u00e9 et l'esth\u00e9tique globale. Nos techniciens qualifi\u00e9s sont \u00e9quip\u00e9s des connaissances et de l'expertise n\u00e9cessaires pour identifier les probl\u00e8mes et fournir des solutions concr\u00e8tes rapidement, garantissant ainsi que votre \u00e9clairage retrouve ses performances optimales.<\/p>\n\n\n\n<div class=\"wp-block-buttons is-layout-flex wp-block-buttons-is-layout-flex\">\n<div class=\"wp-block-button has-custom-width wp-block-button__width-100 has-custom-font-size is-style-circular has-small-font-size\"><a class=\"wp-block-button__link wp-element-button\" href=\"https:\/\/www.soulledlighting.com\/fr\/troubleshooting-led-service-efficient-solutions-for-illumination-issues\/\">Familiarisez-vous avec ce service.<\/a><\/div>\n<\/div>\n<\/div><figure class=\"wp-block-media-text__media\"><img decoding=\"async\" width=\"292\" height=\"504\" data-src=\"https:\/\/www.soulledlighting.com\/wp-content\/uploads\/2023\/06\/LED-Troubleshooting.png\" alt=\"Troubleshooting LED \" class=\"wp-image-2079 size-full lazyload\" data-srcset=\"https:\/\/www.soulledlighting.com\/wp-content\/uploads\/2023\/06\/LED-Troubleshooting.png 292w, https:\/\/www.soulledlighting.com\/wp-content\/uploads\/2023\/06\/LED-Troubleshooting-174x300.png 174w, https:\/\/www.soulledlighting.com\/wp-content\/uploads\/2023\/06\/LED-Troubleshooting-7x12.png 7w, https:\/\/www.soulledlighting.com\/wp-content\/uploads\/2023\/06\/LED-Troubleshooting-14x24.png 14w, https:\/\/www.soulledlighting.com\/wp-content\/uploads\/2023\/06\/LED-Troubleshooting-21x36.png 21w, https:\/\/www.soulledlighting.com\/wp-content\/uploads\/2023\/06\/LED-Troubleshooting-28x48.png 28w\" data-sizes=\"(max-width: 292px) 100vw, 292px\" src=\"data:image\/svg+xml;base64,PHN2ZyB3aWR0aD0iMSIgaGVpZ2h0PSIxIiB4bWxucz0iaHR0cDovL3d3dy53My5vcmcvMjAwMC9zdmciPjwvc3ZnPg==\" style=\"--smush-placeholder-width: 292px; --smush-placeholder-aspect-ratio: 292\/504;\" \/><\/figure><\/div>","protected":false},"excerpt":{"rendered":"","protected":false},"author":2,"featured_media":0,"parent":0,"menu_order":0,"comment_status":"closed","ping_status":"closed","template":"","meta":{"_coblocks_attr":"","_coblocks_dimensions":"","_coblocks_responsive_height":"","_coblocks_accordion_ie_support":"","advgb_blocks_editor_width":"","advgb_blocks_columns_visual_guide":"","footnotes":""},"class_list":["post-2073","page","type-page","status-publish","hentry","no-post-thumbnail"],"yoast_head":"<!-- This site is optimized with the Yoast SEO plugin v27.4 - https:\/\/yoast.com\/product\/yoast-seo-wordpress\/ -->\n<title>Our Services - Soul LED Tech + Design<\/title>\n<meta name=\"robots\" content=\"index, follow, max-snippet:-1, max-image-preview:large, max-video-preview:-1\" \/>\n<link rel=\"canonical\" href=\"https:\/\/www.soulledlighting.com\/fr\/our-services\/\" \/>\n<meta property=\"og:locale\" content=\"fr_FR\" \/>\n<meta property=\"og:type\" content=\"article\" \/>\n<meta property=\"og:title\" content=\"Our Services - Soul LED Tech + Design\" \/>\n<meta property=\"og:url\" content=\"https:\/\/www.soulledlighting.com\/fr\/our-services\/\" \/>\n<meta property=\"og:site_name\" content=\"Soul LED Tech + Design\" \/>\n<meta property=\"article:modified_time\" content=\"2024-02-12T20:03:16+00:00\" \/>\n<meta property=\"og:image\" content=\"https:\/\/www.soulledlighting.com\/wp-content\/uploads\/2023\/06\/LED-Onsite-consultation-.png\" \/>\n<meta name=\"twitter:card\" content=\"summary_large_image\" \/>\n<meta name=\"twitter:label1\" content=\"Dur\u00e9e de lecture estim\u00e9e\" \/>\n\t<meta name=\"twitter:data1\" content=\"2 minutes\" \/>\n<script type=\"application\/ld+json\" class=\"yoast-schema-graph\">{\"@context\":\"https:\\\/\\\/schema.org\",\"@graph\":[{\"@type\":\"WebPage\",\"@id\":\"https:\\\/\\\/www.soulledlighting.com\\\/our-services\\\/\",\"url\":\"https:\\\/\\\/www.soulledlighting.com\\\/our-services\\\/\",\"name\":\"Our Services - Soul LED Tech + Design\",\"isPartOf\":{\"@id\":\"https:\\\/\\\/www.soulledlighting.com\\\/#website\"},\"primaryImageOfPage\":{\"@id\":\"https:\\\/\\\/www.soulledlighting.com\\\/our-services\\\/#primaryimage\"},\"image\":{\"@id\":\"https:\\\/\\\/www.soulledlighting.com\\\/our-services\\\/#primaryimage\"},\"thumbnailUrl\":\"https:\\\/\\\/www.soulledlighting.com\\\/wp-content\\\/uploads\\\/2023\\\/06\\\/LED-Onsite-consultation-.png\",\"datePublished\":\"2023-06-10T15:04:05+00:00\",\"dateModified\":\"2024-02-12T20:03:16+00:00\",\"breadcrumb\":{\"@id\":\"https:\\\/\\\/www.soulledlighting.com\\\/our-services\\\/#breadcrumb\"},\"inLanguage\":\"fr-FR\",\"potentialAction\":[{\"@type\":\"ReadAction\",\"target\":[\"https:\\\/\\\/www.soulledlighting.com\\\/our-services\\\/\"]}]},{\"@type\":\"ImageObject\",\"inLanguage\":\"fr-FR\",\"@id\":\"https:\\\/\\\/www.soulledlighting.com\\\/our-services\\\/#primaryimage\",\"url\":\"https:\\\/\\\/www.soulledlighting.com\\\/wp-content\\\/uploads\\\/2023\\\/06\\\/LED-Onsite-consultation-.png\",\"contentUrl\":\"https:\\\/\\\/www.soulledlighting.com\\\/wp-content\\\/uploads\\\/2023\\\/06\\\/LED-Onsite-consultation-.png\"},{\"@type\":\"BreadcrumbList\",\"@id\":\"https:\\\/\\\/www.soulledlighting.com\\\/our-services\\\/#breadcrumb\",\"itemListElement\":[{\"@type\":\"ListItem\",\"position\":1,\"name\":\"Accueil\",\"item\":\"https:\\\/\\\/www.soulledlighting.com\\\/\"},{\"@type\":\"ListItem\",\"position\":2,\"name\":\"Our Services\"}]},{\"@type\":\"WebSite\",\"@id\":\"https:\\\/\\\/www.soulledlighting.com\\\/#website\",\"url\":\"https:\\\/\\\/www.soulledlighting.com\\\/\",\"name\":\"Soul LED Tech + Design\",\"description\":\"\",\"publisher\":{\"@id\":\"https:\\\/\\\/www.soulledlighting.com\\\/#organization\"},\"potentialAction\":[{\"@type\":\"SearchAction\",\"target\":{\"@type\":\"EntryPoint\",\"urlTemplate\":\"https:\\\/\\\/www.soulledlighting.com\\\/?s={search_term_string}\"},\"query-input\":{\"@type\":\"PropertyValueSpecification\",\"valueRequired\":true,\"valueName\":\"search_term_string\"}}],\"inLanguage\":\"fr-FR\"},{\"@type\":\"Organization\",\"@id\":\"https:\\\/\\\/www.soulledlighting.com\\\/#organization\",\"name\":\"Soul LED Tech + Design\",\"url\":\"https:\\\/\\\/www.soulledlighting.com\\\/\",\"logo\":{\"@type\":\"ImageObject\",\"inLanguage\":\"fr-FR\",\"@id\":\"https:\\\/\\\/www.soulledlighting.com\\\/#\\\/schema\\\/logo\\\/image\\\/\",\"url\":\"https:\\\/\\\/www.soulledlighting.com\\\/wp-content\\\/uploads\\\/2022\\\/03\\\/cropped-cropped-cropped-cropped-logo.png\",\"contentUrl\":\"https:\\\/\\\/www.soulledlighting.com\\\/wp-content\\\/uploads\\\/2022\\\/03\\\/cropped-cropped-cropped-cropped-logo.png\",\"width\":3837,\"height\":1208,\"caption\":\"Soul LED Tech + Design\"},\"image\":{\"@id\":\"https:\\\/\\\/www.soulledlighting.com\\\/#\\\/schema\\\/logo\\\/image\\\/\"}}]}<\/script>\n<!-- \/ Yoast SEO plugin. -->","yoast_head_json":{"title":"Our Services - Soul LED Tech + Design","robots":{"index":"index","follow":"follow","max-snippet":"max-snippet:-1","max-image-preview":"max-image-preview:large","max-video-preview":"max-video-preview:-1"},"canonical":"https:\/\/www.soulledlighting.com\/fr\/our-services\/","og_locale":"fr_FR","og_type":"article","og_title":"Our Services - Soul LED Tech + Design","og_url":"https:\/\/www.soulledlighting.com\/fr\/our-services\/","og_site_name":"Soul LED Tech + Design","article_modified_time":"2024-02-12T20:03:16+00:00","og_image":[{"url":"https:\/\/www.soulledlighting.com\/wp-content\/uploads\/2023\/06\/LED-Onsite-consultation-.png","type":"","width":"","height":""}],"twitter_card":"summary_large_image","twitter_misc":{"Dur\u00e9e de lecture estim\u00e9e":"2 minutes"},"schema":{"@context":"https:\/\/schema.org","@graph":[{"@type":"WebPage","@id":"https:\/\/www.soulledlighting.com\/our-services\/","url":"https:\/\/www.soulledlighting.com\/our-services\/","name":"Our Services - Soul LED Tech + Design","isPartOf":{"@id":"https:\/\/www.soulledlighting.com\/#website"},"primaryImageOfPage":{"@id":"https:\/\/www.soulledlighting.com\/our-services\/#primaryimage"},"image":{"@id":"https:\/\/www.soulledlighting.com\/our-services\/#primaryimage"},"thumbnailUrl":"https:\/\/www.soulledlighting.com\/wp-content\/uploads\/2023\/06\/LED-Onsite-consultation-.png","datePublished":"2023-06-10T15:04:05+00:00","dateModified":"2024-02-12T20:03:16+00:00","breadcrumb":{"@id":"https:\/\/www.soulledlighting.com\/our-services\/#breadcrumb"},"inLanguage":"fr-FR","potentialAction":[{"@type":"ReadAction","target":["https:\/\/www.soulledlighting.com\/our-services\/"]}]},{"@type":"ImageObject","inLanguage":"fr-FR","@id":"https:\/\/www.soulledlighting.com\/our-services\/#primaryimage","url":"https:\/\/www.soulledlighting.com\/wp-content\/uploads\/2023\/06\/LED-Onsite-consultation-.png","contentUrl":"https:\/\/www.soulledlighting.com\/wp-content\/uploads\/2023\/06\/LED-Onsite-consultation-.png"},{"@type":"BreadcrumbList","@id":"https:\/\/www.soulledlighting.com\/our-services\/#breadcrumb","itemListElement":[{"@type":"ListItem","position":1,"name":"Accueil","item":"https:\/\/www.soulledlighting.com\/"},{"@type":"ListItem","position":2,"name":"Our Services"}]},{"@type":"WebSite","@id":"https:\/\/www.soulledlighting.com\/#website","url":"https:\/\/www.soulledlighting.com\/","name":"Soul LED Tech + Design","description":"","publisher":{"@id":"https:\/\/www.soulledlighting.com\/#organization"},"potentialAction":[{"@type":"SearchAction","target":{"@type":"EntryPoint","urlTemplate":"https:\/\/www.soulledlighting.com\/?s={search_term_string}"},"query-input":{"@type":"PropertyValueSpecification","valueRequired":true,"valueName":"search_term_string"}}],"inLanguage":"fr-FR"},{"@type":"Organization","@id":"https:\/\/www.soulledlighting.com\/#organization","name":"Soul LED Tech + Design","url":"https:\/\/www.soulledlighting.com\/","logo":{"@type":"ImageObject","inLanguage":"fr-FR","@id":"https:\/\/www.soulledlighting.com\/#\/schema\/logo\/image\/","url":"https:\/\/www.soulledlighting.com\/wp-content\/uploads\/2022\/03\/cropped-cropped-cropped-cropped-logo.png","contentUrl":"https:\/\/www.soulledlighting.com\/wp-content\/uploads\/2022\/03\/cropped-cropped-cropped-cropped-logo.png","width":3837,"height":1208,"caption":"Soul LED Tech + Design"},"image":{"@id":"https:\/\/www.soulledlighting.com\/#\/schema\/logo\/image\/"}}]}},"coauthors":[],"author_meta":{"author_link":false,"display_name":"Jean-Michel Fiorito"},"relative_dates":{"created":"Publi\u00e9 56 ans il y a","modified":"Mis \u00e0 jour 56 ans il y a"},"absolute_dates":{"created":"Publi\u00e9 le ","modified":"Mise \u00e0 jour le "},"absolute_dates_time":{"created":"Publi\u00e9 le ","modified":"Mise \u00e0 jour le "},"featured_img_caption":"","featured_img":false,"series_order":"","featured_media_urls":[],"_links":{"self":[{"href":"https:\/\/www.soulledlighting.com\/fr\/wp-json\/wp\/v2\/pages\/2073","targetHints":{"allow":["GET"]}}],"collection":[{"href":"https:\/\/www.soulledlighting.com\/fr\/wp-json\/wp\/v2\/pages"}],"about":[{"href":"https:\/\/www.soulledlighting.com\/fr\/wp-json\/wp\/v2\/types\/page"}],"author":[{"embeddable":true,"href":"https:\/\/www.soulledlighting.com\/fr\/wp-json\/wp\/v2\/users\/2"}],"replies":[{"embeddable":true,"href":"https:\/\/www.soulledlighting.com\/fr\/wp-json\/wp\/v2\/comments?post=2073"}],"version-history":[{"count":0,"href":"https:\/\/www.soulledlighting.com\/fr\/wp-json\/wp\/v2\/pages\/2073\/revisions"}],"wp:attachment":[{"href":"https:\/\/www.soulledlighting.com\/fr\/wp-json\/wp\/v2\/media?parent=2073"}],"curies":[{"name":"wp","href":"https:\/\/api.w.org\/{rel}","templated":true}]}}