{"id":1683,"date":"2022-03-14T11:22:14","date_gmt":"2022-03-14T15:22:14","guid":{"rendered":"https:\/\/soulledlighting.com\/?page_id=1683"},"modified":"2023-05-17T11:56:15","modified_gmt":"2023-05-17T15:56:15","slug":"souldim","status":"publish","type":"page","link":"https:\/\/www.soulledlighting.com\/fr\/souldim\/","title":{"rendered":"SOULDIM"},"content":{"rendered":"<p>SOULDIM est un gradateur LED - 12V- qui vous permet de cr\u00e9er une ambiance apaisante \u00e0 faible luminosit\u00e9 sans scintillement.<\/p>\n\n\n\n<p>Convient \u00e0 toute application ou surface, id\u00e9al dans les espaces restreints et \u00e9galement \u00e9tanche <\/p>\n\n\n\n<div class=\"wp-block-jetpack-slideshow aligncenter\" data-effect=\"slide\"><div class=\"wp-block-jetpack-slideshow_container swiper-container\"><ul class=\"wp-block-jetpack-slideshow_swiper-wrapper swiper-wrapper\"><li class=\"wp-block-jetpack-slideshow_slide swiper-slide\"><figure><img fetchpriority=\"high\" decoding=\"async\" width=\"611\" height=\"594\" alt=\"\" class=\"wp-block-jetpack-slideshow_image wp-image-1687\" data-id=\"1687\" src=\"https:\/\/soulledlighting.com\/wp-content\/uploads\/2022\/03\/SOULDIM.png\" srcset=\"https:\/\/www.soulledlighting.com\/wp-content\/uploads\/2022\/03\/SOULDIM.png 611w, https:\/\/www.soulledlighting.com\/wp-content\/uploads\/2022\/03\/SOULDIM-300x292.png 300w, https:\/\/www.soulledlighting.com\/wp-content\/uploads\/2022\/03\/SOULDIM-24x24.png 24w, https:\/\/www.soulledlighting.com\/wp-content\/uploads\/2022\/03\/SOULDIM-36x36.png 36w, https:\/\/www.soulledlighting.com\/wp-content\/uploads\/2022\/03\/SOULDIM-48x48.png 48w\" sizes=\"(max-width: 611px) 100vw, 611px\" \/><\/figure><\/li><li class=\"wp-block-jetpack-slideshow_slide swiper-slide\"><figure><img decoding=\"async\" width=\"613\" height=\"497\" alt=\"\" class=\"wp-block-jetpack-slideshow_image wp-image-1685 lazyload\" data-id=\"1685\" data-src=\"https:\/\/soulledlighting.com\/wp-content\/uploads\/2022\/03\/SOULDIM2.png\" data-srcset=\"https:\/\/www.soulledlighting.com\/wp-content\/uploads\/2022\/03\/SOULDIM2.png 613w, https:\/\/www.soulledlighting.com\/wp-content\/uploads\/2022\/03\/SOULDIM2-300x243.png 300w, https:\/\/www.soulledlighting.com\/wp-content\/uploads\/2022\/03\/SOULDIM2-24x19.png 24w, https:\/\/www.soulledlighting.com\/wp-content\/uploads\/2022\/03\/SOULDIM2-36x29.png 36w, https:\/\/www.soulledlighting.com\/wp-content\/uploads\/2022\/03\/SOULDIM2-48x39.png 48w\" data-sizes=\"(max-width: 613px) 100vw, 613px\" src=\"data:image\/svg+xml;base64,PHN2ZyB3aWR0aD0iMSIgaGVpZ2h0PSIxIiB4bWxucz0iaHR0cDovL3d3dy53My5vcmcvMjAwMC9zdmciPjwvc3ZnPg==\" style=\"--smush-placeholder-width: 613px; --smush-placeholder-aspect-ratio: 613\/497;\" \/><\/figure><\/li><li class=\"wp-block-jetpack-slideshow_slide swiper-slide\"><figure><img decoding=\"async\" width=\"614\" height=\"499\" alt=\"\" class=\"wp-block-jetpack-slideshow_image wp-image-1686 lazyload\" data-id=\"1686\" data-src=\"https:\/\/soulledlighting.com\/wp-content\/uploads\/2022\/03\/SOULDIM1.png\" data-srcset=\"https:\/\/www.soulledlighting.com\/wp-content\/uploads\/2022\/03\/SOULDIM1.png 614w, https:\/\/www.soulledlighting.com\/wp-content\/uploads\/2022\/03\/SOULDIM1-300x244.png 300w, https:\/\/www.soulledlighting.com\/wp-content\/uploads\/2022\/03\/SOULDIM1-24x20.png 24w, https:\/\/www.soulledlighting.com\/wp-content\/uploads\/2022\/03\/SOULDIM1-36x29.png 36w, https:\/\/www.soulledlighting.com\/wp-content\/uploads\/2022\/03\/SOULDIM1-48x39.png 48w\" data-sizes=\"(max-width: 614px) 100vw, 614px\" src=\"data:image\/svg+xml;base64,PHN2ZyB3aWR0aD0iMSIgaGVpZ2h0PSIxIiB4bWxucz0iaHR0cDovL3d3dy53My5vcmcvMjAwMC9zdmciPjwvc3ZnPg==\" style=\"--smush-placeholder-width: 614px; --smush-placeholder-aspect-ratio: 614\/499;\" \/><\/figure><\/li><li class=\"wp-block-jetpack-slideshow_slide swiper-slide\"><figure><img decoding=\"async\" width=\"1024\" height=\"807\" alt=\"\" class=\"wp-block-jetpack-slideshow_image wp-image-1690 lazyload\" data-id=\"1690\" data-src=\"https:\/\/soulledlighting.com\/wp-content\/uploads\/2022\/03\/SOULDIM-1024x807.jpg\" data-srcset=\"https:\/\/www.soulledlighting.com\/wp-content\/uploads\/2022\/03\/SOULDIM-1024x807.jpg 1024w, https:\/\/www.soulledlighting.com\/wp-content\/uploads\/2022\/03\/SOULDIM-300x236.jpg 300w, https:\/\/www.soulledlighting.com\/wp-content\/uploads\/2022\/03\/SOULDIM-768x605.jpg 768w, https:\/\/www.soulledlighting.com\/wp-content\/uploads\/2022\/03\/SOULDIM-24x19.jpg 24w, https:\/\/www.soulledlighting.com\/wp-content\/uploads\/2022\/03\/SOULDIM-36x28.jpg 36w, https:\/\/www.soulledlighting.com\/wp-content\/uploads\/2022\/03\/SOULDIM-48x38.jpg 48w, https:\/\/www.soulledlighting.com\/wp-content\/uploads\/2022\/03\/SOULDIM.jpg 1536w\" data-sizes=\"(max-width: 1024px) 100vw, 1024px\" src=\"data:image\/svg+xml;base64,PHN2ZyB3aWR0aD0iMSIgaGVpZ2h0PSIxIiB4bWxucz0iaHR0cDovL3d3dy53My5vcmcvMjAwMC9zdmciPjwvc3ZnPg==\" style=\"--smush-placeholder-width: 1024px; --smush-placeholder-aspect-ratio: 1024\/807;\" \/><\/figure><\/li><li class=\"wp-block-jetpack-slideshow_slide swiper-slide\"><figure><img decoding=\"async\" width=\"866\" height=\"286\" alt=\"\" class=\"wp-block-jetpack-slideshow_image wp-image-1684 lazyload\" data-id=\"1684\" data-src=\"https:\/\/soulledlighting.com\/wp-content\/uploads\/2022\/03\/soul-dim-spec.png\" data-srcset=\"https:\/\/www.soulledlighting.com\/wp-content\/uploads\/2022\/03\/soul-dim-spec.png 866w, https:\/\/www.soulledlighting.com\/wp-content\/uploads\/2022\/03\/soul-dim-spec-300x99.png 300w, https:\/\/www.soulledlighting.com\/wp-content\/uploads\/2022\/03\/soul-dim-spec-768x254.png 768w, https:\/\/www.soulledlighting.com\/wp-content\/uploads\/2022\/03\/soul-dim-spec-24x8.png 24w, https:\/\/www.soulledlighting.com\/wp-content\/uploads\/2022\/03\/soul-dim-spec-36x12.png 36w, https:\/\/www.soulledlighting.com\/wp-content\/uploads\/2022\/03\/soul-dim-spec-48x16.png 48w\" data-sizes=\"(max-width: 866px) 100vw, 866px\" src=\"data:image\/svg+xml;base64,PHN2ZyB3aWR0aD0iMSIgaGVpZ2h0PSIxIiB4bWxucz0iaHR0cDovL3d3dy53My5vcmcvMjAwMC9zdmciPjwvc3ZnPg==\" style=\"--smush-placeholder-width: 866px; --smush-placeholder-aspect-ratio: 866\/286;\" \/><\/figure><\/li><li class=\"wp-block-jetpack-slideshow_slide swiper-slide\"><figure><img decoding=\"async\" width=\"960\" height=\"448\" alt=\"\" class=\"wp-block-jetpack-slideshow_image wp-image-1691 lazyload\" data-id=\"1691\" data-src=\"https:\/\/soulledlighting.com\/wp-content\/uploads\/2022\/03\/SOULDIM-2.jpg\" data-srcset=\"https:\/\/www.soulledlighting.com\/wp-content\/uploads\/2022\/03\/SOULDIM-2.jpg 960w, https:\/\/www.soulledlighting.com\/wp-content\/uploads\/2022\/03\/SOULDIM-2-300x140.jpg 300w, https:\/\/www.soulledlighting.com\/wp-content\/uploads\/2022\/03\/SOULDIM-2-768x358.jpg 768w, https:\/\/www.soulledlighting.com\/wp-content\/uploads\/2022\/03\/SOULDIM-2-24x11.jpg 24w, https:\/\/www.soulledlighting.com\/wp-content\/uploads\/2022\/03\/SOULDIM-2-36x17.jpg 36w, https:\/\/www.soulledlighting.com\/wp-content\/uploads\/2022\/03\/SOULDIM-2-48x22.jpg 48w\" data-sizes=\"(max-width: 960px) 100vw, 960px\" src=\"data:image\/svg+xml;base64,PHN2ZyB3aWR0aD0iMSIgaGVpZ2h0PSIxIiB4bWxucz0iaHR0cDovL3d3dy53My5vcmcvMjAwMC9zdmciPjwvc3ZnPg==\" style=\"--smush-placeholder-width: 960px; --smush-placeholder-aspect-ratio: 960\/448;\" \/><\/figure><\/li><li class=\"wp-block-jetpack-slideshow_slide swiper-slide\"><figure><img decoding=\"async\" width=\"960\" height=\"448\" alt=\"\" class=\"wp-block-jetpack-slideshow_image wp-image-1692 lazyload\" data-id=\"1692\" data-src=\"https:\/\/soulledlighting.com\/wp-content\/uploads\/2022\/03\/SOULDIM-1.jpg\" data-srcset=\"https:\/\/www.soulledlighting.com\/wp-content\/uploads\/2022\/03\/SOULDIM-1.jpg 960w, https:\/\/www.soulledlighting.com\/wp-content\/uploads\/2022\/03\/SOULDIM-1-300x140.jpg 300w, https:\/\/www.soulledlighting.com\/wp-content\/uploads\/2022\/03\/SOULDIM-1-768x358.jpg 768w, https:\/\/www.soulledlighting.com\/wp-content\/uploads\/2022\/03\/SOULDIM-1-24x11.jpg 24w, https:\/\/www.soulledlighting.com\/wp-content\/uploads\/2022\/03\/SOULDIM-1-36x17.jpg 36w, https:\/\/www.soulledlighting.com\/wp-content\/uploads\/2022\/03\/SOULDIM-1-48x22.jpg 48w\" data-sizes=\"(max-width: 960px) 100vw, 960px\" src=\"data:image\/svg+xml;base64,PHN2ZyB3aWR0aD0iMSIgaGVpZ2h0PSIxIiB4bWxucz0iaHR0cDovL3d3dy53My5vcmcvMjAwMC9zdmciPjwvc3ZnPg==\" style=\"--smush-placeholder-width: 960px; --smush-placeholder-aspect-ratio: 960\/448;\" \/><\/figure><\/li><\/ul><a class=\"wp-block-jetpack-slideshow_button-prev swiper-button-prev swiper-button-white\" role=\"button\"><\/a><a class=\"wp-block-jetpack-slideshow_button-next swiper-button-next swiper-button-white\" role=\"button\"><\/a><a aria-label=\"Pause Slideshow\" class=\"wp-block-jetpack-slideshow_button-pause\" role=\"button\"><\/a><div class=\"wp-block-jetpack-slideshow_pagination swiper-pagination swiper-pagination-white\"><\/div><\/div><\/div>","protected":false},"excerpt":{"rendered":"<p>SOULDIM is an LED &#8211; 12V- Dimmer that let&#8217;s you create a low-light soothing<span class=\"more-dots\">&#8230;<\/span><\/p>","protected":false},"author":2,"featured_media":0,"parent":0,"menu_order":0,"comment_status":"closed","ping_status":"closed","template":"","meta":{"_coblocks_attr":"","_coblocks_dimensions":"","_coblocks_responsive_height":"","_coblocks_accordion_ie_support":"","advgb_blocks_editor_width":"","advgb_blocks_columns_visual_guide":"","footnotes":""},"class_list":["post-1683","page","type-page","status-publish","hentry","no-post-thumbnail"],"yoast_head":"<!-- This site is optimized with the Yoast SEO plugin v27.4 - https:\/\/yoast.com\/product\/yoast-seo-wordpress\/ -->\n<title>SOULDIM - Soul LED Tech + Design<\/title>\n<meta name=\"description\" content=\"Create a soothing ambiance with no flickering using SOULDIM, a 12V LED dimmer. Ideal for tight spaces\" \/>\n<meta name=\"robots\" content=\"index, follow, max-snippet:-1, max-image-preview:large, max-video-preview:-1\" \/>\n<link rel=\"canonical\" href=\"https:\/\/www.soulledlighting.com\/fr\/souldim\/\" \/>\n<meta property=\"og:locale\" content=\"fr_FR\" \/>\n<meta property=\"og:type\" content=\"article\" \/>\n<meta property=\"og:title\" content=\"SOULDIM - Soul LED Tech + Design\" \/>\n<meta property=\"og:description\" content=\"Create a soothing ambiance with no flickering using SOULDIM, a 12V LED dimmer. Ideal for tight spaces\" \/>\n<meta property=\"og:url\" content=\"https:\/\/www.soulledlighting.com\/fr\/souldim\/\" \/>\n<meta property=\"og:site_name\" content=\"Soul LED Tech + Design\" \/>\n<meta property=\"article:modified_time\" content=\"2023-05-17T15:56:15+00:00\" \/>\n<meta property=\"og:image\" content=\"https:\/\/soulledlighting.com\/wp-content\/uploads\/2022\/03\/SOULDIM.png\" \/>\n<meta name=\"twitter:card\" content=\"summary_large_image\" \/>\n<meta name=\"twitter:label1\" content=\"Dur\u00e9e de lecture estim\u00e9e\" \/>\n\t<meta name=\"twitter:data1\" content=\"2 minutes\" \/>\n<script type=\"application\/ld+json\" class=\"yoast-schema-graph\">{\"@context\":\"https:\\\/\\\/schema.org\",\"@graph\":[{\"@type\":\"WebPage\",\"@id\":\"https:\\\/\\\/www.soulledlighting.com\\\/souldim\\\/\",\"url\":\"https:\\\/\\\/www.soulledlighting.com\\\/souldim\\\/\",\"name\":\"SOULDIM - Soul LED Tech + Design\",\"isPartOf\":{\"@id\":\"https:\\\/\\\/www.soulledlighting.com\\\/#website\"},\"primaryImageOfPage\":{\"@id\":\"https:\\\/\\\/www.soulledlighting.com\\\/souldim\\\/#primaryimage\"},\"image\":{\"@id\":\"https:\\\/\\\/www.soulledlighting.com\\\/souldim\\\/#primaryimage\"},\"thumbnailUrl\":\"https:\\\/\\\/soulledlighting.com\\\/wp-content\\\/uploads\\\/2022\\\/03\\\/SOULDIM.png\",\"datePublished\":\"2022-03-14T15:22:14+00:00\",\"dateModified\":\"2023-05-17T15:56:15+00:00\",\"description\":\"Create a soothing ambiance with no flickering using SOULDIM, a 12V LED dimmer. Ideal for tight spaces\",\"breadcrumb\":{\"@id\":\"https:\\\/\\\/www.soulledlighting.com\\\/souldim\\\/#breadcrumb\"},\"inLanguage\":\"fr-FR\",\"potentialAction\":[{\"@type\":\"ReadAction\",\"target\":[\"https:\\\/\\\/www.soulledlighting.com\\\/souldim\\\/\"]}]},{\"@type\":\"ImageObject\",\"inLanguage\":\"fr-FR\",\"@id\":\"https:\\\/\\\/www.soulledlighting.com\\\/souldim\\\/#primaryimage\",\"url\":\"https:\\\/\\\/soulledlighting.com\\\/wp-content\\\/uploads\\\/2022\\\/03\\\/SOULDIM.png\",\"contentUrl\":\"https:\\\/\\\/soulledlighting.com\\\/wp-content\\\/uploads\\\/2022\\\/03\\\/SOULDIM.png\"},{\"@type\":\"BreadcrumbList\",\"@id\":\"https:\\\/\\\/www.soulledlighting.com\\\/souldim\\\/#breadcrumb\",\"itemListElement\":[{\"@type\":\"ListItem\",\"position\":1,\"name\":\"Accueil\",\"item\":\"https:\\\/\\\/www.soulledlighting.com\\\/\"},{\"@type\":\"ListItem\",\"position\":2,\"name\":\"SOULDIM\"}]},{\"@type\":\"WebSite\",\"@id\":\"https:\\\/\\\/www.soulledlighting.com\\\/#website\",\"url\":\"https:\\\/\\\/www.soulledlighting.com\\\/\",\"name\":\"Soul LED Tech + Design\",\"description\":\"\",\"publisher\":{\"@id\":\"https:\\\/\\\/www.soulledlighting.com\\\/#organization\"},\"potentialAction\":[{\"@type\":\"SearchAction\",\"target\":{\"@type\":\"EntryPoint\",\"urlTemplate\":\"https:\\\/\\\/www.soulledlighting.com\\\/?s={search_term_string}\"},\"query-input\":{\"@type\":\"PropertyValueSpecification\",\"valueRequired\":true,\"valueName\":\"search_term_string\"}}],\"inLanguage\":\"fr-FR\"},{\"@type\":\"Organization\",\"@id\":\"https:\\\/\\\/www.soulledlighting.com\\\/#organization\",\"name\":\"Soul LED Tech + Design\",\"url\":\"https:\\\/\\\/www.soulledlighting.com\\\/\",\"logo\":{\"@type\":\"ImageObject\",\"inLanguage\":\"fr-FR\",\"@id\":\"https:\\\/\\\/www.soulledlighting.com\\\/#\\\/schema\\\/logo\\\/image\\\/\",\"url\":\"https:\\\/\\\/www.soulledlighting.com\\\/wp-content\\\/uploads\\\/2022\\\/03\\\/cropped-cropped-cropped-cropped-logo.png\",\"contentUrl\":\"https:\\\/\\\/www.soulledlighting.com\\\/wp-content\\\/uploads\\\/2022\\\/03\\\/cropped-cropped-cropped-cropped-logo.png\",\"width\":3837,\"height\":1208,\"caption\":\"Soul LED Tech + Design\"},\"image\":{\"@id\":\"https:\\\/\\\/www.soulledlighting.com\\\/#\\\/schema\\\/logo\\\/image\\\/\"}}]}<\/script>\n<!-- \/ Yoast SEO plugin. -->","yoast_head_json":{"title":"SOULDIM - Soul LED Tech + Design","description":"Create a soothing ambiance with no flickering using SOULDIM, a 12V LED dimmer. Ideal for tight spaces","robots":{"index":"index","follow":"follow","max-snippet":"max-snippet:-1","max-image-preview":"max-image-preview:large","max-video-preview":"max-video-preview:-1"},"canonical":"https:\/\/www.soulledlighting.com\/fr\/souldim\/","og_locale":"fr_FR","og_type":"article","og_title":"SOULDIM - Soul LED Tech + Design","og_description":"Create a soothing ambiance with no flickering using SOULDIM, a 12V LED dimmer. Ideal for tight spaces","og_url":"https:\/\/www.soulledlighting.com\/fr\/souldim\/","og_site_name":"Soul LED Tech + Design","article_modified_time":"2023-05-17T15:56:15+00:00","og_image":[{"url":"https:\/\/soulledlighting.com\/wp-content\/uploads\/2022\/03\/SOULDIM.png","type":"","width":"","height":""}],"twitter_card":"summary_large_image","twitter_misc":{"Dur\u00e9e de lecture estim\u00e9e":"2 minutes"},"schema":{"@context":"https:\/\/schema.org","@graph":[{"@type":"WebPage","@id":"https:\/\/www.soulledlighting.com\/souldim\/","url":"https:\/\/www.soulledlighting.com\/souldim\/","name":"SOULDIM - Soul LED Tech + Design","isPartOf":{"@id":"https:\/\/www.soulledlighting.com\/#website"},"primaryImageOfPage":{"@id":"https:\/\/www.soulledlighting.com\/souldim\/#primaryimage"},"image":{"@id":"https:\/\/www.soulledlighting.com\/souldim\/#primaryimage"},"thumbnailUrl":"https:\/\/soulledlighting.com\/wp-content\/uploads\/2022\/03\/SOULDIM.png","datePublished":"2022-03-14T15:22:14+00:00","dateModified":"2023-05-17T15:56:15+00:00","description":"Create a soothing ambiance with no flickering using SOULDIM, a 12V LED dimmer. Ideal for tight spaces","breadcrumb":{"@id":"https:\/\/www.soulledlighting.com\/souldim\/#breadcrumb"},"inLanguage":"fr-FR","potentialAction":[{"@type":"ReadAction","target":["https:\/\/www.soulledlighting.com\/souldim\/"]}]},{"@type":"ImageObject","inLanguage":"fr-FR","@id":"https:\/\/www.soulledlighting.com\/souldim\/#primaryimage","url":"https:\/\/soulledlighting.com\/wp-content\/uploads\/2022\/03\/SOULDIM.png","contentUrl":"https:\/\/soulledlighting.com\/wp-content\/uploads\/2022\/03\/SOULDIM.png"},{"@type":"BreadcrumbList","@id":"https:\/\/www.soulledlighting.com\/souldim\/#breadcrumb","itemListElement":[{"@type":"ListItem","position":1,"name":"Accueil","item":"https:\/\/www.soulledlighting.com\/"},{"@type":"ListItem","position":2,"name":"SOULDIM"}]},{"@type":"WebSite","@id":"https:\/\/www.soulledlighting.com\/#website","url":"https:\/\/www.soulledlighting.com\/","name":"Soul LED Tech + Design","description":"","publisher":{"@id":"https:\/\/www.soulledlighting.com\/#organization"},"potentialAction":[{"@type":"SearchAction","target":{"@type":"EntryPoint","urlTemplate":"https:\/\/www.soulledlighting.com\/?s={search_term_string}"},"query-input":{"@type":"PropertyValueSpecification","valueRequired":true,"valueName":"search_term_string"}}],"inLanguage":"fr-FR"},{"@type":"Organization","@id":"https:\/\/www.soulledlighting.com\/#organization","name":"Soul LED Tech + Design","url":"https:\/\/www.soulledlighting.com\/","logo":{"@type":"ImageObject","inLanguage":"fr-FR","@id":"https:\/\/www.soulledlighting.com\/#\/schema\/logo\/image\/","url":"https:\/\/www.soulledlighting.com\/wp-content\/uploads\/2022\/03\/cropped-cropped-cropped-cropped-logo.png","contentUrl":"https:\/\/www.soulledlighting.com\/wp-content\/uploads\/2022\/03\/cropped-cropped-cropped-cropped-logo.png","width":3837,"height":1208,"caption":"Soul LED Tech + Design"},"image":{"@id":"https:\/\/www.soulledlighting.com\/#\/schema\/logo\/image\/"}}]}},"coauthors":[],"author_meta":{"author_link":false,"display_name":"Jean-Michel Fiorito"},"relative_dates":{"created":"Publi\u00e9 56 ans il y a","modified":"Mis \u00e0 jour 56 ans il y a"},"absolute_dates":{"created":"Publi\u00e9 le ","modified":"Mise \u00e0 jour le "},"absolute_dates_time":{"created":"Publi\u00e9 le ","modified":"Mise \u00e0 jour le "},"featured_img_caption":"","featured_img":false,"series_order":"","featured_media_urls":[],"_links":{"self":[{"href":"https:\/\/www.soulledlighting.com\/fr\/wp-json\/wp\/v2\/pages\/1683","targetHints":{"allow":["GET"]}}],"collection":[{"href":"https:\/\/www.soulledlighting.com\/fr\/wp-json\/wp\/v2\/pages"}],"about":[{"href":"https:\/\/www.soulledlighting.com\/fr\/wp-json\/wp\/v2\/types\/page"}],"author":[{"embeddable":true,"href":"https:\/\/www.soulledlighting.com\/fr\/wp-json\/wp\/v2\/users\/2"}],"replies":[{"embeddable":true,"href":"https:\/\/www.soulledlighting.com\/fr\/wp-json\/wp\/v2\/comments?post=1683"}],"version-history":[{"count":0,"href":"https:\/\/www.soulledlighting.com\/fr\/wp-json\/wp\/v2\/pages\/1683\/revisions"}],"wp:attachment":[{"href":"https:\/\/www.soulledlighting.com\/fr\/wp-json\/wp\/v2\/media?parent=1683"}],"curies":[{"name":"wp","href":"https:\/\/api.w.org\/{rel}","templated":true}]}}