{"id":1678,"date":"2022-03-14T10:37:23","date_gmt":"2022-03-14T14:37:23","guid":{"rendered":"https:\/\/soulledlighting.com\/?page_id=1678"},"modified":"2024-09-17T10:58:25","modified_gmt":"2024-09-17T14:58:25","slug":"slmotion-40d","status":"publish","type":"page","link":"https:\/\/www.soulledlighting.com\/fr\/slmotion-40d\/","title":{"rendered":"SLMOTION-40D"},"content":{"rendered":"<p>Le capteur de mouvement SLMOTION-40D fonctionne comme un interrupteur qui ne n\u00e9cessite aucun contact, ce qui les rend adapt\u00e9s aux personnes \u00e2g\u00e9es, aux enfants et aux personnes handicap\u00e9es. Pour tous ceux qui ont besoin d'aide suppl\u00e9mentaire pour naviguer dans la maison, les lumi\u00e8res de mouvement assureront qu'ils sont toujours en s\u00e9curit\u00e9 et capables de voir.<\/p>\n\n\n\n<p>De plus, les lampes \u00e0 d\u00e9tecteur de mouvement \u00e9conomisent de l'\u00e9nergie et vous aideront \u00e0 \u00e9conomiser sur votre facture d'\u00e9lectricit\u00e9. En s'\u00e9teignant automatiquement lorsqu'ils ne d\u00e9tectent plus de mouvement, vous n'aurez plus jamais \u00e0 v\u00e9rifier si vous avez \u00e9teint les lumi\u00e8res avant de vous coucher.<\/p>\n\n\n\n<p>\u2800\u2800<strong><\/strong><\/p>\n\n\n\n<p><strong>Description technique<\/strong><\/p>\n\n\n\n<p>SLMOTION-40D est un commutateur de capteur de mouvement PIR soud\u00e9 dans le profil Max 8A, sa plage de d\u00e9tection est \u22642 m\u00e8tres.<\/p>\n\n\n\n<p>D\u00e9lai SLMOTION-40D : 40 secondes<\/p>\n\n\n\n<div class=\"wp-block-file\"><a id=\"wp-block-file--media-ec938d9b-eb7d-421f-8e38-4a8cee0c2437\" href=\"https:\/\/www.soulledlighting.com\/wp-content\/uploads\/2024\/09\/SLMOTION-40D.pdf\">SLMOTION-40D<\/a><a href=\"https:\/\/www.soulledlighting.com\/wp-content\/uploads\/2024\/09\/SLMOTION-40D.pdf\" class=\"wp-block-file__button wp-element-button\" download aria-describedby=\"wp-block-file--media-ec938d9b-eb7d-421f-8e38-4a8cee0c2437\">T\u00e9l\u00e9charger<\/a><\/div>\n\n\n\n<div class=\"wp-block-jetpack-slideshow aligncenter\" data-effect=\"slide\"><div class=\"wp-block-jetpack-slideshow_container swiper-container\"><ul class=\"wp-block-jetpack-slideshow_swiper-wrapper swiper-wrapper\"><li class=\"wp-block-jetpack-slideshow_slide swiper-slide\"><figure><img fetchpriority=\"high\" decoding=\"async\" width=\"800\" height=\"800\" alt=\"\" class=\"wp-block-jetpack-slideshow_image wp-image-1679\" data-id=\"1679\" src=\"https:\/\/soulledlighting.com\/wp-content\/uploads\/2022\/03\/SLMOTION-40-installed.png\" srcset=\"https:\/\/www.soulledlighting.com\/wp-content\/uploads\/2022\/03\/SLMOTION-40-installed.png 800w, https:\/\/www.soulledlighting.com\/wp-content\/uploads\/2022\/03\/SLMOTION-40-installed-300x300.png 300w, https:\/\/www.soulledlighting.com\/wp-content\/uploads\/2022\/03\/SLMOTION-40-installed-150x150.png 150w, https:\/\/www.soulledlighting.com\/wp-content\/uploads\/2022\/03\/SLMOTION-40-installed-768x768.png 768w, https:\/\/www.soulledlighting.com\/wp-content\/uploads\/2022\/03\/SLMOTION-40-installed-24x24.png 24w, https:\/\/www.soulledlighting.com\/wp-content\/uploads\/2022\/03\/SLMOTION-40-installed-36x36.png 36w, https:\/\/www.soulledlighting.com\/wp-content\/uploads\/2022\/03\/SLMOTION-40-installed-48x48.png 48w\" sizes=\"(max-width: 800px) 100vw, 800px\" \/><\/figure><\/li><li class=\"wp-block-jetpack-slideshow_slide swiper-slide\"><figure><img decoding=\"async\" width=\"800\" height=\"800\" alt=\"\" class=\"wp-block-jetpack-slideshow_image wp-image-1680 lazyload\" data-id=\"1680\" data-src=\"https:\/\/soulledlighting.com\/wp-content\/uploads\/2022\/03\/SLMOTION-40-1.png\" data-srcset=\"https:\/\/www.soulledlighting.com\/wp-content\/uploads\/2022\/03\/SLMOTION-40-1.png 800w, https:\/\/www.soulledlighting.com\/wp-content\/uploads\/2022\/03\/SLMOTION-40-1-300x300.png 300w, https:\/\/www.soulledlighting.com\/wp-content\/uploads\/2022\/03\/SLMOTION-40-1-150x150.png 150w, https:\/\/www.soulledlighting.com\/wp-content\/uploads\/2022\/03\/SLMOTION-40-1-768x768.png 768w, https:\/\/www.soulledlighting.com\/wp-content\/uploads\/2022\/03\/SLMOTION-40-1-24x24.png 24w, https:\/\/www.soulledlighting.com\/wp-content\/uploads\/2022\/03\/SLMOTION-40-1-36x36.png 36w, https:\/\/www.soulledlighting.com\/wp-content\/uploads\/2022\/03\/SLMOTION-40-1-48x48.png 48w\" data-sizes=\"(max-width: 800px) 100vw, 800px\" src=\"data:image\/svg+xml;base64,PHN2ZyB3aWR0aD0iMSIgaGVpZ2h0PSIxIiB4bWxucz0iaHR0cDovL3d3dy53My5vcmcvMjAwMC9zdmciPjwvc3ZnPg==\" style=\"--smush-placeholder-width: 800px; --smush-placeholder-aspect-ratio: 800\/800;\" \/><\/figure><\/li><\/ul><a class=\"wp-block-jetpack-slideshow_button-prev swiper-button-prev swiper-button-white\" role=\"button\"><\/a><a class=\"wp-block-jetpack-slideshow_button-next swiper-button-next swiper-button-white\" role=\"button\"><\/a><a aria-label=\"Pause Slideshow\" class=\"wp-block-jetpack-slideshow_button-pause\" role=\"button\"><\/a><div class=\"wp-block-jetpack-slideshow_pagination swiper-pagination swiper-pagination-white\"><\/div><\/div><\/div>","protected":false},"excerpt":{"rendered":"<p>SLMOTION-40D Motion sensor works as a switch that requires no touch, making them elderly,<span class=\"more-dots\">&#8230;<\/span><\/p>","protected":false},"author":2,"featured_media":0,"parent":0,"menu_order":0,"comment_status":"closed","ping_status":"closed","template":"","meta":{"_coblocks_attr":"","_coblocks_dimensions":"","_coblocks_responsive_height":"","_coblocks_accordion_ie_support":"","advgb_blocks_editor_width":"","advgb_blocks_columns_visual_guide":"","footnotes":""},"class_list":["post-1678","page","type-page","status-publish","hentry","no-post-thumbnail"],"yoast_head":"<!-- This site is optimized with the Yoast SEO plugin v27.4 - https:\/\/yoast.com\/product\/yoast-seo-wordpress\/ -->\n<title>SLMOTION-40D - Soul LED Tech + Design<\/title>\n<meta name=\"description\" content=\"Ensure safety and accessibility with SLMOTION-40D motion sensor. Touchless switch for elderly, children, and disabled individuals.\" \/>\n<meta name=\"robots\" content=\"index, follow, max-snippet:-1, max-image-preview:large, max-video-preview:-1\" \/>\n<link rel=\"canonical\" href=\"https:\/\/www.soulledlighting.com\/fr\/slmotion-40d\/\" \/>\n<meta property=\"og:locale\" content=\"fr_FR\" \/>\n<meta property=\"og:type\" content=\"article\" \/>\n<meta property=\"og:title\" content=\"SLMOTION-40D - Soul LED Tech + Design\" \/>\n<meta property=\"og:description\" content=\"Ensure safety and accessibility with SLMOTION-40D motion sensor. Touchless switch for elderly, children, and disabled individuals.\" \/>\n<meta property=\"og:url\" content=\"https:\/\/www.soulledlighting.com\/fr\/slmotion-40d\/\" \/>\n<meta property=\"og:site_name\" content=\"Soul LED Tech + Design\" \/>\n<meta property=\"article:modified_time\" content=\"2024-09-17T14:58:25+00:00\" \/>\n<meta property=\"og:image\" content=\"https:\/\/soulledlighting.com\/wp-content\/uploads\/2022\/03\/SLMOTION-40-installed.png\" \/>\n<meta name=\"twitter:card\" content=\"summary_large_image\" \/>\n<meta name=\"twitter:label1\" content=\"Dur\u00e9e de lecture estim\u00e9e\" \/>\n\t<meta name=\"twitter:data1\" content=\"1 minute\" \/>\n<script type=\"application\/ld+json\" class=\"yoast-schema-graph\">{\"@context\":\"https:\\\/\\\/schema.org\",\"@graph\":[{\"@type\":\"WebPage\",\"@id\":\"https:\\\/\\\/www.soulledlighting.com\\\/slmotion-40d\\\/\",\"url\":\"https:\\\/\\\/www.soulledlighting.com\\\/slmotion-40d\\\/\",\"name\":\"SLMOTION-40D - Soul LED Tech + Design\",\"isPartOf\":{\"@id\":\"https:\\\/\\\/www.soulledlighting.com\\\/#website\"},\"primaryImageOfPage\":{\"@id\":\"https:\\\/\\\/www.soulledlighting.com\\\/slmotion-40d\\\/#primaryimage\"},\"image\":{\"@id\":\"https:\\\/\\\/www.soulledlighting.com\\\/slmotion-40d\\\/#primaryimage\"},\"thumbnailUrl\":\"https:\\\/\\\/soulledlighting.com\\\/wp-content\\\/uploads\\\/2022\\\/03\\\/SLMOTION-40-installed.png\",\"datePublished\":\"2022-03-14T14:37:23+00:00\",\"dateModified\":\"2024-09-17T14:58:25+00:00\",\"description\":\"Ensure safety and accessibility with SLMOTION-40D motion sensor. Touchless switch for elderly, children, and disabled individuals.\",\"breadcrumb\":{\"@id\":\"https:\\\/\\\/www.soulledlighting.com\\\/slmotion-40d\\\/#breadcrumb\"},\"inLanguage\":\"fr-FR\",\"potentialAction\":[{\"@type\":\"ReadAction\",\"target\":[\"https:\\\/\\\/www.soulledlighting.com\\\/slmotion-40d\\\/\"]}]},{\"@type\":\"ImageObject\",\"inLanguage\":\"fr-FR\",\"@id\":\"https:\\\/\\\/www.soulledlighting.com\\\/slmotion-40d\\\/#primaryimage\",\"url\":\"https:\\\/\\\/soulledlighting.com\\\/wp-content\\\/uploads\\\/2022\\\/03\\\/SLMOTION-40-installed.png\",\"contentUrl\":\"https:\\\/\\\/soulledlighting.com\\\/wp-content\\\/uploads\\\/2022\\\/03\\\/SLMOTION-40-installed.png\"},{\"@type\":\"BreadcrumbList\",\"@id\":\"https:\\\/\\\/www.soulledlighting.com\\\/slmotion-40d\\\/#breadcrumb\",\"itemListElement\":[{\"@type\":\"ListItem\",\"position\":1,\"name\":\"Accueil\",\"item\":\"https:\\\/\\\/www.soulledlighting.com\\\/\"},{\"@type\":\"ListItem\",\"position\":2,\"name\":\"SLMOTION-40D\"}]},{\"@type\":\"WebSite\",\"@id\":\"https:\\\/\\\/www.soulledlighting.com\\\/#website\",\"url\":\"https:\\\/\\\/www.soulledlighting.com\\\/\",\"name\":\"Soul LED Tech + Design\",\"description\":\"\",\"publisher\":{\"@id\":\"https:\\\/\\\/www.soulledlighting.com\\\/#organization\"},\"potentialAction\":[{\"@type\":\"SearchAction\",\"target\":{\"@type\":\"EntryPoint\",\"urlTemplate\":\"https:\\\/\\\/www.soulledlighting.com\\\/?s={search_term_string}\"},\"query-input\":{\"@type\":\"PropertyValueSpecification\",\"valueRequired\":true,\"valueName\":\"search_term_string\"}}],\"inLanguage\":\"fr-FR\"},{\"@type\":\"Organization\",\"@id\":\"https:\\\/\\\/www.soulledlighting.com\\\/#organization\",\"name\":\"Soul LED Tech + Design\",\"url\":\"https:\\\/\\\/www.soulledlighting.com\\\/\",\"logo\":{\"@type\":\"ImageObject\",\"inLanguage\":\"fr-FR\",\"@id\":\"https:\\\/\\\/www.soulledlighting.com\\\/#\\\/schema\\\/logo\\\/image\\\/\",\"url\":\"https:\\\/\\\/www.soulledlighting.com\\\/wp-content\\\/uploads\\\/2022\\\/03\\\/cropped-cropped-cropped-cropped-logo.png\",\"contentUrl\":\"https:\\\/\\\/www.soulledlighting.com\\\/wp-content\\\/uploads\\\/2022\\\/03\\\/cropped-cropped-cropped-cropped-logo.png\",\"width\":3837,\"height\":1208,\"caption\":\"Soul LED Tech + Design\"},\"image\":{\"@id\":\"https:\\\/\\\/www.soulledlighting.com\\\/#\\\/schema\\\/logo\\\/image\\\/\"}}]}<\/script>\n<!-- \/ Yoast SEO plugin. -->","yoast_head_json":{"title":"SLMOTION-40D - Soul LED Tech + Design","description":"Ensure safety and accessibility with SLMOTION-40D motion sensor. Touchless switch for elderly, children, and disabled individuals.","robots":{"index":"index","follow":"follow","max-snippet":"max-snippet:-1","max-image-preview":"max-image-preview:large","max-video-preview":"max-video-preview:-1"},"canonical":"https:\/\/www.soulledlighting.com\/fr\/slmotion-40d\/","og_locale":"fr_FR","og_type":"article","og_title":"SLMOTION-40D - Soul LED Tech + Design","og_description":"Ensure safety and accessibility with SLMOTION-40D motion sensor. Touchless switch for elderly, children, and disabled individuals.","og_url":"https:\/\/www.soulledlighting.com\/fr\/slmotion-40d\/","og_site_name":"Soul LED Tech + Design","article_modified_time":"2024-09-17T14:58:25+00:00","og_image":[{"url":"https:\/\/soulledlighting.com\/wp-content\/uploads\/2022\/03\/SLMOTION-40-installed.png","type":"","width":"","height":""}],"twitter_card":"summary_large_image","twitter_misc":{"Dur\u00e9e de lecture estim\u00e9e":"1 minute"},"schema":{"@context":"https:\/\/schema.org","@graph":[{"@type":"WebPage","@id":"https:\/\/www.soulledlighting.com\/slmotion-40d\/","url":"https:\/\/www.soulledlighting.com\/slmotion-40d\/","name":"SLMOTION-40D - Soul LED Tech + Design","isPartOf":{"@id":"https:\/\/www.soulledlighting.com\/#website"},"primaryImageOfPage":{"@id":"https:\/\/www.soulledlighting.com\/slmotion-40d\/#primaryimage"},"image":{"@id":"https:\/\/www.soulledlighting.com\/slmotion-40d\/#primaryimage"},"thumbnailUrl":"https:\/\/soulledlighting.com\/wp-content\/uploads\/2022\/03\/SLMOTION-40-installed.png","datePublished":"2022-03-14T14:37:23+00:00","dateModified":"2024-09-17T14:58:25+00:00","description":"Ensure safety and accessibility with SLMOTION-40D motion sensor. Touchless switch for elderly, children, and disabled individuals.","breadcrumb":{"@id":"https:\/\/www.soulledlighting.com\/slmotion-40d\/#breadcrumb"},"inLanguage":"fr-FR","potentialAction":[{"@type":"ReadAction","target":["https:\/\/www.soulledlighting.com\/slmotion-40d\/"]}]},{"@type":"ImageObject","inLanguage":"fr-FR","@id":"https:\/\/www.soulledlighting.com\/slmotion-40d\/#primaryimage","url":"https:\/\/soulledlighting.com\/wp-content\/uploads\/2022\/03\/SLMOTION-40-installed.png","contentUrl":"https:\/\/soulledlighting.com\/wp-content\/uploads\/2022\/03\/SLMOTION-40-installed.png"},{"@type":"BreadcrumbList","@id":"https:\/\/www.soulledlighting.com\/slmotion-40d\/#breadcrumb","itemListElement":[{"@type":"ListItem","position":1,"name":"Accueil","item":"https:\/\/www.soulledlighting.com\/"},{"@type":"ListItem","position":2,"name":"SLMOTION-40D"}]},{"@type":"WebSite","@id":"https:\/\/www.soulledlighting.com\/#website","url":"https:\/\/www.soulledlighting.com\/","name":"Soul LED Tech + Design","description":"","publisher":{"@id":"https:\/\/www.soulledlighting.com\/#organization"},"potentialAction":[{"@type":"SearchAction","target":{"@type":"EntryPoint","urlTemplate":"https:\/\/www.soulledlighting.com\/?s={search_term_string}"},"query-input":{"@type":"PropertyValueSpecification","valueRequired":true,"valueName":"search_term_string"}}],"inLanguage":"fr-FR"},{"@type":"Organization","@id":"https:\/\/www.soulledlighting.com\/#organization","name":"Soul LED Tech + Design","url":"https:\/\/www.soulledlighting.com\/","logo":{"@type":"ImageObject","inLanguage":"fr-FR","@id":"https:\/\/www.soulledlighting.com\/#\/schema\/logo\/image\/","url":"https:\/\/www.soulledlighting.com\/wp-content\/uploads\/2022\/03\/cropped-cropped-cropped-cropped-logo.png","contentUrl":"https:\/\/www.soulledlighting.com\/wp-content\/uploads\/2022\/03\/cropped-cropped-cropped-cropped-logo.png","width":3837,"height":1208,"caption":"Soul LED Tech + Design"},"image":{"@id":"https:\/\/www.soulledlighting.com\/#\/schema\/logo\/image\/"}}]}},"coauthors":[],"author_meta":{"author_link":false,"display_name":"Jean-Michel Fiorito"},"relative_dates":{"created":"Publi\u00e9 56 ans il y a","modified":"Mis \u00e0 jour 56 ans il y a"},"absolute_dates":{"created":"Publi\u00e9 le ","modified":"Mise \u00e0 jour le "},"absolute_dates_time":{"created":"Publi\u00e9 le ","modified":"Mise \u00e0 jour le "},"featured_img_caption":"","featured_img":false,"series_order":"","featured_media_urls":[],"_links":{"self":[{"href":"https:\/\/www.soulledlighting.com\/fr\/wp-json\/wp\/v2\/pages\/1678","targetHints":{"allow":["GET"]}}],"collection":[{"href":"https:\/\/www.soulledlighting.com\/fr\/wp-json\/wp\/v2\/pages"}],"about":[{"href":"https:\/\/www.soulledlighting.com\/fr\/wp-json\/wp\/v2\/types\/page"}],"author":[{"embeddable":true,"href":"https:\/\/www.soulledlighting.com\/fr\/wp-json\/wp\/v2\/users\/2"}],"replies":[{"embeddable":true,"href":"https:\/\/www.soulledlighting.com\/fr\/wp-json\/wp\/v2\/comments?post=1678"}],"version-history":[{"count":0,"href":"https:\/\/www.soulledlighting.com\/fr\/wp-json\/wp\/v2\/pages\/1678\/revisions"}],"wp:attachment":[{"href":"https:\/\/www.soulledlighting.com\/fr\/wp-json\/wp\/v2\/media?parent=1678"}],"curies":[{"name":"wp","href":"https:\/\/api.w.org\/{rel}","templated":true}]}}