{"id":1673,"date":"2022-03-14T10:35:55","date_gmt":"2022-03-14T14:35:55","guid":{"rendered":"https:\/\/soulledlighting.com\/?page_id=1673"},"modified":"2024-09-17T10:34:28","modified_gmt":"2024-09-17T14:34:28","slug":"slmagic-hand-2-2","status":"publish","type":"page","link":"https:\/\/www.soulledlighting.com\/fr\/slmagic-hand-2-2\/","title":{"rendered":"slmagic-hand"},"content":{"rendered":"<p>Le capteur manuel de proximit\u00e9 SLMAGIC-HAND est con\u00e7u pour fonctionner dans des applications de d\u00e9tection \u00e0 courte distance (\u226410 cm). Le module de d\u00e9tection de proximit\u00e9 offre une solution de contr\u00f4le facile pour les luminaires lin\u00e9aires qui utilisent des bandes lumineuses \u00e0 LED pour fournir un \u00e9clairage ambiant, de t\u00e2che ou d'accentuation.<\/p>\n\n\n\n<p>Le capteur de proximit\u00e9 d\u00e9tecte les petits mouvements tels que l'agitation de la main, offrant une commodit\u00e9 op\u00e9rationnelle pour la commutation sans contact. Int\u00e9grez le capteur de main magique \u00e0 des applications r\u00e9sidentielles ou commerciales telles que l'\u00e9clairage d'armoires, de placards, de tiroirs, d'armoires, de penderies et d'\u00e9tag\u00e8res.<\/p>\n\n\n\n<p>Comment \u00e7a marche? Il compare l'intensit\u00e9 du signal infrarouge r\u00e9fl\u00e9chi \u00e0 un seuil d\u00e9fini et active ou \u00e9teint la lumi\u00e8re lorsque la force du signal r\u00e9fl\u00e9chi est sup\u00e9rieure au seuil de d\u00e9tection.<\/p>\n\n\n\n<div class=\"wp-block-file\"><a id=\"wp-block-file--media-13b84ef2-0a53-4c8b-ba0a-ac06253c39ef\" href=\"https:\/\/www.soulledlighting.com\/wp-content\/uploads\/2024\/09\/SLMAGIC-HAND-spec.pdf\">SLMAGIC-HAND <\/a><a href=\"https:\/\/www.soulledlighting.com\/wp-content\/uploads\/2024\/09\/SLMAGIC-HAND-spec.pdf\" class=\"wp-block-file__button wp-element-button\" download aria-describedby=\"wp-block-file--media-13b84ef2-0a53-4c8b-ba0a-ac06253c39ef\">T\u00e9l\u00e9charger<\/a><\/div>\n\n\n\n<div style=\"height:53px\" aria-hidden=\"true\" class=\"wp-block-spacer\"><\/div>","protected":false},"excerpt":{"rendered":"<p>The SLMAGIC-HAND proximity hand sensor is designed for operation in short-distance detection applications (\u226410cm).<span class=\"more-dots\">&#8230;<\/span><\/p>","protected":false},"author":2,"featured_media":0,"parent":0,"menu_order":0,"comment_status":"closed","ping_status":"closed","template":"","meta":{"_coblocks_attr":"","_coblocks_dimensions":"","_coblocks_responsive_height":"","_coblocks_accordion_ie_support":"","advgb_blocks_editor_width":"","advgb_blocks_columns_visual_guide":"","footnotes":""},"class_list":["post-1673","page","type-page","status-publish","hentry","no-post-thumbnail"],"yoast_head":"<!-- This site is optimized with the Yoast SEO plugin v27.4 - https:\/\/yoast.com\/product\/yoast-seo-wordpress\/ -->\n<title>slmagic-hand - Soul LED Tech + Design<\/title>\n<meta name=\"description\" content=\"Experience seamless control with SLMAGIC-HAND proximity hand sensor. Ideal for short-distance detection in LED linear light fixtures.\" \/>\n<meta name=\"robots\" content=\"index, follow, max-snippet:-1, max-image-preview:large, max-video-preview:-1\" \/>\n<link rel=\"canonical\" href=\"https:\/\/www.soulledlighting.com\/fr\/slmagic-hand-2-2\/\" \/>\n<meta property=\"og:locale\" content=\"fr_FR\" \/>\n<meta property=\"og:type\" content=\"article\" \/>\n<meta property=\"og:title\" content=\"slmagic-hand - Soul LED Tech + Design\" \/>\n<meta property=\"og:description\" content=\"Experience seamless control with SLMAGIC-HAND proximity hand sensor. Ideal for short-distance detection in LED linear light fixtures.\" \/>\n<meta property=\"og:url\" content=\"https:\/\/www.soulledlighting.com\/fr\/slmagic-hand-2-2\/\" \/>\n<meta property=\"og:site_name\" content=\"Soul LED Tech + Design\" \/>\n<meta property=\"article:modified_time\" content=\"2024-09-17T14:34:28+00:00\" \/>\n<meta name=\"twitter:card\" content=\"summary_large_image\" \/>\n<meta name=\"twitter:label1\" content=\"Dur\u00e9e de lecture estim\u00e9e\" \/>\n\t<meta name=\"twitter:data1\" content=\"1 minute\" \/>\n<script type=\"application\/ld+json\" class=\"yoast-schema-graph\">{\"@context\":\"https:\\\/\\\/schema.org\",\"@graph\":[{\"@type\":\"WebPage\",\"@id\":\"https:\\\/\\\/www.soulledlighting.com\\\/slmagic-hand-2-2\\\/\",\"url\":\"https:\\\/\\\/www.soulledlighting.com\\\/slmagic-hand-2-2\\\/\",\"name\":\"slmagic-hand - Soul LED Tech + Design\",\"isPartOf\":{\"@id\":\"https:\\\/\\\/www.soulledlighting.com\\\/#website\"},\"datePublished\":\"2022-03-14T14:35:55+00:00\",\"dateModified\":\"2024-09-17T14:34:28+00:00\",\"description\":\"Experience seamless control with SLMAGIC-HAND proximity hand sensor. Ideal for short-distance detection in LED linear light fixtures.\",\"breadcrumb\":{\"@id\":\"https:\\\/\\\/www.soulledlighting.com\\\/slmagic-hand-2-2\\\/#breadcrumb\"},\"inLanguage\":\"fr-FR\",\"potentialAction\":[{\"@type\":\"ReadAction\",\"target\":[\"https:\\\/\\\/www.soulledlighting.com\\\/slmagic-hand-2-2\\\/\"]}]},{\"@type\":\"BreadcrumbList\",\"@id\":\"https:\\\/\\\/www.soulledlighting.com\\\/slmagic-hand-2-2\\\/#breadcrumb\",\"itemListElement\":[{\"@type\":\"ListItem\",\"position\":1,\"name\":\"Accueil\",\"item\":\"https:\\\/\\\/www.soulledlighting.com\\\/\"},{\"@type\":\"ListItem\",\"position\":2,\"name\":\"slmagic-hand\"}]},{\"@type\":\"WebSite\",\"@id\":\"https:\\\/\\\/www.soulledlighting.com\\\/#website\",\"url\":\"https:\\\/\\\/www.soulledlighting.com\\\/\",\"name\":\"Soul LED Tech + Design\",\"description\":\"\",\"publisher\":{\"@id\":\"https:\\\/\\\/www.soulledlighting.com\\\/#organization\"},\"potentialAction\":[{\"@type\":\"SearchAction\",\"target\":{\"@type\":\"EntryPoint\",\"urlTemplate\":\"https:\\\/\\\/www.soulledlighting.com\\\/?s={search_term_string}\"},\"query-input\":{\"@type\":\"PropertyValueSpecification\",\"valueRequired\":true,\"valueName\":\"search_term_string\"}}],\"inLanguage\":\"fr-FR\"},{\"@type\":\"Organization\",\"@id\":\"https:\\\/\\\/www.soulledlighting.com\\\/#organization\",\"name\":\"Soul LED Tech + Design\",\"url\":\"https:\\\/\\\/www.soulledlighting.com\\\/\",\"logo\":{\"@type\":\"ImageObject\",\"inLanguage\":\"fr-FR\",\"@id\":\"https:\\\/\\\/www.soulledlighting.com\\\/#\\\/schema\\\/logo\\\/image\\\/\",\"url\":\"https:\\\/\\\/www.soulledlighting.com\\\/wp-content\\\/uploads\\\/2022\\\/03\\\/cropped-cropped-cropped-cropped-logo.png\",\"contentUrl\":\"https:\\\/\\\/www.soulledlighting.com\\\/wp-content\\\/uploads\\\/2022\\\/03\\\/cropped-cropped-cropped-cropped-logo.png\",\"width\":3837,\"height\":1208,\"caption\":\"Soul LED Tech + Design\"},\"image\":{\"@id\":\"https:\\\/\\\/www.soulledlighting.com\\\/#\\\/schema\\\/logo\\\/image\\\/\"}}]}<\/script>\n<!-- \/ Yoast SEO plugin. -->","yoast_head_json":{"title":"slmagic-hand - Soul LED Tech + Design","description":"Experience seamless control with SLMAGIC-HAND proximity hand sensor. Ideal for short-distance detection in LED linear light fixtures.","robots":{"index":"index","follow":"follow","max-snippet":"max-snippet:-1","max-image-preview":"max-image-preview:large","max-video-preview":"max-video-preview:-1"},"canonical":"https:\/\/www.soulledlighting.com\/fr\/slmagic-hand-2-2\/","og_locale":"fr_FR","og_type":"article","og_title":"slmagic-hand - Soul LED Tech + Design","og_description":"Experience seamless control with SLMAGIC-HAND proximity hand sensor. Ideal for short-distance detection in LED linear light fixtures.","og_url":"https:\/\/www.soulledlighting.com\/fr\/slmagic-hand-2-2\/","og_site_name":"Soul LED Tech + Design","article_modified_time":"2024-09-17T14:34:28+00:00","twitter_card":"summary_large_image","twitter_misc":{"Dur\u00e9e de lecture estim\u00e9e":"1 minute"},"schema":{"@context":"https:\/\/schema.org","@graph":[{"@type":"WebPage","@id":"https:\/\/www.soulledlighting.com\/slmagic-hand-2-2\/","url":"https:\/\/www.soulledlighting.com\/slmagic-hand-2-2\/","name":"slmagic-hand - Soul LED Tech + Design","isPartOf":{"@id":"https:\/\/www.soulledlighting.com\/#website"},"datePublished":"2022-03-14T14:35:55+00:00","dateModified":"2024-09-17T14:34:28+00:00","description":"Experience seamless control with SLMAGIC-HAND proximity hand sensor. Ideal for short-distance detection in LED linear light fixtures.","breadcrumb":{"@id":"https:\/\/www.soulledlighting.com\/slmagic-hand-2-2\/#breadcrumb"},"inLanguage":"fr-FR","potentialAction":[{"@type":"ReadAction","target":["https:\/\/www.soulledlighting.com\/slmagic-hand-2-2\/"]}]},{"@type":"BreadcrumbList","@id":"https:\/\/www.soulledlighting.com\/slmagic-hand-2-2\/#breadcrumb","itemListElement":[{"@type":"ListItem","position":1,"name":"Accueil","item":"https:\/\/www.soulledlighting.com\/"},{"@type":"ListItem","position":2,"name":"slmagic-hand"}]},{"@type":"WebSite","@id":"https:\/\/www.soulledlighting.com\/#website","url":"https:\/\/www.soulledlighting.com\/","name":"Soul LED Tech + Design","description":"","publisher":{"@id":"https:\/\/www.soulledlighting.com\/#organization"},"potentialAction":[{"@type":"SearchAction","target":{"@type":"EntryPoint","urlTemplate":"https:\/\/www.soulledlighting.com\/?s={search_term_string}"},"query-input":{"@type":"PropertyValueSpecification","valueRequired":true,"valueName":"search_term_string"}}],"inLanguage":"fr-FR"},{"@type":"Organization","@id":"https:\/\/www.soulledlighting.com\/#organization","name":"Soul LED Tech + Design","url":"https:\/\/www.soulledlighting.com\/","logo":{"@type":"ImageObject","inLanguage":"fr-FR","@id":"https:\/\/www.soulledlighting.com\/#\/schema\/logo\/image\/","url":"https:\/\/www.soulledlighting.com\/wp-content\/uploads\/2022\/03\/cropped-cropped-cropped-cropped-logo.png","contentUrl":"https:\/\/www.soulledlighting.com\/wp-content\/uploads\/2022\/03\/cropped-cropped-cropped-cropped-logo.png","width":3837,"height":1208,"caption":"Soul LED Tech + Design"},"image":{"@id":"https:\/\/www.soulledlighting.com\/#\/schema\/logo\/image\/"}}]}},"coauthors":[],"author_meta":{"author_link":false,"display_name":"Jean-Michel Fiorito"},"relative_dates":{"created":"Publi\u00e9 56 ans il y a","modified":"Mis \u00e0 jour 56 ans il y a"},"absolute_dates":{"created":"Publi\u00e9 le ","modified":"Mise \u00e0 jour le "},"absolute_dates_time":{"created":"Publi\u00e9 le ","modified":"Mise \u00e0 jour le "},"featured_img_caption":"","featured_img":false,"series_order":"","featured_media_urls":[],"_links":{"self":[{"href":"https:\/\/www.soulledlighting.com\/fr\/wp-json\/wp\/v2\/pages\/1673","targetHints":{"allow":["GET"]}}],"collection":[{"href":"https:\/\/www.soulledlighting.com\/fr\/wp-json\/wp\/v2\/pages"}],"about":[{"href":"https:\/\/www.soulledlighting.com\/fr\/wp-json\/wp\/v2\/types\/page"}],"author":[{"embeddable":true,"href":"https:\/\/www.soulledlighting.com\/fr\/wp-json\/wp\/v2\/users\/2"}],"replies":[{"embeddable":true,"href":"https:\/\/www.soulledlighting.com\/fr\/wp-json\/wp\/v2\/comments?post=1673"}],"version-history":[{"count":0,"href":"https:\/\/www.soulledlighting.com\/fr\/wp-json\/wp\/v2\/pages\/1673\/revisions"}],"wp:attachment":[{"href":"https:\/\/www.soulledlighting.com\/fr\/wp-json\/wp\/v2\/media?parent=1673"}],"curies":[{"name":"wp","href":"https:\/\/api.w.org\/{rel}","templated":true}]}}