{"id":1667,"date":"2022-03-14T10:30:38","date_gmt":"2022-03-14T14:30:38","guid":{"rendered":"https:\/\/soulledlighting.com\/?page_id=1667"},"modified":"2024-09-17T10:29:29","modified_gmt":"2024-09-17T14:29:29","slug":"sldoor-r-3","status":"publish","type":"page","link":"https:\/\/www.soulledlighting.com\/fr\/sldoor-r-3\/","title":{"rendered":"SLDOOR-R8"},"content":{"rendered":"<p>SLDOOR-R8 est un petit capteur de porte facilement encastr\u00e9 dans n'importe quelle armoire, tiroir, porte de placard, etc. Lorsque la porte ou le tiroir est ouvert(e), la lumi\u00e8re s'allume ; une fois la porte ou le tiroir ferm\u00e9(e), la lumi\u00e8re s'\u00e9teint.<\/p>\n\n\n\n<p>Le capteur a une capacit\u00e9 maximale de 60 W, une longueur de c\u00e2ble d'1 m\u00e8tre et peut \u00eatre mont\u00e9 jusqu'\u00e0 10 cm de la porte. Le capteur doit \u00eatre c\u00e2bl\u00e9 entre la source d'alimentation et la lumi\u00e8re.<\/p>\n\n\n\n<p>La simplicit\u00e9 du capteur de porte tr\u00e8s r\u00e9actif le rend tr\u00e8s pratique, pour ne jamais oublier d'allumer ou d'\u00e9teindre vos lumi\u00e8res \u00e0 l'int\u00e9rieur de vos armoires.<\/p>\n\n\n\n<div class=\"wp-block-file\"><a id=\"wp-block-file--media-de34af4c-af74-4657-9136-37988e1a474f\" href=\"https:\/\/www.soulledlighting.com\/wp-content\/uploads\/2023\/06\/SLDOOR-R8.pdf\">SLDOOR-R8<\/a><a href=\"https:\/\/www.soulledlighting.com\/wp-content\/uploads\/2023\/06\/SLDOOR-R8.pdf\" class=\"wp-block-file__button wp-element-button\" download aria-describedby=\"wp-block-file--media-de34af4c-af74-4657-9136-37988e1a474f\">T\u00e9l\u00e9charger<\/a><\/div>\n\n\n\n<div class=\"wp-block-buttons is-layout-flex wp-block-buttons-is-layout-flex\"><\/div>\n\n\n\n<div class=\"wp-block-jetpack-slideshow aligncenter\" data-effect=\"slide\"><div class=\"wp-block-jetpack-slideshow_container swiper-container\"><ul class=\"wp-block-jetpack-slideshow_swiper-wrapper swiper-wrapper\"><li class=\"wp-block-jetpack-slideshow_slide swiper-slide\"><figure><img fetchpriority=\"high\" decoding=\"async\" width=\"1024\" height=\"614\" alt=\"\" class=\"wp-block-jetpack-slideshow_image wp-image-2106\" data-id=\"2106\" src=\"https:\/\/www.soulledlighting.com\/wp-content\/uploads\/2023\/06\/2-1-1024x614.png\" srcset=\"https:\/\/www.soulledlighting.com\/wp-content\/uploads\/2023\/06\/2-1-1024x614.png 1024w, https:\/\/www.soulledlighting.com\/wp-content\/uploads\/2023\/06\/2-1-300x180.png 300w, https:\/\/www.soulledlighting.com\/wp-content\/uploads\/2023\/06\/2-1-768x461.png 768w, https:\/\/www.soulledlighting.com\/wp-content\/uploads\/2023\/06\/2-1-18x12.png 18w, https:\/\/www.soulledlighting.com\/wp-content\/uploads\/2023\/06\/2-1-24x14.png 24w, https:\/\/www.soulledlighting.com\/wp-content\/uploads\/2023\/06\/2-1-36x22.png 36w, https:\/\/www.soulledlighting.com\/wp-content\/uploads\/2023\/06\/2-1-48x29.png 48w, https:\/\/www.soulledlighting.com\/wp-content\/uploads\/2023\/06\/2-1-600x360.png 600w, https:\/\/www.soulledlighting.com\/wp-content\/uploads\/2023\/06\/2-1-1200x720.png 1200w, https:\/\/www.soulledlighting.com\/wp-content\/uploads\/2023\/06\/2-1.png 1484w\" sizes=\"(max-width: 1024px) 100vw, 1024px\" \/><\/figure><\/li><li class=\"wp-block-jetpack-slideshow_slide swiper-slide\"><figure><img decoding=\"async\" width=\"1024\" height=\"683\" alt=\"\" class=\"wp-block-jetpack-slideshow_image wp-image-2105 lazyload\" data-id=\"2105\" data-src=\"https:\/\/www.soulledlighting.com\/wp-content\/uploads\/2023\/06\/IMG_8038-1-1024x683.jpg\" data-srcset=\"https:\/\/www.soulledlighting.com\/wp-content\/uploads\/2023\/06\/IMG_8038-1-1024x683.jpg 1024w, https:\/\/www.soulledlighting.com\/wp-content\/uploads\/2023\/06\/IMG_8038-1-300x200.jpg 300w, https:\/\/www.soulledlighting.com\/wp-content\/uploads\/2023\/06\/IMG_8038-1-768x512.jpg 768w, https:\/\/www.soulledlighting.com\/wp-content\/uploads\/2023\/06\/IMG_8038-1-1536x1024.jpg 1536w, https:\/\/www.soulledlighting.com\/wp-content\/uploads\/2023\/06\/IMG_8038-1-2048x1365.jpg 2048w, https:\/\/www.soulledlighting.com\/wp-content\/uploads\/2023\/06\/IMG_8038-1-18x12.jpg 18w, https:\/\/www.soulledlighting.com\/wp-content\/uploads\/2023\/06\/IMG_8038-1-2000x1333.jpg 2000w, https:\/\/www.soulledlighting.com\/wp-content\/uploads\/2023\/06\/IMG_8038-1-24x16.jpg 24w, https:\/\/www.soulledlighting.com\/wp-content\/uploads\/2023\/06\/IMG_8038-1-36x24.jpg 36w, https:\/\/www.soulledlighting.com\/wp-content\/uploads\/2023\/06\/IMG_8038-1-48x32.jpg 48w, https:\/\/www.soulledlighting.com\/wp-content\/uploads\/2023\/06\/IMG_8038-1-600x400.jpg 600w, https:\/\/www.soulledlighting.com\/wp-content\/uploads\/2023\/06\/IMG_8038-1-1200x800.jpg 1200w\" data-sizes=\"(max-width: 1024px) 100vw, 1024px\" src=\"data:image\/svg+xml;base64,PHN2ZyB3aWR0aD0iMSIgaGVpZ2h0PSIxIiB4bWxucz0iaHR0cDovL3d3dy53My5vcmcvMjAwMC9zdmciPjwvc3ZnPg==\" style=\"--smush-placeholder-width: 1024px; --smush-placeholder-aspect-ratio: 1024\/683;\" \/><\/figure><\/li><li class=\"wp-block-jetpack-slideshow_slide swiper-slide\"><figure><img decoding=\"async\" width=\"1024\" height=\"683\" alt=\"\" class=\"wp-block-jetpack-slideshow_image wp-image-2103 lazyload\" data-id=\"2103\" data-src=\"https:\/\/www.soulledlighting.com\/wp-content\/uploads\/2023\/06\/IMG_8043-1-1024x683.jpg\" data-srcset=\"https:\/\/www.soulledlighting.com\/wp-content\/uploads\/2023\/06\/IMG_8043-1-1024x683.jpg 1024w, https:\/\/www.soulledlighting.com\/wp-content\/uploads\/2023\/06\/IMG_8043-1-300x200.jpg 300w, https:\/\/www.soulledlighting.com\/wp-content\/uploads\/2023\/06\/IMG_8043-1-768x512.jpg 768w, https:\/\/www.soulledlighting.com\/wp-content\/uploads\/2023\/06\/IMG_8043-1-1536x1024.jpg 1536w, https:\/\/www.soulledlighting.com\/wp-content\/uploads\/2023\/06\/IMG_8043-1-2048x1365.jpg 2048w, https:\/\/www.soulledlighting.com\/wp-content\/uploads\/2023\/06\/IMG_8043-1-18x12.jpg 18w, https:\/\/www.soulledlighting.com\/wp-content\/uploads\/2023\/06\/IMG_8043-1-2000x1333.jpg 2000w, https:\/\/www.soulledlighting.com\/wp-content\/uploads\/2023\/06\/IMG_8043-1-24x16.jpg 24w, https:\/\/www.soulledlighting.com\/wp-content\/uploads\/2023\/06\/IMG_8043-1-36x24.jpg 36w, https:\/\/www.soulledlighting.com\/wp-content\/uploads\/2023\/06\/IMG_8043-1-48x32.jpg 48w, https:\/\/www.soulledlighting.com\/wp-content\/uploads\/2023\/06\/IMG_8043-1-600x400.jpg 600w, https:\/\/www.soulledlighting.com\/wp-content\/uploads\/2023\/06\/IMG_8043-1-1200x800.jpg 1200w\" data-sizes=\"(max-width: 1024px) 100vw, 1024px\" src=\"data:image\/svg+xml;base64,PHN2ZyB3aWR0aD0iMSIgaGVpZ2h0PSIxIiB4bWxucz0iaHR0cDovL3d3dy53My5vcmcvMjAwMC9zdmciPjwvc3ZnPg==\" style=\"--smush-placeholder-width: 1024px; --smush-placeholder-aspect-ratio: 1024\/683;\" \/><\/figure><\/li><li class=\"wp-block-jetpack-slideshow_slide swiper-slide\"><figure><img decoding=\"async\" width=\"1024\" height=\"661\" alt=\"\" class=\"wp-block-jetpack-slideshow_image wp-image-2101 lazyload\" data-id=\"2101\" data-src=\"https:\/\/www.soulledlighting.com\/wp-content\/uploads\/2023\/06\/Dimensions-1-1024x661.png\" data-srcset=\"https:\/\/www.soulledlighting.com\/wp-content\/uploads\/2023\/06\/Dimensions-1-1024x661.png 1024w, https:\/\/www.soulledlighting.com\/wp-content\/uploads\/2023\/06\/Dimensions-1-300x194.png 300w, https:\/\/www.soulledlighting.com\/wp-content\/uploads\/2023\/06\/Dimensions-1-768x496.png 768w, https:\/\/www.soulledlighting.com\/wp-content\/uploads\/2023\/06\/Dimensions-1-18x12.png 18w, https:\/\/www.soulledlighting.com\/wp-content\/uploads\/2023\/06\/Dimensions-1-24x16.png 24w, https:\/\/www.soulledlighting.com\/wp-content\/uploads\/2023\/06\/Dimensions-1-36x23.png 36w, https:\/\/www.soulledlighting.com\/wp-content\/uploads\/2023\/06\/Dimensions-1-48x31.png 48w, https:\/\/www.soulledlighting.com\/wp-content\/uploads\/2023\/06\/Dimensions-1-600x388.png 600w, https:\/\/www.soulledlighting.com\/wp-content\/uploads\/2023\/06\/Dimensions-1-1200x775.png 1200w, https:\/\/www.soulledlighting.com\/wp-content\/uploads\/2023\/06\/Dimensions-1.png 1384w\" data-sizes=\"(max-width: 1024px) 100vw, 1024px\" src=\"data:image\/svg+xml;base64,PHN2ZyB3aWR0aD0iMSIgaGVpZ2h0PSIxIiB4bWxucz0iaHR0cDovL3d3dy53My5vcmcvMjAwMC9zdmciPjwvc3ZnPg==\" style=\"--smush-placeholder-width: 1024px; --smush-placeholder-aspect-ratio: 1024\/661;\" \/><figcaption class=\"wp-block-jetpack-slideshow_caption gallery-caption\">DOOR SENSOR DIMS<\/figcaption><\/figure><\/li><li class=\"wp-block-jetpack-slideshow_slide swiper-slide\"><figure><img decoding=\"async\" width=\"1024\" height=\"683\" alt=\"\" class=\"wp-block-jetpack-slideshow_image wp-image-2102 lazyload\" data-id=\"2102\" data-src=\"https:\/\/www.soulledlighting.com\/wp-content\/uploads\/2023\/06\/IMG_8039-1024x683.jpg\" data-srcset=\"https:\/\/www.soulledlighting.com\/wp-content\/uploads\/2023\/06\/IMG_8039-1024x683.jpg 1024w, https:\/\/www.soulledlighting.com\/wp-content\/uploads\/2023\/06\/IMG_8039-300x200.jpg 300w, https:\/\/www.soulledlighting.com\/wp-content\/uploads\/2023\/06\/IMG_8039-768x512.jpg 768w, https:\/\/www.soulledlighting.com\/wp-content\/uploads\/2023\/06\/IMG_8039-1536x1024.jpg 1536w, https:\/\/www.soulledlighting.com\/wp-content\/uploads\/2023\/06\/IMG_8039-2048x1365.jpg 2048w, https:\/\/www.soulledlighting.com\/wp-content\/uploads\/2023\/06\/IMG_8039-18x12.jpg 18w, https:\/\/www.soulledlighting.com\/wp-content\/uploads\/2023\/06\/IMG_8039-2000x1333.jpg 2000w, https:\/\/www.soulledlighting.com\/wp-content\/uploads\/2023\/06\/IMG_8039-24x16.jpg 24w, https:\/\/www.soulledlighting.com\/wp-content\/uploads\/2023\/06\/IMG_8039-36x24.jpg 36w, https:\/\/www.soulledlighting.com\/wp-content\/uploads\/2023\/06\/IMG_8039-48x32.jpg 48w, https:\/\/www.soulledlighting.com\/wp-content\/uploads\/2023\/06\/IMG_8039-600x400.jpg 600w, https:\/\/www.soulledlighting.com\/wp-content\/uploads\/2023\/06\/IMG_8039-1200x800.jpg 1200w\" data-sizes=\"(max-width: 1024px) 100vw, 1024px\" src=\"data:image\/svg+xml;base64,PHN2ZyB3aWR0aD0iMSIgaGVpZ2h0PSIxIiB4bWxucz0iaHR0cDovL3d3dy53My5vcmcvMjAwMC9zdmciPjwvc3ZnPg==\" style=\"--smush-placeholder-width: 1024px; --smush-placeholder-aspect-ratio: 1024\/683;\" \/><\/figure><\/li><li class=\"wp-block-jetpack-slideshow_slide swiper-slide\"><figure><img decoding=\"async\" width=\"1024\" height=\"683\" alt=\"\" class=\"wp-block-jetpack-slideshow_image wp-image-2104 lazyload\" data-id=\"2104\" data-src=\"https:\/\/www.soulledlighting.com\/wp-content\/uploads\/2023\/06\/IMG_8036-1024x683.jpg\" data-srcset=\"https:\/\/www.soulledlighting.com\/wp-content\/uploads\/2023\/06\/IMG_8036-1024x683.jpg 1024w, https:\/\/www.soulledlighting.com\/wp-content\/uploads\/2023\/06\/IMG_8036-300x200.jpg 300w, https:\/\/www.soulledlighting.com\/wp-content\/uploads\/2023\/06\/IMG_8036-768x512.jpg 768w, https:\/\/www.soulledlighting.com\/wp-content\/uploads\/2023\/06\/IMG_8036-1536x1024.jpg 1536w, https:\/\/www.soulledlighting.com\/wp-content\/uploads\/2023\/06\/IMG_8036-2048x1365.jpg 2048w, https:\/\/www.soulledlighting.com\/wp-content\/uploads\/2023\/06\/IMG_8036-18x12.jpg 18w, https:\/\/www.soulledlighting.com\/wp-content\/uploads\/2023\/06\/IMG_8036-2000x1333.jpg 2000w, https:\/\/www.soulledlighting.com\/wp-content\/uploads\/2023\/06\/IMG_8036-24x16.jpg 24w, https:\/\/www.soulledlighting.com\/wp-content\/uploads\/2023\/06\/IMG_8036-36x24.jpg 36w, https:\/\/www.soulledlighting.com\/wp-content\/uploads\/2023\/06\/IMG_8036-48x32.jpg 48w, https:\/\/www.soulledlighting.com\/wp-content\/uploads\/2023\/06\/IMG_8036-600x400.jpg 600w, https:\/\/www.soulledlighting.com\/wp-content\/uploads\/2023\/06\/IMG_8036-1200x800.jpg 1200w\" data-sizes=\"(max-width: 1024px) 100vw, 1024px\" src=\"data:image\/svg+xml;base64,PHN2ZyB3aWR0aD0iMSIgaGVpZ2h0PSIxIiB4bWxucz0iaHR0cDovL3d3dy53My5vcmcvMjAwMC9zdmciPjwvc3ZnPg==\" style=\"--smush-placeholder-width: 1024px; --smush-placeholder-aspect-ratio: 1024\/683;\" \/><\/figure><\/li><\/ul><a class=\"wp-block-jetpack-slideshow_button-prev swiper-button-prev swiper-button-white\" role=\"button\"><\/a><a class=\"wp-block-jetpack-slideshow_button-next swiper-button-next swiper-button-white\" role=\"button\"><\/a><a aria-label=\"Pause Slideshow\" class=\"wp-block-jetpack-slideshow_button-pause\" role=\"button\"><\/a><div class=\"wp-block-jetpack-slideshow_pagination swiper-pagination swiper-pagination-white\"><\/div><\/div><\/div>","protected":false},"excerpt":{"rendered":"<p>SLDOOR-R8 is a small door sensor easily recessed into any cabinets, drawers, closet doors,<span class=\"more-dots\">&#8230;<\/span><\/p>","protected":false},"author":2,"featured_media":0,"parent":0,"menu_order":0,"comment_status":"closed","ping_status":"closed","template":"","meta":{"_coblocks_attr":"","_coblocks_dimensions":"","_coblocks_responsive_height":"","_coblocks_accordion_ie_support":"","advgb_blocks_editor_width":"","advgb_blocks_columns_visual_guide":"","footnotes":""},"class_list":["post-1667","page","type-page","status-publish","hentry","no-post-thumbnail"],"yoast_head":"<!-- This site is optimized with the Yoast SEO plugin v27.4 - https:\/\/yoast.com\/product\/yoast-seo-wordpress\/ -->\n<title>SLDOOR-R8 - Soul LED Tech + Design<\/title>\n<meta name=\"description\" content=\"Elevate convenience with SLDOOR-R small door sensor. Effortlessly recess it into cabinets, drawers, closet doors, and enjoy automatic lighting control.\" \/>\n<meta name=\"robots\" content=\"index, follow, max-snippet:-1, max-image-preview:large, max-video-preview:-1\" \/>\n<link rel=\"canonical\" href=\"https:\/\/www.soulledlighting.com\/fr\/sldoor-r-3\/\" \/>\n<meta property=\"og:locale\" content=\"fr_FR\" \/>\n<meta property=\"og:type\" content=\"article\" \/>\n<meta property=\"og:title\" content=\"SLDOOR-R8 - Soul LED Tech + Design\" \/>\n<meta property=\"og:description\" content=\"Elevate convenience with SLDOOR-R small door sensor. Effortlessly recess it into cabinets, drawers, closet doors, and enjoy automatic lighting control.\" \/>\n<meta property=\"og:url\" content=\"https:\/\/www.soulledlighting.com\/fr\/sldoor-r-3\/\" \/>\n<meta property=\"og:site_name\" content=\"Soul LED Tech + Design\" \/>\n<meta property=\"article:modified_time\" content=\"2024-09-17T14:29:29+00:00\" \/>\n<meta property=\"og:image\" content=\"https:\/\/www.soulledlighting.com\/wp-content\/uploads\/2023\/06\/2-1-1024x614.png\" \/>\n<meta name=\"twitter:card\" content=\"summary_large_image\" \/>\n<meta name=\"twitter:label1\" content=\"Dur\u00e9e de lecture estim\u00e9e\" \/>\n\t<meta name=\"twitter:data1\" content=\"2 minutes\" \/>\n<script type=\"application\/ld+json\" class=\"yoast-schema-graph\">{\"@context\":\"https:\\\/\\\/schema.org\",\"@graph\":[{\"@type\":\"WebPage\",\"@id\":\"https:\\\/\\\/www.soulledlighting.com\\\/sldoor-r-3\\\/\",\"url\":\"https:\\\/\\\/www.soulledlighting.com\\\/sldoor-r-3\\\/\",\"name\":\"SLDOOR-R8 - Soul LED Tech + Design\",\"isPartOf\":{\"@id\":\"https:\\\/\\\/www.soulledlighting.com\\\/#website\"},\"primaryImageOfPage\":{\"@id\":\"https:\\\/\\\/www.soulledlighting.com\\\/sldoor-r-3\\\/#primaryimage\"},\"image\":{\"@id\":\"https:\\\/\\\/www.soulledlighting.com\\\/sldoor-r-3\\\/#primaryimage\"},\"thumbnailUrl\":\"https:\\\/\\\/www.soulledlighting.com\\\/wp-content\\\/uploads\\\/2023\\\/06\\\/2-1-1024x614.png\",\"datePublished\":\"2022-03-14T14:30:38+00:00\",\"dateModified\":\"2024-09-17T14:29:29+00:00\",\"description\":\"Elevate convenience with SLDOOR-R small door sensor. Effortlessly recess it into cabinets, drawers, closet doors, and enjoy automatic lighting control.\",\"breadcrumb\":{\"@id\":\"https:\\\/\\\/www.soulledlighting.com\\\/sldoor-r-3\\\/#breadcrumb\"},\"inLanguage\":\"fr-FR\",\"potentialAction\":[{\"@type\":\"ReadAction\",\"target\":[\"https:\\\/\\\/www.soulledlighting.com\\\/sldoor-r-3\\\/\"]}]},{\"@type\":\"ImageObject\",\"inLanguage\":\"fr-FR\",\"@id\":\"https:\\\/\\\/www.soulledlighting.com\\\/sldoor-r-3\\\/#primaryimage\",\"url\":\"https:\\\/\\\/www.soulledlighting.com\\\/wp-content\\\/uploads\\\/2023\\\/06\\\/2-1-1024x614.png\",\"contentUrl\":\"https:\\\/\\\/www.soulledlighting.com\\\/wp-content\\\/uploads\\\/2023\\\/06\\\/2-1-1024x614.png\"},{\"@type\":\"BreadcrumbList\",\"@id\":\"https:\\\/\\\/www.soulledlighting.com\\\/sldoor-r-3\\\/#breadcrumb\",\"itemListElement\":[{\"@type\":\"ListItem\",\"position\":1,\"name\":\"Accueil\",\"item\":\"https:\\\/\\\/www.soulledlighting.com\\\/\"},{\"@type\":\"ListItem\",\"position\":2,\"name\":\"SLDOOR-R8\"}]},{\"@type\":\"WebSite\",\"@id\":\"https:\\\/\\\/www.soulledlighting.com\\\/#website\",\"url\":\"https:\\\/\\\/www.soulledlighting.com\\\/\",\"name\":\"Soul LED Tech + Design\",\"description\":\"\",\"publisher\":{\"@id\":\"https:\\\/\\\/www.soulledlighting.com\\\/#organization\"},\"potentialAction\":[{\"@type\":\"SearchAction\",\"target\":{\"@type\":\"EntryPoint\",\"urlTemplate\":\"https:\\\/\\\/www.soulledlighting.com\\\/?s={search_term_string}\"},\"query-input\":{\"@type\":\"PropertyValueSpecification\",\"valueRequired\":true,\"valueName\":\"search_term_string\"}}],\"inLanguage\":\"fr-FR\"},{\"@type\":\"Organization\",\"@id\":\"https:\\\/\\\/www.soulledlighting.com\\\/#organization\",\"name\":\"Soul LED Tech + Design\",\"url\":\"https:\\\/\\\/www.soulledlighting.com\\\/\",\"logo\":{\"@type\":\"ImageObject\",\"inLanguage\":\"fr-FR\",\"@id\":\"https:\\\/\\\/www.soulledlighting.com\\\/#\\\/schema\\\/logo\\\/image\\\/\",\"url\":\"https:\\\/\\\/www.soulledlighting.com\\\/wp-content\\\/uploads\\\/2022\\\/03\\\/cropped-cropped-cropped-cropped-logo.png\",\"contentUrl\":\"https:\\\/\\\/www.soulledlighting.com\\\/wp-content\\\/uploads\\\/2022\\\/03\\\/cropped-cropped-cropped-cropped-logo.png\",\"width\":3837,\"height\":1208,\"caption\":\"Soul LED Tech + Design\"},\"image\":{\"@id\":\"https:\\\/\\\/www.soulledlighting.com\\\/#\\\/schema\\\/logo\\\/image\\\/\"}}]}<\/script>\n<!-- \/ Yoast SEO plugin. -->","yoast_head_json":{"title":"SLDOOR-R8 - Soul LED Tech + Design","description":"Elevate convenience with SLDOOR-R small door sensor. Effortlessly recess it into cabinets, drawers, closet doors, and enjoy automatic lighting control.","robots":{"index":"index","follow":"follow","max-snippet":"max-snippet:-1","max-image-preview":"max-image-preview:large","max-video-preview":"max-video-preview:-1"},"canonical":"https:\/\/www.soulledlighting.com\/fr\/sldoor-r-3\/","og_locale":"fr_FR","og_type":"article","og_title":"SLDOOR-R8 - Soul LED Tech + Design","og_description":"Elevate convenience with SLDOOR-R small door sensor. Effortlessly recess it into cabinets, drawers, closet doors, and enjoy automatic lighting control.","og_url":"https:\/\/www.soulledlighting.com\/fr\/sldoor-r-3\/","og_site_name":"Soul LED Tech + Design","article_modified_time":"2024-09-17T14:29:29+00:00","og_image":[{"url":"https:\/\/www.soulledlighting.com\/wp-content\/uploads\/2023\/06\/2-1-1024x614.png","type":"","width":"","height":""}],"twitter_card":"summary_large_image","twitter_misc":{"Dur\u00e9e de lecture estim\u00e9e":"2 minutes"},"schema":{"@context":"https:\/\/schema.org","@graph":[{"@type":"WebPage","@id":"https:\/\/www.soulledlighting.com\/sldoor-r-3\/","url":"https:\/\/www.soulledlighting.com\/sldoor-r-3\/","name":"SLDOOR-R8 - Soul LED Tech + Design","isPartOf":{"@id":"https:\/\/www.soulledlighting.com\/#website"},"primaryImageOfPage":{"@id":"https:\/\/www.soulledlighting.com\/sldoor-r-3\/#primaryimage"},"image":{"@id":"https:\/\/www.soulledlighting.com\/sldoor-r-3\/#primaryimage"},"thumbnailUrl":"https:\/\/www.soulledlighting.com\/wp-content\/uploads\/2023\/06\/2-1-1024x614.png","datePublished":"2022-03-14T14:30:38+00:00","dateModified":"2024-09-17T14:29:29+00:00","description":"Elevate convenience with SLDOOR-R small door sensor. Effortlessly recess it into cabinets, drawers, closet doors, and enjoy automatic lighting control.","breadcrumb":{"@id":"https:\/\/www.soulledlighting.com\/sldoor-r-3\/#breadcrumb"},"inLanguage":"fr-FR","potentialAction":[{"@type":"ReadAction","target":["https:\/\/www.soulledlighting.com\/sldoor-r-3\/"]}]},{"@type":"ImageObject","inLanguage":"fr-FR","@id":"https:\/\/www.soulledlighting.com\/sldoor-r-3\/#primaryimage","url":"https:\/\/www.soulledlighting.com\/wp-content\/uploads\/2023\/06\/2-1-1024x614.png","contentUrl":"https:\/\/www.soulledlighting.com\/wp-content\/uploads\/2023\/06\/2-1-1024x614.png"},{"@type":"BreadcrumbList","@id":"https:\/\/www.soulledlighting.com\/sldoor-r-3\/#breadcrumb","itemListElement":[{"@type":"ListItem","position":1,"name":"Accueil","item":"https:\/\/www.soulledlighting.com\/"},{"@type":"ListItem","position":2,"name":"SLDOOR-R8"}]},{"@type":"WebSite","@id":"https:\/\/www.soulledlighting.com\/#website","url":"https:\/\/www.soulledlighting.com\/","name":"Soul LED Tech + Design","description":"","publisher":{"@id":"https:\/\/www.soulledlighting.com\/#organization"},"potentialAction":[{"@type":"SearchAction","target":{"@type":"EntryPoint","urlTemplate":"https:\/\/www.soulledlighting.com\/?s={search_term_string}"},"query-input":{"@type":"PropertyValueSpecification","valueRequired":true,"valueName":"search_term_string"}}],"inLanguage":"fr-FR"},{"@type":"Organization","@id":"https:\/\/www.soulledlighting.com\/#organization","name":"Soul LED Tech + Design","url":"https:\/\/www.soulledlighting.com\/","logo":{"@type":"ImageObject","inLanguage":"fr-FR","@id":"https:\/\/www.soulledlighting.com\/#\/schema\/logo\/image\/","url":"https:\/\/www.soulledlighting.com\/wp-content\/uploads\/2022\/03\/cropped-cropped-cropped-cropped-logo.png","contentUrl":"https:\/\/www.soulledlighting.com\/wp-content\/uploads\/2022\/03\/cropped-cropped-cropped-cropped-logo.png","width":3837,"height":1208,"caption":"Soul LED Tech + Design"},"image":{"@id":"https:\/\/www.soulledlighting.com\/#\/schema\/logo\/image\/"}}]}},"coauthors":[],"author_meta":{"author_link":false,"display_name":"Jean-Michel Fiorito"},"relative_dates":{"created":"Publi\u00e9 56 ans il y a","modified":"Mis \u00e0 jour 56 ans il y a"},"absolute_dates":{"created":"Publi\u00e9 le ","modified":"Mise \u00e0 jour le "},"absolute_dates_time":{"created":"Publi\u00e9 le ","modified":"Mise \u00e0 jour le "},"featured_img_caption":"","featured_img":false,"series_order":"","featured_media_urls":[],"_links":{"self":[{"href":"https:\/\/www.soulledlighting.com\/fr\/wp-json\/wp\/v2\/pages\/1667","targetHints":{"allow":["GET"]}}],"collection":[{"href":"https:\/\/www.soulledlighting.com\/fr\/wp-json\/wp\/v2\/pages"}],"about":[{"href":"https:\/\/www.soulledlighting.com\/fr\/wp-json\/wp\/v2\/types\/page"}],"author":[{"embeddable":true,"href":"https:\/\/www.soulledlighting.com\/fr\/wp-json\/wp\/v2\/users\/2"}],"replies":[{"embeddable":true,"href":"https:\/\/www.soulledlighting.com\/fr\/wp-json\/wp\/v2\/comments?post=1667"}],"version-history":[{"count":0,"href":"https:\/\/www.soulledlighting.com\/fr\/wp-json\/wp\/v2\/pages\/1667\/revisions"}],"wp:attachment":[{"href":"https:\/\/www.soulledlighting.com\/fr\/wp-json\/wp\/v2\/media?parent=1667"}],"curies":[{"name":"wp","href":"https:\/\/api.w.org\/{rel}","templated":true}]}}