{"id":1563,"date":"2022-03-14T08:28:38","date_gmt":"2022-03-14T12:28:38","guid":{"rendered":"https:\/\/soulledlighting.com\/?page_id=1563"},"modified":"2026-02-27T11:12:09","modified_gmt":"2026-02-27T15:12:09","slug":"slhw-24v-100wnd-3","status":"publish","type":"page","link":"https:\/\/www.soulledlighting.com\/fr\/slhw-24v-100wnd-3\/","title":{"rendered":"SLPI-24V-96WDIMNB-N"},"content":{"rendered":"<p>SLHW-24V-100WND est une alimentation \u00e0 sortie unique de 100 W, fonctionne sp\u00e9cifiquement et parfaitement pour l'\u00e9clairage LED et l'application de panneaux mobiles LED. Cette unit\u00e9 d'alimentation non dimmable de classe 2 dispose d'une entr\u00e9e CA universelle et d'une tension constante.<\/p>\n\n\n\n<p>Informations techniques:<\/p>\n\n\n\n<ul class=\"wp-block-list\">\n<li>Tension d'entr\u00e9e maximale\u00a0: 264<\/li>\n\n\n\n<li>Tension d'entr\u00e9e minimale\u00a0: 90<\/li>\n\n\n\n<li>Tension d'entr\u00e9e VDC\u00a0: 90\u00a0V \u00e0 370\u00a0V<\/li>\n\n\n\n<li>&nbsp;Mode pilote LED\u00a0: tension constante<\/li>\n\n\n\n<li>Nombre de sorties\u00a0: 1<\/li>\n\n\n\n<li>Courant de sortie\u00a0: 4,2<\/li>\n\n\n\n<li>Puissance de sortie maximale\u00a0: 100<\/li>\n\n\n\n<li>Tension de sortie maximale\u00a0: 24<\/li>\n\n\n\n<li>Plage de sortie\u00a0: 24\u00a0V, 0~4,2\u00a0A<\/li>\n\n\n\n<li>Type de sortie d'alimentation\u00a0: r\u00e9glable<\/li>\n<\/ul>\n\n\n\n<p>Pour une protection suppl\u00e9mentaire du conducteur, nous vous recommandons d'utiliser avec l'article SLHW-BOX12-100<\/p>\n\n\n\n<div class=\"wp-block-file advgb-dyn-9387fcae\"><a id=\"wp-block-file--media-03fe7c1a-06bb-4d79-892d-30eb4fb6ef21\" href=\"https:\/\/www.soulledlighting.com\/wp-content\/uploads\/2022\/03\/SLHW-24-100WND.pdf\">SLHW-24-100WND<\/a><a href=\"https:\/\/www.soulledlighting.com\/wp-content\/uploads\/2022\/03\/SLHW-24-100WND.pdf\" class=\"wp-block-file__button wp-element-button\" download aria-describedby=\"wp-block-file--media-03fe7c1a-06bb-4d79-892d-30eb4fb6ef21\">T\u00e9l\u00e9charger<\/a><\/div>\n\n\n\n<div style=\"height:37px\" aria-hidden=\"true\" class=\"wp-block-spacer\"><\/div>","protected":false},"excerpt":{"rendered":"<p>SLHW-24V-100WND is 100W single output power supply, specifically and perfectly works for LED lighting<span class=\"more-dots\">&#8230;<\/span><\/p>","protected":false},"author":2,"featured_media":0,"parent":0,"menu_order":0,"comment_status":"closed","ping_status":"closed","template":"","meta":{"_coblocks_attr":"","_coblocks_dimensions":"","_coblocks_responsive_height":"","_coblocks_accordion_ie_support":"","advgb_blocks_editor_width":"","advgb_blocks_columns_visual_guide":"","footnotes":""},"class_list":["post-1563","page","type-page","status-publish","hentry","no-post-thumbnail"],"yoast_head":"<!-- This site is optimized with the Yoast SEO plugin v27.4 - https:\/\/yoast.com\/product\/yoast-seo-wordpress\/ -->\n<title>SLPI-24V-96WDIMNB-N - Soul LED Tech + Design<\/title>\n<meta name=\"description\" content=\"SLHW-24V-100WND is Class 2 non-dimmable power unit, specifically and perfectly works for LED lighting and LED moving sign application.\" \/>\n<meta name=\"robots\" content=\"index, follow, max-snippet:-1, max-image-preview:large, max-video-preview:-1\" \/>\n<link rel=\"canonical\" href=\"https:\/\/www.soulledlighting.com\/fr\/slhw-24v-100wnd-3\/\" \/>\n<meta property=\"og:locale\" content=\"fr_FR\" \/>\n<meta property=\"og:type\" content=\"article\" \/>\n<meta property=\"og:title\" content=\"SLPI-24V-96WDIMNB-N - Soul LED Tech + Design\" \/>\n<meta property=\"og:description\" content=\"SLHW-24V-100WND is Class 2 non-dimmable power unit, specifically and perfectly works for LED lighting and LED moving sign application.\" \/>\n<meta property=\"og:url\" content=\"https:\/\/www.soulledlighting.com\/fr\/slhw-24v-100wnd-3\/\" \/>\n<meta property=\"og:site_name\" content=\"Soul LED Tech + Design\" \/>\n<meta property=\"article:modified_time\" content=\"2026-02-27T15:12:09+00:00\" \/>\n<meta name=\"twitter:card\" content=\"summary_large_image\" \/>\n<meta name=\"twitter:label1\" content=\"Dur\u00e9e de lecture estim\u00e9e\" \/>\n\t<meta name=\"twitter:data1\" content=\"1 minute\" \/>\n<script type=\"application\/ld+json\" class=\"yoast-schema-graph\">{\"@context\":\"https:\\\/\\\/schema.org\",\"@graph\":[{\"@type\":\"WebPage\",\"@id\":\"https:\\\/\\\/www.soulledlighting.com\\\/slhw-24v-100wnd-3\\\/\",\"url\":\"https:\\\/\\\/www.soulledlighting.com\\\/slhw-24v-100wnd-3\\\/\",\"name\":\"SLPI-24V-96WDIMNB-N - Soul LED Tech + Design\",\"isPartOf\":{\"@id\":\"https:\\\/\\\/www.soulledlighting.com\\\/#website\"},\"datePublished\":\"2022-03-14T12:28:38+00:00\",\"dateModified\":\"2026-02-27T15:12:09+00:00\",\"description\":\"SLHW-24V-100WND is Class 2 non-dimmable power unit, specifically and perfectly works for LED lighting and LED moving sign application.\",\"breadcrumb\":{\"@id\":\"https:\\\/\\\/www.soulledlighting.com\\\/slhw-24v-100wnd-3\\\/#breadcrumb\"},\"inLanguage\":\"fr-FR\",\"potentialAction\":[{\"@type\":\"ReadAction\",\"target\":[\"https:\\\/\\\/www.soulledlighting.com\\\/slhw-24v-100wnd-3\\\/\"]}]},{\"@type\":\"BreadcrumbList\",\"@id\":\"https:\\\/\\\/www.soulledlighting.com\\\/slhw-24v-100wnd-3\\\/#breadcrumb\",\"itemListElement\":[{\"@type\":\"ListItem\",\"position\":1,\"name\":\"Accueil\",\"item\":\"https:\\\/\\\/www.soulledlighting.com\\\/\"},{\"@type\":\"ListItem\",\"position\":2,\"name\":\"SLPI-24V-96WDIMNB-N\"}]},{\"@type\":\"WebSite\",\"@id\":\"https:\\\/\\\/www.soulledlighting.com\\\/#website\",\"url\":\"https:\\\/\\\/www.soulledlighting.com\\\/\",\"name\":\"Soul LED Tech + Design\",\"description\":\"\",\"publisher\":{\"@id\":\"https:\\\/\\\/www.soulledlighting.com\\\/#organization\"},\"potentialAction\":[{\"@type\":\"SearchAction\",\"target\":{\"@type\":\"EntryPoint\",\"urlTemplate\":\"https:\\\/\\\/www.soulledlighting.com\\\/?s={search_term_string}\"},\"query-input\":{\"@type\":\"PropertyValueSpecification\",\"valueRequired\":true,\"valueName\":\"search_term_string\"}}],\"inLanguage\":\"fr-FR\"},{\"@type\":\"Organization\",\"@id\":\"https:\\\/\\\/www.soulledlighting.com\\\/#organization\",\"name\":\"Soul LED Tech + Design\",\"url\":\"https:\\\/\\\/www.soulledlighting.com\\\/\",\"logo\":{\"@type\":\"ImageObject\",\"inLanguage\":\"fr-FR\",\"@id\":\"https:\\\/\\\/www.soulledlighting.com\\\/#\\\/schema\\\/logo\\\/image\\\/\",\"url\":\"https:\\\/\\\/www.soulledlighting.com\\\/wp-content\\\/uploads\\\/2022\\\/03\\\/cropped-cropped-cropped-cropped-logo.png\",\"contentUrl\":\"https:\\\/\\\/www.soulledlighting.com\\\/wp-content\\\/uploads\\\/2022\\\/03\\\/cropped-cropped-cropped-cropped-logo.png\",\"width\":3837,\"height\":1208,\"caption\":\"Soul LED Tech + Design\"},\"image\":{\"@id\":\"https:\\\/\\\/www.soulledlighting.com\\\/#\\\/schema\\\/logo\\\/image\\\/\"}}]}<\/script>\n<!-- \/ Yoast SEO plugin. -->","yoast_head_json":{"title":"SLPI-24V-96WDIMNB-N - Soul LED Tech + Design","description":"SLHW-24V-100WND is Class 2 non-dimmable power unit, specifically and perfectly works for LED lighting and LED moving sign application.","robots":{"index":"index","follow":"follow","max-snippet":"max-snippet:-1","max-image-preview":"max-image-preview:large","max-video-preview":"max-video-preview:-1"},"canonical":"https:\/\/www.soulledlighting.com\/fr\/slhw-24v-100wnd-3\/","og_locale":"fr_FR","og_type":"article","og_title":"SLPI-24V-96WDIMNB-N - Soul LED Tech + Design","og_description":"SLHW-24V-100WND is Class 2 non-dimmable power unit, specifically and perfectly works for LED lighting and LED moving sign application.","og_url":"https:\/\/www.soulledlighting.com\/fr\/slhw-24v-100wnd-3\/","og_site_name":"Soul LED Tech + Design","article_modified_time":"2026-02-27T15:12:09+00:00","twitter_card":"summary_large_image","twitter_misc":{"Dur\u00e9e de lecture estim\u00e9e":"1 minute"},"schema":{"@context":"https:\/\/schema.org","@graph":[{"@type":"WebPage","@id":"https:\/\/www.soulledlighting.com\/slhw-24v-100wnd-3\/","url":"https:\/\/www.soulledlighting.com\/slhw-24v-100wnd-3\/","name":"SLPI-24V-96WDIMNB-N - Soul LED Tech + Design","isPartOf":{"@id":"https:\/\/www.soulledlighting.com\/#website"},"datePublished":"2022-03-14T12:28:38+00:00","dateModified":"2026-02-27T15:12:09+00:00","description":"SLHW-24V-100WND is Class 2 non-dimmable power unit, specifically and perfectly works for LED lighting and LED moving sign application.","breadcrumb":{"@id":"https:\/\/www.soulledlighting.com\/slhw-24v-100wnd-3\/#breadcrumb"},"inLanguage":"fr-FR","potentialAction":[{"@type":"ReadAction","target":["https:\/\/www.soulledlighting.com\/slhw-24v-100wnd-3\/"]}]},{"@type":"BreadcrumbList","@id":"https:\/\/www.soulledlighting.com\/slhw-24v-100wnd-3\/#breadcrumb","itemListElement":[{"@type":"ListItem","position":1,"name":"Accueil","item":"https:\/\/www.soulledlighting.com\/"},{"@type":"ListItem","position":2,"name":"SLPI-24V-96WDIMNB-N"}]},{"@type":"WebSite","@id":"https:\/\/www.soulledlighting.com\/#website","url":"https:\/\/www.soulledlighting.com\/","name":"Soul LED Tech + Design","description":"","publisher":{"@id":"https:\/\/www.soulledlighting.com\/#organization"},"potentialAction":[{"@type":"SearchAction","target":{"@type":"EntryPoint","urlTemplate":"https:\/\/www.soulledlighting.com\/?s={search_term_string}"},"query-input":{"@type":"PropertyValueSpecification","valueRequired":true,"valueName":"search_term_string"}}],"inLanguage":"fr-FR"},{"@type":"Organization","@id":"https:\/\/www.soulledlighting.com\/#organization","name":"Soul LED Tech + Design","url":"https:\/\/www.soulledlighting.com\/","logo":{"@type":"ImageObject","inLanguage":"fr-FR","@id":"https:\/\/www.soulledlighting.com\/#\/schema\/logo\/image\/","url":"https:\/\/www.soulledlighting.com\/wp-content\/uploads\/2022\/03\/cropped-cropped-cropped-cropped-logo.png","contentUrl":"https:\/\/www.soulledlighting.com\/wp-content\/uploads\/2022\/03\/cropped-cropped-cropped-cropped-logo.png","width":3837,"height":1208,"caption":"Soul LED Tech + Design"},"image":{"@id":"https:\/\/www.soulledlighting.com\/#\/schema\/logo\/image\/"}}]}},"coauthors":[],"author_meta":{"author_link":false,"display_name":"Jean-Michel Fiorito"},"relative_dates":{"created":"Publi\u00e9 56 ans il y a","modified":"Mis \u00e0 jour 56 ans il y a"},"absolute_dates":{"created":"Publi\u00e9 le ","modified":"Mise \u00e0 jour le "},"absolute_dates_time":{"created":"Publi\u00e9 le ","modified":"Mise \u00e0 jour le "},"featured_img_caption":"","featured_img":false,"series_order":"","featured_media_urls":[],"_links":{"self":[{"href":"https:\/\/www.soulledlighting.com\/fr\/wp-json\/wp\/v2\/pages\/1563","targetHints":{"allow":["GET"]}}],"collection":[{"href":"https:\/\/www.soulledlighting.com\/fr\/wp-json\/wp\/v2\/pages"}],"about":[{"href":"https:\/\/www.soulledlighting.com\/fr\/wp-json\/wp\/v2\/types\/page"}],"author":[{"embeddable":true,"href":"https:\/\/www.soulledlighting.com\/fr\/wp-json\/wp\/v2\/users\/2"}],"replies":[{"embeddable":true,"href":"https:\/\/www.soulledlighting.com\/fr\/wp-json\/wp\/v2\/comments?post=1563"}],"version-history":[{"count":1,"href":"https:\/\/www.soulledlighting.com\/fr\/wp-json\/wp\/v2\/pages\/1563\/revisions"}],"predecessor-version":[{"id":2907,"href":"https:\/\/www.soulledlighting.com\/fr\/wp-json\/wp\/v2\/pages\/1563\/revisions\/2907"}],"wp:attachment":[{"href":"https:\/\/www.soulledlighting.com\/fr\/wp-json\/wp\/v2\/media?parent=1563"}],"curies":[{"name":"wp","href":"https:\/\/api.w.org\/{rel}","templated":true}]}}