{"id":1511,"date":"2022-03-11T23:04:43","date_gmt":"2022-03-12T03:04:43","guid":{"rendered":"https:\/\/soulledlighting.com\/?page_id=1511"},"modified":"2023-05-16T14:56:58","modified_gmt":"2023-05-16T18:56:58","slug":"sl3528-60-4-8ww","status":"publish","type":"page","link":"https:\/\/www.soulledlighting.com\/fr\/sl3528-60-4-8ww\/","title":{"rendered":"SL3528-60-4.8WW"},"content":{"rendered":"<p id=\"block-73d66de2-77b6-4252-9e0c-87eacb2bd6d7\"><br>Cette bande LED 24V offre un excellent \u00e9clairage ambiant qui est offert en blanc chaud (3000K), elle est parfaite pour mettre en valeur les moulures couronn\u00e9es et apporter un \u00e9clairage d'accentuation chic \u00e0 n'importe quelle pi\u00e8ce. Votre bande LED est destin\u00e9e \u00e0 \u00eatre install\u00e9e sur une surface m\u00e9tallique propre et non brillante. Pour les surfaces poreuses, les environnements humides et marins, nous sugg\u00e9rons d'utiliser le ruban adh\u00e9sif double face SL3MDS10MM. Cette bande LED est \u00e9quip\u00e9e d'une connexion \u00e0 2\u00a0fils \u00e0 une extr\u00e9mit\u00e9. La connexion \u00e0 deux fils est utilis\u00e9e pour connecter deux bandes ensemble ou pour brancher votre bande \u00e0 une alimentation c\u00e2bl\u00e9e.<br>Vous pouvez personnaliser votre \u00e9clairage LED. La bande SL3528-60-4.8WW est flexible verticalement mais ne peut pas \u00eatre pli\u00e9e horizontalement. Cette bande LED 60pcs LED 24V, 3528 iP65 300 lumens\/m Couleur unique est enti\u00e8rement DIMMABLE lorsqu'elle est combin\u00e9e avec l'une de nos alimentations \u00e0 intensit\u00e9 variable.<\/p>\n\n\n\n<p id=\"block-c16d3cf5-4671-418b-9da1-148444926cdd\"><strong>Installation<\/strong><\/p>\n\n\n\n<p id=\"block-33f5e89e-e774-4c60-bfb6-4fbb79c9dfb2\">Peut \u00eatre facilement install\u00e9 sur un miroir r\u00e9tro-\u00e9clair\u00e9, sous une armoire et un lavage mural<\/p>\n\n\n\n<p id=\"block-ab9ae57a-cd2a-4d9c-9174-13726cd838c2\">en utilisant le mat\u00e9riel inclus.<\/p>\n\n\n\n<p id=\"block-872c1e75-2603-45c3-afc4-1b189c53eb52\"><strong>Description technique<\/strong><\/p>\n\n\n\n<p id=\"block-a9ca05b3-5872-4575-bd05-6a64ee7b491a\">Watts\/meter:4.8W. LEDs\/meter:60LED.<\/p>\n\n\n\n<p id=\"block-12abed57-9551-499f-93cf-e4257079bb8d\"><strong>Ce produit comprend :<\/strong><\/p>\n\n\n\n<ul class=\"wp-block-list\" id=\"block-ed82ed54-9a8c-4016-acd3-791bc45d33bd\">\n<li>Mat\u00e9riel de SL3528-60-4.8WW<\/li>\n\n\n\n<li>&nbsp;<\/li>\n<\/ul>\n\n\n\n<p id=\"block-b547bd3c-fdb4-4286-b445-b5026f5a19d7\">**Pour une meilleure ambiance, un aspect d\u00e9coratif et pour prot\u00e9ger le ruban LED, nous recommandons fortement notre <a href=\"https:\/\/www.soulledlighting.com\/fr\/aluminum-profiles\/\">profil\u00e9s led en aluminium<\/a>!! Veuillez noter que cette bande est livr\u00e9e sans transformateur !!<\/p>\n\n\n\n<div class=\"wp-block-file advgb-dyn-dc48de8c\"><a id=\"wp-block-file--media-2cca63ca-a282-45f7-a580-b2313ec8afd1\" href=\"https:\/\/www.soulledlighting.com\/wp-content\/uploads\/2022\/03\/SL3528-__-__-___-1.pdf\">SL3528-__-__-___-1<\/a><a href=\"https:\/\/www.soulledlighting.com\/wp-content\/uploads\/2022\/03\/SL3528-__-__-___-1.pdf\" class=\"wp-block-file__button wp-element-button\" download aria-describedby=\"wp-block-file--media-2cca63ca-a282-45f7-a580-b2313ec8afd1\">T\u00e9l\u00e9charger<\/a><\/div>\n\n\n\n<div style=\"height:48px\" aria-hidden=\"true\" class=\"wp-block-spacer\"><\/div>","protected":false},"excerpt":{"rendered":"<p>This 24V LED Strip delivers a great ambient lighting which is offered in Warm<span class=\"more-dots\">&#8230;<\/span><\/p>","protected":false},"author":2,"featured_media":0,"parent":0,"menu_order":0,"comment_status":"closed","ping_status":"closed","template":"","meta":{"_coblocks_attr":"","_coblocks_dimensions":"","_coblocks_responsive_height":"","_coblocks_accordion_ie_support":"","advgb_blocks_editor_width":"","advgb_blocks_columns_visual_guide":"","footnotes":""},"class_list":["post-1511","page","type-page","status-publish","hentry","no-post-thumbnail"],"yoast_head":"<!-- This site is optimized with the Yoast SEO plugin v27.4 - https:\/\/yoast.com\/product\/yoast-seo-wordpress\/ -->\n<title>SL3528-60-4.8WW - Soul LED Tech + Design<\/title>\n<meta name=\"description\" content=\"Create a captivating ambiance with SL3528-60-4.8WW LED Strip. Illuminate crown moldings and add a touch of modern elegance to any space. Shop now for higher output lighting!\" \/>\n<meta name=\"robots\" content=\"index, follow, max-snippet:-1, max-image-preview:large, max-video-preview:-1\" \/>\n<link rel=\"canonical\" href=\"https:\/\/www.soulledlighting.com\/fr\/sl3528-60-4-8ww\/\" \/>\n<meta property=\"og:locale\" content=\"fr_FR\" \/>\n<meta property=\"og:type\" content=\"article\" \/>\n<meta property=\"og:title\" content=\"SL3528-60-4.8WW - Soul LED Tech + Design\" \/>\n<meta property=\"og:description\" content=\"Create a captivating ambiance with SL3528-60-4.8WW LED Strip. Illuminate crown moldings and add a touch of modern elegance to any space. Shop now for higher output lighting!\" \/>\n<meta property=\"og:url\" content=\"https:\/\/www.soulledlighting.com\/fr\/sl3528-60-4-8ww\/\" \/>\n<meta property=\"og:site_name\" content=\"Soul LED Tech + Design\" \/>\n<meta property=\"article:modified_time\" content=\"2023-05-16T18:56:58+00:00\" \/>\n<meta name=\"twitter:card\" content=\"summary_large_image\" \/>\n<meta name=\"twitter:label1\" content=\"Dur\u00e9e de lecture estim\u00e9e\" \/>\n\t<meta name=\"twitter:data1\" content=\"1 minute\" \/>\n<script type=\"application\/ld+json\" class=\"yoast-schema-graph\">{\"@context\":\"https:\\\/\\\/schema.org\",\"@graph\":[{\"@type\":\"WebPage\",\"@id\":\"https:\\\/\\\/www.soulledlighting.com\\\/sl3528-60-4-8ww\\\/\",\"url\":\"https:\\\/\\\/www.soulledlighting.com\\\/sl3528-60-4-8ww\\\/\",\"name\":\"SL3528-60-4.8WW - Soul LED Tech + Design\",\"isPartOf\":{\"@id\":\"https:\\\/\\\/www.soulledlighting.com\\\/#website\"},\"datePublished\":\"2022-03-12T03:04:43+00:00\",\"dateModified\":\"2023-05-16T18:56:58+00:00\",\"description\":\"Create a captivating ambiance with SL3528-60-4.8WW LED Strip. Illuminate crown moldings and add a touch of modern elegance to any space. Shop now for higher output lighting!\",\"breadcrumb\":{\"@id\":\"https:\\\/\\\/www.soulledlighting.com\\\/sl3528-60-4-8ww\\\/#breadcrumb\"},\"inLanguage\":\"fr-FR\",\"potentialAction\":[{\"@type\":\"ReadAction\",\"target\":[\"https:\\\/\\\/www.soulledlighting.com\\\/sl3528-60-4-8ww\\\/\"]}]},{\"@type\":\"BreadcrumbList\",\"@id\":\"https:\\\/\\\/www.soulledlighting.com\\\/sl3528-60-4-8ww\\\/#breadcrumb\",\"itemListElement\":[{\"@type\":\"ListItem\",\"position\":1,\"name\":\"Accueil\",\"item\":\"https:\\\/\\\/www.soulledlighting.com\\\/\"},{\"@type\":\"ListItem\",\"position\":2,\"name\":\"SL3528-60-4.8WW\"}]},{\"@type\":\"WebSite\",\"@id\":\"https:\\\/\\\/www.soulledlighting.com\\\/#website\",\"url\":\"https:\\\/\\\/www.soulledlighting.com\\\/\",\"name\":\"Soul LED Tech + Design\",\"description\":\"\",\"publisher\":{\"@id\":\"https:\\\/\\\/www.soulledlighting.com\\\/#organization\"},\"potentialAction\":[{\"@type\":\"SearchAction\",\"target\":{\"@type\":\"EntryPoint\",\"urlTemplate\":\"https:\\\/\\\/www.soulledlighting.com\\\/?s={search_term_string}\"},\"query-input\":{\"@type\":\"PropertyValueSpecification\",\"valueRequired\":true,\"valueName\":\"search_term_string\"}}],\"inLanguage\":\"fr-FR\"},{\"@type\":\"Organization\",\"@id\":\"https:\\\/\\\/www.soulledlighting.com\\\/#organization\",\"name\":\"Soul LED Tech + Design\",\"url\":\"https:\\\/\\\/www.soulledlighting.com\\\/\",\"logo\":{\"@type\":\"ImageObject\",\"inLanguage\":\"fr-FR\",\"@id\":\"https:\\\/\\\/www.soulledlighting.com\\\/#\\\/schema\\\/logo\\\/image\\\/\",\"url\":\"https:\\\/\\\/www.soulledlighting.com\\\/wp-content\\\/uploads\\\/2022\\\/03\\\/cropped-cropped-cropped-cropped-logo.png\",\"contentUrl\":\"https:\\\/\\\/www.soulledlighting.com\\\/wp-content\\\/uploads\\\/2022\\\/03\\\/cropped-cropped-cropped-cropped-logo.png\",\"width\":3837,\"height\":1208,\"caption\":\"Soul LED Tech + Design\"},\"image\":{\"@id\":\"https:\\\/\\\/www.soulledlighting.com\\\/#\\\/schema\\\/logo\\\/image\\\/\"}}]}<\/script>\n<!-- \/ Yoast SEO plugin. -->","yoast_head_json":{"title":"SL3528-60-4.8WW - Soul LED Tech + Design","description":"Create a captivating ambiance with SL3528-60-4.8WW LED Strip. Illuminate crown moldings and add a touch of modern elegance to any space. Shop now for higher output lighting!","robots":{"index":"index","follow":"follow","max-snippet":"max-snippet:-1","max-image-preview":"max-image-preview:large","max-video-preview":"max-video-preview:-1"},"canonical":"https:\/\/www.soulledlighting.com\/fr\/sl3528-60-4-8ww\/","og_locale":"fr_FR","og_type":"article","og_title":"SL3528-60-4.8WW - Soul LED Tech + Design","og_description":"Create a captivating ambiance with SL3528-60-4.8WW LED Strip. Illuminate crown moldings and add a touch of modern elegance to any space. Shop now for higher output lighting!","og_url":"https:\/\/www.soulledlighting.com\/fr\/sl3528-60-4-8ww\/","og_site_name":"Soul LED Tech + Design","article_modified_time":"2023-05-16T18:56:58+00:00","twitter_card":"summary_large_image","twitter_misc":{"Dur\u00e9e de lecture estim\u00e9e":"1 minute"},"schema":{"@context":"https:\/\/schema.org","@graph":[{"@type":"WebPage","@id":"https:\/\/www.soulledlighting.com\/sl3528-60-4-8ww\/","url":"https:\/\/www.soulledlighting.com\/sl3528-60-4-8ww\/","name":"SL3528-60-4.8WW - Soul LED Tech + Design","isPartOf":{"@id":"https:\/\/www.soulledlighting.com\/#website"},"datePublished":"2022-03-12T03:04:43+00:00","dateModified":"2023-05-16T18:56:58+00:00","description":"Create a captivating ambiance with SL3528-60-4.8WW LED Strip. Illuminate crown moldings and add a touch of modern elegance to any space. Shop now for higher output lighting!","breadcrumb":{"@id":"https:\/\/www.soulledlighting.com\/sl3528-60-4-8ww\/#breadcrumb"},"inLanguage":"fr-FR","potentialAction":[{"@type":"ReadAction","target":["https:\/\/www.soulledlighting.com\/sl3528-60-4-8ww\/"]}]},{"@type":"BreadcrumbList","@id":"https:\/\/www.soulledlighting.com\/sl3528-60-4-8ww\/#breadcrumb","itemListElement":[{"@type":"ListItem","position":1,"name":"Accueil","item":"https:\/\/www.soulledlighting.com\/"},{"@type":"ListItem","position":2,"name":"SL3528-60-4.8WW"}]},{"@type":"WebSite","@id":"https:\/\/www.soulledlighting.com\/#website","url":"https:\/\/www.soulledlighting.com\/","name":"Soul LED Tech + Design","description":"","publisher":{"@id":"https:\/\/www.soulledlighting.com\/#organization"},"potentialAction":[{"@type":"SearchAction","target":{"@type":"EntryPoint","urlTemplate":"https:\/\/www.soulledlighting.com\/?s={search_term_string}"},"query-input":{"@type":"PropertyValueSpecification","valueRequired":true,"valueName":"search_term_string"}}],"inLanguage":"fr-FR"},{"@type":"Organization","@id":"https:\/\/www.soulledlighting.com\/#organization","name":"Soul LED Tech + Design","url":"https:\/\/www.soulledlighting.com\/","logo":{"@type":"ImageObject","inLanguage":"fr-FR","@id":"https:\/\/www.soulledlighting.com\/#\/schema\/logo\/image\/","url":"https:\/\/www.soulledlighting.com\/wp-content\/uploads\/2022\/03\/cropped-cropped-cropped-cropped-logo.png","contentUrl":"https:\/\/www.soulledlighting.com\/wp-content\/uploads\/2022\/03\/cropped-cropped-cropped-cropped-logo.png","width":3837,"height":1208,"caption":"Soul LED Tech + Design"},"image":{"@id":"https:\/\/www.soulledlighting.com\/#\/schema\/logo\/image\/"}}]}},"coauthors":[],"author_meta":{"author_link":false,"display_name":"Jean-Michel Fiorito"},"relative_dates":{"created":"Publi\u00e9 56 ans il y a","modified":"Mis \u00e0 jour 56 ans il y a"},"absolute_dates":{"created":"Publi\u00e9 le ","modified":"Mise \u00e0 jour le "},"absolute_dates_time":{"created":"Publi\u00e9 le ","modified":"Mise \u00e0 jour le "},"featured_img_caption":"","featured_img":false,"series_order":"","featured_media_urls":[],"_links":{"self":[{"href":"https:\/\/www.soulledlighting.com\/fr\/wp-json\/wp\/v2\/pages\/1511","targetHints":{"allow":["GET"]}}],"collection":[{"href":"https:\/\/www.soulledlighting.com\/fr\/wp-json\/wp\/v2\/pages"}],"about":[{"href":"https:\/\/www.soulledlighting.com\/fr\/wp-json\/wp\/v2\/types\/page"}],"author":[{"embeddable":true,"href":"https:\/\/www.soulledlighting.com\/fr\/wp-json\/wp\/v2\/users\/2"}],"replies":[{"embeddable":true,"href":"https:\/\/www.soulledlighting.com\/fr\/wp-json\/wp\/v2\/comments?post=1511"}],"version-history":[{"count":0,"href":"https:\/\/www.soulledlighting.com\/fr\/wp-json\/wp\/v2\/pages\/1511\/revisions"}],"wp:attachment":[{"href":"https:\/\/www.soulledlighting.com\/fr\/wp-json\/wp\/v2\/media?parent=1511"}],"curies":[{"name":"wp","href":"https:\/\/api.w.org\/{rel}","templated":true}]}}