{"id":1504,"date":"2022-03-11T22:57:05","date_gmt":"2022-03-12T02:57:05","guid":{"rendered":"https:\/\/soulledlighting.com\/?page_id=1504"},"modified":"2023-05-16T14:54:51","modified_gmt":"2023-05-16T18:54:51","slug":"sl2835ho-288-44","status":"publish","type":"page","link":"https:\/\/www.soulledlighting.com\/fr\/sl2835ho-288-44\/","title":{"rendered":"sl2835ho-288-44"},"content":{"rendered":"<p>Une bande LED qui offre un excellent \u00e9clairage d'ambiance offrant une lumi\u00e8re parfaite mettant en valeur les moulures et apportant un \u00e9clairage d'accentuation \u00e0 la fois chic et moderne \u00e0 n'importe quelle pi\u00e8ce. Cette bande de LED est la plus puissante avec la sortie de luminosit\u00e9 la plus \u00e9lev\u00e9e. Ce ruban est id\u00e9al pour une utilisation o\u00f9 vous avez besoin d'un \u00e9clairage puissant et puissant sur toutes les surfaces ou pour cr\u00e9er des accents int\u00e9ressants dans n'importe quelle pi\u00e8ce.<\/p>\n\n\n\n<p><strong>Installation<\/strong><\/p>\n\n\n\n<p>Peut \u00eatre facilement install\u00e9 sur le mur sous ou \u00e0 l'int\u00e9rieur des armoires, des vanit\u00e9s ainsi que des corniches et des canaux en aluminium \u00e0 l'aide du mat\u00e9riel inclus<\/p>\n\n\n\n<p>Pour une meilleure ambiance, un aspect d\u00e9coratif et pour prot\u00e9ger le ruban LED, nous vous recommandons fortement nos profil\u00e9s LED en aluminium. <a href=\"https:\/\/www.soulledlighting.com\/fr\/aluminum-profiles\/\">Profil\u00e9s en aluminium \u00e0 LED<\/a><\/p>\n\n\n\n<p><strong>Description technique<\/strong><\/p>\n\n\n\n<p>SUPER HAUTE INTENSIT\u00c9 - RENDEMENT SUPER \u00c9LEV\u00c9 Moyenne\/Moy.:153lm\/W 288LED\/M(88LED\/ft(pi.)), IP65, 43.2W\/M(13.17W\/ft(pi.)), CRI\/IRC90+, 3000K ou 4000K<\/p>\n\n\n\n<p>Ce produit comprend :<\/p>\n\n\n\n<p>Mat\u00e9riel de SL2835HO-160-24<\/p>\n\n\n\n<p>**Pour une meilleure ambiance, un aspect d\u00e9coratif et pour prot\u00e9ger le ruban LED, nous recommandons fortement nos canaux LED en aluminium. &nbsp;<\/p>\n\n\n\n<p>!! Veuillez noter que cette bande est livr\u00e9e sans transformateur !!<\/p>\n\n\n\n<div class=\"wp-block-file advgb-dyn-1d6e9453\"><a id=\"wp-block-file--media-74dba81a-1f95-44a3-acac-b98ae50130a3\" href=\"https:\/\/www.soulledlighting.com\/wp-content\/uploads\/2022\/03\/SL2835HO-288-44-__.pdf\">SL2835HO-288-44-__<\/a><a href=\"https:\/\/www.soulledlighting.com\/wp-content\/uploads\/2022\/03\/SL2835HO-288-44-__.pdf\" class=\"wp-block-file__button wp-element-button\" download aria-describedby=\"wp-block-file--media-74dba81a-1f95-44a3-acac-b98ae50130a3\">T\u00e9l\u00e9charger<\/a><\/div>","protected":false},"excerpt":{"rendered":"<p>An LED Strip that delivers a great ambience lighting offering a perfect light highlighting<span class=\"more-dots\">&#8230;<\/span><\/p>","protected":false},"author":2,"featured_media":0,"parent":0,"menu_order":0,"comment_status":"closed","ping_status":"closed","template":"","meta":{"_coblocks_attr":"","_coblocks_dimensions":"","_coblocks_responsive_height":"","_coblocks_accordion_ie_support":"","advgb_blocks_editor_width":"","advgb_blocks_columns_visual_guide":"","footnotes":""},"class_list":["post-1504","page","type-page","status-publish","hentry","no-post-thumbnail"],"yoast_head":"<!-- This site is optimized with the Yoast SEO plugin v27.4 - https:\/\/yoast.com\/product\/yoast-seo-wordpress\/ -->\n<title>sl2835ho-288-44 - Soul LED Tech + Design<\/title>\n<meta name=\"description\" content=\"Create a captivating ambiance with sl2835ho-288-44 LED Strip. Illuminate crown moldings and add a touch of modern elegance to any space!\" \/>\n<meta name=\"robots\" content=\"index, follow, max-snippet:-1, max-image-preview:large, max-video-preview:-1\" \/>\n<link rel=\"canonical\" href=\"https:\/\/www.soulledlighting.com\/fr\/sl2835ho-288-44\/\" \/>\n<meta property=\"og:locale\" content=\"fr_FR\" \/>\n<meta property=\"og:type\" content=\"article\" \/>\n<meta property=\"og:title\" content=\"sl2835ho-288-44 - Soul LED Tech + Design\" \/>\n<meta property=\"og:description\" content=\"Create a captivating ambiance with sl2835ho-288-44 LED Strip. Illuminate crown moldings and add a touch of modern elegance to any space!\" \/>\n<meta property=\"og:url\" content=\"https:\/\/www.soulledlighting.com\/fr\/sl2835ho-288-44\/\" \/>\n<meta property=\"og:site_name\" content=\"Soul LED Tech + Design\" \/>\n<meta property=\"article:modified_time\" content=\"2023-05-16T18:54:51+00:00\" \/>\n<meta name=\"twitter:card\" content=\"summary_large_image\" \/>\n<meta name=\"twitter:label1\" content=\"Dur\u00e9e de lecture estim\u00e9e\" \/>\n\t<meta name=\"twitter:data1\" content=\"1 minute\" \/>\n<script type=\"application\/ld+json\" class=\"yoast-schema-graph\">{\"@context\":\"https:\\\/\\\/schema.org\",\"@graph\":[{\"@type\":\"WebPage\",\"@id\":\"https:\\\/\\\/www.soulledlighting.com\\\/sl2835ho-288-44\\\/\",\"url\":\"https:\\\/\\\/www.soulledlighting.com\\\/sl2835ho-288-44\\\/\",\"name\":\"sl2835ho-288-44 - Soul LED Tech + Design\",\"isPartOf\":{\"@id\":\"https:\\\/\\\/www.soulledlighting.com\\\/#website\"},\"datePublished\":\"2022-03-12T02:57:05+00:00\",\"dateModified\":\"2023-05-16T18:54:51+00:00\",\"description\":\"Create a captivating ambiance with sl2835ho-288-44 LED Strip. Illuminate crown moldings and add a touch of modern elegance to any space!\",\"breadcrumb\":{\"@id\":\"https:\\\/\\\/www.soulledlighting.com\\\/sl2835ho-288-44\\\/#breadcrumb\"},\"inLanguage\":\"fr-FR\",\"potentialAction\":[{\"@type\":\"ReadAction\",\"target\":[\"https:\\\/\\\/www.soulledlighting.com\\\/sl2835ho-288-44\\\/\"]}]},{\"@type\":\"BreadcrumbList\",\"@id\":\"https:\\\/\\\/www.soulledlighting.com\\\/sl2835ho-288-44\\\/#breadcrumb\",\"itemListElement\":[{\"@type\":\"ListItem\",\"position\":1,\"name\":\"Accueil\",\"item\":\"https:\\\/\\\/www.soulledlighting.com\\\/\"},{\"@type\":\"ListItem\",\"position\":2,\"name\":\"sl2835ho-288-44\"}]},{\"@type\":\"WebSite\",\"@id\":\"https:\\\/\\\/www.soulledlighting.com\\\/#website\",\"url\":\"https:\\\/\\\/www.soulledlighting.com\\\/\",\"name\":\"Soul LED Tech + Design\",\"description\":\"\",\"publisher\":{\"@id\":\"https:\\\/\\\/www.soulledlighting.com\\\/#organization\"},\"potentialAction\":[{\"@type\":\"SearchAction\",\"target\":{\"@type\":\"EntryPoint\",\"urlTemplate\":\"https:\\\/\\\/www.soulledlighting.com\\\/?s={search_term_string}\"},\"query-input\":{\"@type\":\"PropertyValueSpecification\",\"valueRequired\":true,\"valueName\":\"search_term_string\"}}],\"inLanguage\":\"fr-FR\"},{\"@type\":\"Organization\",\"@id\":\"https:\\\/\\\/www.soulledlighting.com\\\/#organization\",\"name\":\"Soul LED Tech + Design\",\"url\":\"https:\\\/\\\/www.soulledlighting.com\\\/\",\"logo\":{\"@type\":\"ImageObject\",\"inLanguage\":\"fr-FR\",\"@id\":\"https:\\\/\\\/www.soulledlighting.com\\\/#\\\/schema\\\/logo\\\/image\\\/\",\"url\":\"https:\\\/\\\/www.soulledlighting.com\\\/wp-content\\\/uploads\\\/2022\\\/03\\\/cropped-cropped-cropped-cropped-logo.png\",\"contentUrl\":\"https:\\\/\\\/www.soulledlighting.com\\\/wp-content\\\/uploads\\\/2022\\\/03\\\/cropped-cropped-cropped-cropped-logo.png\",\"width\":3837,\"height\":1208,\"caption\":\"Soul LED Tech + Design\"},\"image\":{\"@id\":\"https:\\\/\\\/www.soulledlighting.com\\\/#\\\/schema\\\/logo\\\/image\\\/\"}}]}<\/script>\n<!-- \/ Yoast SEO plugin. -->","yoast_head_json":{"title":"sl2835ho-288-44 - Soul LED Tech + Design","description":"Create a captivating ambiance with sl2835ho-288-44 LED Strip. Illuminate crown moldings and add a touch of modern elegance to any space!","robots":{"index":"index","follow":"follow","max-snippet":"max-snippet:-1","max-image-preview":"max-image-preview:large","max-video-preview":"max-video-preview:-1"},"canonical":"https:\/\/www.soulledlighting.com\/fr\/sl2835ho-288-44\/","og_locale":"fr_FR","og_type":"article","og_title":"sl2835ho-288-44 - Soul LED Tech + Design","og_description":"Create a captivating ambiance with sl2835ho-288-44 LED Strip. Illuminate crown moldings and add a touch of modern elegance to any space!","og_url":"https:\/\/www.soulledlighting.com\/fr\/sl2835ho-288-44\/","og_site_name":"Soul LED Tech + Design","article_modified_time":"2023-05-16T18:54:51+00:00","twitter_card":"summary_large_image","twitter_misc":{"Dur\u00e9e de lecture estim\u00e9e":"1 minute"},"schema":{"@context":"https:\/\/schema.org","@graph":[{"@type":"WebPage","@id":"https:\/\/www.soulledlighting.com\/sl2835ho-288-44\/","url":"https:\/\/www.soulledlighting.com\/sl2835ho-288-44\/","name":"sl2835ho-288-44 - Soul LED Tech + Design","isPartOf":{"@id":"https:\/\/www.soulledlighting.com\/#website"},"datePublished":"2022-03-12T02:57:05+00:00","dateModified":"2023-05-16T18:54:51+00:00","description":"Create a captivating ambiance with sl2835ho-288-44 LED Strip. Illuminate crown moldings and add a touch of modern elegance to any space!","breadcrumb":{"@id":"https:\/\/www.soulledlighting.com\/sl2835ho-288-44\/#breadcrumb"},"inLanguage":"fr-FR","potentialAction":[{"@type":"ReadAction","target":["https:\/\/www.soulledlighting.com\/sl2835ho-288-44\/"]}]},{"@type":"BreadcrumbList","@id":"https:\/\/www.soulledlighting.com\/sl2835ho-288-44\/#breadcrumb","itemListElement":[{"@type":"ListItem","position":1,"name":"Accueil","item":"https:\/\/www.soulledlighting.com\/"},{"@type":"ListItem","position":2,"name":"sl2835ho-288-44"}]},{"@type":"WebSite","@id":"https:\/\/www.soulledlighting.com\/#website","url":"https:\/\/www.soulledlighting.com\/","name":"Soul LED Tech + Design","description":"","publisher":{"@id":"https:\/\/www.soulledlighting.com\/#organization"},"potentialAction":[{"@type":"SearchAction","target":{"@type":"EntryPoint","urlTemplate":"https:\/\/www.soulledlighting.com\/?s={search_term_string}"},"query-input":{"@type":"PropertyValueSpecification","valueRequired":true,"valueName":"search_term_string"}}],"inLanguage":"fr-FR"},{"@type":"Organization","@id":"https:\/\/www.soulledlighting.com\/#organization","name":"Soul LED Tech + Design","url":"https:\/\/www.soulledlighting.com\/","logo":{"@type":"ImageObject","inLanguage":"fr-FR","@id":"https:\/\/www.soulledlighting.com\/#\/schema\/logo\/image\/","url":"https:\/\/www.soulledlighting.com\/wp-content\/uploads\/2022\/03\/cropped-cropped-cropped-cropped-logo.png","contentUrl":"https:\/\/www.soulledlighting.com\/wp-content\/uploads\/2022\/03\/cropped-cropped-cropped-cropped-logo.png","width":3837,"height":1208,"caption":"Soul LED Tech + Design"},"image":{"@id":"https:\/\/www.soulledlighting.com\/#\/schema\/logo\/image\/"}}]}},"coauthors":[],"author_meta":{"author_link":false,"display_name":"Jean-Michel Fiorito"},"relative_dates":{"created":"Publi\u00e9 56 ans il y a","modified":"Mis \u00e0 jour 56 ans il y a"},"absolute_dates":{"created":"Publi\u00e9 le ","modified":"Mise \u00e0 jour le "},"absolute_dates_time":{"created":"Publi\u00e9 le ","modified":"Mise \u00e0 jour le "},"featured_img_caption":"","featured_img":false,"series_order":"","featured_media_urls":[],"_links":{"self":[{"href":"https:\/\/www.soulledlighting.com\/fr\/wp-json\/wp\/v2\/pages\/1504","targetHints":{"allow":["GET"]}}],"collection":[{"href":"https:\/\/www.soulledlighting.com\/fr\/wp-json\/wp\/v2\/pages"}],"about":[{"href":"https:\/\/www.soulledlighting.com\/fr\/wp-json\/wp\/v2\/types\/page"}],"author":[{"embeddable":true,"href":"https:\/\/www.soulledlighting.com\/fr\/wp-json\/wp\/v2\/users\/2"}],"replies":[{"embeddable":true,"href":"https:\/\/www.soulledlighting.com\/fr\/wp-json\/wp\/v2\/comments?post=1504"}],"version-history":[{"count":0,"href":"https:\/\/www.soulledlighting.com\/fr\/wp-json\/wp\/v2\/pages\/1504\/revisions"}],"wp:attachment":[{"href":"https:\/\/www.soulledlighting.com\/fr\/wp-json\/wp\/v2\/media?parent=1504"}],"curies":[{"name":"wp","href":"https:\/\/api.w.org\/{rel}","templated":true}]}}