{"id":1498,"date":"2022-03-11T22:46:50","date_gmt":"2022-03-12T02:46:50","guid":{"rendered":"https:\/\/soulledlighting.com\/?page_id=1498"},"modified":"2024-07-03T10:44:22","modified_gmt":"2024-07-03T14:44:22","slug":"sl2216-300","status":"publish","type":"page","link":"https:\/\/www.soulledlighting.com\/fr\/sl2216-300\/","title":{"rendered":"SL2216-300&#8212;-"},"content":{"rendered":"<p>Sync your lighting to your everyday life for endless illuminating possibilities with SL2216-300&#8211; Dot less led series. This continuous LED strip is the perfect solution for a wide variety of applications, especially for those installations where you don&#8217;t want to see the individual dots.&nbsp;Transform the ambiance of any room with our Dot Less LED light strip in various color temperatures.<\/p>\n\n\n\n<p><strong>Installation<\/strong><\/p>\n\n\n\n<p>Peut \u00eatre facilement install\u00e9 au mur sous ou \u00e0 l'int\u00e9rieur des armoires, des vanit\u00e9s ainsi que des corniches et des profil\u00e9s en aluminium \u00e0 l'aide de la quincaillerie incluse.<\/p>\n\n\n\n<p>Pour une meilleure ambiance, un aspect d\u00e9coratif et pour prot\u00e9ger le ruban LED, nous vous recommandons fortement nos profil\u00e9s LED en aluminium. <a href=\"https:\/\/www.soulledlighting.com\/fr\/products\/\">profil\u00e9s LED en aluminium<\/a><\/p>\n\n\n\n<p><strong>Product code details<\/strong><\/p>\n\n\n\n<p>SL2216-300-10VW : 875Lumens\/m | 2700K | 9.6W(2.93W\/ft(pi.)) | CRI\/IRC90+ <br>SL2216-300-10WW : 925Lumens\/m | 3000K | 9.6W(2.93W\/ft(pi.)) | CRI\/IRC90+ <br>SL2216-300-10NW : 990Lumens\/m | 4000K | 9.6W(2.93W\/ft(pi.)) | CRI\/IRC90+<br>SL2216-300-15WW : High Output 1300Lumens\/m | 3000K | 14.4W(4.39W\/ft(pi.)) | CRI\/IRC90+<br>SL2216-300-15NW : High Output 1300Lumens\/m | 4000K | 14.4W(4.39W\/ft(pi.)) | CRI\/IRC90+<br>SL2216-300-20WW : Very High Output 1500Lumens\/m | 3000K | 19.2W | CRI\/IRC90+<\/p>\n\n\n\n<p><strong>!! Veuillez noter que cette bande est livr\u00e9e sans transformateur !! <\/strong><\/p>\n\n\n\n<p><\/p>\n\n\n\n<div class=\"wp-block-file\"><a id=\"wp-block-file--media-a77b3868-0e28-4f06-953e-fee6d00da3eb\" href=\"https:\/\/www.soulledlighting.com\/wp-content\/uploads\/2022\/03\/DOTLESS-TAPE-SL2216-300.pdf\">DOTLESS-TAPE-SL2216-300<\/a><a href=\"https:\/\/www.soulledlighting.com\/wp-content\/uploads\/2022\/03\/DOTLESS-TAPE-SL2216-300.pdf\" class=\"wp-block-file__button wp-element-button\" download aria-describedby=\"wp-block-file--media-a77b3868-0e28-4f06-953e-fee6d00da3eb\">T\u00e9l\u00e9charger<\/a><\/div>\n\n\n\n<div style=\"height:53px\" aria-hidden=\"true\" class=\"wp-block-spacer\"><\/div>","protected":false},"excerpt":{"rendered":"<p>Sync your lighting to your everyday life for endless illuminating possibilities with SL2216-300&#8211; Dot<span class=\"more-dots\">&#8230;<\/span><\/p>","protected":false},"author":2,"featured_media":0,"parent":0,"menu_order":0,"comment_status":"closed","ping_status":"closed","template":"","meta":{"_coblocks_attr":"","_coblocks_dimensions":"","_coblocks_responsive_height":"","_coblocks_accordion_ie_support":"","advgb_blocks_editor_width":"","advgb_blocks_columns_visual_guide":"","footnotes":""},"class_list":["post-1498","page","type-page","status-publish","hentry","no-post-thumbnail"],"yoast_head":"<!-- This site is optimized with the Yoast SEO plugin v27.4 - https:\/\/yoast.com\/product\/yoast-seo-wordpress\/ -->\n<title>SL2216-300- Soul LED Tech + Design<\/title>\n<meta name=\"description\" content=\"Elevate your lighting experience with SL2216-300-10ww Dotless LED ribbon. Sync lighting to your everyday life, achieve seamless illumination.\" \/>\n<meta name=\"robots\" content=\"index, follow, max-snippet:-1, max-image-preview:large, max-video-preview:-1\" \/>\n<link rel=\"canonical\" href=\"https:\/\/www.soulledlighting.com\/fr\/sl2216-300\/\" \/>\n<meta property=\"og:locale\" content=\"fr_FR\" \/>\n<meta property=\"og:type\" content=\"article\" \/>\n<meta property=\"og:title\" content=\"SL2216-300- Soul LED Tech + Design\" \/>\n<meta property=\"og:description\" content=\"Elevate your lighting experience with SL2216-300-10ww Dotless LED ribbon. Sync lighting to your everyday life, achieve seamless illumination.\" \/>\n<meta property=\"og:url\" content=\"https:\/\/www.soulledlighting.com\/fr\/sl2216-300\/\" \/>\n<meta property=\"og:site_name\" content=\"Soul LED Tech + Design\" \/>\n<meta property=\"article:modified_time\" content=\"2024-07-03T14:44:22+00:00\" \/>\n<meta name=\"twitter:card\" content=\"summary_large_image\" \/>\n<meta name=\"twitter:label1\" content=\"Dur\u00e9e de lecture estim\u00e9e\" \/>\n\t<meta name=\"twitter:data1\" content=\"1 minute\" \/>\n<script type=\"application\/ld+json\" class=\"yoast-schema-graph\">{\"@context\":\"https:\\\/\\\/schema.org\",\"@graph\":[{\"@type\":\"WebPage\",\"@id\":\"https:\\\/\\\/www.soulledlighting.com\\\/sl2216-300\\\/\",\"url\":\"https:\\\/\\\/www.soulledlighting.com\\\/sl2216-300\\\/\",\"name\":\"SL2216-300- Soul LED Tech + Design\",\"isPartOf\":{\"@id\":\"https:\\\/\\\/www.soulledlighting.com\\\/#website\"},\"datePublished\":\"2022-03-12T02:46:50+00:00\",\"dateModified\":\"2024-07-03T14:44:22+00:00\",\"description\":\"Elevate your lighting experience with SL2216-300-10ww Dotless LED ribbon. Sync lighting to your everyday life, achieve seamless illumination.\",\"breadcrumb\":{\"@id\":\"https:\\\/\\\/www.soulledlighting.com\\\/sl2216-300\\\/#breadcrumb\"},\"inLanguage\":\"fr-FR\",\"potentialAction\":[{\"@type\":\"ReadAction\",\"target\":[\"https:\\\/\\\/www.soulledlighting.com\\\/sl2216-300\\\/\"]}]},{\"@type\":\"BreadcrumbList\",\"@id\":\"https:\\\/\\\/www.soulledlighting.com\\\/sl2216-300\\\/#breadcrumb\",\"itemListElement\":[{\"@type\":\"ListItem\",\"position\":1,\"name\":\"Accueil\",\"item\":\"https:\\\/\\\/www.soulledlighting.com\\\/\"},{\"@type\":\"ListItem\",\"position\":2,\"name\":\"SL2216-300&#8212;-\"}]},{\"@type\":\"WebSite\",\"@id\":\"https:\\\/\\\/www.soulledlighting.com\\\/#website\",\"url\":\"https:\\\/\\\/www.soulledlighting.com\\\/\",\"name\":\"Soul LED Tech + Design\",\"description\":\"\",\"publisher\":{\"@id\":\"https:\\\/\\\/www.soulledlighting.com\\\/#organization\"},\"potentialAction\":[{\"@type\":\"SearchAction\",\"target\":{\"@type\":\"EntryPoint\",\"urlTemplate\":\"https:\\\/\\\/www.soulledlighting.com\\\/?s={search_term_string}\"},\"query-input\":{\"@type\":\"PropertyValueSpecification\",\"valueRequired\":true,\"valueName\":\"search_term_string\"}}],\"inLanguage\":\"fr-FR\"},{\"@type\":\"Organization\",\"@id\":\"https:\\\/\\\/www.soulledlighting.com\\\/#organization\",\"name\":\"Soul LED Tech + Design\",\"url\":\"https:\\\/\\\/www.soulledlighting.com\\\/\",\"logo\":{\"@type\":\"ImageObject\",\"inLanguage\":\"fr-FR\",\"@id\":\"https:\\\/\\\/www.soulledlighting.com\\\/#\\\/schema\\\/logo\\\/image\\\/\",\"url\":\"https:\\\/\\\/www.soulledlighting.com\\\/wp-content\\\/uploads\\\/2022\\\/03\\\/cropped-cropped-cropped-cropped-logo.png\",\"contentUrl\":\"https:\\\/\\\/www.soulledlighting.com\\\/wp-content\\\/uploads\\\/2022\\\/03\\\/cropped-cropped-cropped-cropped-logo.png\",\"width\":3837,\"height\":1208,\"caption\":\"Soul LED Tech + Design\"},\"image\":{\"@id\":\"https:\\\/\\\/www.soulledlighting.com\\\/#\\\/schema\\\/logo\\\/image\\\/\"}}]}<\/script>\n<!-- \/ Yoast SEO plugin. -->","yoast_head_json":{"title":"SL2216-300- Soul LED Tech + Design","description":"Elevate your lighting experience with SL2216-300-10ww Dotless LED ribbon. Sync lighting to your everyday life, achieve seamless illumination.","robots":{"index":"index","follow":"follow","max-snippet":"max-snippet:-1","max-image-preview":"max-image-preview:large","max-video-preview":"max-video-preview:-1"},"canonical":"https:\/\/www.soulledlighting.com\/fr\/sl2216-300\/","og_locale":"fr_FR","og_type":"article","og_title":"SL2216-300- Soul LED Tech + Design","og_description":"Elevate your lighting experience with SL2216-300-10ww Dotless LED ribbon. Sync lighting to your everyday life, achieve seamless illumination.","og_url":"https:\/\/www.soulledlighting.com\/fr\/sl2216-300\/","og_site_name":"Soul LED Tech + Design","article_modified_time":"2024-07-03T14:44:22+00:00","twitter_card":"summary_large_image","twitter_misc":{"Dur\u00e9e de lecture estim\u00e9e":"1 minute"},"schema":{"@context":"https:\/\/schema.org","@graph":[{"@type":"WebPage","@id":"https:\/\/www.soulledlighting.com\/sl2216-300\/","url":"https:\/\/www.soulledlighting.com\/sl2216-300\/","name":"SL2216-300- Soul LED Tech + Design","isPartOf":{"@id":"https:\/\/www.soulledlighting.com\/#website"},"datePublished":"2022-03-12T02:46:50+00:00","dateModified":"2024-07-03T14:44:22+00:00","description":"Elevate your lighting experience with SL2216-300-10ww Dotless LED ribbon. Sync lighting to your everyday life, achieve seamless illumination.","breadcrumb":{"@id":"https:\/\/www.soulledlighting.com\/sl2216-300\/#breadcrumb"},"inLanguage":"fr-FR","potentialAction":[{"@type":"ReadAction","target":["https:\/\/www.soulledlighting.com\/sl2216-300\/"]}]},{"@type":"BreadcrumbList","@id":"https:\/\/www.soulledlighting.com\/sl2216-300\/#breadcrumb","itemListElement":[{"@type":"ListItem","position":1,"name":"Accueil","item":"https:\/\/www.soulledlighting.com\/"},{"@type":"ListItem","position":2,"name":"SL2216-300&#8212;-"}]},{"@type":"WebSite","@id":"https:\/\/www.soulledlighting.com\/#website","url":"https:\/\/www.soulledlighting.com\/","name":"Soul LED Tech + Design","description":"","publisher":{"@id":"https:\/\/www.soulledlighting.com\/#organization"},"potentialAction":[{"@type":"SearchAction","target":{"@type":"EntryPoint","urlTemplate":"https:\/\/www.soulledlighting.com\/?s={search_term_string}"},"query-input":{"@type":"PropertyValueSpecification","valueRequired":true,"valueName":"search_term_string"}}],"inLanguage":"fr-FR"},{"@type":"Organization","@id":"https:\/\/www.soulledlighting.com\/#organization","name":"Soul LED Tech + Design","url":"https:\/\/www.soulledlighting.com\/","logo":{"@type":"ImageObject","inLanguage":"fr-FR","@id":"https:\/\/www.soulledlighting.com\/#\/schema\/logo\/image\/","url":"https:\/\/www.soulledlighting.com\/wp-content\/uploads\/2022\/03\/cropped-cropped-cropped-cropped-logo.png","contentUrl":"https:\/\/www.soulledlighting.com\/wp-content\/uploads\/2022\/03\/cropped-cropped-cropped-cropped-logo.png","width":3837,"height":1208,"caption":"Soul LED Tech + Design"},"image":{"@id":"https:\/\/www.soulledlighting.com\/#\/schema\/logo\/image\/"}}]}},"coauthors":[],"author_meta":{"author_link":false,"display_name":"Jean-Michel Fiorito"},"relative_dates":{"created":"Publi\u00e9 56 ans il y a","modified":"Mis \u00e0 jour 56 ans il y a"},"absolute_dates":{"created":"Publi\u00e9 le ","modified":"Mise \u00e0 jour le "},"absolute_dates_time":{"created":"Publi\u00e9 le ","modified":"Mise \u00e0 jour le "},"featured_img_caption":"","featured_img":false,"series_order":"","featured_media_urls":[],"_links":{"self":[{"href":"https:\/\/www.soulledlighting.com\/fr\/wp-json\/wp\/v2\/pages\/1498","targetHints":{"allow":["GET"]}}],"collection":[{"href":"https:\/\/www.soulledlighting.com\/fr\/wp-json\/wp\/v2\/pages"}],"about":[{"href":"https:\/\/www.soulledlighting.com\/fr\/wp-json\/wp\/v2\/types\/page"}],"author":[{"embeddable":true,"href":"https:\/\/www.soulledlighting.com\/fr\/wp-json\/wp\/v2\/users\/2"}],"replies":[{"embeddable":true,"href":"https:\/\/www.soulledlighting.com\/fr\/wp-json\/wp\/v2\/comments?post=1498"}],"version-history":[{"count":0,"href":"https:\/\/www.soulledlighting.com\/fr\/wp-json\/wp\/v2\/pages\/1498\/revisions"}],"wp:attachment":[{"href":"https:\/\/www.soulledlighting.com\/fr\/wp-json\/wp\/v2\/media?parent=1498"}],"curies":[{"name":"wp","href":"https:\/\/api.w.org\/{rel}","templated":true}]}}