{"id":1434,"date":"2022-03-11T17:13:07","date_gmt":"2022-03-11T21:13:07","guid":{"rendered":"https:\/\/soulledlighting.com\/?page_id=1434"},"modified":"2024-03-18T13:52:30","modified_gmt":"2024-03-18T17:52:30","slug":"sould003c","status":"publish","type":"page","link":"https:\/\/www.soulledlighting.com\/fr\/sould003c\/","title":{"rendered":"SOULD003C"},"content":{"rendered":"<p>SOULD003C est id\u00e9al pour un luminaire lin\u00e9aire mince au-dessus des salles \u00e0 manger, des \u00eelots de cuisine, des salles de conf\u00e9rence et des garages. Ces luminaires sont un bel exemple de minimalisme cr\u00e9ant un \u00e9clairage visuellement attrayant qui reste discret dans l'environnement de la maison\/du travail. SOUL3535S peut \u00eatre install\u00e9 en suspension ou en surface pour cr\u00e9er un look moderne et architectural.<\/p>\n\n\n\n<p><strong>Fonctionnalit\u00e9<\/strong><\/p>\n\n\n\n<p>Ce profil\u00e9 en aluminium fonctionnel et polyvalent avec lentille semi-givr\u00e9e offre une diffusion uniforme de la lumi\u00e8re dans un style moderne et \u00e9pur\u00e9. Vous pouvez monter ce canal en surface sur le mur ou l'accrocher au plafond. Avec son excellente conception architecturale, SOULD003C vous offre une ambiance d\u00e9corative<\/p>\n\n\n\n<p><strong>Installation<\/strong><\/p>\n\n\n\n<p>Peut \u00eatre facilement suspendu au plafond et mont\u00e9 en surface \u00e0 l'aide du mat\u00e9riel inclus.<\/p>\n\n\n\n<p><strong>Description technique<\/strong><\/p>\n\n\n\n<p>Chaque m\u00e8tre de ce produit comprend :<\/p>\n\n\n\n<ul class=\"wp-block-list\">\n<li>SOULD003C hardware<\/li>\n\n\n\n<li>Metal endcaps &amp; clips<\/li>\n<\/ul>\n\n\n\n<p>Optionnel:<\/p>\n\n\n\n<ul class=\"wp-block-list\">\n<li>Ensemble de suspension 4' ou 15'<\/li>\n<\/ul>\n\n\n\n<p>Nous recommandons les rubans LED suivants :<\/p>\n\n\n\n<p>SL2216-300-10*** or SL2835HO-160-15**<\/p>\n\n\n\n<p>Pour des applications sp\u00e9ciales ou pour ajouter plus d'ambiance, nous recommandons notre BLK-35MM\/ BKL<\/p>\n\n\n\n<div class=\"wp-block-file\"><a id=\"wp-block-file--media-5fe4dda5-b8df-4f7a-9e25-14c3e6c10cea\" href=\"https:\/\/www.soulledlighting.com\/wp-content\/uploads\/2022\/03\/SOULD003.pdf\">SOULD003<\/a><a href=\"https:\/\/www.soulledlighting.com\/wp-content\/uploads\/2022\/03\/SOULD003.pdf\" class=\"wp-block-file__button wp-element-button\" download aria-describedby=\"wp-block-file--media-5fe4dda5-b8df-4f7a-9e25-14c3e6c10cea\">T\u00e9l\u00e9charger<\/a><\/div>\n\n\n\n<figure class=\"wp-block-gallery has-nested-images columns-default is-cropped wp-block-gallery-1 is-layout-flex wp-block-gallery-is-layout-flex\">\n<figure class=\"wp-block-image size-large\"><a href=\"https:\/\/www.soulledlighting.com\/wp-content\/uploads\/2022\/03\/SOULD003C-WH-1.png\"><img fetchpriority=\"high\" decoding=\"async\" width=\"800\" height=\"800\" data-id=\"1440\" src=\"https:\/\/www.soulledlighting.com\/wp-content\/uploads\/2022\/03\/SOULD003C-WH-1.png\" alt=\"\" class=\"wp-image-1440\" srcset=\"https:\/\/www.soulledlighting.com\/wp-content\/uploads\/2022\/03\/SOULD003C-WH-1.png 800w, https:\/\/www.soulledlighting.com\/wp-content\/uploads\/2022\/03\/SOULD003C-WH-1-300x300.png 300w, https:\/\/www.soulledlighting.com\/wp-content\/uploads\/2022\/03\/SOULD003C-WH-1-150x150.png 150w, https:\/\/www.soulledlighting.com\/wp-content\/uploads\/2022\/03\/SOULD003C-WH-1-768x768.png 768w\" sizes=\"(max-width: 800px) 100vw, 800px\" \/><\/a><\/figure>\n\n\n\n<figure class=\"wp-block-image size-large\"><a href=\"https:\/\/www.soulledlighting.com\/wp-content\/uploads\/2022\/03\/SOULD003C-GD.png\"><img decoding=\"async\" width=\"800\" height=\"800\" data-id=\"1439\" data-src=\"https:\/\/www.soulledlighting.com\/wp-content\/uploads\/2022\/03\/SOULD003C-GD.png\" alt=\"\" class=\"wp-image-1439 lazyload\" data-srcset=\"https:\/\/www.soulledlighting.com\/wp-content\/uploads\/2022\/03\/SOULD003C-GD.png 800w, https:\/\/www.soulledlighting.com\/wp-content\/uploads\/2022\/03\/SOULD003C-GD-300x300.png 300w, https:\/\/www.soulledlighting.com\/wp-content\/uploads\/2022\/03\/SOULD003C-GD-150x150.png 150w, https:\/\/www.soulledlighting.com\/wp-content\/uploads\/2022\/03\/SOULD003C-GD-768x768.png 768w\" data-sizes=\"(max-width: 800px) 100vw, 800px\" src=\"data:image\/svg+xml;base64,PHN2ZyB3aWR0aD0iMSIgaGVpZ2h0PSIxIiB4bWxucz0iaHR0cDovL3d3dy53My5vcmcvMjAwMC9zdmciPjwvc3ZnPg==\" style=\"--smush-placeholder-width: 800px; --smush-placeholder-aspect-ratio: 800\/800;\" \/><\/a><\/figure>\n\n\n\n<figure class=\"wp-block-image size-large\"><a href=\"https:\/\/www.soulledlighting.com\/wp-content\/uploads\/2022\/03\/SOULD003C.jpg\"><img decoding=\"async\" width=\"800\" height=\"800\" data-id=\"1438\" data-src=\"https:\/\/www.soulledlighting.com\/wp-content\/uploads\/2022\/03\/SOULD003C.jpg\" alt=\"\" class=\"wp-image-1438 lazyload\" data-srcset=\"https:\/\/www.soulledlighting.com\/wp-content\/uploads\/2022\/03\/SOULD003C.jpg 800w, https:\/\/www.soulledlighting.com\/wp-content\/uploads\/2022\/03\/SOULD003C-300x300.jpg 300w, https:\/\/www.soulledlighting.com\/wp-content\/uploads\/2022\/03\/SOULD003C-150x150.jpg 150w, https:\/\/www.soulledlighting.com\/wp-content\/uploads\/2022\/03\/SOULD003C-768x768.jpg 768w\" data-sizes=\"(max-width: 800px) 100vw, 800px\" src=\"data:image\/svg+xml;base64,PHN2ZyB3aWR0aD0iMSIgaGVpZ2h0PSIxIiB4bWxucz0iaHR0cDovL3d3dy53My5vcmcvMjAwMC9zdmciPjwvc3ZnPg==\" style=\"--smush-placeholder-width: 800px; --smush-placeholder-aspect-ratio: 800\/800;\" \/><\/a><\/figure>\n\n\n\n<figure class=\"wp-block-image size-large\"><a href=\"https:\/\/www.soulledlighting.com\/wp-content\/uploads\/2022\/03\/SOULD003C-3.jpg\"><img decoding=\"async\" width=\"800\" height=\"800\" data-id=\"1437\" data-src=\"https:\/\/www.soulledlighting.com\/wp-content\/uploads\/2022\/03\/SOULD003C-3.jpg\" alt=\"led lighting ideas at SOUL LED Technologies\" class=\"wp-image-1437 lazyload\" data-srcset=\"https:\/\/www.soulledlighting.com\/wp-content\/uploads\/2022\/03\/SOULD003C-3.jpg 800w, https:\/\/www.soulledlighting.com\/wp-content\/uploads\/2022\/03\/SOULD003C-3-300x300.jpg 300w, https:\/\/www.soulledlighting.com\/wp-content\/uploads\/2022\/03\/SOULD003C-3-150x150.jpg 150w, https:\/\/www.soulledlighting.com\/wp-content\/uploads\/2022\/03\/SOULD003C-3-768x768.jpg 768w\" data-sizes=\"(max-width: 800px) 100vw, 800px\" src=\"data:image\/svg+xml;base64,PHN2ZyB3aWR0aD0iMSIgaGVpZ2h0PSIxIiB4bWxucz0iaHR0cDovL3d3dy53My5vcmcvMjAwMC9zdmciPjwvc3ZnPg==\" style=\"--smush-placeholder-width: 800px; --smush-placeholder-aspect-ratio: 800\/800;\" \/><\/a><\/figure>\n\n\n\n<figure class=\"wp-block-image size-large\"><a href=\"https:\/\/www.soulledlighting.com\/wp-content\/uploads\/2022\/03\/SOULD003C-2.jpg\"><img decoding=\"async\" width=\"800\" height=\"800\" data-id=\"1436\" data-src=\"https:\/\/www.soulledlighting.com\/wp-content\/uploads\/2022\/03\/SOULD003C-2.jpg\" alt=\"led lighting ideas at SOUL LED Technologies\" class=\"wp-image-1436 lazyload\" data-srcset=\"https:\/\/www.soulledlighting.com\/wp-content\/uploads\/2022\/03\/SOULD003C-2.jpg 800w, https:\/\/www.soulledlighting.com\/wp-content\/uploads\/2022\/03\/SOULD003C-2-300x300.jpg 300w, https:\/\/www.soulledlighting.com\/wp-content\/uploads\/2022\/03\/SOULD003C-2-150x150.jpg 150w, https:\/\/www.soulledlighting.com\/wp-content\/uploads\/2022\/03\/SOULD003C-2-768x768.jpg 768w\" data-sizes=\"(max-width: 800px) 100vw, 800px\" src=\"data:image\/svg+xml;base64,PHN2ZyB3aWR0aD0iMSIgaGVpZ2h0PSIxIiB4bWxucz0iaHR0cDovL3d3dy53My5vcmcvMjAwMC9zdmciPjwvc3ZnPg==\" style=\"--smush-placeholder-width: 800px; --smush-placeholder-aspect-ratio: 800\/800;\" \/><\/a><\/figure>\n\n\n\n<figure class=\"wp-block-image size-large\"><a href=\"https:\/\/www.soulledlighting.com\/wp-content\/uploads\/2022\/03\/SOULD003C-1.jpg\"><img decoding=\"async\" width=\"800\" height=\"800\" data-id=\"1435\" data-src=\"https:\/\/www.soulledlighting.com\/wp-content\/uploads\/2022\/03\/SOULD003C-1.jpg\" alt=\"led lighting ideas at SOUL LED Technologies\" class=\"wp-image-1435 lazyload\" data-srcset=\"https:\/\/www.soulledlighting.com\/wp-content\/uploads\/2022\/03\/SOULD003C-1.jpg 800w, https:\/\/www.soulledlighting.com\/wp-content\/uploads\/2022\/03\/SOULD003C-1-300x300.jpg 300w, https:\/\/www.soulledlighting.com\/wp-content\/uploads\/2022\/03\/SOULD003C-1-150x150.jpg 150w, https:\/\/www.soulledlighting.com\/wp-content\/uploads\/2022\/03\/SOULD003C-1-768x768.jpg 768w\" data-sizes=\"(max-width: 800px) 100vw, 800px\" src=\"data:image\/svg+xml;base64,PHN2ZyB3aWR0aD0iMSIgaGVpZ2h0PSIxIiB4bWxucz0iaHR0cDovL3d3dy53My5vcmcvMjAwMC9zdmciPjwvc3ZnPg==\" style=\"--smush-placeholder-width: 800px; --smush-placeholder-aspect-ratio: 800\/800;\" \/><\/a><\/figure>\n<\/figure>","protected":false},"excerpt":{"rendered":"<p>SOULD003C is ideal for a slim linear light fixture over dining rooms, kitchen islands,<span class=\"more-dots\">&#8230;<\/span><\/p>","protected":false},"author":2,"featured_media":0,"parent":0,"menu_order":0,"comment_status":"closed","ping_status":"closed","template":"","meta":{"_coblocks_attr":"","_coblocks_dimensions":"","_coblocks_responsive_height":"","_coblocks_accordion_ie_support":"","advgb_blocks_editor_width":"","advgb_blocks_columns_visual_guide":"","footnotes":""},"class_list":["post-1434","page","type-page","status-publish","hentry","no-post-thumbnail"],"yoast_head":"<!-- This site is optimized with the Yoast SEO plugin v27.4 - https:\/\/yoast.com\/product\/yoast-seo-wordpress\/ -->\n<title>SOULD003C - Soul LED Tech + Design<\/title>\n<meta name=\"description\" content=\"SOULD003C LED aluminum profile. Achieve seamless integration, dynamic lighting effects, and elevate your designs. Explore now!\" \/>\n<meta name=\"robots\" content=\"index, follow, max-snippet:-1, max-image-preview:large, max-video-preview:-1\" \/>\n<link rel=\"canonical\" href=\"https:\/\/www.soulledlighting.com\/fr\/sould003c\/\" \/>\n<meta property=\"og:locale\" content=\"fr_FR\" \/>\n<meta property=\"og:type\" content=\"article\" \/>\n<meta property=\"og:title\" content=\"SOULD003C - Soul LED Tech + Design\" \/>\n<meta property=\"og:description\" content=\"SOULD003C LED aluminum profile. Achieve seamless integration, dynamic lighting effects, and elevate your designs. Explore now!\" \/>\n<meta property=\"og:url\" content=\"https:\/\/www.soulledlighting.com\/fr\/sould003c\/\" \/>\n<meta property=\"og:site_name\" content=\"Soul LED Tech + Design\" \/>\n<meta property=\"article:modified_time\" content=\"2024-03-18T17:52:30+00:00\" \/>\n<meta property=\"og:image\" content=\"https:\/\/www.soulledlighting.com\/wp-content\/uploads\/2022\/03\/SOULD003C-WH-1.png\" \/>\n<meta name=\"twitter:card\" content=\"summary_large_image\" \/>\n<meta name=\"twitter:label1\" content=\"Dur\u00e9e de lecture estim\u00e9e\" \/>\n\t<meta name=\"twitter:data1\" content=\"2 minutes\" \/>\n<script type=\"application\/ld+json\" class=\"yoast-schema-graph\">{\"@context\":\"https:\\\/\\\/schema.org\",\"@graph\":[{\"@type\":\"WebPage\",\"@id\":\"https:\\\/\\\/www.soulledlighting.com\\\/sould003c\\\/\",\"url\":\"https:\\\/\\\/www.soulledlighting.com\\\/sould003c\\\/\",\"name\":\"SOULD003C - Soul LED Tech + Design\",\"isPartOf\":{\"@id\":\"https:\\\/\\\/www.soulledlighting.com\\\/#website\"},\"primaryImageOfPage\":{\"@id\":\"https:\\\/\\\/www.soulledlighting.com\\\/sould003c\\\/#primaryimage\"},\"image\":{\"@id\":\"https:\\\/\\\/www.soulledlighting.com\\\/sould003c\\\/#primaryimage\"},\"thumbnailUrl\":\"https:\\\/\\\/www.soulledlighting.com\\\/wp-content\\\/uploads\\\/2022\\\/03\\\/SOULD003C-WH-1.png\",\"datePublished\":\"2022-03-11T21:13:07+00:00\",\"dateModified\":\"2024-03-18T17:52:30+00:00\",\"description\":\"SOULD003C LED aluminum profile. Achieve seamless integration, dynamic lighting effects, and elevate your designs. Explore now!\",\"breadcrumb\":{\"@id\":\"https:\\\/\\\/www.soulledlighting.com\\\/sould003c\\\/#breadcrumb\"},\"inLanguage\":\"fr-FR\",\"potentialAction\":[{\"@type\":\"ReadAction\",\"target\":[\"https:\\\/\\\/www.soulledlighting.com\\\/sould003c\\\/\"]}]},{\"@type\":\"ImageObject\",\"inLanguage\":\"fr-FR\",\"@id\":\"https:\\\/\\\/www.soulledlighting.com\\\/sould003c\\\/#primaryimage\",\"url\":\"https:\\\/\\\/www.soulledlighting.com\\\/wp-content\\\/uploads\\\/2022\\\/03\\\/SOULD003C-WH-1.png\",\"contentUrl\":\"https:\\\/\\\/www.soulledlighting.com\\\/wp-content\\\/uploads\\\/2022\\\/03\\\/SOULD003C-WH-1.png\"},{\"@type\":\"BreadcrumbList\",\"@id\":\"https:\\\/\\\/www.soulledlighting.com\\\/sould003c\\\/#breadcrumb\",\"itemListElement\":[{\"@type\":\"ListItem\",\"position\":1,\"name\":\"Accueil\",\"item\":\"https:\\\/\\\/www.soulledlighting.com\\\/\"},{\"@type\":\"ListItem\",\"position\":2,\"name\":\"SOULD003C\"}]},{\"@type\":\"WebSite\",\"@id\":\"https:\\\/\\\/www.soulledlighting.com\\\/#website\",\"url\":\"https:\\\/\\\/www.soulledlighting.com\\\/\",\"name\":\"Soul LED Tech + Design\",\"description\":\"\",\"publisher\":{\"@id\":\"https:\\\/\\\/www.soulledlighting.com\\\/#organization\"},\"potentialAction\":[{\"@type\":\"SearchAction\",\"target\":{\"@type\":\"EntryPoint\",\"urlTemplate\":\"https:\\\/\\\/www.soulledlighting.com\\\/?s={search_term_string}\"},\"query-input\":{\"@type\":\"PropertyValueSpecification\",\"valueRequired\":true,\"valueName\":\"search_term_string\"}}],\"inLanguage\":\"fr-FR\"},{\"@type\":\"Organization\",\"@id\":\"https:\\\/\\\/www.soulledlighting.com\\\/#organization\",\"name\":\"Soul LED Tech + Design\",\"url\":\"https:\\\/\\\/www.soulledlighting.com\\\/\",\"logo\":{\"@type\":\"ImageObject\",\"inLanguage\":\"fr-FR\",\"@id\":\"https:\\\/\\\/www.soulledlighting.com\\\/#\\\/schema\\\/logo\\\/image\\\/\",\"url\":\"https:\\\/\\\/www.soulledlighting.com\\\/wp-content\\\/uploads\\\/2022\\\/03\\\/cropped-cropped-cropped-cropped-logo.png\",\"contentUrl\":\"https:\\\/\\\/www.soulledlighting.com\\\/wp-content\\\/uploads\\\/2022\\\/03\\\/cropped-cropped-cropped-cropped-logo.png\",\"width\":3837,\"height\":1208,\"caption\":\"Soul LED Tech + Design\"},\"image\":{\"@id\":\"https:\\\/\\\/www.soulledlighting.com\\\/#\\\/schema\\\/logo\\\/image\\\/\"}}]}<\/script>\n<!-- \/ Yoast SEO plugin. -->","yoast_head_json":{"title":"SOULD003C - Soul LED Tech + Design","description":"SOULD003C LED aluminum profile. Achieve seamless integration, dynamic lighting effects, and elevate your designs. Explore now!","robots":{"index":"index","follow":"follow","max-snippet":"max-snippet:-1","max-image-preview":"max-image-preview:large","max-video-preview":"max-video-preview:-1"},"canonical":"https:\/\/www.soulledlighting.com\/fr\/sould003c\/","og_locale":"fr_FR","og_type":"article","og_title":"SOULD003C - Soul LED Tech + Design","og_description":"SOULD003C LED aluminum profile. Achieve seamless integration, dynamic lighting effects, and elevate your designs. Explore now!","og_url":"https:\/\/www.soulledlighting.com\/fr\/sould003c\/","og_site_name":"Soul LED Tech + Design","article_modified_time":"2024-03-18T17:52:30+00:00","og_image":[{"url":"https:\/\/www.soulledlighting.com\/wp-content\/uploads\/2022\/03\/SOULD003C-WH-1.png","type":"","width":"","height":""}],"twitter_card":"summary_large_image","twitter_misc":{"Dur\u00e9e de lecture estim\u00e9e":"2 minutes"},"schema":{"@context":"https:\/\/schema.org","@graph":[{"@type":"WebPage","@id":"https:\/\/www.soulledlighting.com\/sould003c\/","url":"https:\/\/www.soulledlighting.com\/sould003c\/","name":"SOULD003C - Soul LED Tech + Design","isPartOf":{"@id":"https:\/\/www.soulledlighting.com\/#website"},"primaryImageOfPage":{"@id":"https:\/\/www.soulledlighting.com\/sould003c\/#primaryimage"},"image":{"@id":"https:\/\/www.soulledlighting.com\/sould003c\/#primaryimage"},"thumbnailUrl":"https:\/\/www.soulledlighting.com\/wp-content\/uploads\/2022\/03\/SOULD003C-WH-1.png","datePublished":"2022-03-11T21:13:07+00:00","dateModified":"2024-03-18T17:52:30+00:00","description":"SOULD003C LED aluminum profile. Achieve seamless integration, dynamic lighting effects, and elevate your designs. Explore now!","breadcrumb":{"@id":"https:\/\/www.soulledlighting.com\/sould003c\/#breadcrumb"},"inLanguage":"fr-FR","potentialAction":[{"@type":"ReadAction","target":["https:\/\/www.soulledlighting.com\/sould003c\/"]}]},{"@type":"ImageObject","inLanguage":"fr-FR","@id":"https:\/\/www.soulledlighting.com\/sould003c\/#primaryimage","url":"https:\/\/www.soulledlighting.com\/wp-content\/uploads\/2022\/03\/SOULD003C-WH-1.png","contentUrl":"https:\/\/www.soulledlighting.com\/wp-content\/uploads\/2022\/03\/SOULD003C-WH-1.png"},{"@type":"BreadcrumbList","@id":"https:\/\/www.soulledlighting.com\/sould003c\/#breadcrumb","itemListElement":[{"@type":"ListItem","position":1,"name":"Accueil","item":"https:\/\/www.soulledlighting.com\/"},{"@type":"ListItem","position":2,"name":"SOULD003C"}]},{"@type":"WebSite","@id":"https:\/\/www.soulledlighting.com\/#website","url":"https:\/\/www.soulledlighting.com\/","name":"Soul LED Tech + Design","description":"","publisher":{"@id":"https:\/\/www.soulledlighting.com\/#organization"},"potentialAction":[{"@type":"SearchAction","target":{"@type":"EntryPoint","urlTemplate":"https:\/\/www.soulledlighting.com\/?s={search_term_string}"},"query-input":{"@type":"PropertyValueSpecification","valueRequired":true,"valueName":"search_term_string"}}],"inLanguage":"fr-FR"},{"@type":"Organization","@id":"https:\/\/www.soulledlighting.com\/#organization","name":"Soul LED Tech + Design","url":"https:\/\/www.soulledlighting.com\/","logo":{"@type":"ImageObject","inLanguage":"fr-FR","@id":"https:\/\/www.soulledlighting.com\/#\/schema\/logo\/image\/","url":"https:\/\/www.soulledlighting.com\/wp-content\/uploads\/2022\/03\/cropped-cropped-cropped-cropped-logo.png","contentUrl":"https:\/\/www.soulledlighting.com\/wp-content\/uploads\/2022\/03\/cropped-cropped-cropped-cropped-logo.png","width":3837,"height":1208,"caption":"Soul LED Tech + Design"},"image":{"@id":"https:\/\/www.soulledlighting.com\/#\/schema\/logo\/image\/"}}]}},"coauthors":[],"author_meta":{"author_link":false,"display_name":"Jean-Michel Fiorito"},"relative_dates":{"created":"Publi\u00e9 56 ans il y a","modified":"Mis \u00e0 jour 56 ans il y a"},"absolute_dates":{"created":"Publi\u00e9 le ","modified":"Mise \u00e0 jour le "},"absolute_dates_time":{"created":"Publi\u00e9 le ","modified":"Mise \u00e0 jour le "},"featured_img_caption":"","featured_img":false,"series_order":"","featured_media_urls":[],"_links":{"self":[{"href":"https:\/\/www.soulledlighting.com\/fr\/wp-json\/wp\/v2\/pages\/1434","targetHints":{"allow":["GET"]}}],"collection":[{"href":"https:\/\/www.soulledlighting.com\/fr\/wp-json\/wp\/v2\/pages"}],"about":[{"href":"https:\/\/www.soulledlighting.com\/fr\/wp-json\/wp\/v2\/types\/page"}],"author":[{"embeddable":true,"href":"https:\/\/www.soulledlighting.com\/fr\/wp-json\/wp\/v2\/users\/2"}],"replies":[{"embeddable":true,"href":"https:\/\/www.soulledlighting.com\/fr\/wp-json\/wp\/v2\/comments?post=1434"}],"version-history":[{"count":0,"href":"https:\/\/www.soulledlighting.com\/fr\/wp-json\/wp\/v2\/pages\/1434\/revisions"}],"wp:attachment":[{"href":"https:\/\/www.soulledlighting.com\/fr\/wp-json\/wp\/v2\/media?parent=1434"}],"curies":[{"name":"wp","href":"https:\/\/api.w.org\/{rel}","templated":true}]}}