{"id":1429,"date":"2022-03-11T17:04:10","date_gmt":"2022-03-11T21:04:10","guid":{"rendered":"https:\/\/soulledlighting.com\/?page_id=1429"},"modified":"2024-03-18T13:53:23","modified_gmt":"2024-03-18T17:53:23","slug":"soulbend","status":"publish","type":"page","link":"https:\/\/www.soulledlighting.com\/fr\/soulbend\/","title":{"rendered":"SOULBEND"},"content":{"rendered":"<p>Les extrusions en aluminium pliables sont une excellente option pour faire passer vos installations de bandes lumineuses au niveau sup\u00e9rieur. Ces canaux\/profil\u00e9s en aluminium \u00e0 LED ne sont pas seulement un excellent bo\u00eetier pour les bandes lumineuses, mais agissent \u00e9galement comme un dissipateur de chaleur pour elles, ce qui \u00e0 son tour prolongera la dur\u00e9e de vie de vos LED ainsi que leur luminosit\u00e9 au fil du temps. Les couvercles givr\u00e9s dissimulent la bande LED et constituent un luminaire d'aspect professionnel. Le couvercle opaque en polycarbonate inclus prot\u00e8ge la bande LED \u00e0 l'int\u00e9rieur du canal et les embouts prot\u00e8gent l'extrusion de la poussi\u00e8re et des \u00e9l\u00e9ments ind\u00e9sirables, ce qui peut salir les bandes LED, ce qui emp\u00eache la d\u00e9t\u00e9rioration cons\u00e9quente des param\u00e8tres d'\u00e9clairage. Facile \u00e0 assembler, l'extrusion peut \u00eatre mont\u00e9e sur des surfaces \u00e0 l'aide de supports de montage.<\/p>\n\n\n\n<p>Chaque m\u00e8tre de ce produit comprend :<\/p>\n\n\n\n<ul class=\"wp-block-list\">\n<li>embouts et clips<\/li>\n<\/ul>\n\n\n\n<p>Nous recommandons les rubans LED suivants :<\/p>\n\n\n\n<p>SL2216-300-10*** or SL2835HO-160-15**<\/p>\n\n\n\n<p><strong>Installation<\/strong><\/p>\n\n\n\n<p>Peut \u00eatre facilement install\u00e9 sur n'importe quelle surface d\u00e9sir\u00e9e.<\/p>\n\n\n\n<div class=\"wp-block-file\"><a id=\"wp-block-file--media-22596c8d-0e25-4a78-a677-78c89f516106\" href=\"https:\/\/www.soulledlighting.com\/wp-content\/uploads\/2022\/03\/SOULBEND.pdf\">SOULBEND<\/a><a href=\"https:\/\/www.soulledlighting.com\/wp-content\/uploads\/2022\/03\/SOULBEND.pdf\" class=\"wp-block-file__button wp-element-button\" download aria-describedby=\"wp-block-file--media-22596c8d-0e25-4a78-a677-78c89f516106\">T\u00e9l\u00e9charger<\/a><\/div>\n\n\n\n<figure class=\"wp-block-gallery has-nested-images columns-default is-cropped wp-block-gallery-1 is-layout-flex wp-block-gallery-is-layout-flex\">\n<figure class=\"wp-block-image size-large\"><a href=\"https:\/\/www.soulledlighting.com\/wp-content\/uploads\/2024\/03\/276144_flexChannel-new1-1.jpg\"><img fetchpriority=\"high\" decoding=\"async\" width=\"800\" height=\"800\" data-id=\"2329\" src=\"https:\/\/www.soulledlighting.com\/wp-content\/uploads\/2024\/03\/276144_flexChannel-new1-1.jpg\" alt=\"\" class=\"wp-image-2329\" srcset=\"https:\/\/www.soulledlighting.com\/wp-content\/uploads\/2024\/03\/276144_flexChannel-new1-1.jpg 800w, https:\/\/www.soulledlighting.com\/wp-content\/uploads\/2024\/03\/276144_flexChannel-new1-1-300x300.jpg 300w, https:\/\/www.soulledlighting.com\/wp-content\/uploads\/2024\/03\/276144_flexChannel-new1-1-150x150.jpg 150w, https:\/\/www.soulledlighting.com\/wp-content\/uploads\/2024\/03\/276144_flexChannel-new1-1-768x768.jpg 768w, https:\/\/www.soulledlighting.com\/wp-content\/uploads\/2024\/03\/276144_flexChannel-new1-1-12x12.jpg 12w, https:\/\/www.soulledlighting.com\/wp-content\/uploads\/2024\/03\/276144_flexChannel-new1-1-24x24.jpg 24w, https:\/\/www.soulledlighting.com\/wp-content\/uploads\/2024\/03\/276144_flexChannel-new1-1-36x36.jpg 36w, https:\/\/www.soulledlighting.com\/wp-content\/uploads\/2024\/03\/276144_flexChannel-new1-1-48x48.jpg 48w, https:\/\/www.soulledlighting.com\/wp-content\/uploads\/2024\/03\/276144_flexChannel-new1-1-600x600.jpg 600w, https:\/\/www.soulledlighting.com\/wp-content\/uploads\/2024\/03\/276144_flexChannel-new1-1-100x100.jpg 100w\" sizes=\"(max-width: 800px) 100vw, 800px\" \/><\/a><\/figure>\n\n\n\n<figure class=\"wp-block-image size-large\"><a href=\"https:\/\/www.soulledlighting.com\/wp-content\/uploads\/2022\/03\/Bendable-channel1-1.jpg\"><img decoding=\"async\" width=\"800\" height=\"800\" data-id=\"1431\" data-src=\"https:\/\/www.soulledlighting.com\/wp-content\/uploads\/2022\/03\/Bendable-channel1-1.jpg\" alt=\"\" class=\"wp-image-1431 lazyload\" data-srcset=\"https:\/\/www.soulledlighting.com\/wp-content\/uploads\/2022\/03\/Bendable-channel1-1.jpg 800w, https:\/\/www.soulledlighting.com\/wp-content\/uploads\/2022\/03\/Bendable-channel1-1-300x300.jpg 300w, https:\/\/www.soulledlighting.com\/wp-content\/uploads\/2022\/03\/Bendable-channel1-1-150x150.jpg 150w, https:\/\/www.soulledlighting.com\/wp-content\/uploads\/2022\/03\/Bendable-channel1-1-768x768.jpg 768w\" data-sizes=\"(max-width: 800px) 100vw, 800px\" src=\"data:image\/svg+xml;base64,PHN2ZyB3aWR0aD0iMSIgaGVpZ2h0PSIxIiB4bWxucz0iaHR0cDovL3d3dy53My5vcmcvMjAwMC9zdmciPjwvc3ZnPg==\" style=\"--smush-placeholder-width: 800px; --smush-placeholder-aspect-ratio: 800\/800;\" \/><\/a><\/figure>\n<\/figure>","protected":false},"excerpt":{"rendered":"<p>Bendable Aluminium extrusions are an excellent option to take your strip light installations to<span class=\"more-dots\">&#8230;<\/span><\/p>","protected":false},"author":2,"featured_media":0,"parent":0,"menu_order":0,"comment_status":"closed","ping_status":"closed","template":"","meta":{"_coblocks_attr":"","_coblocks_dimensions":"","_coblocks_responsive_height":"","_coblocks_accordion_ie_support":"","advgb_blocks_editor_width":"","advgb_blocks_columns_visual_guide":"","footnotes":""},"class_list":["post-1429","page","type-page","status-publish","hentry","no-post-thumbnail"],"yoast_head":"<!-- This site is optimized with the Yoast SEO plugin v27.4 - https:\/\/yoast.com\/product\/yoast-seo-wordpress\/ -->\n<title>SOULBEND - Soul LED Tech + Design<\/title>\n<meta name=\"description\" content=\"SOULBEND LED aluminum profile. Achieve seamless integration, dynamic bending capabilities, and elevate your lighting designs.\" \/>\n<meta name=\"robots\" content=\"index, follow, max-snippet:-1, max-image-preview:large, max-video-preview:-1\" \/>\n<link rel=\"canonical\" href=\"https:\/\/www.soulledlighting.com\/fr\/soulbend\/\" \/>\n<meta property=\"og:locale\" content=\"fr_FR\" \/>\n<meta property=\"og:type\" content=\"article\" \/>\n<meta property=\"og:title\" content=\"SOULBEND - Soul LED Tech + Design\" \/>\n<meta property=\"og:description\" content=\"SOULBEND LED aluminum profile. Achieve seamless integration, dynamic bending capabilities, and elevate your lighting designs.\" \/>\n<meta property=\"og:url\" content=\"https:\/\/www.soulledlighting.com\/fr\/soulbend\/\" \/>\n<meta property=\"og:site_name\" content=\"Soul LED Tech + Design\" \/>\n<meta property=\"article:modified_time\" content=\"2024-03-18T17:53:23+00:00\" \/>\n<meta property=\"og:image\" content=\"https:\/\/www.soulledlighting.com\/wp-content\/uploads\/2024\/03\/276144_flexChannel-new1-1.jpg\" \/>\n<meta name=\"twitter:card\" content=\"summary_large_image\" \/>\n<meta name=\"twitter:label1\" content=\"Dur\u00e9e de lecture estim\u00e9e\" \/>\n\t<meta name=\"twitter:data1\" content=\"2 minutes\" \/>\n<script type=\"application\/ld+json\" class=\"yoast-schema-graph\">{\"@context\":\"https:\\\/\\\/schema.org\",\"@graph\":[{\"@type\":\"WebPage\",\"@id\":\"https:\\\/\\\/www.soulledlighting.com\\\/soulbend\\\/\",\"url\":\"https:\\\/\\\/www.soulledlighting.com\\\/soulbend\\\/\",\"name\":\"SOULBEND - Soul LED Tech + Design\",\"isPartOf\":{\"@id\":\"https:\\\/\\\/www.soulledlighting.com\\\/#website\"},\"primaryImageOfPage\":{\"@id\":\"https:\\\/\\\/www.soulledlighting.com\\\/soulbend\\\/#primaryimage\"},\"image\":{\"@id\":\"https:\\\/\\\/www.soulledlighting.com\\\/soulbend\\\/#primaryimage\"},\"thumbnailUrl\":\"https:\\\/\\\/www.soulledlighting.com\\\/wp-content\\\/uploads\\\/2024\\\/03\\\/276144_flexChannel-new1-1.jpg\",\"datePublished\":\"2022-03-11T21:04:10+00:00\",\"dateModified\":\"2024-03-18T17:53:23+00:00\",\"description\":\"SOULBEND LED aluminum profile. Achieve seamless integration, dynamic bending capabilities, and elevate your lighting designs.\",\"breadcrumb\":{\"@id\":\"https:\\\/\\\/www.soulledlighting.com\\\/soulbend\\\/#breadcrumb\"},\"inLanguage\":\"fr-FR\",\"potentialAction\":[{\"@type\":\"ReadAction\",\"target\":[\"https:\\\/\\\/www.soulledlighting.com\\\/soulbend\\\/\"]}]},{\"@type\":\"ImageObject\",\"inLanguage\":\"fr-FR\",\"@id\":\"https:\\\/\\\/www.soulledlighting.com\\\/soulbend\\\/#primaryimage\",\"url\":\"https:\\\/\\\/www.soulledlighting.com\\\/wp-content\\\/uploads\\\/2024\\\/03\\\/276144_flexChannel-new1-1.jpg\",\"contentUrl\":\"https:\\\/\\\/www.soulledlighting.com\\\/wp-content\\\/uploads\\\/2024\\\/03\\\/276144_flexChannel-new1-1.jpg\"},{\"@type\":\"BreadcrumbList\",\"@id\":\"https:\\\/\\\/www.soulledlighting.com\\\/soulbend\\\/#breadcrumb\",\"itemListElement\":[{\"@type\":\"ListItem\",\"position\":1,\"name\":\"Accueil\",\"item\":\"https:\\\/\\\/www.soulledlighting.com\\\/\"},{\"@type\":\"ListItem\",\"position\":2,\"name\":\"SOULBEND\"}]},{\"@type\":\"WebSite\",\"@id\":\"https:\\\/\\\/www.soulledlighting.com\\\/#website\",\"url\":\"https:\\\/\\\/www.soulledlighting.com\\\/\",\"name\":\"Soul LED Tech + Design\",\"description\":\"\",\"publisher\":{\"@id\":\"https:\\\/\\\/www.soulledlighting.com\\\/#organization\"},\"potentialAction\":[{\"@type\":\"SearchAction\",\"target\":{\"@type\":\"EntryPoint\",\"urlTemplate\":\"https:\\\/\\\/www.soulledlighting.com\\\/?s={search_term_string}\"},\"query-input\":{\"@type\":\"PropertyValueSpecification\",\"valueRequired\":true,\"valueName\":\"search_term_string\"}}],\"inLanguage\":\"fr-FR\"},{\"@type\":\"Organization\",\"@id\":\"https:\\\/\\\/www.soulledlighting.com\\\/#organization\",\"name\":\"Soul LED Tech + Design\",\"url\":\"https:\\\/\\\/www.soulledlighting.com\\\/\",\"logo\":{\"@type\":\"ImageObject\",\"inLanguage\":\"fr-FR\",\"@id\":\"https:\\\/\\\/www.soulledlighting.com\\\/#\\\/schema\\\/logo\\\/image\\\/\",\"url\":\"https:\\\/\\\/www.soulledlighting.com\\\/wp-content\\\/uploads\\\/2022\\\/03\\\/cropped-cropped-cropped-cropped-logo.png\",\"contentUrl\":\"https:\\\/\\\/www.soulledlighting.com\\\/wp-content\\\/uploads\\\/2022\\\/03\\\/cropped-cropped-cropped-cropped-logo.png\",\"width\":3837,\"height\":1208,\"caption\":\"Soul LED Tech + Design\"},\"image\":{\"@id\":\"https:\\\/\\\/www.soulledlighting.com\\\/#\\\/schema\\\/logo\\\/image\\\/\"}}]}<\/script>\n<!-- \/ Yoast SEO plugin. -->","yoast_head_json":{"title":"SOULBEND - Soul LED Tech + Design","description":"SOULBEND LED aluminum profile. Achieve seamless integration, dynamic bending capabilities, and elevate your lighting designs.","robots":{"index":"index","follow":"follow","max-snippet":"max-snippet:-1","max-image-preview":"max-image-preview:large","max-video-preview":"max-video-preview:-1"},"canonical":"https:\/\/www.soulledlighting.com\/fr\/soulbend\/","og_locale":"fr_FR","og_type":"article","og_title":"SOULBEND - Soul LED Tech + Design","og_description":"SOULBEND LED aluminum profile. Achieve seamless integration, dynamic bending capabilities, and elevate your lighting designs.","og_url":"https:\/\/www.soulledlighting.com\/fr\/soulbend\/","og_site_name":"Soul LED Tech + Design","article_modified_time":"2024-03-18T17:53:23+00:00","og_image":[{"url":"https:\/\/www.soulledlighting.com\/wp-content\/uploads\/2024\/03\/276144_flexChannel-new1-1.jpg","type":"","width":"","height":""}],"twitter_card":"summary_large_image","twitter_misc":{"Dur\u00e9e de lecture estim\u00e9e":"2 minutes"},"schema":{"@context":"https:\/\/schema.org","@graph":[{"@type":"WebPage","@id":"https:\/\/www.soulledlighting.com\/soulbend\/","url":"https:\/\/www.soulledlighting.com\/soulbend\/","name":"SOULBEND - Soul LED Tech + Design","isPartOf":{"@id":"https:\/\/www.soulledlighting.com\/#website"},"primaryImageOfPage":{"@id":"https:\/\/www.soulledlighting.com\/soulbend\/#primaryimage"},"image":{"@id":"https:\/\/www.soulledlighting.com\/soulbend\/#primaryimage"},"thumbnailUrl":"https:\/\/www.soulledlighting.com\/wp-content\/uploads\/2024\/03\/276144_flexChannel-new1-1.jpg","datePublished":"2022-03-11T21:04:10+00:00","dateModified":"2024-03-18T17:53:23+00:00","description":"SOULBEND LED aluminum profile. Achieve seamless integration, dynamic bending capabilities, and elevate your lighting designs.","breadcrumb":{"@id":"https:\/\/www.soulledlighting.com\/soulbend\/#breadcrumb"},"inLanguage":"fr-FR","potentialAction":[{"@type":"ReadAction","target":["https:\/\/www.soulledlighting.com\/soulbend\/"]}]},{"@type":"ImageObject","inLanguage":"fr-FR","@id":"https:\/\/www.soulledlighting.com\/soulbend\/#primaryimage","url":"https:\/\/www.soulledlighting.com\/wp-content\/uploads\/2024\/03\/276144_flexChannel-new1-1.jpg","contentUrl":"https:\/\/www.soulledlighting.com\/wp-content\/uploads\/2024\/03\/276144_flexChannel-new1-1.jpg"},{"@type":"BreadcrumbList","@id":"https:\/\/www.soulledlighting.com\/soulbend\/#breadcrumb","itemListElement":[{"@type":"ListItem","position":1,"name":"Accueil","item":"https:\/\/www.soulledlighting.com\/"},{"@type":"ListItem","position":2,"name":"SOULBEND"}]},{"@type":"WebSite","@id":"https:\/\/www.soulledlighting.com\/#website","url":"https:\/\/www.soulledlighting.com\/","name":"Soul LED Tech + Design","description":"","publisher":{"@id":"https:\/\/www.soulledlighting.com\/#organization"},"potentialAction":[{"@type":"SearchAction","target":{"@type":"EntryPoint","urlTemplate":"https:\/\/www.soulledlighting.com\/?s={search_term_string}"},"query-input":{"@type":"PropertyValueSpecification","valueRequired":true,"valueName":"search_term_string"}}],"inLanguage":"fr-FR"},{"@type":"Organization","@id":"https:\/\/www.soulledlighting.com\/#organization","name":"Soul LED Tech + Design","url":"https:\/\/www.soulledlighting.com\/","logo":{"@type":"ImageObject","inLanguage":"fr-FR","@id":"https:\/\/www.soulledlighting.com\/#\/schema\/logo\/image\/","url":"https:\/\/www.soulledlighting.com\/wp-content\/uploads\/2022\/03\/cropped-cropped-cropped-cropped-logo.png","contentUrl":"https:\/\/www.soulledlighting.com\/wp-content\/uploads\/2022\/03\/cropped-cropped-cropped-cropped-logo.png","width":3837,"height":1208,"caption":"Soul LED Tech + Design"},"image":{"@id":"https:\/\/www.soulledlighting.com\/#\/schema\/logo\/image\/"}}]}},"coauthors":[],"author_meta":{"author_link":false,"display_name":"Jean-Michel Fiorito"},"relative_dates":{"created":"Publi\u00e9 56 ans il y a","modified":"Mis \u00e0 jour 56 ans il y a"},"absolute_dates":{"created":"Publi\u00e9 le ","modified":"Mise \u00e0 jour le "},"absolute_dates_time":{"created":"Publi\u00e9 le ","modified":"Mise \u00e0 jour le "},"featured_img_caption":"","featured_img":false,"series_order":"","featured_media_urls":[],"_links":{"self":[{"href":"https:\/\/www.soulledlighting.com\/fr\/wp-json\/wp\/v2\/pages\/1429","targetHints":{"allow":["GET"]}}],"collection":[{"href":"https:\/\/www.soulledlighting.com\/fr\/wp-json\/wp\/v2\/pages"}],"about":[{"href":"https:\/\/www.soulledlighting.com\/fr\/wp-json\/wp\/v2\/types\/page"}],"author":[{"embeddable":true,"href":"https:\/\/www.soulledlighting.com\/fr\/wp-json\/wp\/v2\/users\/2"}],"replies":[{"embeddable":true,"href":"https:\/\/www.soulledlighting.com\/fr\/wp-json\/wp\/v2\/comments?post=1429"}],"version-history":[{"count":0,"href":"https:\/\/www.soulledlighting.com\/fr\/wp-json\/wp\/v2\/pages\/1429\/revisions"}],"wp:attachment":[{"href":"https:\/\/www.soulledlighting.com\/fr\/wp-json\/wp\/v2\/media?parent=1429"}],"curies":[{"name":"wp","href":"https:\/\/api.w.org\/{rel}","templated":true}]}}