{"id":1424,"date":"2022-03-11T17:00:52","date_gmt":"2022-03-11T21:00:52","guid":{"rendered":"https:\/\/soulledlighting.com\/?page_id=1424"},"modified":"2024-11-29T15:42:54","modified_gmt":"2024-11-29T19:42:54","slug":"soul600s-5","status":"publish","type":"page","link":"https:\/\/www.soulledlighting.com\/fr\/soul600s-5\/","title":{"rendered":"SOUL600S"},"content":{"rendered":"<p>Le canal en aluminium d'angle rond SOUL600S est con\u00e7u pour abriter nos bandes lumineuses \u00e0 LED. La forme est con\u00e7ue pour \u00eatre mont\u00e9e discr\u00e8tement dans un coin et fournir un \u00e9clairage maximal pour une vari\u00e9t\u00e9 d'applications. SOUL600S est parfait pour cr\u00e9er une lumi\u00e8re ronde et lisse dans n'importe quelle installation d'angle.<\/p>\n\n\n\n<p><strong>Fonctionnalit\u00e9<\/strong><\/p>\n\n\n\n<p>Cette extrusion mont\u00e9e en surface s'int\u00e8gre parfaitement sous vos armoires, \u00e9tag\u00e8res et plus encore pour donner une luminosit\u00e9 plus appropri\u00e9e l\u00e0 o\u00f9 elle est le plus n\u00e9cessaire.<\/p>\n\n\n\n<p><strong>Installation<\/strong><\/p>\n\n\n\n<p>Peut \u00eatre facilement install\u00e9 sous ou \u00e0 l'int\u00e9rieur des armoires, des \u00e9tag\u00e8res et des vanit\u00e9s \u00e0 l'aide du mat\u00e9riel inclus.<\/p>\n\n\n\n<p><strong>Description technique<\/strong><\/p>\n\n\n\n<p>Chaque m\u00e8tre de ce produit comprend :<\/p>\n\n\n\n<ul class=\"wp-block-list\">\n<li>embouts et clips<\/li>\n<\/ul>\n\n\n\n<p>Nous recommandons les rubans LED suivants :<\/p>\n\n\n\n<p>SL2216-300-10*** or SL2835HO-160-15**<\/p>\n\n\n\n<p>Nous recommandons le d\u00e9tecteur de mouvement suivant\u00a0: :<\/p>\n\n\n\n<p>Pour des applications sp\u00e9ciales ou pour ajouter plus d'ambiance, nous recommandons notre BKL<\/p>\n\n\n\n<div class=\"wp-block-file\"><a id=\"wp-block-file--media-9e81c1fd-f9bd-431b-ace0-264b467b08e1\" href=\"https:\/\/www.soulledlighting.com\/wp-content\/uploads\/2022\/03\/SOUL600S.pdf\">SOUL600S<\/a><a href=\"https:\/\/www.soulledlighting.com\/wp-content\/uploads\/2022\/03\/SOUL600S.pdf\" class=\"wp-block-file__button wp-element-button\" download aria-describedby=\"wp-block-file--media-9e81c1fd-f9bd-431b-ace0-264b467b08e1\">T\u00e9l\u00e9charger<\/a><\/div>\n\n\n\n<div class=\"wp-block-jetpack-slideshow aligncenter\" data-effect=\"slide\"><div class=\"wp-block-jetpack-slideshow_container swiper-container\"><ul class=\"wp-block-jetpack-slideshow_swiper-wrapper swiper-wrapper\"><li class=\"wp-block-jetpack-slideshow_slide swiper-slide\"><figure><img fetchpriority=\"high\" decoding=\"async\" width=\"1024\" height=\"1024\" alt=\"\" class=\"wp-block-jetpack-slideshow_image wp-image-2840\" data-id=\"2840\" src=\"https:\/\/www.soulledlighting.com\/wp-content\/uploads\/2024\/11\/SOUL600S-1-1024x1024.png\" srcset=\"https:\/\/www.soulledlighting.com\/wp-content\/uploads\/2024\/11\/SOUL600S-1-1024x1024.png 1024w, https:\/\/www.soulledlighting.com\/wp-content\/uploads\/2024\/11\/SOUL600S-1-300x300.png 300w, https:\/\/www.soulledlighting.com\/wp-content\/uploads\/2024\/11\/SOUL600S-1-150x150.png 150w, https:\/\/www.soulledlighting.com\/wp-content\/uploads\/2024\/11\/SOUL600S-1-768x768.png 768w, https:\/\/www.soulledlighting.com\/wp-content\/uploads\/2024\/11\/SOUL600S-1-12x12.png 12w, https:\/\/www.soulledlighting.com\/wp-content\/uploads\/2024\/11\/SOUL600S-1-855x855.png 855w, https:\/\/www.soulledlighting.com\/wp-content\/uploads\/2024\/11\/SOUL600S-1-800x800.png 800w, https:\/\/www.soulledlighting.com\/wp-content\/uploads\/2024\/11\/SOUL600S-1-24x24.png 24w, https:\/\/www.soulledlighting.com\/wp-content\/uploads\/2024\/11\/SOUL600S-1-36x36.png 36w, https:\/\/www.soulledlighting.com\/wp-content\/uploads\/2024\/11\/SOUL600S-1-48x48.png 48w, https:\/\/www.soulledlighting.com\/wp-content\/uploads\/2024\/11\/SOUL600S-1-600x600.png 600w, https:\/\/www.soulledlighting.com\/wp-content\/uploads\/2024\/11\/SOUL600S-1-100x100.png 100w, https:\/\/www.soulledlighting.com\/wp-content\/uploads\/2024\/11\/SOUL600S-1.png 1080w\" sizes=\"(max-width: 1024px) 100vw, 1024px\" \/><\/figure><\/li><li class=\"wp-block-jetpack-slideshow_slide swiper-slide\"><figure><img decoding=\"async\" width=\"790\" height=\"625\" alt=\"\" class=\"wp-block-jetpack-slideshow_image wp-image-1425 lazyload\" data-id=\"1425\" data-src=\"https:\/\/www.soulledlighting.com\/wp-content\/uploads\/2022\/03\/SOUL600S-AL-CH-1.png\" data-srcset=\"https:\/\/www.soulledlighting.com\/wp-content\/uploads\/2022\/03\/SOUL600S-AL-CH-1.png 790w, https:\/\/www.soulledlighting.com\/wp-content\/uploads\/2022\/03\/SOUL600S-AL-CH-1-300x237.png 300w, https:\/\/www.soulledlighting.com\/wp-content\/uploads\/2022\/03\/SOUL600S-AL-CH-1-768x608.png 768w\" data-sizes=\"(max-width: 790px) 100vw, 790px\" src=\"data:image\/svg+xml;base64,PHN2ZyB3aWR0aD0iMSIgaGVpZ2h0PSIxIiB4bWxucz0iaHR0cDovL3d3dy53My5vcmcvMjAwMC9zdmciPjwvc3ZnPg==\" style=\"--smush-placeholder-width: 790px; --smush-placeholder-aspect-ratio: 790\/625;\" \/><\/figure><\/li><li class=\"wp-block-jetpack-slideshow_slide swiper-slide\"><figure><img decoding=\"async\" width=\"790\" height=\"625\" alt=\"\" class=\"wp-block-jetpack-slideshow_image wp-image-1427 lazyload\" data-id=\"1427\" data-src=\"https:\/\/www.soulledlighting.com\/wp-content\/uploads\/2022\/03\/SOUL600S-BS.png\" data-srcset=\"https:\/\/www.soulledlighting.com\/wp-content\/uploads\/2022\/03\/SOUL600S-BS.png 790w, https:\/\/www.soulledlighting.com\/wp-content\/uploads\/2022\/03\/SOUL600S-BS-300x237.png 300w, https:\/\/www.soulledlighting.com\/wp-content\/uploads\/2022\/03\/SOUL600S-BS-768x608.png 768w\" data-sizes=\"(max-width: 790px) 100vw, 790px\" src=\"data:image\/svg+xml;base64,PHN2ZyB3aWR0aD0iMSIgaGVpZ2h0PSIxIiB4bWxucz0iaHR0cDovL3d3dy53My5vcmcvMjAwMC9zdmciPjwvc3ZnPg==\" style=\"--smush-placeholder-width: 790px; --smush-placeholder-aspect-ratio: 790\/625;\" \/><\/figure><\/li><\/ul><a class=\"wp-block-jetpack-slideshow_button-prev swiper-button-prev swiper-button-white\" role=\"button\"><\/a><a class=\"wp-block-jetpack-slideshow_button-next swiper-button-next swiper-button-white\" role=\"button\"><\/a><a aria-label=\"Pause Slideshow\" class=\"wp-block-jetpack-slideshow_button-pause\" role=\"button\"><\/a><div class=\"wp-block-jetpack-slideshow_pagination swiper-pagination swiper-pagination-white\"><\/div><\/div><\/div>","protected":false},"excerpt":{"rendered":"<p>SOUL600S round Corner aluminum channel is designed to house our LED light strips. The<span class=\"more-dots\">&#8230;<\/span><\/p>","protected":false},"author":2,"featured_media":0,"parent":0,"menu_order":0,"comment_status":"closed","ping_status":"closed","template":"","meta":{"_coblocks_attr":"","_coblocks_dimensions":"","_coblocks_responsive_height":"","_coblocks_accordion_ie_support":"","advgb_blocks_editor_width":"","advgb_blocks_columns_visual_guide":"","footnotes":""},"class_list":["post-1424","page","type-page","status-publish","hentry","no-post-thumbnail"],"yoast_head":"<!-- This site is optimized with the Yoast SEO plugin v27.4 - https:\/\/yoast.com\/product\/yoast-seo-wordpress\/ -->\n<title>SOUL600S - Soul LED Tech + Design<\/title>\n<meta name=\"description\" content=\"Discover the versatility of our SOUL600S LED aluminum profile. Seamless integration, stunning illumination, and elevate your lighting design!\" \/>\n<meta name=\"robots\" content=\"index, follow, max-snippet:-1, max-image-preview:large, max-video-preview:-1\" \/>\n<link rel=\"canonical\" href=\"https:\/\/www.soulledlighting.com\/fr\/soul600s-5\/\" \/>\n<meta property=\"og:locale\" content=\"fr_FR\" \/>\n<meta property=\"og:type\" content=\"article\" \/>\n<meta property=\"og:title\" content=\"SOUL600S - Soul LED Tech + Design\" \/>\n<meta property=\"og:description\" content=\"Discover the versatility of our SOUL600S LED aluminum profile. Seamless integration, stunning illumination, and elevate your lighting design!\" \/>\n<meta property=\"og:url\" content=\"https:\/\/www.soulledlighting.com\/fr\/soul600s-5\/\" \/>\n<meta property=\"og:site_name\" content=\"Soul LED Tech + Design\" \/>\n<meta property=\"article:modified_time\" content=\"2024-11-29T19:42:54+00:00\" \/>\n<meta property=\"og:image\" content=\"https:\/\/www.soulledlighting.com\/wp-content\/uploads\/2024\/11\/SOUL600S-1.png\" \/>\n\t<meta property=\"og:image:width\" content=\"1080\" \/>\n\t<meta property=\"og:image:height\" content=\"1080\" \/>\n\t<meta property=\"og:image:type\" content=\"image\/png\" \/>\n<meta name=\"twitter:card\" content=\"summary_large_image\" \/>\n<meta name=\"twitter:label1\" content=\"Dur\u00e9e de lecture estim\u00e9e\" \/>\n\t<meta name=\"twitter:data1\" content=\"2 minutes\" \/>\n<script type=\"application\/ld+json\" class=\"yoast-schema-graph\">{\"@context\":\"https:\\\/\\\/schema.org\",\"@graph\":[{\"@type\":\"WebPage\",\"@id\":\"https:\\\/\\\/www.soulledlighting.com\\\/soul600s-5\\\/\",\"url\":\"https:\\\/\\\/www.soulledlighting.com\\\/soul600s-5\\\/\",\"name\":\"SOUL600S - Soul LED Tech + Design\",\"isPartOf\":{\"@id\":\"https:\\\/\\\/www.soulledlighting.com\\\/#website\"},\"primaryImageOfPage\":{\"@id\":\"https:\\\/\\\/www.soulledlighting.com\\\/soul600s-5\\\/#primaryimage\"},\"image\":{\"@id\":\"https:\\\/\\\/www.soulledlighting.com\\\/soul600s-5\\\/#primaryimage\"},\"thumbnailUrl\":\"https:\\\/\\\/www.soulledlighting.com\\\/wp-content\\\/uploads\\\/2024\\\/11\\\/SOUL600S-1-1024x1024.png\",\"datePublished\":\"2022-03-11T21:00:52+00:00\",\"dateModified\":\"2024-11-29T19:42:54+00:00\",\"description\":\"Discover the versatility of our SOUL600S LED aluminum profile. Seamless integration, stunning illumination, and elevate your lighting design!\",\"breadcrumb\":{\"@id\":\"https:\\\/\\\/www.soulledlighting.com\\\/soul600s-5\\\/#breadcrumb\"},\"inLanguage\":\"fr-FR\",\"potentialAction\":[{\"@type\":\"ReadAction\",\"target\":[\"https:\\\/\\\/www.soulledlighting.com\\\/soul600s-5\\\/\"]}]},{\"@type\":\"ImageObject\",\"inLanguage\":\"fr-FR\",\"@id\":\"https:\\\/\\\/www.soulledlighting.com\\\/soul600s-5\\\/#primaryimage\",\"url\":\"https:\\\/\\\/www.soulledlighting.com\\\/wp-content\\\/uploads\\\/2024\\\/11\\\/SOUL600S-1-1024x1024.png\",\"contentUrl\":\"https:\\\/\\\/www.soulledlighting.com\\\/wp-content\\\/uploads\\\/2024\\\/11\\\/SOUL600S-1-1024x1024.png\"},{\"@type\":\"BreadcrumbList\",\"@id\":\"https:\\\/\\\/www.soulledlighting.com\\\/soul600s-5\\\/#breadcrumb\",\"itemListElement\":[{\"@type\":\"ListItem\",\"position\":1,\"name\":\"Accueil\",\"item\":\"https:\\\/\\\/www.soulledlighting.com\\\/\"},{\"@type\":\"ListItem\",\"position\":2,\"name\":\"SOUL600S\"}]},{\"@type\":\"WebSite\",\"@id\":\"https:\\\/\\\/www.soulledlighting.com\\\/#website\",\"url\":\"https:\\\/\\\/www.soulledlighting.com\\\/\",\"name\":\"Soul LED Tech + Design\",\"description\":\"\",\"publisher\":{\"@id\":\"https:\\\/\\\/www.soulledlighting.com\\\/#organization\"},\"potentialAction\":[{\"@type\":\"SearchAction\",\"target\":{\"@type\":\"EntryPoint\",\"urlTemplate\":\"https:\\\/\\\/www.soulledlighting.com\\\/?s={search_term_string}\"},\"query-input\":{\"@type\":\"PropertyValueSpecification\",\"valueRequired\":true,\"valueName\":\"search_term_string\"}}],\"inLanguage\":\"fr-FR\"},{\"@type\":\"Organization\",\"@id\":\"https:\\\/\\\/www.soulledlighting.com\\\/#organization\",\"name\":\"Soul LED Tech + Design\",\"url\":\"https:\\\/\\\/www.soulledlighting.com\\\/\",\"logo\":{\"@type\":\"ImageObject\",\"inLanguage\":\"fr-FR\",\"@id\":\"https:\\\/\\\/www.soulledlighting.com\\\/#\\\/schema\\\/logo\\\/image\\\/\",\"url\":\"https:\\\/\\\/www.soulledlighting.com\\\/wp-content\\\/uploads\\\/2022\\\/03\\\/cropped-cropped-cropped-cropped-logo.png\",\"contentUrl\":\"https:\\\/\\\/www.soulledlighting.com\\\/wp-content\\\/uploads\\\/2022\\\/03\\\/cropped-cropped-cropped-cropped-logo.png\",\"width\":3837,\"height\":1208,\"caption\":\"Soul LED Tech + Design\"},\"image\":{\"@id\":\"https:\\\/\\\/www.soulledlighting.com\\\/#\\\/schema\\\/logo\\\/image\\\/\"}}]}<\/script>\n<!-- \/ Yoast SEO plugin. -->","yoast_head_json":{"title":"SOUL600S - Soul LED Tech + Design","description":"Discover the versatility of our SOUL600S LED aluminum profile. Seamless integration, stunning illumination, and elevate your lighting design!","robots":{"index":"index","follow":"follow","max-snippet":"max-snippet:-1","max-image-preview":"max-image-preview:large","max-video-preview":"max-video-preview:-1"},"canonical":"https:\/\/www.soulledlighting.com\/fr\/soul600s-5\/","og_locale":"fr_FR","og_type":"article","og_title":"SOUL600S - Soul LED Tech + Design","og_description":"Discover the versatility of our SOUL600S LED aluminum profile. Seamless integration, stunning illumination, and elevate your lighting design!","og_url":"https:\/\/www.soulledlighting.com\/fr\/soul600s-5\/","og_site_name":"Soul LED Tech + Design","article_modified_time":"2024-11-29T19:42:54+00:00","og_image":[{"width":1080,"height":1080,"url":"https:\/\/www.soulledlighting.com\/wp-content\/uploads\/2024\/11\/SOUL600S-1.png","type":"image\/png"}],"twitter_card":"summary_large_image","twitter_misc":{"Dur\u00e9e de lecture estim\u00e9e":"2 minutes"},"schema":{"@context":"https:\/\/schema.org","@graph":[{"@type":"WebPage","@id":"https:\/\/www.soulledlighting.com\/soul600s-5\/","url":"https:\/\/www.soulledlighting.com\/soul600s-5\/","name":"SOUL600S - Soul LED Tech + Design","isPartOf":{"@id":"https:\/\/www.soulledlighting.com\/#website"},"primaryImageOfPage":{"@id":"https:\/\/www.soulledlighting.com\/soul600s-5\/#primaryimage"},"image":{"@id":"https:\/\/www.soulledlighting.com\/soul600s-5\/#primaryimage"},"thumbnailUrl":"https:\/\/www.soulledlighting.com\/wp-content\/uploads\/2024\/11\/SOUL600S-1-1024x1024.png","datePublished":"2022-03-11T21:00:52+00:00","dateModified":"2024-11-29T19:42:54+00:00","description":"Discover the versatility of our SOUL600S LED aluminum profile. Seamless integration, stunning illumination, and elevate your lighting design!","breadcrumb":{"@id":"https:\/\/www.soulledlighting.com\/soul600s-5\/#breadcrumb"},"inLanguage":"fr-FR","potentialAction":[{"@type":"ReadAction","target":["https:\/\/www.soulledlighting.com\/soul600s-5\/"]}]},{"@type":"ImageObject","inLanguage":"fr-FR","@id":"https:\/\/www.soulledlighting.com\/soul600s-5\/#primaryimage","url":"https:\/\/www.soulledlighting.com\/wp-content\/uploads\/2024\/11\/SOUL600S-1-1024x1024.png","contentUrl":"https:\/\/www.soulledlighting.com\/wp-content\/uploads\/2024\/11\/SOUL600S-1-1024x1024.png"},{"@type":"BreadcrumbList","@id":"https:\/\/www.soulledlighting.com\/soul600s-5\/#breadcrumb","itemListElement":[{"@type":"ListItem","position":1,"name":"Accueil","item":"https:\/\/www.soulledlighting.com\/"},{"@type":"ListItem","position":2,"name":"SOUL600S"}]},{"@type":"WebSite","@id":"https:\/\/www.soulledlighting.com\/#website","url":"https:\/\/www.soulledlighting.com\/","name":"Soul LED Tech + Design","description":"","publisher":{"@id":"https:\/\/www.soulledlighting.com\/#organization"},"potentialAction":[{"@type":"SearchAction","target":{"@type":"EntryPoint","urlTemplate":"https:\/\/www.soulledlighting.com\/?s={search_term_string}"},"query-input":{"@type":"PropertyValueSpecification","valueRequired":true,"valueName":"search_term_string"}}],"inLanguage":"fr-FR"},{"@type":"Organization","@id":"https:\/\/www.soulledlighting.com\/#organization","name":"Soul LED Tech + Design","url":"https:\/\/www.soulledlighting.com\/","logo":{"@type":"ImageObject","inLanguage":"fr-FR","@id":"https:\/\/www.soulledlighting.com\/#\/schema\/logo\/image\/","url":"https:\/\/www.soulledlighting.com\/wp-content\/uploads\/2022\/03\/cropped-cropped-cropped-cropped-logo.png","contentUrl":"https:\/\/www.soulledlighting.com\/wp-content\/uploads\/2022\/03\/cropped-cropped-cropped-cropped-logo.png","width":3837,"height":1208,"caption":"Soul LED Tech + Design"},"image":{"@id":"https:\/\/www.soulledlighting.com\/#\/schema\/logo\/image\/"}}]}},"coauthors":[],"author_meta":{"author_link":false,"display_name":"Jean-Michel Fiorito"},"relative_dates":{"created":"Publi\u00e9 56 ans il y a","modified":"Mis \u00e0 jour 56 ans il y a"},"absolute_dates":{"created":"Publi\u00e9 le ","modified":"Mise \u00e0 jour le "},"absolute_dates_time":{"created":"Publi\u00e9 le ","modified":"Mise \u00e0 jour le "},"featured_img_caption":"","featured_img":false,"series_order":"","featured_media_urls":[],"_links":{"self":[{"href":"https:\/\/www.soulledlighting.com\/fr\/wp-json\/wp\/v2\/pages\/1424","targetHints":{"allow":["GET"]}}],"collection":[{"href":"https:\/\/www.soulledlighting.com\/fr\/wp-json\/wp\/v2\/pages"}],"about":[{"href":"https:\/\/www.soulledlighting.com\/fr\/wp-json\/wp\/v2\/types\/page"}],"author":[{"embeddable":true,"href":"https:\/\/www.soulledlighting.com\/fr\/wp-json\/wp\/v2\/users\/2"}],"replies":[{"embeddable":true,"href":"https:\/\/www.soulledlighting.com\/fr\/wp-json\/wp\/v2\/comments?post=1424"}],"version-history":[{"count":1,"href":"https:\/\/www.soulledlighting.com\/fr\/wp-json\/wp\/v2\/pages\/1424\/revisions"}],"predecessor-version":[{"id":2843,"href":"https:\/\/www.soulledlighting.com\/fr\/wp-json\/wp\/v2\/pages\/1424\/revisions\/2843"}],"wp:attachment":[{"href":"https:\/\/www.soulledlighting.com\/fr\/wp-json\/wp\/v2\/media?parent=1424"}],"curies":[{"name":"wp","href":"https:\/\/api.w.org\/{rel}","templated":true}]}}