{"id":1417,"date":"2022-03-11T16:59:46","date_gmt":"2022-03-11T20:59:46","guid":{"rendered":"https:\/\/soulledlighting.com\/?page_id=1417"},"modified":"2024-11-29T15:34:31","modified_gmt":"2024-11-29T19:34:31","slug":"soul500s-5","status":"publish","type":"page","link":"https:\/\/www.soulledlighting.com\/fr\/soul500s-5\/","title":{"rendered":"SOUL500S"},"content":{"rendered":"<p>Le canal en aluminium SOUL500S Square Corner est con\u00e7u pour s'adapter parfaitement \u00e0 toutes les applications d'angle. La forme est con\u00e7ue pour se monter discr\u00e8tement dans n'importe quel coin et fournir un \u00e9clairage maximal pour une vari\u00e9t\u00e9 d'applications. SOUL500S pousse la lumi\u00e8re \u00e0 un angle pour cr\u00e9er un grand angle de faisceau couvrant de plus grandes surfaces.<\/p>\n\n\n\n<p><strong>Fonctionnalit\u00e9<\/strong><\/p>\n\n\n\n<p>Cette extrusion mont\u00e9e en surface s'int\u00e8gre parfaitement sous vos armoires, \u00e9tag\u00e8res et plus encore pour donner une luminosit\u00e9 plus appropri\u00e9e l\u00e0 o\u00f9 elle est le plus n\u00e9cessaire.<\/p>\n\n\n\n<p><strong>Installation<\/strong><\/p>\n\n\n\n<p>Peut \u00eatre facilement install\u00e9 sous ou \u00e0 l'int\u00e9rieur des armoires, des \u00e9tag\u00e8res et des vanit\u00e9s \u00e0 l'aide du mat\u00e9riel inclus.<\/p>\n\n\n\n<p><strong>Description technique<\/strong><\/p>\n\n\n\n<p>Chaque m\u00e8tre de ce produit comprend :<\/p>\n\n\n\n<ul class=\"wp-block-list\">\n<li>embouts et clips<\/li>\n<\/ul>\n\n\n\n<p>Nous recommandons les rubans LED suivants :<\/p>\n\n\n\n<p>SL2216-300-10*** or SL2835HO-160-15**<\/p>\n\n\n\n<p>Nous recommandons le d\u00e9tecteur de mouvement suivant\u00a0: :<\/p>\n\n\n\n<p>SLMOTION-40<\/p>\n\n\n\n<div class=\"wp-block-file\"><a id=\"wp-block-file--media-668da305-5916-48c3-9c15-693b4d22c941\" href=\"https:\/\/www.soulledlighting.com\/wp-content\/uploads\/2022\/03\/SOUL500S.pdf\">SOUL500S<\/a><a href=\"https:\/\/www.soulledlighting.com\/wp-content\/uploads\/2022\/03\/SOUL500S.pdf\" class=\"wp-block-file__button wp-element-button\" download aria-describedby=\"wp-block-file--media-668da305-5916-48c3-9c15-693b4d22c941\">T\u00e9l\u00e9charger<\/a><\/div>\n\n\n\n<figure class=\"wp-block-gallery has-nested-images columns-default is-cropped wp-block-gallery-1 is-layout-flex wp-block-gallery-is-layout-flex\">\n<figure class=\"wp-block-image size-large\"><a href=\"https:\/\/www.soulledlighting.com\/wp-content\/uploads\/2024\/11\/SOUL500S.png\"><img fetchpriority=\"high\" decoding=\"async\" width=\"1024\" height=\"1024\" data-id=\"2838\" src=\"https:\/\/www.soulledlighting.com\/wp-content\/uploads\/2024\/11\/SOUL500S-1024x1024.png\" alt=\"\" class=\"wp-image-2838\" srcset=\"https:\/\/www.soulledlighting.com\/wp-content\/uploads\/2024\/11\/SOUL500S-1024x1024.png 1024w, https:\/\/www.soulledlighting.com\/wp-content\/uploads\/2024\/11\/SOUL500S-300x300.png 300w, https:\/\/www.soulledlighting.com\/wp-content\/uploads\/2024\/11\/SOUL500S-150x150.png 150w, https:\/\/www.soulledlighting.com\/wp-content\/uploads\/2024\/11\/SOUL500S-768x768.png 768w, https:\/\/www.soulledlighting.com\/wp-content\/uploads\/2024\/11\/SOUL500S-12x12.png 12w, https:\/\/www.soulledlighting.com\/wp-content\/uploads\/2024\/11\/SOUL500S-855x855.png 855w, https:\/\/www.soulledlighting.com\/wp-content\/uploads\/2024\/11\/SOUL500S-800x800.png 800w, https:\/\/www.soulledlighting.com\/wp-content\/uploads\/2024\/11\/SOUL500S-24x24.png 24w, https:\/\/www.soulledlighting.com\/wp-content\/uploads\/2024\/11\/SOUL500S-36x36.png 36w, https:\/\/www.soulledlighting.com\/wp-content\/uploads\/2024\/11\/SOUL500S-48x48.png 48w, https:\/\/www.soulledlighting.com\/wp-content\/uploads\/2024\/11\/SOUL500S-600x600.png 600w, https:\/\/www.soulledlighting.com\/wp-content\/uploads\/2024\/11\/SOUL500S-100x100.png 100w, https:\/\/www.soulledlighting.com\/wp-content\/uploads\/2024\/11\/SOUL500S.png 1080w\" sizes=\"(max-width: 1024px) 100vw, 1024px\" \/><\/a><\/figure>\n\n\n\n<figure class=\"wp-block-image size-large\"><a href=\"https:\/\/www.soulledlighting.com\/wp-content\/uploads\/2022\/03\/SOUL500S-INSTALLED.jpg\"><img decoding=\"async\" width=\"800\" height=\"800\" data-id=\"1421\" data-src=\"https:\/\/www.soulledlighting.com\/wp-content\/uploads\/2022\/03\/SOUL500S-INSTALLED.jpg\" alt=\"led lighting ideas at SOUL LED Technologies\" class=\"wp-image-1421 lazyload\" data-srcset=\"https:\/\/www.soulledlighting.com\/wp-content\/uploads\/2022\/03\/SOUL500S-INSTALLED.jpg 800w, https:\/\/www.soulledlighting.com\/wp-content\/uploads\/2022\/03\/SOUL500S-INSTALLED-300x300.jpg 300w, https:\/\/www.soulledlighting.com\/wp-content\/uploads\/2022\/03\/SOUL500S-INSTALLED-150x150.jpg 150w, https:\/\/www.soulledlighting.com\/wp-content\/uploads\/2022\/03\/SOUL500S-INSTALLED-768x768.jpg 768w\" data-sizes=\"(max-width: 800px) 100vw, 800px\" src=\"data:image\/svg+xml;base64,PHN2ZyB3aWR0aD0iMSIgaGVpZ2h0PSIxIiB4bWxucz0iaHR0cDovL3d3dy53My5vcmcvMjAwMC9zdmciPjwvc3ZnPg==\" style=\"--smush-placeholder-width: 800px; --smush-placeholder-aspect-ratio: 800\/800;\" \/><\/a><\/figure>\n\n\n\n<figure class=\"wp-block-image size-large\"><a href=\"https:\/\/www.soulledlighting.com\/wp-content\/uploads\/2022\/03\/SOUL500S-INSTALLED-2.jpg\"><img decoding=\"async\" width=\"800\" height=\"800\" data-id=\"1420\" data-src=\"https:\/\/www.soulledlighting.com\/wp-content\/uploads\/2022\/03\/SOUL500S-INSTALLED-2.jpg\" alt=\"led lighting ideas at SOUL LED Technologies\" class=\"wp-image-1420 lazyload\" data-srcset=\"https:\/\/www.soulledlighting.com\/wp-content\/uploads\/2022\/03\/SOUL500S-INSTALLED-2.jpg 800w, https:\/\/www.soulledlighting.com\/wp-content\/uploads\/2022\/03\/SOUL500S-INSTALLED-2-300x300.jpg 300w, https:\/\/www.soulledlighting.com\/wp-content\/uploads\/2022\/03\/SOUL500S-INSTALLED-2-150x150.jpg 150w, https:\/\/www.soulledlighting.com\/wp-content\/uploads\/2022\/03\/SOUL500S-INSTALLED-2-768x768.jpg 768w\" data-sizes=\"(max-width: 800px) 100vw, 800px\" src=\"data:image\/svg+xml;base64,PHN2ZyB3aWR0aD0iMSIgaGVpZ2h0PSIxIiB4bWxucz0iaHR0cDovL3d3dy53My5vcmcvMjAwMC9zdmciPjwvc3ZnPg==\" style=\"--smush-placeholder-width: 800px; --smush-placeholder-aspect-ratio: 800\/800;\" \/><\/a><\/figure>\n\n\n\n<figure class=\"wp-block-image size-large\"><a href=\"https:\/\/www.soulledlighting.com\/wp-content\/uploads\/2022\/03\/SOUL500S-INSTALLED-1.jpg\"><img decoding=\"async\" width=\"800\" height=\"800\" data-id=\"1419\" data-src=\"https:\/\/www.soulledlighting.com\/wp-content\/uploads\/2022\/03\/SOUL500S-INSTALLED-1.jpg\" alt=\"led lighting ideas at SOUL LED Technologies\" class=\"wp-image-1419 lazyload\" data-srcset=\"https:\/\/www.soulledlighting.com\/wp-content\/uploads\/2022\/03\/SOUL500S-INSTALLED-1.jpg 800w, https:\/\/www.soulledlighting.com\/wp-content\/uploads\/2022\/03\/SOUL500S-INSTALLED-1-300x300.jpg 300w, https:\/\/www.soulledlighting.com\/wp-content\/uploads\/2022\/03\/SOUL500S-INSTALLED-1-150x150.jpg 150w, https:\/\/www.soulledlighting.com\/wp-content\/uploads\/2022\/03\/SOUL500S-INSTALLED-1-768x768.jpg 768w\" data-sizes=\"(max-width: 800px) 100vw, 800px\" src=\"data:image\/svg+xml;base64,PHN2ZyB3aWR0aD0iMSIgaGVpZ2h0PSIxIiB4bWxucz0iaHR0cDovL3d3dy53My5vcmcvMjAwMC9zdmciPjwvc3ZnPg==\" style=\"--smush-placeholder-width: 800px; --smush-placeholder-aspect-ratio: 800\/800;\" \/><\/a><\/figure>\n<\/figure>","protected":false},"excerpt":{"rendered":"<p>SOUL500S square Corner aluminum channel is designed to fit perfectly in any corner applications.<span class=\"more-dots\">&#8230;<\/span><\/p>","protected":false},"author":2,"featured_media":0,"parent":0,"menu_order":0,"comment_status":"closed","ping_status":"closed","template":"","meta":{"_coblocks_attr":"","_coblocks_dimensions":"","_coblocks_responsive_height":"","_coblocks_accordion_ie_support":"","advgb_blocks_editor_width":"","advgb_blocks_columns_visual_guide":"","footnotes":""},"class_list":["post-1417","page","type-page","status-publish","hentry","no-post-thumbnail"],"yoast_head":"<!-- This site is optimized with the Yoast SEO plugin v27.4 - https:\/\/yoast.com\/product\/yoast-seo-wordpress\/ -->\n<title>SOUL500S - Soul LED Tech + Design<\/title>\n<meta name=\"description\" content=\"Elevate your lighting design with our SOUL500S LED aluminum profile. Achieve seamless integration and brilliant illumination!\" \/>\n<meta name=\"robots\" content=\"index, follow, max-snippet:-1, max-image-preview:large, max-video-preview:-1\" \/>\n<link rel=\"canonical\" href=\"https:\/\/www.soulledlighting.com\/fr\/soul500s-5\/\" \/>\n<meta property=\"og:locale\" content=\"fr_FR\" \/>\n<meta property=\"og:type\" content=\"article\" \/>\n<meta property=\"og:title\" content=\"SOUL500S - Soul LED Tech + Design\" \/>\n<meta property=\"og:description\" content=\"Elevate your lighting design with our SOUL500S LED aluminum profile. Achieve seamless integration and brilliant illumination!\" \/>\n<meta property=\"og:url\" content=\"https:\/\/www.soulledlighting.com\/fr\/soul500s-5\/\" \/>\n<meta property=\"og:site_name\" content=\"Soul LED Tech + Design\" \/>\n<meta property=\"article:modified_time\" content=\"2024-11-29T19:34:31+00:00\" \/>\n<meta property=\"og:image\" content=\"https:\/\/www.soulledlighting.com\/wp-content\/uploads\/2024\/11\/SOUL500S.png\" \/>\n\t<meta property=\"og:image:width\" content=\"1080\" \/>\n\t<meta property=\"og:image:height\" content=\"1080\" \/>\n\t<meta property=\"og:image:type\" content=\"image\/png\" \/>\n<meta name=\"twitter:card\" content=\"summary_large_image\" \/>\n<meta name=\"twitter:label1\" content=\"Dur\u00e9e de lecture estim\u00e9e\" \/>\n\t<meta name=\"twitter:data1\" content=\"2 minutes\" \/>\n<script type=\"application\/ld+json\" class=\"yoast-schema-graph\">{\"@context\":\"https:\\\/\\\/schema.org\",\"@graph\":[{\"@type\":\"WebPage\",\"@id\":\"https:\\\/\\\/www.soulledlighting.com\\\/soul500s-5\\\/\",\"url\":\"https:\\\/\\\/www.soulledlighting.com\\\/soul500s-5\\\/\",\"name\":\"SOUL500S - Soul LED Tech + Design\",\"isPartOf\":{\"@id\":\"https:\\\/\\\/www.soulledlighting.com\\\/#website\"},\"primaryImageOfPage\":{\"@id\":\"https:\\\/\\\/www.soulledlighting.com\\\/soul500s-5\\\/#primaryimage\"},\"image\":{\"@id\":\"https:\\\/\\\/www.soulledlighting.com\\\/soul500s-5\\\/#primaryimage\"},\"thumbnailUrl\":\"https:\\\/\\\/www.soulledlighting.com\\\/wp-content\\\/uploads\\\/2024\\\/11\\\/SOUL500S-1024x1024.png\",\"datePublished\":\"2022-03-11T20:59:46+00:00\",\"dateModified\":\"2024-11-29T19:34:31+00:00\",\"description\":\"Elevate your lighting design with our SOUL500S LED aluminum profile. Achieve seamless integration and brilliant illumination!\",\"breadcrumb\":{\"@id\":\"https:\\\/\\\/www.soulledlighting.com\\\/soul500s-5\\\/#breadcrumb\"},\"inLanguage\":\"fr-FR\",\"potentialAction\":[{\"@type\":\"ReadAction\",\"target\":[\"https:\\\/\\\/www.soulledlighting.com\\\/soul500s-5\\\/\"]}]},{\"@type\":\"ImageObject\",\"inLanguage\":\"fr-FR\",\"@id\":\"https:\\\/\\\/www.soulledlighting.com\\\/soul500s-5\\\/#primaryimage\",\"url\":\"https:\\\/\\\/www.soulledlighting.com\\\/wp-content\\\/uploads\\\/2024\\\/11\\\/SOUL500S-1024x1024.png\",\"contentUrl\":\"https:\\\/\\\/www.soulledlighting.com\\\/wp-content\\\/uploads\\\/2024\\\/11\\\/SOUL500S-1024x1024.png\"},{\"@type\":\"BreadcrumbList\",\"@id\":\"https:\\\/\\\/www.soulledlighting.com\\\/soul500s-5\\\/#breadcrumb\",\"itemListElement\":[{\"@type\":\"ListItem\",\"position\":1,\"name\":\"Accueil\",\"item\":\"https:\\\/\\\/www.soulledlighting.com\\\/\"},{\"@type\":\"ListItem\",\"position\":2,\"name\":\"SOUL500S\"}]},{\"@type\":\"WebSite\",\"@id\":\"https:\\\/\\\/www.soulledlighting.com\\\/#website\",\"url\":\"https:\\\/\\\/www.soulledlighting.com\\\/\",\"name\":\"Soul LED Tech + Design\",\"description\":\"\",\"publisher\":{\"@id\":\"https:\\\/\\\/www.soulledlighting.com\\\/#organization\"},\"potentialAction\":[{\"@type\":\"SearchAction\",\"target\":{\"@type\":\"EntryPoint\",\"urlTemplate\":\"https:\\\/\\\/www.soulledlighting.com\\\/?s={search_term_string}\"},\"query-input\":{\"@type\":\"PropertyValueSpecification\",\"valueRequired\":true,\"valueName\":\"search_term_string\"}}],\"inLanguage\":\"fr-FR\"},{\"@type\":\"Organization\",\"@id\":\"https:\\\/\\\/www.soulledlighting.com\\\/#organization\",\"name\":\"Soul LED Tech + Design\",\"url\":\"https:\\\/\\\/www.soulledlighting.com\\\/\",\"logo\":{\"@type\":\"ImageObject\",\"inLanguage\":\"fr-FR\",\"@id\":\"https:\\\/\\\/www.soulledlighting.com\\\/#\\\/schema\\\/logo\\\/image\\\/\",\"url\":\"https:\\\/\\\/www.soulledlighting.com\\\/wp-content\\\/uploads\\\/2022\\\/03\\\/cropped-cropped-cropped-cropped-logo.png\",\"contentUrl\":\"https:\\\/\\\/www.soulledlighting.com\\\/wp-content\\\/uploads\\\/2022\\\/03\\\/cropped-cropped-cropped-cropped-logo.png\",\"width\":3837,\"height\":1208,\"caption\":\"Soul LED Tech + Design\"},\"image\":{\"@id\":\"https:\\\/\\\/www.soulledlighting.com\\\/#\\\/schema\\\/logo\\\/image\\\/\"}}]}<\/script>\n<!-- \/ Yoast SEO plugin. -->","yoast_head_json":{"title":"SOUL500S - Soul LED Tech + Design","description":"Elevate your lighting design with our SOUL500S LED aluminum profile. Achieve seamless integration and brilliant illumination!","robots":{"index":"index","follow":"follow","max-snippet":"max-snippet:-1","max-image-preview":"max-image-preview:large","max-video-preview":"max-video-preview:-1"},"canonical":"https:\/\/www.soulledlighting.com\/fr\/soul500s-5\/","og_locale":"fr_FR","og_type":"article","og_title":"SOUL500S - Soul LED Tech + Design","og_description":"Elevate your lighting design with our SOUL500S LED aluminum profile. Achieve seamless integration and brilliant illumination!","og_url":"https:\/\/www.soulledlighting.com\/fr\/soul500s-5\/","og_site_name":"Soul LED Tech + Design","article_modified_time":"2024-11-29T19:34:31+00:00","og_image":[{"width":1080,"height":1080,"url":"https:\/\/www.soulledlighting.com\/wp-content\/uploads\/2024\/11\/SOUL500S.png","type":"image\/png"}],"twitter_card":"summary_large_image","twitter_misc":{"Dur\u00e9e de lecture estim\u00e9e":"2 minutes"},"schema":{"@context":"https:\/\/schema.org","@graph":[{"@type":"WebPage","@id":"https:\/\/www.soulledlighting.com\/soul500s-5\/","url":"https:\/\/www.soulledlighting.com\/soul500s-5\/","name":"SOUL500S - Soul LED Tech + Design","isPartOf":{"@id":"https:\/\/www.soulledlighting.com\/#website"},"primaryImageOfPage":{"@id":"https:\/\/www.soulledlighting.com\/soul500s-5\/#primaryimage"},"image":{"@id":"https:\/\/www.soulledlighting.com\/soul500s-5\/#primaryimage"},"thumbnailUrl":"https:\/\/www.soulledlighting.com\/wp-content\/uploads\/2024\/11\/SOUL500S-1024x1024.png","datePublished":"2022-03-11T20:59:46+00:00","dateModified":"2024-11-29T19:34:31+00:00","description":"Elevate your lighting design with our SOUL500S LED aluminum profile. Achieve seamless integration and brilliant illumination!","breadcrumb":{"@id":"https:\/\/www.soulledlighting.com\/soul500s-5\/#breadcrumb"},"inLanguage":"fr-FR","potentialAction":[{"@type":"ReadAction","target":["https:\/\/www.soulledlighting.com\/soul500s-5\/"]}]},{"@type":"ImageObject","inLanguage":"fr-FR","@id":"https:\/\/www.soulledlighting.com\/soul500s-5\/#primaryimage","url":"https:\/\/www.soulledlighting.com\/wp-content\/uploads\/2024\/11\/SOUL500S-1024x1024.png","contentUrl":"https:\/\/www.soulledlighting.com\/wp-content\/uploads\/2024\/11\/SOUL500S-1024x1024.png"},{"@type":"BreadcrumbList","@id":"https:\/\/www.soulledlighting.com\/soul500s-5\/#breadcrumb","itemListElement":[{"@type":"ListItem","position":1,"name":"Accueil","item":"https:\/\/www.soulledlighting.com\/"},{"@type":"ListItem","position":2,"name":"SOUL500S"}]},{"@type":"WebSite","@id":"https:\/\/www.soulledlighting.com\/#website","url":"https:\/\/www.soulledlighting.com\/","name":"Soul LED Tech + Design","description":"","publisher":{"@id":"https:\/\/www.soulledlighting.com\/#organization"},"potentialAction":[{"@type":"SearchAction","target":{"@type":"EntryPoint","urlTemplate":"https:\/\/www.soulledlighting.com\/?s={search_term_string}"},"query-input":{"@type":"PropertyValueSpecification","valueRequired":true,"valueName":"search_term_string"}}],"inLanguage":"fr-FR"},{"@type":"Organization","@id":"https:\/\/www.soulledlighting.com\/#organization","name":"Soul LED Tech + Design","url":"https:\/\/www.soulledlighting.com\/","logo":{"@type":"ImageObject","inLanguage":"fr-FR","@id":"https:\/\/www.soulledlighting.com\/#\/schema\/logo\/image\/","url":"https:\/\/www.soulledlighting.com\/wp-content\/uploads\/2022\/03\/cropped-cropped-cropped-cropped-logo.png","contentUrl":"https:\/\/www.soulledlighting.com\/wp-content\/uploads\/2022\/03\/cropped-cropped-cropped-cropped-logo.png","width":3837,"height":1208,"caption":"Soul LED Tech + Design"},"image":{"@id":"https:\/\/www.soulledlighting.com\/#\/schema\/logo\/image\/"}}]}},"coauthors":[],"author_meta":{"author_link":false,"display_name":"Jean-Michel Fiorito"},"relative_dates":{"created":"Publi\u00e9 56 ans il y a","modified":"Mis \u00e0 jour 56 ans il y a"},"absolute_dates":{"created":"Publi\u00e9 le ","modified":"Mise \u00e0 jour le "},"absolute_dates_time":{"created":"Publi\u00e9 le ","modified":"Mise \u00e0 jour le "},"featured_img_caption":"","featured_img":false,"series_order":"","featured_media_urls":[],"_links":{"self":[{"href":"https:\/\/www.soulledlighting.com\/fr\/wp-json\/wp\/v2\/pages\/1417","targetHints":{"allow":["GET"]}}],"collection":[{"href":"https:\/\/www.soulledlighting.com\/fr\/wp-json\/wp\/v2\/pages"}],"about":[{"href":"https:\/\/www.soulledlighting.com\/fr\/wp-json\/wp\/v2\/types\/page"}],"author":[{"embeddable":true,"href":"https:\/\/www.soulledlighting.com\/fr\/wp-json\/wp\/v2\/users\/2"}],"replies":[{"embeddable":true,"href":"https:\/\/www.soulledlighting.com\/fr\/wp-json\/wp\/v2\/comments?post=1417"}],"version-history":[{"count":1,"href":"https:\/\/www.soulledlighting.com\/fr\/wp-json\/wp\/v2\/pages\/1417\/revisions"}],"predecessor-version":[{"id":2842,"href":"https:\/\/www.soulledlighting.com\/fr\/wp-json\/wp\/v2\/pages\/1417\/revisions\/2842"}],"wp:attachment":[{"href":"https:\/\/www.soulledlighting.com\/fr\/wp-json\/wp\/v2\/media?parent=1417"}],"curies":[{"name":"wp","href":"https:\/\/api.w.org\/{rel}","templated":true}]}}