{"id":1263,"date":"2022-03-11T16:15:25","date_gmt":"2022-03-11T20:15:25","guid":{"rendered":"https:\/\/soulledlighting.com\/?page_id=1263"},"modified":"2024-03-18T13:47:41","modified_gmt":"2024-03-18T17:47:41","slug":"soul3535s-5","status":"publish","type":"page","link":"https:\/\/www.soulledlighting.com\/fr\/soul3535s-5\/","title":{"rendered":"SOUL3535S"},"content":{"rendered":"<p>SOUL3535S est id\u00e9al pour un luminaire lin\u00e9aire mince au-dessus des salles \u00e0 manger, des \u00eelots de cuisine, des salles de conf\u00e9rence et des garages. Ces luminaires sont un bel exemple de minimalisme cr\u00e9ant un \u00e9clairage visuellement attrayant qui reste discret dans l'environnement de la maison\/du travail. SOUL3535S peut \u00eatre install\u00e9 en suspension ou en surface pour cr\u00e9er un look moderne et architectural.<\/p>\n\n\n\n<p><strong>Fonctionnalit\u00e9<\/strong><\/p>\n\n\n\n<p>This functional and versatile aluminum profile with semi-frosted lens provides an even diffusion of light in a clean modern style. You can surface mount this channel on the wall or hang it from the ceiling. With its excellent architectural design, SOUL3535S offers you a decorative atmosphere.<\/p>\n\n\n\n<p><strong>Installation<\/strong><\/p>\n\n\n\n<p>Peut \u00eatre facilement suspendu au plafond et mont\u00e9 en surface \u00e0 l'aide du mat\u00e9riel inclus.<\/p>\n\n\n\n<p><strong>Description technique<\/strong><\/p>\n\n\n\n<p>Chaque m\u00e8tre de ce produit comprend :<\/p>\n\n\n\n<ul class=\"wp-block-list\">\n<li>SOUL3535 hardware<\/li>\n\n\n\n<li>Metal endcaps &amp; clips<\/li>\n<\/ul>\n\n\n\n<p>Optionnel:<\/p>\n\n\n\n<ul class=\"wp-block-list\">\n<li>Ensemble de suspension 4' ou 15'<\/li>\n<\/ul>\n\n\n\n<p>Nous recommandons les rubans LED suivants :<\/p>\n\n\n\n<p>SL2216-300-10*** or SL2835HO-160-15**<\/p>\n\n\n\n<p>Pour des applications sp\u00e9ciales ou pour ajouter plus d'ambiance, nous recommandons notre BLK-35MM\/ BKL<\/p>\n\n\n\n<p>Nous recommandons le kit de suspension suivant SOULSUSPEND ou SLSUSP15<\/p>\n\n\n\n<div class=\"wp-block-file\"><a id=\"wp-block-file--media-e7adf14d-6127-4fb6-b661-ff974b077382\" href=\"https:\/\/www.soulledlighting.com\/wp-content\/uploads\/2022\/03\/SOUL3535S.pdf\">SOUL3535S<\/a><a href=\"https:\/\/www.soulledlighting.com\/wp-content\/uploads\/2022\/03\/SOUL3535S.pdf\" class=\"wp-block-file__button wp-element-button\" download aria-describedby=\"wp-block-file--media-e7adf14d-6127-4fb6-b661-ff974b077382\">T\u00e9l\u00e9charger<\/a><\/div>\n\n\n\n<div style=\"height:100px\" aria-hidden=\"true\" class=\"wp-block-spacer\"><\/div>\n\n\n\n<figure class=\"wp-block-gallery has-nested-images columns-default is-cropped wp-block-gallery-1 is-layout-flex wp-block-gallery-is-layout-flex\">\n<figure class=\"wp-block-image size-large\"><a href=\"https:\/\/www.soulledlighting.com\/wp-content\/uploads\/2022\/03\/SOUL3535S-WH.png\"><img fetchpriority=\"high\" decoding=\"async\" width=\"800\" height=\"800\" data-id=\"1277\" src=\"https:\/\/www.soulledlighting.com\/wp-content\/uploads\/2022\/03\/SOUL3535S-WH.png\" alt=\"\" class=\"wp-image-1277\" srcset=\"https:\/\/www.soulledlighting.com\/wp-content\/uploads\/2022\/03\/SOUL3535S-WH.png 800w, https:\/\/www.soulledlighting.com\/wp-content\/uploads\/2022\/03\/SOUL3535S-WH-300x300.png 300w, https:\/\/www.soulledlighting.com\/wp-content\/uploads\/2022\/03\/SOUL3535S-WH-150x150.png 150w, https:\/\/www.soulledlighting.com\/wp-content\/uploads\/2022\/03\/SOUL3535S-WH-768x768.png 768w\" sizes=\"(max-width: 800px) 100vw, 800px\" \/><\/a><\/figure>\n\n\n\n<figure class=\"wp-block-image size-large\"><a href=\"https:\/\/www.soulledlighting.com\/wp-content\/uploads\/2022\/03\/SOUL3535S-WH-with-black-lens.png\"><img decoding=\"async\" width=\"800\" height=\"800\" data-id=\"1276\" data-src=\"https:\/\/www.soulledlighting.com\/wp-content\/uploads\/2022\/03\/SOUL3535S-WH-with-black-lens.png\" alt=\"\" class=\"wp-image-1276 lazyload\" data-srcset=\"https:\/\/www.soulledlighting.com\/wp-content\/uploads\/2022\/03\/SOUL3535S-WH-with-black-lens.png 800w, https:\/\/www.soulledlighting.com\/wp-content\/uploads\/2022\/03\/SOUL3535S-WH-with-black-lens-300x300.png 300w, https:\/\/www.soulledlighting.com\/wp-content\/uploads\/2022\/03\/SOUL3535S-WH-with-black-lens-150x150.png 150w, https:\/\/www.soulledlighting.com\/wp-content\/uploads\/2022\/03\/SOUL3535S-WH-with-black-lens-768x768.png 768w\" data-sizes=\"(max-width: 800px) 100vw, 800px\" src=\"data:image\/svg+xml;base64,PHN2ZyB3aWR0aD0iMSIgaGVpZ2h0PSIxIiB4bWxucz0iaHR0cDovL3d3dy53My5vcmcvMjAwMC9zdmciPjwvc3ZnPg==\" style=\"--smush-placeholder-width: 800px; --smush-placeholder-aspect-ratio: 800\/800;\" \/><\/a><\/figure>\n\n\n\n<figure class=\"wp-block-image size-large\"><a href=\"https:\/\/www.soulledlighting.com\/wp-content\/uploads\/2022\/03\/SOUL3535S-GD.png\"><img decoding=\"async\" width=\"800\" height=\"800\" data-id=\"1275\" data-src=\"https:\/\/www.soulledlighting.com\/wp-content\/uploads\/2022\/03\/SOUL3535S-GD.png\" alt=\"\" class=\"wp-image-1275 lazyload\" data-srcset=\"https:\/\/www.soulledlighting.com\/wp-content\/uploads\/2022\/03\/SOUL3535S-GD.png 800w, https:\/\/www.soulledlighting.com\/wp-content\/uploads\/2022\/03\/SOUL3535S-GD-300x300.png 300w, https:\/\/www.soulledlighting.com\/wp-content\/uploads\/2022\/03\/SOUL3535S-GD-150x150.png 150w, https:\/\/www.soulledlighting.com\/wp-content\/uploads\/2022\/03\/SOUL3535S-GD-768x768.png 768w\" data-sizes=\"(max-width: 800px) 100vw, 800px\" src=\"data:image\/svg+xml;base64,PHN2ZyB3aWR0aD0iMSIgaGVpZ2h0PSIxIiB4bWxucz0iaHR0cDovL3d3dy53My5vcmcvMjAwMC9zdmciPjwvc3ZnPg==\" style=\"--smush-placeholder-width: 800px; --smush-placeholder-aspect-ratio: 800\/800;\" \/><\/a><\/figure>\n\n\n\n<figure class=\"wp-block-image size-large\"><a href=\"https:\/\/www.soulledlighting.com\/wp-content\/uploads\/2022\/03\/SOUL3535S-GD-with-black-lens.png\"><img decoding=\"async\" width=\"800\" height=\"800\" data-id=\"1274\" data-src=\"https:\/\/www.soulledlighting.com\/wp-content\/uploads\/2022\/03\/SOUL3535S-GD-with-black-lens.png\" alt=\"\" class=\"wp-image-1274 lazyload\" data-srcset=\"https:\/\/www.soulledlighting.com\/wp-content\/uploads\/2022\/03\/SOUL3535S-GD-with-black-lens.png 800w, https:\/\/www.soulledlighting.com\/wp-content\/uploads\/2022\/03\/SOUL3535S-GD-with-black-lens-300x300.png 300w, https:\/\/www.soulledlighting.com\/wp-content\/uploads\/2022\/03\/SOUL3535S-GD-with-black-lens-150x150.png 150w, https:\/\/www.soulledlighting.com\/wp-content\/uploads\/2022\/03\/SOUL3535S-GD-with-black-lens-768x768.png 768w\" data-sizes=\"(max-width: 800px) 100vw, 800px\" src=\"data:image\/svg+xml;base64,PHN2ZyB3aWR0aD0iMSIgaGVpZ2h0PSIxIiB4bWxucz0iaHR0cDovL3d3dy53My5vcmcvMjAwMC9zdmciPjwvc3ZnPg==\" style=\"--smush-placeholder-width: 800px; --smush-placeholder-aspect-ratio: 800\/800;\" \/><\/a><\/figure>\n\n\n\n<figure class=\"wp-block-image size-large\"><a href=\"https:\/\/www.soulledlighting.com\/wp-content\/uploads\/2022\/03\/SOUL3535S-BK.png\"><img decoding=\"async\" width=\"800\" height=\"800\" data-id=\"1273\" data-src=\"https:\/\/www.soulledlighting.com\/wp-content\/uploads\/2022\/03\/SOUL3535S-BK.png\" alt=\"\" class=\"wp-image-1273 lazyload\" data-srcset=\"https:\/\/www.soulledlighting.com\/wp-content\/uploads\/2022\/03\/SOUL3535S-BK.png 800w, https:\/\/www.soulledlighting.com\/wp-content\/uploads\/2022\/03\/SOUL3535S-BK-300x300.png 300w, https:\/\/www.soulledlighting.com\/wp-content\/uploads\/2022\/03\/SOUL3535S-BK-150x150.png 150w, https:\/\/www.soulledlighting.com\/wp-content\/uploads\/2022\/03\/SOUL3535S-BK-768x768.png 768w\" data-sizes=\"(max-width: 800px) 100vw, 800px\" src=\"data:image\/svg+xml;base64,PHN2ZyB3aWR0aD0iMSIgaGVpZ2h0PSIxIiB4bWxucz0iaHR0cDovL3d3dy53My5vcmcvMjAwMC9zdmciPjwvc3ZnPg==\" style=\"--smush-placeholder-width: 800px; --smush-placeholder-aspect-ratio: 800\/800;\" \/><\/a><\/figure>\n\n\n\n<figure class=\"wp-block-image size-large\"><a href=\"https:\/\/www.soulledlighting.com\/wp-content\/uploads\/2022\/03\/SOUL3535S-BK-with-black-lens.png\"><img decoding=\"async\" width=\"800\" height=\"800\" data-id=\"1272\" data-src=\"https:\/\/www.soulledlighting.com\/wp-content\/uploads\/2022\/03\/SOUL3535S-BK-with-black-lens.png\" alt=\"\" class=\"wp-image-1272 lazyload\" data-srcset=\"https:\/\/www.soulledlighting.com\/wp-content\/uploads\/2022\/03\/SOUL3535S-BK-with-black-lens.png 800w, https:\/\/www.soulledlighting.com\/wp-content\/uploads\/2022\/03\/SOUL3535S-BK-with-black-lens-300x300.png 300w, https:\/\/www.soulledlighting.com\/wp-content\/uploads\/2022\/03\/SOUL3535S-BK-with-black-lens-150x150.png 150w, https:\/\/www.soulledlighting.com\/wp-content\/uploads\/2022\/03\/SOUL3535S-BK-with-black-lens-768x768.png 768w\" data-sizes=\"(max-width: 800px) 100vw, 800px\" src=\"data:image\/svg+xml;base64,PHN2ZyB3aWR0aD0iMSIgaGVpZ2h0PSIxIiB4bWxucz0iaHR0cDovL3d3dy53My5vcmcvMjAwMC9zdmciPjwvc3ZnPg==\" style=\"--smush-placeholder-width: 800px; --smush-placeholder-aspect-ratio: 800\/800;\" \/><\/a><\/figure>\n\n\n\n<figure class=\"wp-block-image size-large\"><a href=\"https:\/\/www.soulledlighting.com\/wp-content\/uploads\/2022\/03\/SOUL3535S-BK-Copy.png\"><img decoding=\"async\" width=\"800\" height=\"800\" data-id=\"1271\" data-src=\"https:\/\/www.soulledlighting.com\/wp-content\/uploads\/2022\/03\/SOUL3535S-BK-Copy.png\" alt=\"\" class=\"wp-image-1271 lazyload\" data-srcset=\"https:\/\/www.soulledlighting.com\/wp-content\/uploads\/2022\/03\/SOUL3535S-BK-Copy.png 800w, https:\/\/www.soulledlighting.com\/wp-content\/uploads\/2022\/03\/SOUL3535S-BK-Copy-300x300.png 300w, https:\/\/www.soulledlighting.com\/wp-content\/uploads\/2022\/03\/SOUL3535S-BK-Copy-150x150.png 150w, https:\/\/www.soulledlighting.com\/wp-content\/uploads\/2022\/03\/SOUL3535S-BK-Copy-768x768.png 768w\" data-sizes=\"(max-width: 800px) 100vw, 800px\" src=\"data:image\/svg+xml;base64,PHN2ZyB3aWR0aD0iMSIgaGVpZ2h0PSIxIiB4bWxucz0iaHR0cDovL3d3dy53My5vcmcvMjAwMC9zdmciPjwvc3ZnPg==\" style=\"--smush-placeholder-width: 800px; --smush-placeholder-aspect-ratio: 800\/800;\" \/><\/a><\/figure>\n\n\n\n<figure class=\"wp-block-image size-large\"><a href=\"https:\/\/www.soulledlighting.com\/wp-content\/uploads\/2022\/03\/SOUL3535S-AL.png\"><img decoding=\"async\" width=\"800\" height=\"800\" data-id=\"1270\" data-src=\"https:\/\/www.soulledlighting.com\/wp-content\/uploads\/2022\/03\/SOUL3535S-AL.png\" alt=\"\" class=\"wp-image-1270 lazyload\" data-srcset=\"https:\/\/www.soulledlighting.com\/wp-content\/uploads\/2022\/03\/SOUL3535S-AL.png 800w, https:\/\/www.soulledlighting.com\/wp-content\/uploads\/2022\/03\/SOUL3535S-AL-300x300.png 300w, https:\/\/www.soulledlighting.com\/wp-content\/uploads\/2022\/03\/SOUL3535S-AL-150x150.png 150w, https:\/\/www.soulledlighting.com\/wp-content\/uploads\/2022\/03\/SOUL3535S-AL-768x768.png 768w\" data-sizes=\"(max-width: 800px) 100vw, 800px\" src=\"data:image\/svg+xml;base64,PHN2ZyB3aWR0aD0iMSIgaGVpZ2h0PSIxIiB4bWxucz0iaHR0cDovL3d3dy53My5vcmcvMjAwMC9zdmciPjwvc3ZnPg==\" style=\"--smush-placeholder-width: 800px; --smush-placeholder-aspect-ratio: 800\/800;\" \/><\/a><\/figure>\n\n\n\n<figure class=\"wp-block-image size-large\"><a href=\"https:\/\/www.soulledlighting.com\/wp-content\/uploads\/2022\/03\/SOUL3535S-INSTALLED4.png\"><img decoding=\"async\" width=\"1024\" height=\"1024\" data-id=\"1269\" data-src=\"https:\/\/www.soulledlighting.com\/wp-content\/uploads\/2022\/03\/SOUL3535S-INSTALLED4-1024x1024.png\" alt=\"\" class=\"wp-image-1269 lazyload\" data-srcset=\"https:\/\/www.soulledlighting.com\/wp-content\/uploads\/2022\/03\/SOUL3535S-INSTALLED4-1024x1024.png 1024w, https:\/\/www.soulledlighting.com\/wp-content\/uploads\/2022\/03\/SOUL3535S-INSTALLED4-300x300.png 300w, https:\/\/www.soulledlighting.com\/wp-content\/uploads\/2022\/03\/SOUL3535S-INSTALLED4-150x150.png 150w, https:\/\/www.soulledlighting.com\/wp-content\/uploads\/2022\/03\/SOUL3535S-INSTALLED4-768x768.png 768w, https:\/\/www.soulledlighting.com\/wp-content\/uploads\/2022\/03\/SOUL3535S-INSTALLED4.png 1080w\" data-sizes=\"(max-width: 1024px) 100vw, 1024px\" src=\"data:image\/svg+xml;base64,PHN2ZyB3aWR0aD0iMSIgaGVpZ2h0PSIxIiB4bWxucz0iaHR0cDovL3d3dy53My5vcmcvMjAwMC9zdmciPjwvc3ZnPg==\" style=\"--smush-placeholder-width: 1024px; --smush-placeholder-aspect-ratio: 1024\/1024;\" \/><\/a><\/figure>\n\n\n\n<figure class=\"wp-block-image size-large\"><a href=\"https:\/\/www.soulledlighting.com\/wp-content\/uploads\/2022\/03\/SOUL3535S-INSTALLED.jpg\"><img decoding=\"async\" width=\"800\" height=\"800\" data-id=\"1268\" data-src=\"https:\/\/www.soulledlighting.com\/wp-content\/uploads\/2022\/03\/SOUL3535S-INSTALLED.jpg\" alt=\"\" class=\"wp-image-1268 lazyload\" data-srcset=\"https:\/\/www.soulledlighting.com\/wp-content\/uploads\/2022\/03\/SOUL3535S-INSTALLED.jpg 800w, https:\/\/www.soulledlighting.com\/wp-content\/uploads\/2022\/03\/SOUL3535S-INSTALLED-300x300.jpg 300w, https:\/\/www.soulledlighting.com\/wp-content\/uploads\/2022\/03\/SOUL3535S-INSTALLED-150x150.jpg 150w, https:\/\/www.soulledlighting.com\/wp-content\/uploads\/2022\/03\/SOUL3535S-INSTALLED-768x768.jpg 768w\" data-sizes=\"(max-width: 800px) 100vw, 800px\" src=\"data:image\/svg+xml;base64,PHN2ZyB3aWR0aD0iMSIgaGVpZ2h0PSIxIiB4bWxucz0iaHR0cDovL3d3dy53My5vcmcvMjAwMC9zdmciPjwvc3ZnPg==\" style=\"--smush-placeholder-width: 800px; --smush-placeholder-aspect-ratio: 800\/800;\" \/><\/a><\/figure>\n\n\n\n<figure class=\"wp-block-image size-large\"><a href=\"https:\/\/www.soulledlighting.com\/wp-content\/uploads\/2022\/03\/SOUL3535S-INSTALLED-3.png\"><img decoding=\"async\" width=\"1024\" height=\"1024\" data-id=\"1267\" data-src=\"https:\/\/www.soulledlighting.com\/wp-content\/uploads\/2022\/03\/SOUL3535S-INSTALLED-3-1024x1024.png\" alt=\"\" class=\"wp-image-1267 lazyload\" data-srcset=\"https:\/\/www.soulledlighting.com\/wp-content\/uploads\/2022\/03\/SOUL3535S-INSTALLED-3-1024x1024.png 1024w, https:\/\/www.soulledlighting.com\/wp-content\/uploads\/2022\/03\/SOUL3535S-INSTALLED-3-300x300.png 300w, https:\/\/www.soulledlighting.com\/wp-content\/uploads\/2022\/03\/SOUL3535S-INSTALLED-3-150x150.png 150w, https:\/\/www.soulledlighting.com\/wp-content\/uploads\/2022\/03\/SOUL3535S-INSTALLED-3-768x768.png 768w, https:\/\/www.soulledlighting.com\/wp-content\/uploads\/2022\/03\/SOUL3535S-INSTALLED-3.png 1080w\" data-sizes=\"(max-width: 1024px) 100vw, 1024px\" src=\"data:image\/svg+xml;base64,PHN2ZyB3aWR0aD0iMSIgaGVpZ2h0PSIxIiB4bWxucz0iaHR0cDovL3d3dy53My5vcmcvMjAwMC9zdmciPjwvc3ZnPg==\" style=\"--smush-placeholder-width: 1024px; --smush-placeholder-aspect-ratio: 1024\/1024;\" \/><\/a><\/figure>\n\n\n\n<figure class=\"wp-block-image size-large\"><a href=\"https:\/\/www.soulledlighting.com\/wp-content\/uploads\/2022\/03\/SOUL3535S-INSTALLED-2.png\"><img decoding=\"async\" width=\"1024\" height=\"1024\" data-id=\"1266\" data-src=\"https:\/\/www.soulledlighting.com\/wp-content\/uploads\/2022\/03\/SOUL3535S-INSTALLED-2-1024x1024.png\" alt=\"\" class=\"wp-image-1266 lazyload\" data-srcset=\"https:\/\/www.soulledlighting.com\/wp-content\/uploads\/2022\/03\/SOUL3535S-INSTALLED-2-1024x1024.png 1024w, https:\/\/www.soulledlighting.com\/wp-content\/uploads\/2022\/03\/SOUL3535S-INSTALLED-2-300x300.png 300w, https:\/\/www.soulledlighting.com\/wp-content\/uploads\/2022\/03\/SOUL3535S-INSTALLED-2-150x150.png 150w, https:\/\/www.soulledlighting.com\/wp-content\/uploads\/2022\/03\/SOUL3535S-INSTALLED-2-768x768.png 768w, https:\/\/www.soulledlighting.com\/wp-content\/uploads\/2022\/03\/SOUL3535S-INSTALLED-2.png 1080w\" data-sizes=\"(max-width: 1024px) 100vw, 1024px\" src=\"data:image\/svg+xml;base64,PHN2ZyB3aWR0aD0iMSIgaGVpZ2h0PSIxIiB4bWxucz0iaHR0cDovL3d3dy53My5vcmcvMjAwMC9zdmciPjwvc3ZnPg==\" style=\"--smush-placeholder-width: 1024px; --smush-placeholder-aspect-ratio: 1024\/1024;\" \/><\/a><\/figure>\n\n\n\n<figure class=\"wp-block-image size-large\"><a href=\"https:\/\/www.soulledlighting.com\/wp-content\/uploads\/2022\/03\/SOUL3535S-INSTALLED-1.jpg\"><img decoding=\"async\" width=\"800\" height=\"800\" data-id=\"1265\" data-src=\"https:\/\/www.soulledlighting.com\/wp-content\/uploads\/2022\/03\/SOUL3535S-INSTALLED-1.jpg\" alt=\"\" class=\"wp-image-1265 lazyload\" data-srcset=\"https:\/\/www.soulledlighting.com\/wp-content\/uploads\/2022\/03\/SOUL3535S-INSTALLED-1.jpg 800w, https:\/\/www.soulledlighting.com\/wp-content\/uploads\/2022\/03\/SOUL3535S-INSTALLED-1-300x300.jpg 300w, https:\/\/www.soulledlighting.com\/wp-content\/uploads\/2022\/03\/SOUL3535S-INSTALLED-1-150x150.jpg 150w, https:\/\/www.soulledlighting.com\/wp-content\/uploads\/2022\/03\/SOUL3535S-INSTALLED-1-768x768.jpg 768w\" data-sizes=\"(max-width: 800px) 100vw, 800px\" src=\"data:image\/svg+xml;base64,PHN2ZyB3aWR0aD0iMSIgaGVpZ2h0PSIxIiB4bWxucz0iaHR0cDovL3d3dy53My5vcmcvMjAwMC9zdmciPjwvc3ZnPg==\" style=\"--smush-placeholder-width: 800px; --smush-placeholder-aspect-ratio: 800\/800;\" \/><\/a><\/figure>\n<\/figure>","protected":false},"excerpt":{"rendered":"<p>SOUL3535S is ideal for a slim linear light fixture over dining rooms, kitchen islands,<span class=\"more-dots\">&#8230;<\/span><\/p>","protected":false},"author":2,"featured_media":0,"parent":0,"menu_order":0,"comment_status":"closed","ping_status":"closed","template":"","meta":{"_coblocks_attr":"","_coblocks_dimensions":"","_coblocks_responsive_height":"","_coblocks_accordion_ie_support":"","advgb_blocks_editor_width":"","advgb_blocks_columns_visual_guide":"","footnotes":""},"class_list":["post-1263","page","type-page","status-publish","hentry","no-post-thumbnail"],"yoast_head":"<!-- This site is optimized with the Yoast SEO plugin v27.4 - https:\/\/yoast.com\/product\/yoast-seo-wordpress\/ -->\n<title>SOUL3535S - Soul LED Tech + Design<\/title>\n<meta name=\"description\" content=\"SOUL3535S LED aluminum profile. Seamlessly integrate, unleash brilliant illumination, and elevate your lighting projects. Explore now!\" \/>\n<meta name=\"robots\" content=\"index, follow, max-snippet:-1, max-image-preview:large, max-video-preview:-1\" \/>\n<link rel=\"canonical\" href=\"https:\/\/www.soulledlighting.com\/fr\/soul3535s-5\/\" \/>\n<meta property=\"og:locale\" content=\"fr_FR\" \/>\n<meta property=\"og:type\" content=\"article\" \/>\n<meta property=\"og:title\" content=\"SOUL3535S - Soul LED Tech + Design\" \/>\n<meta property=\"og:description\" content=\"SOUL3535S LED aluminum profile. Seamlessly integrate, unleash brilliant illumination, and elevate your lighting projects. Explore now!\" \/>\n<meta property=\"og:url\" content=\"https:\/\/www.soulledlighting.com\/fr\/soul3535s-5\/\" \/>\n<meta property=\"og:site_name\" content=\"Soul LED Tech + Design\" \/>\n<meta property=\"article:modified_time\" content=\"2024-03-18T17:47:41+00:00\" \/>\n<meta property=\"og:image\" content=\"https:\/\/www.soulledlighting.com\/wp-content\/uploads\/2022\/03\/SOUL3535S-WH.png\" \/>\n<meta name=\"twitter:card\" content=\"summary_large_image\" \/>\n<meta name=\"twitter:label1\" content=\"Dur\u00e9e de lecture estim\u00e9e\" \/>\n\t<meta name=\"twitter:data1\" content=\"4 minutes\" \/>\n<script type=\"application\/ld+json\" class=\"yoast-schema-graph\">{\"@context\":\"https:\\\/\\\/schema.org\",\"@graph\":[{\"@type\":\"WebPage\",\"@id\":\"https:\\\/\\\/www.soulledlighting.com\\\/soul3535s-5\\\/\",\"url\":\"https:\\\/\\\/www.soulledlighting.com\\\/soul3535s-5\\\/\",\"name\":\"SOUL3535S - Soul LED Tech + Design\",\"isPartOf\":{\"@id\":\"https:\\\/\\\/www.soulledlighting.com\\\/#website\"},\"primaryImageOfPage\":{\"@id\":\"https:\\\/\\\/www.soulledlighting.com\\\/soul3535s-5\\\/#primaryimage\"},\"image\":{\"@id\":\"https:\\\/\\\/www.soulledlighting.com\\\/soul3535s-5\\\/#primaryimage\"},\"thumbnailUrl\":\"https:\\\/\\\/www.soulledlighting.com\\\/wp-content\\\/uploads\\\/2022\\\/03\\\/SOUL3535S-WH.png\",\"datePublished\":\"2022-03-11T20:15:25+00:00\",\"dateModified\":\"2024-03-18T17:47:41+00:00\",\"description\":\"SOUL3535S LED aluminum profile. Seamlessly integrate, unleash brilliant illumination, and elevate your lighting projects. Explore now!\",\"breadcrumb\":{\"@id\":\"https:\\\/\\\/www.soulledlighting.com\\\/soul3535s-5\\\/#breadcrumb\"},\"inLanguage\":\"fr-FR\",\"potentialAction\":[{\"@type\":\"ReadAction\",\"target\":[\"https:\\\/\\\/www.soulledlighting.com\\\/soul3535s-5\\\/\"]}]},{\"@type\":\"ImageObject\",\"inLanguage\":\"fr-FR\",\"@id\":\"https:\\\/\\\/www.soulledlighting.com\\\/soul3535s-5\\\/#primaryimage\",\"url\":\"https:\\\/\\\/www.soulledlighting.com\\\/wp-content\\\/uploads\\\/2022\\\/03\\\/SOUL3535S-WH.png\",\"contentUrl\":\"https:\\\/\\\/www.soulledlighting.com\\\/wp-content\\\/uploads\\\/2022\\\/03\\\/SOUL3535S-WH.png\"},{\"@type\":\"BreadcrumbList\",\"@id\":\"https:\\\/\\\/www.soulledlighting.com\\\/soul3535s-5\\\/#breadcrumb\",\"itemListElement\":[{\"@type\":\"ListItem\",\"position\":1,\"name\":\"Accueil\",\"item\":\"https:\\\/\\\/www.soulledlighting.com\\\/\"},{\"@type\":\"ListItem\",\"position\":2,\"name\":\"SOUL3535S\"}]},{\"@type\":\"WebSite\",\"@id\":\"https:\\\/\\\/www.soulledlighting.com\\\/#website\",\"url\":\"https:\\\/\\\/www.soulledlighting.com\\\/\",\"name\":\"Soul LED Tech + Design\",\"description\":\"\",\"publisher\":{\"@id\":\"https:\\\/\\\/www.soulledlighting.com\\\/#organization\"},\"potentialAction\":[{\"@type\":\"SearchAction\",\"target\":{\"@type\":\"EntryPoint\",\"urlTemplate\":\"https:\\\/\\\/www.soulledlighting.com\\\/?s={search_term_string}\"},\"query-input\":{\"@type\":\"PropertyValueSpecification\",\"valueRequired\":true,\"valueName\":\"search_term_string\"}}],\"inLanguage\":\"fr-FR\"},{\"@type\":\"Organization\",\"@id\":\"https:\\\/\\\/www.soulledlighting.com\\\/#organization\",\"name\":\"Soul LED Tech + Design\",\"url\":\"https:\\\/\\\/www.soulledlighting.com\\\/\",\"logo\":{\"@type\":\"ImageObject\",\"inLanguage\":\"fr-FR\",\"@id\":\"https:\\\/\\\/www.soulledlighting.com\\\/#\\\/schema\\\/logo\\\/image\\\/\",\"url\":\"https:\\\/\\\/www.soulledlighting.com\\\/wp-content\\\/uploads\\\/2022\\\/03\\\/cropped-cropped-cropped-cropped-logo.png\",\"contentUrl\":\"https:\\\/\\\/www.soulledlighting.com\\\/wp-content\\\/uploads\\\/2022\\\/03\\\/cropped-cropped-cropped-cropped-logo.png\",\"width\":3837,\"height\":1208,\"caption\":\"Soul LED Tech + Design\"},\"image\":{\"@id\":\"https:\\\/\\\/www.soulledlighting.com\\\/#\\\/schema\\\/logo\\\/image\\\/\"}}]}<\/script>\n<!-- \/ Yoast SEO plugin. -->","yoast_head_json":{"title":"SOUL3535S - Soul LED Tech + Design","description":"SOUL3535S LED aluminum profile. Seamlessly integrate, unleash brilliant illumination, and elevate your lighting projects. Explore now!","robots":{"index":"index","follow":"follow","max-snippet":"max-snippet:-1","max-image-preview":"max-image-preview:large","max-video-preview":"max-video-preview:-1"},"canonical":"https:\/\/www.soulledlighting.com\/fr\/soul3535s-5\/","og_locale":"fr_FR","og_type":"article","og_title":"SOUL3535S - Soul LED Tech + Design","og_description":"SOUL3535S LED aluminum profile. Seamlessly integrate, unleash brilliant illumination, and elevate your lighting projects. Explore now!","og_url":"https:\/\/www.soulledlighting.com\/fr\/soul3535s-5\/","og_site_name":"Soul LED Tech + Design","article_modified_time":"2024-03-18T17:47:41+00:00","og_image":[{"url":"https:\/\/www.soulledlighting.com\/wp-content\/uploads\/2022\/03\/SOUL3535S-WH.png","type":"","width":"","height":""}],"twitter_card":"summary_large_image","twitter_misc":{"Dur\u00e9e de lecture estim\u00e9e":"4 minutes"},"schema":{"@context":"https:\/\/schema.org","@graph":[{"@type":"WebPage","@id":"https:\/\/www.soulledlighting.com\/soul3535s-5\/","url":"https:\/\/www.soulledlighting.com\/soul3535s-5\/","name":"SOUL3535S - Soul LED Tech + Design","isPartOf":{"@id":"https:\/\/www.soulledlighting.com\/#website"},"primaryImageOfPage":{"@id":"https:\/\/www.soulledlighting.com\/soul3535s-5\/#primaryimage"},"image":{"@id":"https:\/\/www.soulledlighting.com\/soul3535s-5\/#primaryimage"},"thumbnailUrl":"https:\/\/www.soulledlighting.com\/wp-content\/uploads\/2022\/03\/SOUL3535S-WH.png","datePublished":"2022-03-11T20:15:25+00:00","dateModified":"2024-03-18T17:47:41+00:00","description":"SOUL3535S LED aluminum profile. Seamlessly integrate, unleash brilliant illumination, and elevate your lighting projects. Explore now!","breadcrumb":{"@id":"https:\/\/www.soulledlighting.com\/soul3535s-5\/#breadcrumb"},"inLanguage":"fr-FR","potentialAction":[{"@type":"ReadAction","target":["https:\/\/www.soulledlighting.com\/soul3535s-5\/"]}]},{"@type":"ImageObject","inLanguage":"fr-FR","@id":"https:\/\/www.soulledlighting.com\/soul3535s-5\/#primaryimage","url":"https:\/\/www.soulledlighting.com\/wp-content\/uploads\/2022\/03\/SOUL3535S-WH.png","contentUrl":"https:\/\/www.soulledlighting.com\/wp-content\/uploads\/2022\/03\/SOUL3535S-WH.png"},{"@type":"BreadcrumbList","@id":"https:\/\/www.soulledlighting.com\/soul3535s-5\/#breadcrumb","itemListElement":[{"@type":"ListItem","position":1,"name":"Accueil","item":"https:\/\/www.soulledlighting.com\/"},{"@type":"ListItem","position":2,"name":"SOUL3535S"}]},{"@type":"WebSite","@id":"https:\/\/www.soulledlighting.com\/#website","url":"https:\/\/www.soulledlighting.com\/","name":"Soul LED Tech + Design","description":"","publisher":{"@id":"https:\/\/www.soulledlighting.com\/#organization"},"potentialAction":[{"@type":"SearchAction","target":{"@type":"EntryPoint","urlTemplate":"https:\/\/www.soulledlighting.com\/?s={search_term_string}"},"query-input":{"@type":"PropertyValueSpecification","valueRequired":true,"valueName":"search_term_string"}}],"inLanguage":"fr-FR"},{"@type":"Organization","@id":"https:\/\/www.soulledlighting.com\/#organization","name":"Soul LED Tech + Design","url":"https:\/\/www.soulledlighting.com\/","logo":{"@type":"ImageObject","inLanguage":"fr-FR","@id":"https:\/\/www.soulledlighting.com\/#\/schema\/logo\/image\/","url":"https:\/\/www.soulledlighting.com\/wp-content\/uploads\/2022\/03\/cropped-cropped-cropped-cropped-logo.png","contentUrl":"https:\/\/www.soulledlighting.com\/wp-content\/uploads\/2022\/03\/cropped-cropped-cropped-cropped-logo.png","width":3837,"height":1208,"caption":"Soul LED Tech + Design"},"image":{"@id":"https:\/\/www.soulledlighting.com\/#\/schema\/logo\/image\/"}}]}},"coauthors":[],"author_meta":{"author_link":false,"display_name":"Jean-Michel Fiorito"},"relative_dates":{"created":"Publi\u00e9 56 ans il y a","modified":"Mis \u00e0 jour 56 ans il y a"},"absolute_dates":{"created":"Publi\u00e9 le ","modified":"Mise \u00e0 jour le "},"absolute_dates_time":{"created":"Publi\u00e9 le ","modified":"Mise \u00e0 jour le "},"featured_img_caption":"","featured_img":false,"series_order":"","featured_media_urls":[],"_links":{"self":[{"href":"https:\/\/www.soulledlighting.com\/fr\/wp-json\/wp\/v2\/pages\/1263","targetHints":{"allow":["GET"]}}],"collection":[{"href":"https:\/\/www.soulledlighting.com\/fr\/wp-json\/wp\/v2\/pages"}],"about":[{"href":"https:\/\/www.soulledlighting.com\/fr\/wp-json\/wp\/v2\/types\/page"}],"author":[{"embeddable":true,"href":"https:\/\/www.soulledlighting.com\/fr\/wp-json\/wp\/v2\/users\/2"}],"replies":[{"embeddable":true,"href":"https:\/\/www.soulledlighting.com\/fr\/wp-json\/wp\/v2\/comments?post=1263"}],"version-history":[{"count":0,"href":"https:\/\/www.soulledlighting.com\/fr\/wp-json\/wp\/v2\/pages\/1263\/revisions"}],"wp:attachment":[{"href":"https:\/\/www.soulledlighting.com\/fr\/wp-json\/wp\/v2\/media?parent=1263"}],"curies":[{"name":"wp","href":"https:\/\/api.w.org\/{rel}","templated":true}]}}