{"id":1251,"date":"2022-03-11T16:07:18","date_gmt":"2022-03-11T20:07:18","guid":{"rendered":"https:\/\/soulledlighting.com\/?page_id=1251"},"modified":"2024-03-18T13:51:38","modified_gmt":"2024-03-18T17:51:38","slug":"soul800s-5-2","status":"publish","type":"page","link":"https:\/\/www.soulledlighting.com\/fr\/soul800s-5-2\/","title":{"rendered":"SOUL800S"},"content":{"rendered":"<p>Ajoutez une touche \u00e9l\u00e9gante \u00e0 votre garde-robe avec notre SOUL800S. Cette collection am\u00e9liore la conception de votre garde-robe en rempla\u00e7ant les poteaux ordinaires par quelque chose de plus remarquable et utile tant du point de vue de la conception que de l'utilit\u00e9.<\/p>\n\n\n\n<p>lorsqu'il est combin\u00e9 avec notre ruban LED, il pr\u00e9sente un design \u00e9l\u00e9gant avec une technologie de pointe.<\/p>\n\n\n\n<p>Nous veillerons \u00e0 ce que l'\u00e9clairage de votre placard r\u00e9ponde \u00e0 tous vos besoins, afin que vous n'ayez plus jamais \u00e0 vous soucier de trouver votre cravate, chemise ou ceinture pr\u00e9f\u00e9r\u00e9e !<\/p>\n\n\n\n<p><strong>Fonctionnalit\u00e9<\/strong><\/p>\n\n\n\n<p>Ce profil\u00e9 en aluminium fonctionnel avec lentille semi-givr\u00e9e offre une diffusion uniforme pour bien \u00e9clairer vos v\u00eatements. Parfait pour les applications dans la maison, le bureau, le stockage et les placards commerciaux<\/p>\n\n\n\n<p><strong>Installation<\/strong><\/p>\n\n\n\n<p>Peut \u00eatre facilement install\u00e9 directement sur un mur ou un placard \u00e0 l'aide du mat\u00e9riel inclus.<\/p>\n\n\n\n<p><strong>Description technique<\/strong><\/p>\n\n\n\n<p>Chaque m\u00e8tre de ce produit comprend :<\/p>\n\n\n\n<ul class=\"wp-block-list\">\n<li>Mat\u00e9riel De SOUL800S<\/li>\n\n\n\n<li>1 kit de support mural<\/li>\n\n\n\n<li>1 support d'\u00e9tag\u00e8re<\/li>\n<\/ul>\n\n\n\n<p>Nous recommandons les rubans LED suivants :<\/p>\n\n\n\n<p>SL2216-300-10*** or SL2835HO-160-15**<\/p>\n\n\n\n<div class=\"wp-block-file\"><a id=\"wp-block-file--media-95a1f5fd-d920-416c-9a00-3277a8e666ea\" href=\"https:\/\/www.soulledlighting.com\/wp-content\/uploads\/2022\/03\/SOUL800S.pdf\">SOUL800S<\/a><a href=\"https:\/\/www.soulledlighting.com\/wp-content\/uploads\/2022\/03\/SOUL800S.pdf\" class=\"wp-block-file__button wp-element-button\" download aria-describedby=\"wp-block-file--media-95a1f5fd-d920-416c-9a00-3277a8e666ea\">T\u00e9l\u00e9charger<\/a><\/div>\n\n\n\n<figure class=\"wp-block-gallery alignwide has-nested-images columns-default is-cropped coblocks-animate wp-block-gallery-1 is-layout-flex wp-block-gallery-is-layout-flex\" data-coblocks-animation=\"slideInLeft\">\n<figure class=\"wp-block-image size-large\"><img fetchpriority=\"high\" decoding=\"async\" width=\"800\" height=\"800\" data-id=\"1258\" src=\"https:\/\/www.soulledlighting.com\/wp-content\/uploads\/2022\/03\/SOUL800S-AL.png\" alt=\"\" class=\"wp-image-1258\" srcset=\"https:\/\/www.soulledlighting.com\/wp-content\/uploads\/2022\/03\/SOUL800S-AL.png 800w, https:\/\/www.soulledlighting.com\/wp-content\/uploads\/2022\/03\/SOUL800S-AL-300x300.png 300w, https:\/\/www.soulledlighting.com\/wp-content\/uploads\/2022\/03\/SOUL800S-AL-150x150.png 150w, https:\/\/www.soulledlighting.com\/wp-content\/uploads\/2022\/03\/SOUL800S-AL-768x768.png 768w\" sizes=\"(max-width: 800px) 100vw, 800px\" \/><\/figure>\n\n\n\n<figure class=\"wp-block-image size-large\"><img decoding=\"async\" width=\"800\" height=\"800\" data-id=\"1261\" data-src=\"https:\/\/www.soulledlighting.com\/wp-content\/uploads\/2022\/03\/SOUL800S-WH.png\" alt=\"\" class=\"wp-image-1261 lazyload\" data-srcset=\"https:\/\/www.soulledlighting.com\/wp-content\/uploads\/2022\/03\/SOUL800S-WH.png 800w, https:\/\/www.soulledlighting.com\/wp-content\/uploads\/2022\/03\/SOUL800S-WH-300x300.png 300w, https:\/\/www.soulledlighting.com\/wp-content\/uploads\/2022\/03\/SOUL800S-WH-150x150.png 150w, https:\/\/www.soulledlighting.com\/wp-content\/uploads\/2022\/03\/SOUL800S-WH-768x768.png 768w\" data-sizes=\"(max-width: 800px) 100vw, 800px\" src=\"data:image\/svg+xml;base64,PHN2ZyB3aWR0aD0iMSIgaGVpZ2h0PSIxIiB4bWxucz0iaHR0cDovL3d3dy53My5vcmcvMjAwMC9zdmciPjwvc3ZnPg==\" style=\"--smush-placeholder-width: 800px; --smush-placeholder-aspect-ratio: 800\/800;\" \/><\/figure>\n\n\n\n<figure class=\"wp-block-image size-large\"><img decoding=\"async\" width=\"800\" height=\"800\" data-id=\"1259\" data-src=\"https:\/\/www.soulledlighting.com\/wp-content\/uploads\/2022\/03\/SOUL800S-BK.png\" alt=\"\" class=\"wp-image-1259 lazyload\" data-srcset=\"https:\/\/www.soulledlighting.com\/wp-content\/uploads\/2022\/03\/SOUL800S-BK.png 800w, https:\/\/www.soulledlighting.com\/wp-content\/uploads\/2022\/03\/SOUL800S-BK-300x300.png 300w, https:\/\/www.soulledlighting.com\/wp-content\/uploads\/2022\/03\/SOUL800S-BK-150x150.png 150w, https:\/\/www.soulledlighting.com\/wp-content\/uploads\/2022\/03\/SOUL800S-BK-768x768.png 768w\" data-sizes=\"(max-width: 800px) 100vw, 800px\" src=\"data:image\/svg+xml;base64,PHN2ZyB3aWR0aD0iMSIgaGVpZ2h0PSIxIiB4bWxucz0iaHR0cDovL3d3dy53My5vcmcvMjAwMC9zdmciPjwvc3ZnPg==\" style=\"--smush-placeholder-width: 800px; --smush-placeholder-aspect-ratio: 800\/800;\" \/><\/figure>\n\n\n\n<figure class=\"wp-block-image size-large\"><img decoding=\"async\" width=\"800\" height=\"800\" data-id=\"1260\" data-src=\"https:\/\/www.soulledlighting.com\/wp-content\/uploads\/2022\/03\/SOUL800S-GD.png\" alt=\"\" class=\"wp-image-1260 lazyload\" data-srcset=\"https:\/\/www.soulledlighting.com\/wp-content\/uploads\/2022\/03\/SOUL800S-GD.png 800w, https:\/\/www.soulledlighting.com\/wp-content\/uploads\/2022\/03\/SOUL800S-GD-300x300.png 300w, https:\/\/www.soulledlighting.com\/wp-content\/uploads\/2022\/03\/SOUL800S-GD-150x150.png 150w, https:\/\/www.soulledlighting.com\/wp-content\/uploads\/2022\/03\/SOUL800S-GD-768x768.png 768w\" data-sizes=\"(max-width: 800px) 100vw, 800px\" src=\"data:image\/svg+xml;base64,PHN2ZyB3aWR0aD0iMSIgaGVpZ2h0PSIxIiB4bWxucz0iaHR0cDovL3d3dy53My5vcmcvMjAwMC9zdmciPjwvc3ZnPg==\" style=\"--smush-placeholder-width: 800px; --smush-placeholder-aspect-ratio: 800\/800;\" \/><\/figure>\n\n\n\n<figure class=\"wp-block-image size-large\"><img decoding=\"async\" width=\"800\" height=\"800\" data-id=\"1252\" data-src=\"https:\/\/www.soulledlighting.com\/wp-content\/uploads\/2022\/03\/SOUL600S-INSTALLED.jpg\" alt=\"\" class=\"wp-image-1252 lazyload\" data-srcset=\"https:\/\/www.soulledlighting.com\/wp-content\/uploads\/2022\/03\/SOUL600S-INSTALLED.jpg 800w, https:\/\/www.soulledlighting.com\/wp-content\/uploads\/2022\/03\/SOUL600S-INSTALLED-300x300.jpg 300w, https:\/\/www.soulledlighting.com\/wp-content\/uploads\/2022\/03\/SOUL600S-INSTALLED-150x150.jpg 150w, https:\/\/www.soulledlighting.com\/wp-content\/uploads\/2022\/03\/SOUL600S-INSTALLED-768x768.jpg 768w\" data-sizes=\"(max-width: 800px) 100vw, 800px\" src=\"data:image\/svg+xml;base64,PHN2ZyB3aWR0aD0iMSIgaGVpZ2h0PSIxIiB4bWxucz0iaHR0cDovL3d3dy53My5vcmcvMjAwMC9zdmciPjwvc3ZnPg==\" style=\"--smush-placeholder-width: 800px; --smush-placeholder-aspect-ratio: 800\/800;\" \/><\/figure>\n\n\n\n<figure class=\"wp-block-image size-large\"><img decoding=\"async\" width=\"800\" height=\"800\" data-id=\"1253\" data-src=\"https:\/\/www.soulledlighting.com\/wp-content\/uploads\/2022\/03\/SOUL600S-INSTALLED1.jpg\" alt=\"\" class=\"wp-image-1253 lazyload\" data-srcset=\"https:\/\/www.soulledlighting.com\/wp-content\/uploads\/2022\/03\/SOUL600S-INSTALLED1.jpg 800w, https:\/\/www.soulledlighting.com\/wp-content\/uploads\/2022\/03\/SOUL600S-INSTALLED1-300x300.jpg 300w, https:\/\/www.soulledlighting.com\/wp-content\/uploads\/2022\/03\/SOUL600S-INSTALLED1-150x150.jpg 150w, https:\/\/www.soulledlighting.com\/wp-content\/uploads\/2022\/03\/SOUL600S-INSTALLED1-768x768.jpg 768w\" data-sizes=\"(max-width: 800px) 100vw, 800px\" src=\"data:image\/svg+xml;base64,PHN2ZyB3aWR0aD0iMSIgaGVpZ2h0PSIxIiB4bWxucz0iaHR0cDovL3d3dy53My5vcmcvMjAwMC9zdmciPjwvc3ZnPg==\" style=\"--smush-placeholder-width: 800px; --smush-placeholder-aspect-ratio: 800\/800;\" \/><\/figure>\n\n\n\n<figure class=\"wp-block-image size-large\"><img decoding=\"async\" width=\"800\" height=\"800\" data-id=\"1254\" data-src=\"https:\/\/www.soulledlighting.com\/wp-content\/uploads\/2022\/03\/SOUL600S-INSTALLED2.jpg\" alt=\"\" class=\"wp-image-1254 lazyload\" data-srcset=\"https:\/\/www.soulledlighting.com\/wp-content\/uploads\/2022\/03\/SOUL600S-INSTALLED2.jpg 800w, https:\/\/www.soulledlighting.com\/wp-content\/uploads\/2022\/03\/SOUL600S-INSTALLED2-300x300.jpg 300w, https:\/\/www.soulledlighting.com\/wp-content\/uploads\/2022\/03\/SOUL600S-INSTALLED2-150x150.jpg 150w, https:\/\/www.soulledlighting.com\/wp-content\/uploads\/2022\/03\/SOUL600S-INSTALLED2-768x768.jpg 768w\" data-sizes=\"(max-width: 800px) 100vw, 800px\" src=\"data:image\/svg+xml;base64,PHN2ZyB3aWR0aD0iMSIgaGVpZ2h0PSIxIiB4bWxucz0iaHR0cDovL3d3dy53My5vcmcvMjAwMC9zdmciPjwvc3ZnPg==\" style=\"--smush-placeholder-width: 800px; --smush-placeholder-aspect-ratio: 800\/800;\" \/><\/figure>\n\n\n\n<figure class=\"wp-block-image size-large\"><img decoding=\"async\" width=\"800\" height=\"800\" data-id=\"1255\" data-src=\"https:\/\/www.soulledlighting.com\/wp-content\/uploads\/2022\/03\/SOUL600S-INSTALLED3.jpg\" alt=\"\" class=\"wp-image-1255 lazyload\" data-srcset=\"https:\/\/www.soulledlighting.com\/wp-content\/uploads\/2022\/03\/SOUL600S-INSTALLED3.jpg 800w, https:\/\/www.soulledlighting.com\/wp-content\/uploads\/2022\/03\/SOUL600S-INSTALLED3-300x300.jpg 300w, https:\/\/www.soulledlighting.com\/wp-content\/uploads\/2022\/03\/SOUL600S-INSTALLED3-150x150.jpg 150w, https:\/\/www.soulledlighting.com\/wp-content\/uploads\/2022\/03\/SOUL600S-INSTALLED3-768x768.jpg 768w\" data-sizes=\"(max-width: 800px) 100vw, 800px\" src=\"data:image\/svg+xml;base64,PHN2ZyB3aWR0aD0iMSIgaGVpZ2h0PSIxIiB4bWxucz0iaHR0cDovL3d3dy53My5vcmcvMjAwMC9zdmciPjwvc3ZnPg==\" style=\"--smush-placeholder-width: 800px; --smush-placeholder-aspect-ratio: 800\/800;\" \/><\/figure>\n\n\n\n<figure class=\"wp-block-image size-large\"><img decoding=\"async\" width=\"800\" height=\"800\" data-id=\"1256\" data-src=\"https:\/\/www.soulledlighting.com\/wp-content\/uploads\/2022\/03\/SOUL600S-INSTALLED4.jpg\" alt=\"\" class=\"wp-image-1256 lazyload\" data-srcset=\"https:\/\/www.soulledlighting.com\/wp-content\/uploads\/2022\/03\/SOUL600S-INSTALLED4.jpg 800w, https:\/\/www.soulledlighting.com\/wp-content\/uploads\/2022\/03\/SOUL600S-INSTALLED4-300x300.jpg 300w, https:\/\/www.soulledlighting.com\/wp-content\/uploads\/2022\/03\/SOUL600S-INSTALLED4-150x150.jpg 150w, https:\/\/www.soulledlighting.com\/wp-content\/uploads\/2022\/03\/SOUL600S-INSTALLED4-768x768.jpg 768w\" data-sizes=\"(max-width: 800px) 100vw, 800px\" src=\"data:image\/svg+xml;base64,PHN2ZyB3aWR0aD0iMSIgaGVpZ2h0PSIxIiB4bWxucz0iaHR0cDovL3d3dy53My5vcmcvMjAwMC9zdmciPjwvc3ZnPg==\" style=\"--smush-placeholder-width: 800px; --smush-placeholder-aspect-ratio: 800\/800;\" \/><\/figure>\n\n\n\n<figure class=\"wp-block-image size-large\"><img decoding=\"async\" width=\"800\" height=\"800\" data-id=\"1257\" data-src=\"https:\/\/www.soulledlighting.com\/wp-content\/uploads\/2022\/03\/SOUL600S-INSTALLED6.jpg\" alt=\"\" class=\"wp-image-1257 lazyload\" data-srcset=\"https:\/\/www.soulledlighting.com\/wp-content\/uploads\/2022\/03\/SOUL600S-INSTALLED6.jpg 800w, https:\/\/www.soulledlighting.com\/wp-content\/uploads\/2022\/03\/SOUL600S-INSTALLED6-300x300.jpg 300w, https:\/\/www.soulledlighting.com\/wp-content\/uploads\/2022\/03\/SOUL600S-INSTALLED6-150x150.jpg 150w, https:\/\/www.soulledlighting.com\/wp-content\/uploads\/2022\/03\/SOUL600S-INSTALLED6-768x768.jpg 768w\" data-sizes=\"(max-width: 800px) 100vw, 800px\" src=\"data:image\/svg+xml;base64,PHN2ZyB3aWR0aD0iMSIgaGVpZ2h0PSIxIiB4bWxucz0iaHR0cDovL3d3dy53My5vcmcvMjAwMC9zdmciPjwvc3ZnPg==\" style=\"--smush-placeholder-width: 800px; --smush-placeholder-aspect-ratio: 800\/800;\" \/><\/figure>\n<\/figure>\n\n\n\n<p><\/p>\n\n\n\n<div style=\"height:56px\" aria-hidden=\"true\" class=\"wp-block-spacer\"><\/div>","protected":false},"excerpt":{"rendered":"<p>Add an elegant accent to you closet with our SOUL800S. This collection enhances your<span class=\"more-dots\">&#8230;<\/span><\/p>","protected":false},"author":2,"featured_media":0,"parent":0,"menu_order":0,"comment_status":"closed","ping_status":"closed","template":"","meta":{"_coblocks_attr":"","_coblocks_dimensions":"","_coblocks_responsive_height":"","_coblocks_accordion_ie_support":"","advgb_blocks_editor_width":"","advgb_blocks_columns_visual_guide":"","footnotes":""},"class_list":["post-1251","page","type-page","status-publish","hentry","no-post-thumbnail"],"yoast_head":"<!-- This site is optimized with the Yoast SEO plugin v27.4 - https:\/\/yoast.com\/product\/yoast-seo-wordpress\/ -->\n<title>SOUL800S - Soul LED Tech + Design<\/title>\n<meta name=\"description\" content=\"SOUL800S LED aluminum profile. Seamlessly integrate, illuminate brilliantly, and elevate your lighting design!\" \/>\n<meta name=\"robots\" content=\"index, follow, max-snippet:-1, max-image-preview:large, max-video-preview:-1\" \/>\n<link rel=\"canonical\" href=\"https:\/\/www.soulledlighting.com\/fr\/soul800s-5-2\/\" \/>\n<meta property=\"og:locale\" content=\"fr_FR\" \/>\n<meta property=\"og:type\" content=\"article\" \/>\n<meta property=\"og:title\" content=\"SOUL800S - Soul LED Tech + Design\" \/>\n<meta property=\"og:description\" content=\"SOUL800S LED aluminum profile. Seamlessly integrate, illuminate brilliantly, and elevate your lighting design!\" \/>\n<meta property=\"og:url\" content=\"https:\/\/www.soulledlighting.com\/fr\/soul800s-5-2\/\" \/>\n<meta property=\"og:site_name\" content=\"Soul LED Tech + Design\" \/>\n<meta property=\"article:modified_time\" content=\"2024-03-18T17:51:38+00:00\" \/>\n<meta property=\"og:image\" content=\"https:\/\/www.soulledlighting.com\/wp-content\/uploads\/2022\/03\/SOUL800S-AL.png\" \/>\n<meta name=\"twitter:card\" content=\"summary_large_image\" \/>\n<meta name=\"twitter:label1\" content=\"Dur\u00e9e de lecture estim\u00e9e\" \/>\n\t<meta name=\"twitter:data1\" content=\"3 minutes\" \/>\n<script type=\"application\/ld+json\" class=\"yoast-schema-graph\">{\"@context\":\"https:\\\/\\\/schema.org\",\"@graph\":[{\"@type\":\"WebPage\",\"@id\":\"https:\\\/\\\/www.soulledlighting.com\\\/fr\\\/soul800s-5-2\\\/\",\"url\":\"https:\\\/\\\/www.soulledlighting.com\\\/fr\\\/soul800s-5-2\\\/\",\"name\":\"SOUL800S - Soul LED Tech + Design\",\"isPartOf\":{\"@id\":\"https:\\\/\\\/www.soulledlighting.com\\\/#website\"},\"primaryImageOfPage\":{\"@id\":\"https:\\\/\\\/www.soulledlighting.com\\\/fr\\\/soul800s-5-2\\\/#primaryimage\"},\"image\":{\"@id\":\"https:\\\/\\\/www.soulledlighting.com\\\/fr\\\/soul800s-5-2\\\/#primaryimage\"},\"thumbnailUrl\":\"https:\\\/\\\/www.soulledlighting.com\\\/wp-content\\\/uploads\\\/2022\\\/03\\\/SOUL800S-AL.png\",\"datePublished\":\"2022-03-11T20:07:18+00:00\",\"dateModified\":\"2024-03-18T17:51:38+00:00\",\"description\":\"SOUL800S LED aluminum profile. Seamlessly integrate, illuminate brilliantly, and elevate your lighting design!\",\"breadcrumb\":{\"@id\":\"https:\\\/\\\/www.soulledlighting.com\\\/fr\\\/soul800s-5-2\\\/#breadcrumb\"},\"inLanguage\":\"fr-FR\",\"potentialAction\":[{\"@type\":\"ReadAction\",\"target\":[\"https:\\\/\\\/www.soulledlighting.com\\\/fr\\\/soul800s-5-2\\\/\"]}]},{\"@type\":\"ImageObject\",\"inLanguage\":\"fr-FR\",\"@id\":\"https:\\\/\\\/www.soulledlighting.com\\\/fr\\\/soul800s-5-2\\\/#primaryimage\",\"url\":\"https:\\\/\\\/www.soulledlighting.com\\\/wp-content\\\/uploads\\\/2022\\\/03\\\/SOUL800S-AL.png\",\"contentUrl\":\"https:\\\/\\\/www.soulledlighting.com\\\/wp-content\\\/uploads\\\/2022\\\/03\\\/SOUL800S-AL.png\"},{\"@type\":\"BreadcrumbList\",\"@id\":\"https:\\\/\\\/www.soulledlighting.com\\\/fr\\\/soul800s-5-2\\\/#breadcrumb\",\"itemListElement\":[{\"@type\":\"ListItem\",\"position\":1,\"name\":\"Accueil\",\"item\":\"https:\\\/\\\/www.soulledlighting.com\\\/\"},{\"@type\":\"ListItem\",\"position\":2,\"name\":\"SOUL800S\"}]},{\"@type\":\"WebSite\",\"@id\":\"https:\\\/\\\/www.soulledlighting.com\\\/#website\",\"url\":\"https:\\\/\\\/www.soulledlighting.com\\\/\",\"name\":\"Soul LED Tech + Design\",\"description\":\"\",\"publisher\":{\"@id\":\"https:\\\/\\\/www.soulledlighting.com\\\/#organization\"},\"potentialAction\":[{\"@type\":\"SearchAction\",\"target\":{\"@type\":\"EntryPoint\",\"urlTemplate\":\"https:\\\/\\\/www.soulledlighting.com\\\/?s={search_term_string}\"},\"query-input\":{\"@type\":\"PropertyValueSpecification\",\"valueRequired\":true,\"valueName\":\"search_term_string\"}}],\"inLanguage\":\"fr-FR\"},{\"@type\":\"Organization\",\"@id\":\"https:\\\/\\\/www.soulledlighting.com\\\/#organization\",\"name\":\"Soul LED Tech + Design\",\"url\":\"https:\\\/\\\/www.soulledlighting.com\\\/\",\"logo\":{\"@type\":\"ImageObject\",\"inLanguage\":\"fr-FR\",\"@id\":\"https:\\\/\\\/www.soulledlighting.com\\\/#\\\/schema\\\/logo\\\/image\\\/\",\"url\":\"https:\\\/\\\/www.soulledlighting.com\\\/wp-content\\\/uploads\\\/2022\\\/03\\\/cropped-cropped-cropped-cropped-logo.png\",\"contentUrl\":\"https:\\\/\\\/www.soulledlighting.com\\\/wp-content\\\/uploads\\\/2022\\\/03\\\/cropped-cropped-cropped-cropped-logo.png\",\"width\":3837,\"height\":1208,\"caption\":\"Soul LED Tech + Design\"},\"image\":{\"@id\":\"https:\\\/\\\/www.soulledlighting.com\\\/#\\\/schema\\\/logo\\\/image\\\/\"}}]}<\/script>\n<!-- \/ Yoast SEO plugin. -->","yoast_head_json":{"title":"SOUL800S - Soul LED Tech + Design","description":"SOUL800S LED aluminum profile. Seamlessly integrate, illuminate brilliantly, and elevate your lighting design!","robots":{"index":"index","follow":"follow","max-snippet":"max-snippet:-1","max-image-preview":"max-image-preview:large","max-video-preview":"max-video-preview:-1"},"canonical":"https:\/\/www.soulledlighting.com\/fr\/soul800s-5-2\/","og_locale":"fr_FR","og_type":"article","og_title":"SOUL800S - Soul LED Tech + Design","og_description":"SOUL800S LED aluminum profile. Seamlessly integrate, illuminate brilliantly, and elevate your lighting design!","og_url":"https:\/\/www.soulledlighting.com\/fr\/soul800s-5-2\/","og_site_name":"Soul LED Tech + Design","article_modified_time":"2024-03-18T17:51:38+00:00","og_image":[{"url":"https:\/\/www.soulledlighting.com\/wp-content\/uploads\/2022\/03\/SOUL800S-AL.png","type":"","width":"","height":""}],"twitter_card":"summary_large_image","twitter_misc":{"Dur\u00e9e de lecture estim\u00e9e":"3 minutes"},"schema":{"@context":"https:\/\/schema.org","@graph":[{"@type":"WebPage","@id":"https:\/\/www.soulledlighting.com\/fr\/soul800s-5-2\/","url":"https:\/\/www.soulledlighting.com\/fr\/soul800s-5-2\/","name":"SOUL800S - Soul LED Tech + Design","isPartOf":{"@id":"https:\/\/www.soulledlighting.com\/#website"},"primaryImageOfPage":{"@id":"https:\/\/www.soulledlighting.com\/fr\/soul800s-5-2\/#primaryimage"},"image":{"@id":"https:\/\/www.soulledlighting.com\/fr\/soul800s-5-2\/#primaryimage"},"thumbnailUrl":"https:\/\/www.soulledlighting.com\/wp-content\/uploads\/2022\/03\/SOUL800S-AL.png","datePublished":"2022-03-11T20:07:18+00:00","dateModified":"2024-03-18T17:51:38+00:00","description":"SOUL800S LED aluminum profile. Seamlessly integrate, illuminate brilliantly, and elevate your lighting design!","breadcrumb":{"@id":"https:\/\/www.soulledlighting.com\/fr\/soul800s-5-2\/#breadcrumb"},"inLanguage":"fr-FR","potentialAction":[{"@type":"ReadAction","target":["https:\/\/www.soulledlighting.com\/fr\/soul800s-5-2\/"]}]},{"@type":"ImageObject","inLanguage":"fr-FR","@id":"https:\/\/www.soulledlighting.com\/fr\/soul800s-5-2\/#primaryimage","url":"https:\/\/www.soulledlighting.com\/wp-content\/uploads\/2022\/03\/SOUL800S-AL.png","contentUrl":"https:\/\/www.soulledlighting.com\/wp-content\/uploads\/2022\/03\/SOUL800S-AL.png"},{"@type":"BreadcrumbList","@id":"https:\/\/www.soulledlighting.com\/fr\/soul800s-5-2\/#breadcrumb","itemListElement":[{"@type":"ListItem","position":1,"name":"Accueil","item":"https:\/\/www.soulledlighting.com\/"},{"@type":"ListItem","position":2,"name":"SOUL800S"}]},{"@type":"WebSite","@id":"https:\/\/www.soulledlighting.com\/#website","url":"https:\/\/www.soulledlighting.com\/","name":"Soul LED Tech + Design","description":"","publisher":{"@id":"https:\/\/www.soulledlighting.com\/#organization"},"potentialAction":[{"@type":"SearchAction","target":{"@type":"EntryPoint","urlTemplate":"https:\/\/www.soulledlighting.com\/?s={search_term_string}"},"query-input":{"@type":"PropertyValueSpecification","valueRequired":true,"valueName":"search_term_string"}}],"inLanguage":"fr-FR"},{"@type":"Organization","@id":"https:\/\/www.soulledlighting.com\/#organization","name":"Soul LED Tech + Design","url":"https:\/\/www.soulledlighting.com\/","logo":{"@type":"ImageObject","inLanguage":"fr-FR","@id":"https:\/\/www.soulledlighting.com\/#\/schema\/logo\/image\/","url":"https:\/\/www.soulledlighting.com\/wp-content\/uploads\/2022\/03\/cropped-cropped-cropped-cropped-logo.png","contentUrl":"https:\/\/www.soulledlighting.com\/wp-content\/uploads\/2022\/03\/cropped-cropped-cropped-cropped-logo.png","width":3837,"height":1208,"caption":"Soul LED Tech + Design"},"image":{"@id":"https:\/\/www.soulledlighting.com\/#\/schema\/logo\/image\/"}}]}},"coauthors":[],"author_meta":{"author_link":false,"display_name":"Jean-Michel Fiorito"},"relative_dates":{"created":"Publi\u00e9 56 ans il y a","modified":"Mis \u00e0 jour 56 ans il y a"},"absolute_dates":{"created":"Publi\u00e9 le ","modified":"Mise \u00e0 jour le "},"absolute_dates_time":{"created":"Publi\u00e9 le ","modified":"Mise \u00e0 jour le "},"featured_img_caption":"","featured_img":false,"series_order":"","featured_media_urls":[],"_links":{"self":[{"href":"https:\/\/www.soulledlighting.com\/fr\/wp-json\/wp\/v2\/pages\/1251","targetHints":{"allow":["GET"]}}],"collection":[{"href":"https:\/\/www.soulledlighting.com\/fr\/wp-json\/wp\/v2\/pages"}],"about":[{"href":"https:\/\/www.soulledlighting.com\/fr\/wp-json\/wp\/v2\/types\/page"}],"author":[{"embeddable":true,"href":"https:\/\/www.soulledlighting.com\/fr\/wp-json\/wp\/v2\/users\/2"}],"replies":[{"embeddable":true,"href":"https:\/\/www.soulledlighting.com\/fr\/wp-json\/wp\/v2\/comments?post=1251"}],"version-history":[{"count":0,"href":"https:\/\/www.soulledlighting.com\/fr\/wp-json\/wp\/v2\/pages\/1251\/revisions"}],"wp:attachment":[{"href":"https:\/\/www.soulledlighting.com\/fr\/wp-json\/wp\/v2\/media?parent=1251"}],"curies":[{"name":"wp","href":"https:\/\/api.w.org\/{rel}","templated":true}]}}