{"id":1205,"date":"2022-03-11T13:38:41","date_gmt":"2022-03-11T17:38:41","guid":{"rendered":"https:\/\/soulledlighting.com\/?page_id=1205"},"modified":"2024-04-23T15:20:20","modified_gmt":"2024-04-23T19:20:20","slug":"about-us","status":"publish","type":"page","link":"https:\/\/www.soulledlighting.com\/fr\/about-us\/","title":{"rendered":"\u00c0 propos de nous"},"content":{"rendered":"<h2 class=\"wp-block-heading\"><strong>Fabricant et concepteur de luminaires sur mesure<\/strong><\/h2>\n\n\n\n<p>Nous nous sp\u00e9cialisons dans la production de produits DEL de HAUTE QUALIT\u00c9 sur le march\u00e9 canadien. Nous coupons, soudons et assemblons selon vos besoins, vos id\u00e9es et votre vision.<\/p>\n\n\n\n<p>Nous vous proposons plusieurs possibilit\u00e9s d'application : que vous recherchiez une source lumineuse ad\u00e9quate pour vos armoires de cuisine, ou une lumi\u00e8re d'ambiance lumineuse \u00e0 visser sous votre lit ou votre canap\u00e9 pour lui donner un aspect flottant.<\/p>\n\n\n\n<p>Encastr\u00e9s ou simplement en saillie, les profil\u00e9s aluminium permettent de dissiper la chaleur \u00e9mise par les diodes pour une dur\u00e9e de vie encore plus longue.<\/p>\n\n\n\n<p>Tous nos rubans LED sont dimmables et disponibles en 2700, 3000 et 4000 Kelvin (les Kelvins servent \u00e0 mesurer la temp\u00e9rature de couleur des diff\u00e9rentes nuances de blanc possibles). Nous saurons vous conseiller et vous guider vers un choix \u00e9clair\u00e9.<\/p>\n\n\n\n<p><a href=\"https:\/\/www.soulledlighting.com\/fr\/contact\/\"><strong>Contact us no<\/strong><\/a><strong><a href=\"https:\/\/www.soulledlighting.com\/fr\/contact\/\">w<\/a><\/strong> pour en savoir plus sur nos solutions LED ou <a href=\"https:\/\/www.soulledlighting.com\/fr\/authorized-dealers\/\"><strong>trouver un revendeurs agr\u00e9\u00e9s<\/strong><\/a>. Laissez-nous vous aider \u00e0 transformer vos r\u00eaves d'\u00e9clairage en r\u00e9alit\u00e9 !<\/p>\n\n\n\n<div style=\"height:100px\" aria-hidden=\"true\" class=\"wp-block-spacer\"><\/div>","protected":false},"excerpt":{"rendered":"<p>Manufacturer and designer of custom lighting We specialize in producing HIGH QUALITY LED products<span class=\"more-dots\">&#8230;<\/span><\/p>","protected":false},"author":2,"featured_media":0,"parent":0,"menu_order":0,"comment_status":"closed","ping_status":"closed","template":"","meta":{"_coblocks_attr":"","_coblocks_dimensions":"","_coblocks_responsive_height":"","_coblocks_accordion_ie_support":"","advgb_blocks_editor_width":"","advgb_blocks_columns_visual_guide":"","footnotes":""},"class_list":["post-1205","page","type-page","status-publish","hentry","no-post-thumbnail"],"yoast_head":"<!-- This site is optimized with the Yoast SEO plugin v27.4 - https:\/\/yoast.com\/product\/yoast-seo-wordpress\/ -->\n<title>About Us - Soul LED Tech + Design<\/title>\n<meta name=\"description\" content=\"SOUL LED Lighting specialize in HIGH QUALITY LED products. We cut, weld and assemble according to your needs, your ideas and your vision.\" \/>\n<meta name=\"robots\" content=\"index, follow, max-snippet:-1, max-image-preview:large, max-video-preview:-1\" \/>\n<link rel=\"canonical\" href=\"https:\/\/www.soulledlighting.com\/fr\/about-us\/\" \/>\n<meta property=\"og:locale\" content=\"fr_FR\" \/>\n<meta property=\"og:type\" content=\"article\" \/>\n<meta property=\"og:title\" content=\"About Us - Soul LED Tech + Design\" \/>\n<meta property=\"og:description\" content=\"SOUL LED Lighting specialize in HIGH QUALITY LED products. We cut, weld and assemble according to your needs, your ideas and your vision.\" \/>\n<meta property=\"og:url\" content=\"https:\/\/www.soulledlighting.com\/fr\/about-us\/\" \/>\n<meta property=\"og:site_name\" content=\"Soul LED Tech + Design\" \/>\n<meta property=\"article:modified_time\" content=\"2024-04-23T19:20:20+00:00\" \/>\n<meta name=\"twitter:card\" content=\"summary_large_image\" \/>\n<meta name=\"twitter:label1\" content=\"Dur\u00e9e de lecture estim\u00e9e\" \/>\n\t<meta name=\"twitter:data1\" content=\"1 minute\" \/>\n<script type=\"application\/ld+json\" class=\"yoast-schema-graph\">{\"@context\":\"https:\\\/\\\/schema.org\",\"@graph\":[{\"@type\":\"WebPage\",\"@id\":\"https:\\\/\\\/www.soulledlighting.com\\\/about-us\\\/\",\"url\":\"https:\\\/\\\/www.soulledlighting.com\\\/about-us\\\/\",\"name\":\"About Us - Soul LED Tech + Design\",\"isPartOf\":{\"@id\":\"https:\\\/\\\/www.soulledlighting.com\\\/#website\"},\"datePublished\":\"2022-03-11T17:38:41+00:00\",\"dateModified\":\"2024-04-23T19:20:20+00:00\",\"description\":\"SOUL LED Lighting specialize in HIGH QUALITY LED products. We cut, weld and assemble according to your needs, your ideas and your vision.\",\"breadcrumb\":{\"@id\":\"https:\\\/\\\/www.soulledlighting.com\\\/about-us\\\/#breadcrumb\"},\"inLanguage\":\"fr-FR\",\"potentialAction\":[{\"@type\":\"ReadAction\",\"target\":[\"https:\\\/\\\/www.soulledlighting.com\\\/about-us\\\/\"]}]},{\"@type\":\"BreadcrumbList\",\"@id\":\"https:\\\/\\\/www.soulledlighting.com\\\/about-us\\\/#breadcrumb\",\"itemListElement\":[{\"@type\":\"ListItem\",\"position\":1,\"name\":\"Accueil\",\"item\":\"https:\\\/\\\/www.soulledlighting.com\\\/\"},{\"@type\":\"ListItem\",\"position\":2,\"name\":\"About Us\"}]},{\"@type\":\"WebSite\",\"@id\":\"https:\\\/\\\/www.soulledlighting.com\\\/#website\",\"url\":\"https:\\\/\\\/www.soulledlighting.com\\\/\",\"name\":\"Soul LED Tech + Design\",\"description\":\"\",\"publisher\":{\"@id\":\"https:\\\/\\\/www.soulledlighting.com\\\/#organization\"},\"potentialAction\":[{\"@type\":\"SearchAction\",\"target\":{\"@type\":\"EntryPoint\",\"urlTemplate\":\"https:\\\/\\\/www.soulledlighting.com\\\/?s={search_term_string}\"},\"query-input\":{\"@type\":\"PropertyValueSpecification\",\"valueRequired\":true,\"valueName\":\"search_term_string\"}}],\"inLanguage\":\"fr-FR\"},{\"@type\":\"Organization\",\"@id\":\"https:\\\/\\\/www.soulledlighting.com\\\/#organization\",\"name\":\"Soul LED Tech + Design\",\"url\":\"https:\\\/\\\/www.soulledlighting.com\\\/\",\"logo\":{\"@type\":\"ImageObject\",\"inLanguage\":\"fr-FR\",\"@id\":\"https:\\\/\\\/www.soulledlighting.com\\\/#\\\/schema\\\/logo\\\/image\\\/\",\"url\":\"https:\\\/\\\/www.soulledlighting.com\\\/wp-content\\\/uploads\\\/2022\\\/03\\\/cropped-cropped-cropped-cropped-logo.png\",\"contentUrl\":\"https:\\\/\\\/www.soulledlighting.com\\\/wp-content\\\/uploads\\\/2022\\\/03\\\/cropped-cropped-cropped-cropped-logo.png\",\"width\":3837,\"height\":1208,\"caption\":\"Soul LED Tech + Design\"},\"image\":{\"@id\":\"https:\\\/\\\/www.soulledlighting.com\\\/#\\\/schema\\\/logo\\\/image\\\/\"}}]}<\/script>\n<!-- \/ Yoast SEO plugin. -->","yoast_head_json":{"title":"About Us - Soul LED Tech + Design","description":"SOUL LED Lighting specialize in HIGH QUALITY LED products. We cut, weld and assemble according to your needs, your ideas and your vision.","robots":{"index":"index","follow":"follow","max-snippet":"max-snippet:-1","max-image-preview":"max-image-preview:large","max-video-preview":"max-video-preview:-1"},"canonical":"https:\/\/www.soulledlighting.com\/fr\/about-us\/","og_locale":"fr_FR","og_type":"article","og_title":"About Us - Soul LED Tech + Design","og_description":"SOUL LED Lighting specialize in HIGH QUALITY LED products. We cut, weld and assemble according to your needs, your ideas and your vision.","og_url":"https:\/\/www.soulledlighting.com\/fr\/about-us\/","og_site_name":"Soul LED Tech + Design","article_modified_time":"2024-04-23T19:20:20+00:00","twitter_card":"summary_large_image","twitter_misc":{"Dur\u00e9e de lecture estim\u00e9e":"1 minute"},"schema":{"@context":"https:\/\/schema.org","@graph":[{"@type":"WebPage","@id":"https:\/\/www.soulledlighting.com\/about-us\/","url":"https:\/\/www.soulledlighting.com\/about-us\/","name":"About Us - Soul LED Tech + Design","isPartOf":{"@id":"https:\/\/www.soulledlighting.com\/#website"},"datePublished":"2022-03-11T17:38:41+00:00","dateModified":"2024-04-23T19:20:20+00:00","description":"SOUL LED Lighting specialize in HIGH QUALITY LED products. We cut, weld and assemble according to your needs, your ideas and your vision.","breadcrumb":{"@id":"https:\/\/www.soulledlighting.com\/about-us\/#breadcrumb"},"inLanguage":"fr-FR","potentialAction":[{"@type":"ReadAction","target":["https:\/\/www.soulledlighting.com\/about-us\/"]}]},{"@type":"BreadcrumbList","@id":"https:\/\/www.soulledlighting.com\/about-us\/#breadcrumb","itemListElement":[{"@type":"ListItem","position":1,"name":"Accueil","item":"https:\/\/www.soulledlighting.com\/"},{"@type":"ListItem","position":2,"name":"About Us"}]},{"@type":"WebSite","@id":"https:\/\/www.soulledlighting.com\/#website","url":"https:\/\/www.soulledlighting.com\/","name":"Soul LED Tech + Design","description":"","publisher":{"@id":"https:\/\/www.soulledlighting.com\/#organization"},"potentialAction":[{"@type":"SearchAction","target":{"@type":"EntryPoint","urlTemplate":"https:\/\/www.soulledlighting.com\/?s={search_term_string}"},"query-input":{"@type":"PropertyValueSpecification","valueRequired":true,"valueName":"search_term_string"}}],"inLanguage":"fr-FR"},{"@type":"Organization","@id":"https:\/\/www.soulledlighting.com\/#organization","name":"Soul LED Tech + Design","url":"https:\/\/www.soulledlighting.com\/","logo":{"@type":"ImageObject","inLanguage":"fr-FR","@id":"https:\/\/www.soulledlighting.com\/#\/schema\/logo\/image\/","url":"https:\/\/www.soulledlighting.com\/wp-content\/uploads\/2022\/03\/cropped-cropped-cropped-cropped-logo.png","contentUrl":"https:\/\/www.soulledlighting.com\/wp-content\/uploads\/2022\/03\/cropped-cropped-cropped-cropped-logo.png","width":3837,"height":1208,"caption":"Soul LED Tech + Design"},"image":{"@id":"https:\/\/www.soulledlighting.com\/#\/schema\/logo\/image\/"}}]}},"coauthors":[],"author_meta":{"author_link":false,"display_name":"Jean-Michel Fiorito"},"relative_dates":{"created":"Publi\u00e9 56 ans il y a","modified":"Mis \u00e0 jour 56 ans il y a"},"absolute_dates":{"created":"Publi\u00e9 le ","modified":"Mise \u00e0 jour le "},"absolute_dates_time":{"created":"Publi\u00e9 le ","modified":"Mise \u00e0 jour le "},"featured_img_caption":"","featured_img":false,"series_order":"","featured_media_urls":[],"_links":{"self":[{"href":"https:\/\/www.soulledlighting.com\/fr\/wp-json\/wp\/v2\/pages\/1205","targetHints":{"allow":["GET"]}}],"collection":[{"href":"https:\/\/www.soulledlighting.com\/fr\/wp-json\/wp\/v2\/pages"}],"about":[{"href":"https:\/\/www.soulledlighting.com\/fr\/wp-json\/wp\/v2\/types\/page"}],"author":[{"embeddable":true,"href":"https:\/\/www.soulledlighting.com\/fr\/wp-json\/wp\/v2\/users\/2"}],"replies":[{"embeddable":true,"href":"https:\/\/www.soulledlighting.com\/fr\/wp-json\/wp\/v2\/comments?post=1205"}],"version-history":[{"count":0,"href":"https:\/\/www.soulledlighting.com\/fr\/wp-json\/wp\/v2\/pages\/1205\/revisions"}],"wp:attachment":[{"href":"https:\/\/www.soulledlighting.com\/fr\/wp-json\/wp\/v2\/media?parent=1205"}],"curies":[{"name":"wp","href":"https:\/\/api.w.org\/{rel}","templated":true}]}}