{"id":1199,"date":"2022-03-11T13:37:18","date_gmt":"2022-03-11T17:37:18","guid":{"rendered":"https:\/\/soulledlighting.com\/?page_id=1199"},"modified":"2024-06-06T09:04:24","modified_gmt":"2024-06-06T13:04:24","slug":"products","status":"publish","type":"page","link":"https:\/\/www.soulledlighting.com\/fr\/products\/","title":{"rendered":"Nos produits"},"content":{"rendered":"<p><\/p>\n\n\n\n<h2 class=\"wp-block-heading\">Custom:<\/h2>\n\n\n\n<div class=\"wp-block-advgb-columns advgb-columns-wrapper\" id=\"advgb-cols-9654d828-1007-4ca5-907e-a0299b1eb092\"><div class=\"advgb-columns-container\"><div class=\"advgb-columns advgb-columns-row advgb-is-mobile advgb-columns-2 layout-12-12 mbl-layout-stacked vgutter-10\">\n<div class=\"wp-block-advgb-column advgb-column\" id=\"advgb-col-a6ed7f64-13ed-4348-b89c-d08d34ef8ef4\"><div class=\"advgb-column-inner\" style=\"border-style:none;border-width:1px\">\n<div class=\"wp-block-media-text is-stacked-on-mobile\" style=\"grid-template-columns:63% auto\"><figure class=\"wp-block-media-text__media\"><img fetchpriority=\"high\" decoding=\"async\" width=\"1024\" height=\"1024\" src=\"https:\/\/www.soulledlighting.com\/wp-content\/uploads\/2022\/03\/Untitled-design-43-1024x1024.png\" alt=\"led lighting products aluminum profiles\" class=\"wp-image-1200 size-full\" srcset=\"https:\/\/www.soulledlighting.com\/wp-content\/uploads\/2022\/03\/Untitled-design-43-1024x1024.png 1024w, https:\/\/www.soulledlighting.com\/wp-content\/uploads\/2022\/03\/Untitled-design-43-300x300.png 300w, https:\/\/www.soulledlighting.com\/wp-content\/uploads\/2022\/03\/Untitled-design-43-150x150.png 150w, https:\/\/www.soulledlighting.com\/wp-content\/uploads\/2022\/03\/Untitled-design-43-768x768.png 768w, https:\/\/www.soulledlighting.com\/wp-content\/uploads\/2022\/03\/Untitled-design-43.png 1080w\" sizes=\"(max-width: 1024px) 100vw, 1024px\" \/><\/figure><div class=\"wp-block-media-text__content\">\n<p class=\"has-text-align-center\"><a href=\"https:\/\/www.soulledlighting.com\/fr\/aluminum-profiles\/\">Profils LED <\/a><\/p>\n<\/div><\/div>\n<\/div><\/div>\n\n\n\n<div class=\"wp-block-advgb-column advgb-column\" id=\"advgb-col-b78c1c41-29c4-4e5c-96cd-294e4bfe8b3e\"><div class=\"advgb-column-inner\" style=\"border-style:none;border-width:1px\">\n<div class=\"wp-block-media-text has-media-on-the-right is-stacked-on-mobile\" style=\"grid-template-columns:auto 63%\"><div class=\"wp-block-media-text__content\">\n<p class=\"has-text-align-center\"><a href=\"https:\/\/www.soulledlighting.com\/fr\/led-ribbons\/\">               Rubans LED<\/a><\/p>\n<\/div><figure class=\"wp-block-media-text__media\"><img decoding=\"async\" width=\"800\" height=\"800\" data-src=\"https:\/\/www.soulledlighting.com\/wp-content\/uploads\/2022\/03\/SOUL-DOTLESS-LED-SL2216-300-10-1.png\" alt=\"led lighting products led ribbons\" class=\"wp-image-1213 size-full lazyload\" data-srcset=\"https:\/\/www.soulledlighting.com\/wp-content\/uploads\/2022\/03\/SOUL-DOTLESS-LED-SL2216-300-10-1.png 800w, https:\/\/www.soulledlighting.com\/wp-content\/uploads\/2022\/03\/SOUL-DOTLESS-LED-SL2216-300-10-1-300x300.png 300w, https:\/\/www.soulledlighting.com\/wp-content\/uploads\/2022\/03\/SOUL-DOTLESS-LED-SL2216-300-10-1-150x150.png 150w, https:\/\/www.soulledlighting.com\/wp-content\/uploads\/2022\/03\/SOUL-DOTLESS-LED-SL2216-300-10-1-768x768.png 768w\" data-sizes=\"(max-width: 800px) 100vw, 800px\" src=\"data:image\/svg+xml;base64,PHN2ZyB3aWR0aD0iMSIgaGVpZ2h0PSIxIiB4bWxucz0iaHR0cDovL3d3dy53My5vcmcvMjAwMC9zdmciPjwvc3ZnPg==\" style=\"--smush-placeholder-width: 800px; --smush-placeholder-aspect-ratio: 800\/800;\" \/><\/figure><\/div>\n<\/div><\/div>\n<\/div><\/div><\/div>\n\n\n\n<div style=\"height:100px\" aria-hidden=\"true\" class=\"wp-block-spacer\"><\/div>\n\n\n\n<div class=\"wp-block-advgb-columns advgb-columns-wrapper\" id=\"advgb-cols-e57f8db5-b4d6-4de6-b187-594925664b8c\"><div class=\"advgb-columns-container\"><div class=\"advgb-columns advgb-columns-row advgb-is-mobile advgb-columns-2 layout-12-12 mbl-layout-stacked vgutter-10\">\n<div class=\"wp-block-advgb-column advgb-column\" id=\"advgb-col-2a078836-3110-4231-90a8-8376af617baa\"><div class=\"advgb-column-inner\" style=\"border-style:none;border-width:1px\">\n<div class=\"wp-block-media-text is-stacked-on-mobile\"><figure class=\"wp-block-media-text__media\"><img decoding=\"async\" width=\"256\" height=\"263\" data-src=\"https:\/\/www.soulledlighting.com\/wp-content\/uploads\/2023\/10\/Picture1.png\" alt=\"\" class=\"wp-image-2189 size-full lazyload\" data-srcset=\"https:\/\/www.soulledlighting.com\/wp-content\/uploads\/2023\/10\/Picture1.png 256w, https:\/\/www.soulledlighting.com\/wp-content\/uploads\/2023\/10\/Picture1-12x12.png 12w, https:\/\/www.soulledlighting.com\/wp-content\/uploads\/2023\/10\/Picture1-24x24.png 24w, https:\/\/www.soulledlighting.com\/wp-content\/uploads\/2023\/10\/Picture1-36x36.png 36w, https:\/\/www.soulledlighting.com\/wp-content\/uploads\/2023\/10\/Picture1-48x48.png 48w\" data-sizes=\"(max-width: 256px) 100vw, 256px\" src=\"data:image\/svg+xml;base64,PHN2ZyB3aWR0aD0iMSIgaGVpZ2h0PSIxIiB4bWxucz0iaHR0cDovL3d3dy53My5vcmcvMjAwMC9zdmciPjwvc3ZnPg==\" style=\"--smush-placeholder-width: 256px; --smush-placeholder-aspect-ratio: 256\/263;\" \/><\/figure><div class=\"wp-block-media-text__content\">\n<p class=\"has-text-align-center\">  <a href=\"https:\/\/www.soulledlighting.com\/fr\/led-drivers\/\">Transformers <\/a><\/p>\n<\/div><\/div>\n<\/div><\/div>\n\n\n\n<div class=\"wp-block-advgb-column advgb-column\" id=\"advgb-col-a095f3ab-1c18-407c-9b14-85b37c31f0fe\"><div class=\"advgb-column-inner\" style=\"border-style:none;border-width:1px\">\n<div class=\"wp-block-media-text has-media-on-the-right is-stacked-on-mobile\"><div class=\"wp-block-media-text__content\">\n<p class=\"has-text-align-center\"><a href=\"https:\/\/www.soulledlighting.com\/fr\/led-sensors-accessories\/\">Capteurs et accessoires<\/a><\/p>\n<\/div><figure class=\"wp-block-media-text__media\"><img decoding=\"async\" data-src=\"https:\/\/www.soulledlighting.com\/wp-content\/uploads\/2023\/06\/IMG_8038-1-1-edited.jpg\" alt=\"\" class=\"wp-image-2114 size-full lazyload\" src=\"data:image\/svg+xml;base64,PHN2ZyB3aWR0aD0iMSIgaGVpZ2h0PSIxIiB4bWxucz0iaHR0cDovL3d3dy53My5vcmcvMjAwMC9zdmciPjwvc3ZnPg==\" style=\"--smush-placeholder-width: 4002px; --smush-placeholder-aspect-ratio: 4002\/4000;\" \/><\/figure><\/div>\n<\/div><\/div>\n<\/div><\/div><\/div>\n\n\n\n<h2 class=\"wp-block-heading\">Wholesale<\/h2>\n\n\n\n<div class=\"wp-block-advgb-columns advgb-columns-wrapper\" id=\"advgb-cols-a735b5de-4fdc-4731-af4c-a3ed65091862\"><div class=\"advgb-columns-container\"><div class=\"advgb-columns advgb-columns-row advgb-is-mobile advgb-columns-2 layout-12-12 mbl-layout-stacked vgutter-10\">\n<div class=\"wp-block-advgb-column advgb-column\" id=\"advgb-col-5a174984-b149-49ee-9cf3-0b5f7972730c\"><div class=\"advgb-column-inner\" style=\"border-style:none;border-width:1px\">\n<div class=\"wp-block-media-text is-stacked-on-mobile\"><figure class=\"wp-block-media-text__media\"><img decoding=\"async\" width=\"1024\" height=\"1024\" data-src=\"https:\/\/www.soulledlighting.com\/wp-content\/uploads\/2023\/10\/Untitled-design-24-1024x1024.png\" alt=\"\" class=\"wp-image-2197 size-full lazyload\" data-srcset=\"https:\/\/www.soulledlighting.com\/wp-content\/uploads\/2023\/10\/Untitled-design-24-1024x1024.png 1024w, https:\/\/www.soulledlighting.com\/wp-content\/uploads\/2023\/10\/Untitled-design-24-300x300.png 300w, https:\/\/www.soulledlighting.com\/wp-content\/uploads\/2023\/10\/Untitled-design-24-150x150.png 150w, https:\/\/www.soulledlighting.com\/wp-content\/uploads\/2023\/10\/Untitled-design-24-768x768.png 768w, https:\/\/www.soulledlighting.com\/wp-content\/uploads\/2023\/10\/Untitled-design-24-12x12.png 12w, https:\/\/www.soulledlighting.com\/wp-content\/uploads\/2023\/10\/Untitled-design-24-24x24.png 24w, https:\/\/www.soulledlighting.com\/wp-content\/uploads\/2023\/10\/Untitled-design-24-36x36.png 36w, https:\/\/www.soulledlighting.com\/wp-content\/uploads\/2023\/10\/Untitled-design-24-48x48.png 48w, https:\/\/www.soulledlighting.com\/wp-content\/uploads\/2023\/10\/Untitled-design-24-600x600.png 600w, https:\/\/www.soulledlighting.com\/wp-content\/uploads\/2023\/10\/Untitled-design-24-100x100.png 100w, https:\/\/www.soulledlighting.com\/wp-content\/uploads\/2023\/10\/Untitled-design-24-800x800.png 800w, https:\/\/www.soulledlighting.com\/wp-content\/uploads\/2023\/10\/Untitled-design-24.png 1080w\" data-sizes=\"(max-width: 1024px) 100vw, 1024px\" src=\"data:image\/svg+xml;base64,PHN2ZyB3aWR0aD0iMSIgaGVpZ2h0PSIxIiB4bWxucz0iaHR0cDovL3d3dy53My5vcmcvMjAwMC9zdmciPjwvc3ZnPg==\" style=\"--smush-placeholder-width: 1024px; --smush-placeholder-aspect-ratio: 1024\/1024;\" \/><\/figure><div class=\"wp-block-media-text__content\">\n<p class=\"has-text-align-center\"><a href=\"https:\/\/www.soulledlighting.com\/fr\/wholesale-program\/\">Wholesale Program <\/a><\/p>\n<\/div><\/div>\n<\/div><\/div>\n\n\n\n<div class=\"wp-block-advgb-column advgb-column\" id=\"advgb-col-fc19e406-41fd-47f8-850e-7b1732a4eacd\"><div class=\"advgb-column-inner\" style=\"border-style:none;border-width:1px\"><\/div><\/div>\n<\/div><\/div><\/div>\n<style class=\"advgb-styles-renderer\">#advgb-col-a6ed7f64-13ed-4348-b89c-d08d34ef8ef4>.advgb-column-inner{}@media screen and (max-width: 1023px) {#advgb-col-a6ed7f64-13ed-4348-b89c-d08d34ef8ef4>.advgb-column-inner{}}@media screen and (max-width: 767px) {#advgb-col-a6ed7f64-13ed-4348-b89c-d08d34ef8ef4>.advgb-column-inner{}}#advgb-col-b78c1c41-29c4-4e5c-96cd-294e4bfe8b3e>.advgb-column-inner{}@media screen and (max-width: 1023px) {#advgb-col-b78c1c41-29c4-4e5c-96cd-294e4bfe8b3e>.advgb-column-inner{}}@media screen and (max-width: 767px) {#advgb-col-b78c1c41-29c4-4e5c-96cd-294e4bfe8b3e>.advgb-column-inner{}}#advgb-cols-9654d828-1007-4ca5-907e-a0299b1eb092{}@media screen and (max-width: 1023px) {#advgb-cols-9654d828-1007-4ca5-907e-a0299b1eb092{}}@media screen and (max-width: 767px) {#advgb-cols-9654d828-1007-4ca5-907e-a0299b1eb092{}}#advgb-col-a6ed7f64-13ed-4348-b89c-d08d34ef8ef4>.advgb-column-inner{}@media screen and (max-width: 1023px) {#advgb-col-a6ed7f64-13ed-4348-b89c-d08d34ef8ef4>.advgb-column-inner{}}@media screen and (max-width: 767px) {#advgb-col-a6ed7f64-13ed-4348-b89c-d08d34ef8ef4>.advgb-column-inner{}}#advgb-col-b78c1c41-29c4-4e5c-96cd-294e4bfe8b3e>.advgb-column-inner{}@media screen and (max-width: 1023px) {#advgb-col-b78c1c41-29c4-4e5c-96cd-294e4bfe8b3e>.advgb-column-inner{}}@media screen and (max-width: 767px) {#advgb-col-b78c1c41-29c4-4e5c-96cd-294e4bfe8b3e>.advgb-column-inner{}}#advgb-col-2a078836-3110-4231-90a8-8376af617baa>.advgb-column-inner{}@media screen and (max-width: 1023px) {#advgb-col-2a078836-3110-4231-90a8-8376af617baa>.advgb-column-inner{}}@media screen and (max-width: 767px) {#advgb-col-2a078836-3110-4231-90a8-8376af617baa>.advgb-column-inner{}}#advgb-col-a095f3ab-1c18-407c-9b14-85b37c31f0fe>.advgb-column-inner{}@media screen and (max-width: 1023px) {#advgb-col-a095f3ab-1c18-407c-9b14-85b37c31f0fe>.advgb-column-inner{}}@media screen and (max-width: 767px) {#advgb-col-a095f3ab-1c18-407c-9b14-85b37c31f0fe>.advgb-column-inner{}}#advgb-cols-e57f8db5-b4d6-4de6-b187-594925664b8c{}@media screen and (max-width: 1023px) {#advgb-cols-e57f8db5-b4d6-4de6-b187-594925664b8c{}}@media screen and (max-width: 767px) {#advgb-cols-e57f8db5-b4d6-4de6-b187-594925664b8c{}}#advgb-col-2a078836-3110-4231-90a8-8376af617baa>.advgb-column-inner{}@media screen and (max-width: 1023px) {#advgb-col-2a078836-3110-4231-90a8-8376af617baa>.advgb-column-inner{}}@media screen and (max-width: 767px) {#advgb-col-2a078836-3110-4231-90a8-8376af617baa>.advgb-column-inner{}}#advgb-col-a095f3ab-1c18-407c-9b14-85b37c31f0fe>.advgb-column-inner{}@media screen and (max-width: 1023px) {#advgb-col-a095f3ab-1c18-407c-9b14-85b37c31f0fe>.advgb-column-inner{}}@media screen and (max-width: 767px) {#advgb-col-a095f3ab-1c18-407c-9b14-85b37c31f0fe>.advgb-column-inner{}}#advgb-col-5a174984-b149-49ee-9cf3-0b5f7972730c>.advgb-column-inner{}@media screen and (max-width: 1023px) {#advgb-col-5a174984-b149-49ee-9cf3-0b5f7972730c>.advgb-column-inner{}}@media screen and (max-width: 767px) {#advgb-col-5a174984-b149-49ee-9cf3-0b5f7972730c>.advgb-column-inner{}}#advgb-col-fc19e406-41fd-47f8-850e-7b1732a4eacd>.advgb-column-inner{}@media screen and (max-width: 1023px) {#advgb-col-fc19e406-41fd-47f8-850e-7b1732a4eacd>.advgb-column-inner{}}@media screen and (max-width: 767px) {#advgb-col-fc19e406-41fd-47f8-850e-7b1732a4eacd>.advgb-column-inner{}}#advgb-cols-a735b5de-4fdc-4731-af4c-a3ed65091862{}@media screen and (max-width: 1023px) {#advgb-cols-a735b5de-4fdc-4731-af4c-a3ed65091862{}}@media screen and (max-width: 767px) {#advgb-cols-a735b5de-4fdc-4731-af4c-a3ed65091862{}}#advgb-col-5a174984-b149-49ee-9cf3-0b5f7972730c>.advgb-column-inner{}@media screen and (max-width: 1023px) {#advgb-col-5a174984-b149-49ee-9cf3-0b5f7972730c>.advgb-column-inner{}}@media screen and (max-width: 767px) {#advgb-col-5a174984-b149-49ee-9cf3-0b5f7972730c>.advgb-column-inner{}}#advgb-col-fc19e406-41fd-47f8-850e-7b1732a4eacd>.advgb-column-inner{}@media screen and (max-width: 1023px) {#advgb-col-fc19e406-41fd-47f8-850e-7b1732a4eacd>.advgb-column-inner{}}@media screen and (max-width: 767px) {#advgb-col-fc19e406-41fd-47f8-850e-7b1732a4eacd>.advgb-column-inner{}}<\/style>","protected":false},"excerpt":{"rendered":"<p>Custom: Wholesale<\/p>","protected":false},"author":2,"featured_media":0,"parent":0,"menu_order":0,"comment_status":"closed","ping_status":"closed","template":"","meta":{"_coblocks_attr":"","_coblocks_dimensions":"","_coblocks_responsive_height":"","_coblocks_accordion_ie_support":"","advgb_blocks_editor_width":"","advgb_blocks_columns_visual_guide":"","footnotes":""},"class_list":["post-1199","page","type-page","status-publish","hentry","no-post-thumbnail"],"yoast_head":"<!-- This site is optimized with the Yoast SEO plugin v27.4 - https:\/\/yoast.com\/product\/yoast-seo-wordpress\/ -->\n<title>Products - Soul LED Tech + Design<\/title>\n<meta name=\"description\" content=\"SOUL LED lighting products. Browse our selection of energy-efficient bulbs, fixtures, and accessories. Save money and the environment today.\" \/>\n<meta name=\"robots\" content=\"index, follow, max-snippet:-1, max-image-preview:large, max-video-preview:-1\" \/>\n<link rel=\"canonical\" href=\"https:\/\/www.soulledlighting.com\/fr\/products\/\" \/>\n<meta property=\"og:locale\" content=\"fr_FR\" \/>\n<meta property=\"og:type\" content=\"article\" \/>\n<meta property=\"og:title\" content=\"Products - Soul LED Tech + Design\" \/>\n<meta property=\"og:description\" content=\"SOUL LED lighting products. Browse our selection of energy-efficient bulbs, fixtures, and accessories. Save money and the environment today.\" \/>\n<meta property=\"og:url\" content=\"https:\/\/www.soulledlighting.com\/fr\/products\/\" \/>\n<meta property=\"og:site_name\" content=\"Soul LED Tech + Design\" \/>\n<meta property=\"article:modified_time\" content=\"2024-06-06T13:04:24+00:00\" \/>\n<meta property=\"og:image\" content=\"https:\/\/www.soulledlighting.com\/wp-content\/uploads\/2022\/03\/Untitled-design-43-1024x1024.png\" \/>\n<meta name=\"twitter:card\" content=\"summary_large_image\" \/>\n<meta name=\"twitter:label1\" content=\"Dur\u00e9e de lecture estim\u00e9e\" \/>\n\t<meta name=\"twitter:data1\" content=\"2 minutes\" \/>\n<script type=\"application\/ld+json\" class=\"yoast-schema-graph\">{\"@context\":\"https:\\\/\\\/schema.org\",\"@graph\":[{\"@type\":\"WebPage\",\"@id\":\"https:\\\/\\\/www.soulledlighting.com\\\/products\\\/\",\"url\":\"https:\\\/\\\/www.soulledlighting.com\\\/products\\\/\",\"name\":\"Products - Soul LED Tech + Design\",\"isPartOf\":{\"@id\":\"https:\\\/\\\/www.soulledlighting.com\\\/#website\"},\"primaryImageOfPage\":{\"@id\":\"https:\\\/\\\/www.soulledlighting.com\\\/products\\\/#primaryimage\"},\"image\":{\"@id\":\"https:\\\/\\\/www.soulledlighting.com\\\/products\\\/#primaryimage\"},\"thumbnailUrl\":\"https:\\\/\\\/www.soulledlighting.com\\\/wp-content\\\/uploads\\\/2022\\\/03\\\/Untitled-design-43-1024x1024.png\",\"datePublished\":\"2022-03-11T17:37:18+00:00\",\"dateModified\":\"2024-06-06T13:04:24+00:00\",\"description\":\"SOUL LED lighting products. Browse our selection of energy-efficient bulbs, fixtures, and accessories. Save money and the environment today.\",\"breadcrumb\":{\"@id\":\"https:\\\/\\\/www.soulledlighting.com\\\/products\\\/#breadcrumb\"},\"inLanguage\":\"fr-FR\",\"potentialAction\":[{\"@type\":\"ReadAction\",\"target\":[\"https:\\\/\\\/www.soulledlighting.com\\\/products\\\/\"]}]},{\"@type\":\"ImageObject\",\"inLanguage\":\"fr-FR\",\"@id\":\"https:\\\/\\\/www.soulledlighting.com\\\/products\\\/#primaryimage\",\"url\":\"https:\\\/\\\/www.soulledlighting.com\\\/wp-content\\\/uploads\\\/2022\\\/03\\\/Untitled-design-43-1024x1024.png\",\"contentUrl\":\"https:\\\/\\\/www.soulledlighting.com\\\/wp-content\\\/uploads\\\/2022\\\/03\\\/Untitled-design-43-1024x1024.png\"},{\"@type\":\"BreadcrumbList\",\"@id\":\"https:\\\/\\\/www.soulledlighting.com\\\/products\\\/#breadcrumb\",\"itemListElement\":[{\"@type\":\"ListItem\",\"position\":1,\"name\":\"Accueil\",\"item\":\"https:\\\/\\\/www.soulledlighting.com\\\/\"},{\"@type\":\"ListItem\",\"position\":2,\"name\":\"Products\"}]},{\"@type\":\"WebSite\",\"@id\":\"https:\\\/\\\/www.soulledlighting.com\\\/#website\",\"url\":\"https:\\\/\\\/www.soulledlighting.com\\\/\",\"name\":\"Soul LED Tech + Design\",\"description\":\"\",\"publisher\":{\"@id\":\"https:\\\/\\\/www.soulledlighting.com\\\/#organization\"},\"potentialAction\":[{\"@type\":\"SearchAction\",\"target\":{\"@type\":\"EntryPoint\",\"urlTemplate\":\"https:\\\/\\\/www.soulledlighting.com\\\/?s={search_term_string}\"},\"query-input\":{\"@type\":\"PropertyValueSpecification\",\"valueRequired\":true,\"valueName\":\"search_term_string\"}}],\"inLanguage\":\"fr-FR\"},{\"@type\":\"Organization\",\"@id\":\"https:\\\/\\\/www.soulledlighting.com\\\/#organization\",\"name\":\"Soul LED Tech + Design\",\"url\":\"https:\\\/\\\/www.soulledlighting.com\\\/\",\"logo\":{\"@type\":\"ImageObject\",\"inLanguage\":\"fr-FR\",\"@id\":\"https:\\\/\\\/www.soulledlighting.com\\\/#\\\/schema\\\/logo\\\/image\\\/\",\"url\":\"https:\\\/\\\/www.soulledlighting.com\\\/wp-content\\\/uploads\\\/2022\\\/03\\\/cropped-cropped-cropped-cropped-logo.png\",\"contentUrl\":\"https:\\\/\\\/www.soulledlighting.com\\\/wp-content\\\/uploads\\\/2022\\\/03\\\/cropped-cropped-cropped-cropped-logo.png\",\"width\":3837,\"height\":1208,\"caption\":\"Soul LED Tech + Design\"},\"image\":{\"@id\":\"https:\\\/\\\/www.soulledlighting.com\\\/#\\\/schema\\\/logo\\\/image\\\/\"}}]}<\/script>\n<!-- \/ Yoast SEO plugin. -->","yoast_head_json":{"title":"Products - Soul LED Tech + Design","description":"SOUL LED lighting products. Browse our selection of energy-efficient bulbs, fixtures, and accessories. Save money and the environment today.","robots":{"index":"index","follow":"follow","max-snippet":"max-snippet:-1","max-image-preview":"max-image-preview:large","max-video-preview":"max-video-preview:-1"},"canonical":"https:\/\/www.soulledlighting.com\/fr\/products\/","og_locale":"fr_FR","og_type":"article","og_title":"Products - Soul LED Tech + Design","og_description":"SOUL LED lighting products. Browse our selection of energy-efficient bulbs, fixtures, and accessories. Save money and the environment today.","og_url":"https:\/\/www.soulledlighting.com\/fr\/products\/","og_site_name":"Soul LED Tech + Design","article_modified_time":"2024-06-06T13:04:24+00:00","og_image":[{"url":"https:\/\/www.soulledlighting.com\/wp-content\/uploads\/2022\/03\/Untitled-design-43-1024x1024.png","type":"","width":"","height":""}],"twitter_card":"summary_large_image","twitter_misc":{"Dur\u00e9e de lecture estim\u00e9e":"2 minutes"},"schema":{"@context":"https:\/\/schema.org","@graph":[{"@type":"WebPage","@id":"https:\/\/www.soulledlighting.com\/products\/","url":"https:\/\/www.soulledlighting.com\/products\/","name":"Products - Soul LED Tech + Design","isPartOf":{"@id":"https:\/\/www.soulledlighting.com\/#website"},"primaryImageOfPage":{"@id":"https:\/\/www.soulledlighting.com\/products\/#primaryimage"},"image":{"@id":"https:\/\/www.soulledlighting.com\/products\/#primaryimage"},"thumbnailUrl":"https:\/\/www.soulledlighting.com\/wp-content\/uploads\/2022\/03\/Untitled-design-43-1024x1024.png","datePublished":"2022-03-11T17:37:18+00:00","dateModified":"2024-06-06T13:04:24+00:00","description":"SOUL LED lighting products. Browse our selection of energy-efficient bulbs, fixtures, and accessories. Save money and the environment today.","breadcrumb":{"@id":"https:\/\/www.soulledlighting.com\/products\/#breadcrumb"},"inLanguage":"fr-FR","potentialAction":[{"@type":"ReadAction","target":["https:\/\/www.soulledlighting.com\/products\/"]}]},{"@type":"ImageObject","inLanguage":"fr-FR","@id":"https:\/\/www.soulledlighting.com\/products\/#primaryimage","url":"https:\/\/www.soulledlighting.com\/wp-content\/uploads\/2022\/03\/Untitled-design-43-1024x1024.png","contentUrl":"https:\/\/www.soulledlighting.com\/wp-content\/uploads\/2022\/03\/Untitled-design-43-1024x1024.png"},{"@type":"BreadcrumbList","@id":"https:\/\/www.soulledlighting.com\/products\/#breadcrumb","itemListElement":[{"@type":"ListItem","position":1,"name":"Accueil","item":"https:\/\/www.soulledlighting.com\/"},{"@type":"ListItem","position":2,"name":"Products"}]},{"@type":"WebSite","@id":"https:\/\/www.soulledlighting.com\/#website","url":"https:\/\/www.soulledlighting.com\/","name":"Soul LED Tech + Design","description":"","publisher":{"@id":"https:\/\/www.soulledlighting.com\/#organization"},"potentialAction":[{"@type":"SearchAction","target":{"@type":"EntryPoint","urlTemplate":"https:\/\/www.soulledlighting.com\/?s={search_term_string}"},"query-input":{"@type":"PropertyValueSpecification","valueRequired":true,"valueName":"search_term_string"}}],"inLanguage":"fr-FR"},{"@type":"Organization","@id":"https:\/\/www.soulledlighting.com\/#organization","name":"Soul LED Tech + Design","url":"https:\/\/www.soulledlighting.com\/","logo":{"@type":"ImageObject","inLanguage":"fr-FR","@id":"https:\/\/www.soulledlighting.com\/#\/schema\/logo\/image\/","url":"https:\/\/www.soulledlighting.com\/wp-content\/uploads\/2022\/03\/cropped-cropped-cropped-cropped-logo.png","contentUrl":"https:\/\/www.soulledlighting.com\/wp-content\/uploads\/2022\/03\/cropped-cropped-cropped-cropped-logo.png","width":3837,"height":1208,"caption":"Soul LED Tech + Design"},"image":{"@id":"https:\/\/www.soulledlighting.com\/#\/schema\/logo\/image\/"}}]}},"coauthors":[],"author_meta":{"author_link":false,"display_name":"Jean-Michel Fiorito"},"relative_dates":{"created":"Publi\u00e9 56 ans il y a","modified":"Mis \u00e0 jour 56 ans il y a"},"absolute_dates":{"created":"Publi\u00e9 le ","modified":"Mise \u00e0 jour le "},"absolute_dates_time":{"created":"Publi\u00e9 le ","modified":"Mise \u00e0 jour le "},"featured_img_caption":"","featured_img":false,"series_order":"","featured_media_urls":[],"_links":{"self":[{"href":"https:\/\/www.soulledlighting.com\/fr\/wp-json\/wp\/v2\/pages\/1199","targetHints":{"allow":["GET"]}}],"collection":[{"href":"https:\/\/www.soulledlighting.com\/fr\/wp-json\/wp\/v2\/pages"}],"about":[{"href":"https:\/\/www.soulledlighting.com\/fr\/wp-json\/wp\/v2\/types\/page"}],"author":[{"embeddable":true,"href":"https:\/\/www.soulledlighting.com\/fr\/wp-json\/wp\/v2\/users\/2"}],"replies":[{"embeddable":true,"href":"https:\/\/www.soulledlighting.com\/fr\/wp-json\/wp\/v2\/comments?post=1199"}],"version-history":[{"count":0,"href":"https:\/\/www.soulledlighting.com\/fr\/wp-json\/wp\/v2\/pages\/1199\/revisions"}],"wp:attachment":[{"href":"https:\/\/www.soulledlighting.com\/fr\/wp-json\/wp\/v2\/media?parent=1199"}],"curies":[{"name":"wp","href":"https:\/\/api.w.org\/{rel}","templated":true}]}}